{"id":55,"date":"2017-02-07T13:47:43","date_gmt":"2017-02-07T12:47:43","guid":{"rendered":"https:\/\/www.tirza-kirchner.de\/tier\/?page_id=55"},"modified":"2020-08-13T14:55:55","modified_gmt":"2020-08-13T12:55:55","slug":"tierkommunikation-lernen","status":"publish","type":"page","link":"https:\/\/www.tirza-kirchner.de\/tierheilpraxis\/veranstaltungen\/tierkommunikation-lernen\/","title":{"rendered":"Einzelcoaching: Tierkommunikation lernen"},"content":{"rendered":"<h2>Tierkommunikation im individuellen Coaching<\/h2>\n<figure id=\"attachment_527\" aria-describedby=\"caption-attachment-527\" style=\"width: 290px\" class=\"wp-caption alignleft\"><img loading=\"lazy\" decoding=\"async\" class=\"size-medium wp-image-527\" src=\"https:\/\/www.tirza-kirchner.de\/tierheilpraxis\/wp-content\/uploads\/sites\/2\/2017\/02\/Einzelcoaching-1-300x199.jpg\" alt=\"Einzelunterricht\" width=\"300\" height=\"199\" srcset=\"https:\/\/www.tirza-kirchner.de\/tierheilpraxis\/wp-content\/uploads\/sites\/2\/2017\/02\/Einzelcoaching-1-300x199.jpg 300w, https:\/\/www.tirza-kirchner.de\/tierheilpraxis\/wp-content\/uploads\/sites\/2\/2017\/02\/Einzelcoaching-1-768x510.jpg 768w, https:\/\/www.tirza-kirchner.de\/tierheilpraxis\/wp-content\/uploads\/sites\/2\/2017\/02\/Einzelcoaching-1-1024x680.jpg 1024w\" sizes=\"auto, (max-width: 300px) 100vw, 300px\" \/><figcaption id=\"caption-attachment-527\" class=\"wp-caption-text\">So k\u00f6nnen Sie die Tierkommunikation ganz individuell im Einzelunterricht erlernen.<\/figcaption><\/figure>\n<p>Sie haben auch die M\u00f6glichkeit das Kommunizieren mit Tieren im direkten Coaching zu erlernen. Ganz egal, ob Sie Neuanf\u00e4nger sind oder bereits ein Basisseminar besucht haben. Ob Sie\u00a0dazu lernen m\u00f6chten oder spezielle Fragen haben. Das Einzel-Coaching ist ganz individuell gestaltbar und an Ihre Bed\u00fcrfnisse anpassbar. F\u00fcr Details stimmen wir uns einfach ab.<\/p>\n<p><a href=\"https:\/\/www.tirza-kirchner.de\/tierheilpraxis\/angebote-tirza-kirchner\/\" target=\"_blank\" rel=\"noopener noreferrer\">Hier<\/a> finden Sie Coaching-Pakete f\u00fcr den Einstieg in die Tierkommunikation, wenn Sie zum Beispiel kein Tierkommunikation-Basisseminar besuchen m\u00f6chten, aber trotzdem f\u00fcr sich oder in einer kleinen Gruppe die Tierkommunikation von der Basis aus erlernen m\u00f6chten.<\/p>\n<h2>Tierkommunikation jetzt lernen<\/h2>\n<p>Nehmen Sie gern <a href=\"https:\/\/www.tirza-kirchner.de\/kontakt\/\">Kontakt<\/a> zu Tierkommunikatorin Tirza Kirchner auf.<\/p>\n","protected":false},"excerpt":{"rendered":"<p>Tierkommunikation im individuellen Coaching Sie haben auch die M\u00f6glichkeit das Kommunizieren mit Tieren im direkten Coaching zu erlernen. Ganz egal, ob Sie Neuanf\u00e4nger sind oder bereits ein Basisseminar besucht haben. Ob Sie\u00a0dazu lernen m\u00f6chten oder spezielle Fragen haben. Das Einzel-Coaching ist ganz individuell gestaltbar und an Ihre Bed\u00fcrfnisse anpassbar. F\u00fcr Details stimmen wir uns einfach &#8230; <a title=\"Einzelcoaching: Tierkommunikation lernen\" class=\"read-more\" href=\"https:\/\/www.tirza-kirchner.de\/tierheilpraxis\/veranstaltungen\/tierkommunikation-lernen\/\" aria-label=\"Mehr Informationen \u00fcber Einzelcoaching: Tierkommunikation lernen\">Weiterlesen<\/a><\/p>\n","protected":false},"author":1,"featured_media":0,"parent":48,"menu_order":0,"comment_status":"closed","ping_status":"closed","template":"","meta":{"generate_page_header":"","_mc_calendar":[],"footnotes":""},"class_list":["post-55","page","type-page","status-publish"],"yoast_head":"<!-- This site is optimized with the Yoast SEO plugin v27.4 - https:\/\/yoast.com\/product\/yoast-seo-wordpress\/ -->\n<title>Tierkommunikation lernen: Tirza Kirchner f\u00fchrt Sie in die Kommunikation der Tierwelt ein.<\/title>\n<meta name=\"description\" content=\"Tierkommunikation lernen: Tirza Kirchner \u00f6ffnet Ihre Sinne f\u00fcr neue Perspektiven und f\u00fchrt Sie in die Kommunikation der Tierwelt ein.\" \/>\n<meta name=\"robots\" content=\"index, follow, max-snippet:-1, max-image-preview:large, max-video-preview:-1\" \/>\n<link rel=\"canonical\" href=\"https:\/\/www.tirza-kirchner.de\/tierheilpraxis\/veranstaltungen\/tierkommunikation-lernen\/\" \/>\n<meta property=\"og:locale\" content=\"de_DE\" \/>\n<meta property=\"og:type\" content=\"article\" \/>\n<meta property=\"og:title\" content=\"Tierkommunikation lernen: Tirza Kirchner f\u00fchrt Sie in die Kommunikation der Tierwelt ein.\" \/>\n<meta property=\"og:description\" content=\"Tierkommunikation lernen: Tirza Kirchner \u00f6ffnet Ihre Sinne f\u00fcr neue Perspektiven und f\u00fchrt Sie in die Kommunikation der Tierwelt ein.\" \/>\n<meta property=\"og:url\" content=\"https:\/\/www.tirza-kirchner.de\/tierheilpraxis\/veranstaltungen\/tierkommunikation-lernen\/\" \/>\n<meta property=\"og:site_name\" content=\"Tier\" \/>\n<meta property=\"article:modified_time\" content=\"2020-08-13T12:55:55+00:00\" \/>\n<meta property=\"og:image\" content=\"https:\/\/www.tirza-kirchner.de\/tierheilpraxis\/wp-content\/uploads\/sites\/2\/2017\/02\/Einzelcoaching-1-300x199.jpg\" \/>\n<meta name=\"twitter:card\" content=\"summary_large_image\" \/>\n<meta name=\"twitter:label1\" content=\"Gesch\u00e4tzte Lesezeit\" \/>\n\t<meta name=\"twitter:data1\" content=\"1\u00a0Minute\" \/>\n<script type=\"application\/ld+json\" class=\"yoast-schema-graph\">{\"@context\":\"https:\\\/\\\/schema.org\",\"@graph\":[{\"@type\":\"WebPage\",\"@id\":\"https:\\\/\\\/www.tirza-kirchner.de\\\/tierheilpraxis\\\/veranstaltungen\\\/tierkommunikation-lernen\\\/\",\"url\":\"https:\\\/\\\/www.tirza-kirchner.de\\\/tierheilpraxis\\\/veranstaltungen\\\/tierkommunikation-lernen\\\/\",\"name\":\"Tierkommunikation lernen: Tirza Kirchner f\u00fchrt Sie in die Kommunikation der Tierwelt ein.\",\"isPartOf\":{\"@id\":\"https:\\\/\\\/www.tirza-kirchner.de\\\/tierheilpraxis\\\/#website\"},\"primaryImageOfPage\":{\"@id\":\"https:\\\/\\\/www.tirza-kirchner.de\\\/tierheilpraxis\\\/veranstaltungen\\\/tierkommunikation-lernen\\\/#primaryimage\"},\"image\":{\"@id\":\"https:\\\/\\\/www.tirza-kirchner.de\\\/tierheilpraxis\\\/veranstaltungen\\\/tierkommunikation-lernen\\\/#primaryimage\"},\"thumbnailUrl\":\"https:\\\/\\\/www.tirza-kirchner.de\\\/tierheilpraxis\\\/wp-content\\\/uploads\\\/sites\\\/2\\\/2017\\\/02\\\/Einzelcoaching-1-300x199.jpg\",\"datePublished\":\"2017-02-07T12:47:43+00:00\",\"dateModified\":\"2020-08-13T12:55:55+00:00\",\"description\":\"Tierkommunikation lernen: Tirza Kirchner \u00f6ffnet Ihre Sinne f\u00fcr neue Perspektiven und f\u00fchrt Sie in die Kommunikation der Tierwelt ein.\",\"breadcrumb\":{\"@id\":\"https:\\\/\\\/www.tirza-kirchner.de\\\/tierheilpraxis\\\/veranstaltungen\\\/tierkommunikation-lernen\\\/#breadcrumb\"},\"inLanguage\":\"de\",\"potentialAction\":[{\"@type\":\"ReadAction\",\"target\":[\"https:\\\/\\\/www.tirza-kirchner.de\\\/tierheilpraxis\\\/veranstaltungen\\\/tierkommunikation-lernen\\\/\"]}]},{\"@type\":\"ImageObject\",\"inLanguage\":\"de\",\"@id\":\"https:\\\/\\\/www.tirza-kirchner.de\\\/tierheilpraxis\\\/veranstaltungen\\\/tierkommunikation-lernen\\\/#primaryimage\",\"url\":\"https:\\\/\\\/www.tirza-kirchner.de\\\/tierheilpraxis\\\/wp-content\\\/uploads\\\/sites\\\/2\\\/2017\\\/02\\\/Einzelcoaching-1.jpg\",\"contentUrl\":\"https:\\\/\\\/www.tirza-kirchner.de\\\/tierheilpraxis\\\/wp-content\\\/uploads\\\/sites\\\/2\\\/2017\\\/02\\\/Einzelcoaching-1.jpg\",\"width\":3568,\"height\":2368,\"caption\":\"So k\u00f6nnen Sie die Tierkommunikation ganz individuell im Einzelunterricht erlernen.\"},{\"@type\":\"BreadcrumbList\",\"@id\":\"https:\\\/\\\/www.tirza-kirchner.de\\\/tierheilpraxis\\\/veranstaltungen\\\/tierkommunikation-lernen\\\/#breadcrumb\",\"itemListElement\":[{\"@type\":\"ListItem\",\"position\":1,\"name\":\"Startseite\",\"item\":\"https:\\\/\\\/www.tirza-kirchner.de\\\/tierheilpraxis\\\/\"},{\"@type\":\"ListItem\",\"position\":2,\"name\":\"Veranstaltungen\",\"item\":\"https:\\\/\\\/www.tirza-kirchner.de\\\/tierheilpraxis\\\/veranstaltungen\\\/\"},{\"@type\":\"ListItem\",\"position\":3,\"name\":\"Einzelcoaching: Tierkommunikation lernen\"}]},{\"@type\":\"WebSite\",\"@id\":\"https:\\\/\\\/www.tirza-kirchner.de\\\/tierheilpraxis\\\/#website\",\"url\":\"https:\\\/\\\/www.tirza-kirchner.de\\\/tierheilpraxis\\\/\",\"name\":\"Tier\",\"description\":\"Eine weitere Tirza Kirchner Website\",\"potentialAction\":[{\"@type\":\"SearchAction\",\"target\":{\"@type\":\"EntryPoint\",\"urlTemplate\":\"https:\\\/\\\/www.tirza-kirchner.de\\\/tierheilpraxis\\\/?s={search_term_string}\"},\"query-input\":{\"@type\":\"PropertyValueSpecification\",\"valueRequired\":true,\"valueName\":\"search_term_string\"}}],\"inLanguage\":\"de\"}]}<\/script>\n<!-- \/ Yoast SEO plugin. -->","yoast_head_json":{"title":"Tierkommunikation lernen: Tirza Kirchner f\u00fchrt Sie in die Kommunikation der Tierwelt ein.","description":"Tierkommunikation lernen: Tirza Kirchner \u00f6ffnet Ihre Sinne f\u00fcr neue Perspektiven und f\u00fchrt Sie in die Kommunikation der Tierwelt ein.","robots":{"index":"index","follow":"follow","max-snippet":"max-snippet:-1","max-image-preview":"max-image-preview:large","max-video-preview":"max-video-preview:-1"},"canonical":"https:\/\/www.tirza-kirchner.de\/tierheilpraxis\/veranstaltungen\/tierkommunikation-lernen\/","og_locale":"de_DE","og_type":"article","og_title":"Tierkommunikation lernen: Tirza Kirchner f\u00fchrt Sie in die Kommunikation der Tierwelt ein.","og_description":"Tierkommunikation lernen: Tirza Kirchner \u00f6ffnet Ihre Sinne f\u00fcr neue Perspektiven und f\u00fchrt Sie in die Kommunikation der Tierwelt ein.","og_url":"https:\/\/www.tirza-kirchner.de\/tierheilpraxis\/veranstaltungen\/tierkommunikation-lernen\/","og_site_name":"Tier","article_modified_time":"2020-08-13T12:55:55+00:00","og_image":[{"url":"https:\/\/www.tirza-kirchner.de\/tierheilpraxis\/wp-content\/uploads\/sites\/2\/2017\/02\/Einzelcoaching-1-300x199.jpg","type":"","width":"","height":""}],"twitter_card":"summary_large_image","twitter_misc":{"Gesch\u00e4tzte Lesezeit":"1\u00a0Minute"},"schema":{"@context":"https:\/\/schema.org","@graph":[{"@type":"WebPage","@id":"https:\/\/www.tirza-kirchner.de\/tierheilpraxis\/veranstaltungen\/tierkommunikation-lernen\/","url":"https:\/\/www.tirza-kirchner.de\/tierheilpraxis\/veranstaltungen\/tierkommunikation-lernen\/","name":"Tierkommunikation lernen: Tirza Kirchner f\u00fchrt Sie in die Kommunikation der Tierwelt ein.","isPartOf":{"@id":"https:\/\/www.tirza-kirchner.de\/tierheilpraxis\/#website"},"primaryImageOfPage":{"@id":"https:\/\/www.tirza-kirchner.de\/tierheilpraxis\/veranstaltungen\/tierkommunikation-lernen\/#primaryimage"},"image":{"@id":"https:\/\/www.tirza-kirchner.de\/tierheilpraxis\/veranstaltungen\/tierkommunikation-lernen\/#primaryimage"},"thumbnailUrl":"https:\/\/www.tirza-kirchner.de\/tierheilpraxis\/wp-content\/uploads\/sites\/2\/2017\/02\/Einzelcoaching-1-300x199.jpg","datePublished":"2017-02-07T12:47:43+00:00","dateModified":"2020-08-13T12:55:55+00:00","description":"Tierkommunikation lernen: Tirza Kirchner \u00f6ffnet Ihre Sinne f\u00fcr neue Perspektiven und f\u00fchrt Sie in die Kommunikation der Tierwelt ein.","breadcrumb":{"@id":"https:\/\/www.tirza-kirchner.de\/tierheilpraxis\/veranstaltungen\/tierkommunikation-lernen\/#breadcrumb"},"inLanguage":"de","potentialAction":[{"@type":"ReadAction","target":["https:\/\/www.tirza-kirchner.de\/tierheilpraxis\/veranstaltungen\/tierkommunikation-lernen\/"]}]},{"@type":"ImageObject","inLanguage":"de","@id":"https:\/\/www.tirza-kirchner.de\/tierheilpraxis\/veranstaltungen\/tierkommunikation-lernen\/#primaryimage","url":"https:\/\/www.tirza-kirchner.de\/tierheilpraxis\/wp-content\/uploads\/sites\/2\/2017\/02\/Einzelcoaching-1.jpg","contentUrl":"https:\/\/www.tirza-kirchner.de\/tierheilpraxis\/wp-content\/uploads\/sites\/2\/2017\/02\/Einzelcoaching-1.jpg","width":3568,"height":2368,"caption":"So k\u00f6nnen Sie die Tierkommunikation ganz individuell im Einzelunterricht erlernen."},{"@type":"BreadcrumbList","@id":"https:\/\/www.tirza-kirchner.de\/tierheilpraxis\/veranstaltungen\/tierkommunikation-lernen\/#breadcrumb","itemListElement":[{"@type":"ListItem","position":1,"name":"Startseite","item":"https:\/\/www.tirza-kirchner.de\/tierheilpraxis\/"},{"@type":"ListItem","position":2,"name":"Veranstaltungen","item":"https:\/\/www.tirza-kirchner.de\/tierheilpraxis\/veranstaltungen\/"},{"@type":"ListItem","position":3,"name":"Einzelcoaching: Tierkommunikation lernen"}]},{"@type":"WebSite","@id":"https:\/\/www.tirza-kirchner.de\/tierheilpraxis\/#website","url":"https:\/\/www.tirza-kirchner.de\/tierheilpraxis\/","name":"Tier","description":"Eine weitere Tirza Kirchner Website","potentialAction":[{"@type":"SearchAction","target":{"@type":"EntryPoint","urlTemplate":"https:\/\/www.tirza-kirchner.de\/tierheilpraxis\/?s={search_term_string}"},"query-input":{"@type":"PropertyValueSpecification","valueRequired":true,"valueName":"search_term_string"}}],"inLanguage":"de"}]}},"_links":{"self":[{"href":"https:\/\/www.tirza-kirchner.de\/tierheilpraxis\/wp-json\/wp\/v2\/pages\/55","targetHints":{"allow":["GET"]}}],"collection":[{"href":"https:\/\/www.tirza-kirchner.de\/tierheilpraxis\/wp-json\/wp\/v2\/pages"}],"about":[{"href":"https:\/\/www.tirza-kirchner.de\/tierheilpraxis\/wp-json\/wp\/v2\/types\/page"}],"author":[{"embeddable":true,"href":"https:\/\/www.tirza-kirchner.de\/tierheilpraxis\/wp-json\/wp\/v2\/users\/1"}],"replies":[{"embeddable":true,"href":"https:\/\/www.tirza-kirchner.de\/tierheilpraxis\/wp-json\/wp\/v2\/comments?post=55"}],"version-history":[{"count":9,"href":"https:\/\/www.tirza-kirchner.de\/tierheilpraxis\/wp-json\/wp\/v2\/pages\/55\/revisions"}],"predecessor-version":[{"id":573,"href":"https:\/\/www.tirza-kirchner.de\/tierheilpraxis\/wp-json\/wp\/v2\/pages\/55\/revisions\/573"}],"up":[{"embeddable":true,"href":"https:\/\/www.tirza-kirchner.de\/tierheilpraxis\/wp-json\/wp\/v2\/pages\/48"}],"wp:attachment":[{"href":"https:\/\/www.tirza-kirchner.de\/tierheilpraxis\/wp-json\/wp\/v2\/media?parent=55"}],"curies":[{"name":"wp","href":"https:\/\/api.w.org\/{rel}","templated":true}]}}