{"id":51,"date":"2017-02-07T13:47:14","date_gmt":"2017-02-07T12:47:14","guid":{"rendered":"https:\/\/www.tirza-kirchner.de\/tier\/?page_id=51"},"modified":"2024-02-07T13:53:53","modified_gmt":"2024-02-07T12:53:53","slug":"tierkommunikation-seminare","status":"publish","type":"page","link":"https:\/\/www.tirza-kirchner.de\/tierheilpraxis\/veranstaltungen\/tierkommunikation-seminare\/","title":{"rendered":"Tierkommunikation-Seminare"},"content":{"rendered":"<h2>Infoveranstaltung und Basisseminar<\/h2>\n<p>Die Tierkommunikation mit unseren wundervollen Tieren kann jeder lernen!\u00a0Tierkommunikation und Seminare rund um dieses Thema erlauben faszinierende Einblicke in das Leben unserer liebsten Begleiter!<\/p>\n<h3 class=\"csc-header csc-header-n1\">Informationsveranstaltung\u00a0Tierkommunikation:\u00a0Tiere besser verstehen<\/h3>\n<p>Bei dieser kostenfreien Informationsveranstaltung erhalten Sie einen Einblick in die Hintergr\u00fcnde der Tierkommunikation, also des telepathischen Kommunizierens mit Tieren. Wir betrachten die unterschiedlichen M\u00f6glichkeiten, die diese Methode in der Praxis bietet und auch ihre Grenzen.<\/p>\n<p>Termine und weitere Infos finden Sie <a href=\"https:\/\/www.tirza-kirchner.de\/aktuelle-termine\/\">hier<\/a>.<\/p>\n<h3>Einstieg in die Tierkommunikation &#8211; Seminarreihe online oder vor Ort<\/h3>\n<figure id=\"attachment_386\" aria-describedby=\"caption-attachment-386\" style=\"width: 224px\" class=\"wp-caption alignleft\"><img loading=\"lazy\" decoding=\"async\" class=\"size-medium wp-image-386\" src=\"https:\/\/www.tirza-kirchner.de\/tierheilpraxis\/wp-content\/uploads\/sites\/2\/2017\/02\/tierkommunikation-234x300.jpg\" alt=\"Tierkommunikation: Tirza Kirchner wirbt mit ihrer Arbeit f\u00fcr mehr Verst\u00e4ndigung zwischen Mensch und Tier.\" width=\"234\" height=\"300\" srcset=\"https:\/\/www.tirza-kirchner.de\/tierheilpraxis\/wp-content\/uploads\/sites\/2\/2017\/02\/tierkommunikation-234x300.jpg 234w, https:\/\/www.tirza-kirchner.de\/tierheilpraxis\/wp-content\/uploads\/sites\/2\/2017\/02\/tierkommunikation-768x986.jpg 768w, https:\/\/www.tirza-kirchner.de\/tierheilpraxis\/wp-content\/uploads\/sites\/2\/2017\/02\/tierkommunikation-798x1024.jpg 798w\" sizes=\"auto, (max-width: 234px) 100vw, 234px\" \/><figcaption id=\"caption-attachment-386\" class=\"wp-caption-text\">Tierkommunikation: Tirza Kirchner wirbt f\u00fcr mehr Verst\u00e4ndigung zwischen Mensch und Tier.<\/figcaption><\/figure>\n<p>Wir steigen ein in die telepathischen Gespr\u00e4che mit den Tieren. In dem Seminar geht es um die Grundlagen und M\u00f6glichkeiten der Tierkommunikation. Wir lernen und \u00fcben ausgiebig die Kommunikation\u00a0mit unterschiedlichen Tieren, werten die Ergebnisse aus und schulen unsere Wahrnehmung. Erleben und lernen Sie\u00a0Tierkommunikation in Seminaren mit Tirza Kirchner!<\/p>\n<h4>Wir besch\u00e4ftigen uns mit den Themenbl\u00f6cken:<\/h4>\n<p>\u2022 Was ist Tierkommunikation?<br \/>\n\u2022 Wie funktioniert sie?<br \/>\n\u2022 Wann macht Tierkommunikation Sinn?<\/p>\n<p>Die jeweilige Basis-Seminarreihe gibt es sowohl als Online-Angebot per Videokonferenzschaltung als auch vor Ort in meinen Seminarr\u00e4umen in F\u00fcrth-Stadeln.<\/p>\n<p>Termine und weitere Infos finden Sie <a href=\"https:\/\/www.tirza-kirchner.de\/aktuelle-termine\/\">hier<\/a>.<\/p>\n<h2>Aufbauseminare online oder live<\/h2>\n<p>Haben Sie bereits ein Basisseminar besucht, dann nutzen Sie die Aufbauseminare um Ihr Wissen und K\u00f6nnen weiter auszubauen.<\/p>\n<p>Wir treffen uns, um unsere Kenntnisse aufzufrischen, in neue Themen einzusteigen, ausf\u00fchrlich direkt im Tiergespr\u00e4ch zu \u00fcben und anschlie\u00dfend unsere Ergebnisse aus den \u00dcbungsrunden auszuwerten.<\/p>\n<p>Die Aufbauseminare gibt es ebenfalls als Online-Veranstaltungen oder bei mir vor Ort.<\/p>\n<p>Termine und weitere Infos finden Sie <a href=\"https:\/\/www.tirza-kirchner.de\/aktuelle-termine\/\">hier<\/a>.<\/p>\n<h3>Aufbauseminar: Alle Sinne nutzen<\/h3>\n<p>Wir nutzen das Seminar, um unsere Wahrnehmung auszubauen und weitere Sinne zu erschlie\u00dfen, wie das Sehen von Bildern oder das Sp\u00fcren von Gef\u00fchlen \u2013 denn die telepathische Kommunikation kann \u00fcber alle Sinne erfolgen. Nur wenn wir m\u00f6glichst alle Sinne einsetzen und nutzen ergibt sich im Gespr\u00e4ch mit einem Tier ein rundes und vollst\u00e4ndiges Bild.<\/p>\n<h3>Aufbauseminar: Gesundheit und Krankheit.<\/h3>\n<p>Wir beleuchten das Thema aus verschiedenen Blickrichtungen heraus. Wie kann ich wahrnehmen wie es einem Tier gesundheitlich wirklich geht. Wie kann ich Informationen \u00fcber den Gesundheitszustand und Krankheiten oder Verletzungen im Gespr\u00e4ch mit dem Tier erkennen und im Tierk\u00f6rper lokalisieren. Wie erhalte ich m\u00f6glichst viele Informationen und Details vom Tier. Wie kann ich die Meinung des Tieres zu Behandlungsm\u00f6glichkeiten oder Operationen erfragen und es zum Beispiel auf Eingriffe vorbereiten.<\/p>\n<h3>Aufbauseminar: Verstorbene Tieren.<\/h3>\n<p>Beim Seminar gehen wir in Kontakt mit verstorbenen Tieren. Dabei betrachten wir Besonderheiten in der Kommunikation. Lassen uns von den Tieren zeigen, wie das Leben nach dem k\u00f6rperlichen Tod &#8222;aussieht&#8220; und was sie dann erleben. Au\u00dferdem besch\u00e4ftigen wir uns mit dem Zur\u00fcckkommen verstorbener Tiere im neuen K\u00f6rper.<\/p>\n<h3>Intensives Aufbauseminar: Vermisste Tiere finden<\/h3>\n<figure id=\"attachment_532\" aria-describedby=\"caption-attachment-532\" style=\"width: 290px\" class=\"wp-caption alignright\"><img loading=\"lazy\" decoding=\"async\" class=\"size-medium wp-image-532\" src=\"https:\/\/www.tirza-kirchner.de\/tierheilpraxis\/wp-content\/uploads\/sites\/2\/2017\/02\/Vermisste-Tiere-300x225.jpg\" alt=\"Tiersuchen\" width=\"300\" height=\"225\" srcset=\"https:\/\/www.tirza-kirchner.de\/tierheilpraxis\/wp-content\/uploads\/sites\/2\/2017\/02\/Vermisste-Tiere-300x225.jpg 300w, https:\/\/www.tirza-kirchner.de\/tierheilpraxis\/wp-content\/uploads\/sites\/2\/2017\/02\/Vermisste-Tiere-768x576.jpg 768w, https:\/\/www.tirza-kirchner.de\/tierheilpraxis\/wp-content\/uploads\/sites\/2\/2017\/02\/Vermisste-Tiere.jpg 960w\" sizes=\"auto, (max-width: 300px) 100vw, 300px\" \/><figcaption id=\"caption-attachment-532\" class=\"wp-caption-text\">Die Tierkommunikation kann Tiersuchen gut begleiten und unterst\u00fctzen.<\/figcaption><\/figure>\n<p>Das Aufbauseminar &#8222;Vermisste Tiere finden&#8220; wendet sich an Teilnehmer, die bereits ein Einstiegsseminar in Tierkommunikation besucht haben und Erfahrung in der Kommunikation mit in ihrem K\u00f6rper lebenden Tieren und auch mit verstorbenen Tieren haben.<\/p>\n<p>Wir steigen beim Seminar ganz detailliert in die Suche nach vermissten Tieren ein.<br \/>\nDa Tiersuchen ein sehr komplexes Thema sind, betrachten wir folgende Themenschwerpunkte:<\/p>\n<ul>\n<li>Wahrnehmen ob ein Tier verstorben ist oder nicht<\/li>\n<li>Wahrnehmen wie der momentane Gesundheitszustand eines Tieres ist<\/li>\n<li>Wahrnehmen wo sich das Tier ganz aktuell befindet<\/li>\n<li>Herausfinden wie das Tier an den aktuellen Ort gekommen ist<\/li>\n<\/ul>\n<p>Diese Themenschwerpunkte vertiefen wir durch \u00fcben an echten Praxisbeispielen. Unsere \u00dcbungsergebnisse werten wir anschlie\u00dfend genau aus.<\/p>\n<p>Termine und weitere Infos finden Sie <a href=\"https:\/\/www.tirza-kirchner.de\/aktuelle-termine\/\">hier<\/a>.<\/p>\n<h2>Immer weiter \u00fcben &#8211; online oder bei mir vor Ort<\/h2>\n<h3>\u00dcbungsabende: Immer dran bleiben.<\/h3>\n<p>Wir treffen uns zum \u00dcben verschiedener Bereiche der Tierkommunikation. Jeder \u00dcbungsabend steht unter einem speziellen Thema, das wir dann mit seinen Bereichen und Fragem\u00f6glickeiten zusammen ausarbeiten und anschlie\u00dfend in mehreren \u00dcbungsrunden damit ins Gespr\u00e4ch mit den Tieren gehen.<\/p>\n<p>Sie k\u00f6nnen als Teilnehmer au\u00dferdem eigene Fragen zur Tierkommunikation mitbringe, die wir dann behandeln.<\/p>\n<p>Am \u00dcbungsabend k\u00f6nnen alle teilnehmen, die schon Grundkenntnisse in der Tierkommunikation haben und auch bereits Gespr\u00e4che gef\u00fchrt haben. Der \u00dcbungsabend ersetzt nicht die Teilnahme an einem Basisseminar.<\/p>\n<p>An den \u00dcbungsabenden k\u00f6nnen Sie entweder per Zoom oder vor Ort teilnehmen.<\/p>\n<p>Termine und weitere Infos finden Sie\u00a0<a href=\"https:\/\/www.tirza-kirchner.de\/aktuelle-termine\/\">hier<\/a>.<\/p>\n","protected":false},"excerpt":{"rendered":"<p>Infoveranstaltung und Basisseminar Die Tierkommunikation mit unseren wundervollen Tieren kann jeder lernen!\u00a0Tierkommunikation und Seminare rund um dieses Thema erlauben faszinierende Einblicke in das Leben unserer liebsten Begleiter! Informationsveranstaltung\u00a0Tierkommunikation:\u00a0Tiere besser verstehen Bei dieser kostenfreien Informationsveranstaltung erhalten Sie einen Einblick in die Hintergr\u00fcnde der Tierkommunikation, also des telepathischen Kommunizierens mit Tieren. Wir betrachten die unterschiedlichen M\u00f6glichkeiten, die &#8230; <a title=\"Tierkommunikation-Seminare\" class=\"read-more\" href=\"https:\/\/www.tirza-kirchner.de\/tierheilpraxis\/veranstaltungen\/tierkommunikation-seminare\/\" aria-label=\"Mehr Informationen \u00fcber Tierkommunikation-Seminare\">Weiterlesen<\/a><\/p>\n","protected":false},"author":1,"featured_media":0,"parent":48,"menu_order":0,"comment_status":"closed","ping_status":"closed","template":"","meta":{"generate_page_header":"","_mc_calendar":[],"footnotes":""},"class_list":["post-51","page","type-page","status-publish"],"yoast_head":"<!-- This site is optimized with the Yoast SEO plugin v27.4 - https:\/\/yoast.com\/product\/yoast-seo-wordpress\/ -->\n<title>Tierkommunikation-Seminare mit Tierkommunikatorin Tirza Kirchner in F\u00fcrth<\/title>\n<meta name=\"description\" content=\"Tierkommunikation-Seminare: kostenfreie Infoveranstaltung, Aufbauseminar, Basisseminar - Tirza Kirchner f\u00fchrt sensibel in dieses Thema ein.\" \/>\n<meta name=\"robots\" content=\"index, follow, max-snippet:-1, max-image-preview:large, max-video-preview:-1\" \/>\n<link rel=\"canonical\" href=\"https:\/\/www.tirza-kirchner.de\/tierheilpraxis\/veranstaltungen\/tierkommunikation-seminare\/\" \/>\n<meta property=\"og:locale\" content=\"de_DE\" \/>\n<meta property=\"og:type\" content=\"article\" \/>\n<meta property=\"og:title\" content=\"Tierkommunikation-Seminare mit Tierkommunikatorin Tirza Kirchner in F\u00fcrth\" \/>\n<meta property=\"og:description\" content=\"Tierkommunikation-Seminare: kostenfreie Infoveranstaltung, Aufbauseminar, Basisseminar - Tirza Kirchner f\u00fchrt sensibel in dieses Thema ein.\" \/>\n<meta property=\"og:url\" content=\"https:\/\/www.tirza-kirchner.de\/tierheilpraxis\/veranstaltungen\/tierkommunikation-seminare\/\" \/>\n<meta property=\"og:site_name\" content=\"Tier\" \/>\n<meta property=\"article:modified_time\" content=\"2024-02-07T12:53:53+00:00\" \/>\n<meta property=\"og:image\" content=\"https:\/\/www.tirza-kirchner.de\/tierheilpraxis\/wp-content\/uploads\/sites\/2\/2017\/02\/tierkommunikation-234x300.jpg\" \/>\n<meta name=\"twitter:card\" content=\"summary_large_image\" \/>\n<meta name=\"twitter:label1\" content=\"Gesch\u00e4tzte Lesezeit\" \/>\n\t<meta name=\"twitter:data1\" content=\"5\u00a0Minuten\" \/>\n<script type=\"application\/ld+json\" class=\"yoast-schema-graph\">{\"@context\":\"https:\\\/\\\/schema.org\",\"@graph\":[{\"@type\":\"WebPage\",\"@id\":\"https:\\\/\\\/www.tirza-kirchner.de\\\/tierheilpraxis\\\/veranstaltungen\\\/tierkommunikation-seminare\\\/\",\"url\":\"https:\\\/\\\/www.tirza-kirchner.de\\\/tierheilpraxis\\\/veranstaltungen\\\/tierkommunikation-seminare\\\/\",\"name\":\"Tierkommunikation-Seminare mit Tierkommunikatorin Tirza Kirchner in F\u00fcrth\",\"isPartOf\":{\"@id\":\"https:\\\/\\\/www.tirza-kirchner.de\\\/tierheilpraxis\\\/#website\"},\"primaryImageOfPage\":{\"@id\":\"https:\\\/\\\/www.tirza-kirchner.de\\\/tierheilpraxis\\\/veranstaltungen\\\/tierkommunikation-seminare\\\/#primaryimage\"},\"image\":{\"@id\":\"https:\\\/\\\/www.tirza-kirchner.de\\\/tierheilpraxis\\\/veranstaltungen\\\/tierkommunikation-seminare\\\/#primaryimage\"},\"thumbnailUrl\":\"https:\\\/\\\/www.tirza-kirchner.de\\\/tierheilpraxis\\\/wp-content\\\/uploads\\\/sites\\\/2\\\/2017\\\/02\\\/tierkommunikation-234x300.jpg\",\"datePublished\":\"2017-02-07T12:47:14+00:00\",\"dateModified\":\"2024-02-07T12:53:53+00:00\",\"description\":\"Tierkommunikation-Seminare: kostenfreie Infoveranstaltung, Aufbauseminar, Basisseminar - Tirza Kirchner f\u00fchrt sensibel in dieses Thema ein.\",\"breadcrumb\":{\"@id\":\"https:\\\/\\\/www.tirza-kirchner.de\\\/tierheilpraxis\\\/veranstaltungen\\\/tierkommunikation-seminare\\\/#breadcrumb\"},\"inLanguage\":\"de\",\"potentialAction\":[{\"@type\":\"ReadAction\",\"target\":[\"https:\\\/\\\/www.tirza-kirchner.de\\\/tierheilpraxis\\\/veranstaltungen\\\/tierkommunikation-seminare\\\/\"]}]},{\"@type\":\"ImageObject\",\"inLanguage\":\"de\",\"@id\":\"https:\\\/\\\/www.tirza-kirchner.de\\\/tierheilpraxis\\\/veranstaltungen\\\/tierkommunikation-seminare\\\/#primaryimage\",\"url\":\"https:\\\/\\\/www.tirza-kirchner.de\\\/tierheilpraxis\\\/wp-content\\\/uploads\\\/sites\\\/2\\\/2017\\\/02\\\/tierkommunikation.jpg\",\"contentUrl\":\"https:\\\/\\\/www.tirza-kirchner.de\\\/tierheilpraxis\\\/wp-content\\\/uploads\\\/sites\\\/2\\\/2017\\\/02\\\/tierkommunikation.jpg\",\"width\":2241,\"height\":2876,\"caption\":\"Tierkommunikation: Tirza Kirchner wirbt f\u00fcr mehr Verst\u00e4ndigung zwischen Mensch und Tier.\"},{\"@type\":\"BreadcrumbList\",\"@id\":\"https:\\\/\\\/www.tirza-kirchner.de\\\/tierheilpraxis\\\/veranstaltungen\\\/tierkommunikation-seminare\\\/#breadcrumb\",\"itemListElement\":[{\"@type\":\"ListItem\",\"position\":1,\"name\":\"Startseite\",\"item\":\"https:\\\/\\\/www.tirza-kirchner.de\\\/tierheilpraxis\\\/\"},{\"@type\":\"ListItem\",\"position\":2,\"name\":\"Veranstaltungen\",\"item\":\"https:\\\/\\\/www.tirza-kirchner.de\\\/tierheilpraxis\\\/veranstaltungen\\\/\"},{\"@type\":\"ListItem\",\"position\":3,\"name\":\"Tierkommunikation-Seminare\"}]},{\"@type\":\"WebSite\",\"@id\":\"https:\\\/\\\/www.tirza-kirchner.de\\\/tierheilpraxis\\\/#website\",\"url\":\"https:\\\/\\\/www.tirza-kirchner.de\\\/tierheilpraxis\\\/\",\"name\":\"Tier\",\"description\":\"Eine weitere Tirza Kirchner Website\",\"potentialAction\":[{\"@type\":\"SearchAction\",\"target\":{\"@type\":\"EntryPoint\",\"urlTemplate\":\"https:\\\/\\\/www.tirza-kirchner.de\\\/tierheilpraxis\\\/?s={search_term_string}\"},\"query-input\":{\"@type\":\"PropertyValueSpecification\",\"valueRequired\":true,\"valueName\":\"search_term_string\"}}],\"inLanguage\":\"de\"}]}<\/script>\n<!-- \/ Yoast SEO plugin. -->","yoast_head_json":{"title":"Tierkommunikation-Seminare mit Tierkommunikatorin Tirza Kirchner in F\u00fcrth","description":"Tierkommunikation-Seminare: kostenfreie Infoveranstaltung, Aufbauseminar, Basisseminar - Tirza Kirchner f\u00fchrt sensibel in dieses Thema ein.","robots":{"index":"index","follow":"follow","max-snippet":"max-snippet:-1","max-image-preview":"max-image-preview:large","max-video-preview":"max-video-preview:-1"},"canonical":"https:\/\/www.tirza-kirchner.de\/tierheilpraxis\/veranstaltungen\/tierkommunikation-seminare\/","og_locale":"de_DE","og_type":"article","og_title":"Tierkommunikation-Seminare mit Tierkommunikatorin Tirza Kirchner in F\u00fcrth","og_description":"Tierkommunikation-Seminare: kostenfreie Infoveranstaltung, Aufbauseminar, Basisseminar - Tirza Kirchner f\u00fchrt sensibel in dieses Thema ein.","og_url":"https:\/\/www.tirza-kirchner.de\/tierheilpraxis\/veranstaltungen\/tierkommunikation-seminare\/","og_site_name":"Tier","article_modified_time":"2024-02-07T12:53:53+00:00","og_image":[{"url":"https:\/\/www.tirza-kirchner.de\/tierheilpraxis\/wp-content\/uploads\/sites\/2\/2017\/02\/tierkommunikation-234x300.jpg","type":"","width":"","height":""}],"twitter_card":"summary_large_image","twitter_misc":{"Gesch\u00e4tzte Lesezeit":"5\u00a0Minuten"},"schema":{"@context":"https:\/\/schema.org","@graph":[{"@type":"WebPage","@id":"https:\/\/www.tirza-kirchner.de\/tierheilpraxis\/veranstaltungen\/tierkommunikation-seminare\/","url":"https:\/\/www.tirza-kirchner.de\/tierheilpraxis\/veranstaltungen\/tierkommunikation-seminare\/","name":"Tierkommunikation-Seminare mit Tierkommunikatorin Tirza Kirchner in F\u00fcrth","isPartOf":{"@id":"https:\/\/www.tirza-kirchner.de\/tierheilpraxis\/#website"},"primaryImageOfPage":{"@id":"https:\/\/www.tirza-kirchner.de\/tierheilpraxis\/veranstaltungen\/tierkommunikation-seminare\/#primaryimage"},"image":{"@id":"https:\/\/www.tirza-kirchner.de\/tierheilpraxis\/veranstaltungen\/tierkommunikation-seminare\/#primaryimage"},"thumbnailUrl":"https:\/\/www.tirza-kirchner.de\/tierheilpraxis\/wp-content\/uploads\/sites\/2\/2017\/02\/tierkommunikation-234x300.jpg","datePublished":"2017-02-07T12:47:14+00:00","dateModified":"2024-02-07T12:53:53+00:00","description":"Tierkommunikation-Seminare: kostenfreie Infoveranstaltung, Aufbauseminar, Basisseminar - Tirza Kirchner f\u00fchrt sensibel in dieses Thema ein.","breadcrumb":{"@id":"https:\/\/www.tirza-kirchner.de\/tierheilpraxis\/veranstaltungen\/tierkommunikation-seminare\/#breadcrumb"},"inLanguage":"de","potentialAction":[{"@type":"ReadAction","target":["https:\/\/www.tirza-kirchner.de\/tierheilpraxis\/veranstaltungen\/tierkommunikation-seminare\/"]}]},{"@type":"ImageObject","inLanguage":"de","@id":"https:\/\/www.tirza-kirchner.de\/tierheilpraxis\/veranstaltungen\/tierkommunikation-seminare\/#primaryimage","url":"https:\/\/www.tirza-kirchner.de\/tierheilpraxis\/wp-content\/uploads\/sites\/2\/2017\/02\/tierkommunikation.jpg","contentUrl":"https:\/\/www.tirza-kirchner.de\/tierheilpraxis\/wp-content\/uploads\/sites\/2\/2017\/02\/tierkommunikation.jpg","width":2241,"height":2876,"caption":"Tierkommunikation: Tirza Kirchner wirbt f\u00fcr mehr Verst\u00e4ndigung zwischen Mensch und Tier."},{"@type":"BreadcrumbList","@id":"https:\/\/www.tirza-kirchner.de\/tierheilpraxis\/veranstaltungen\/tierkommunikation-seminare\/#breadcrumb","itemListElement":[{"@type":"ListItem","position":1,"name":"Startseite","item":"https:\/\/www.tirza-kirchner.de\/tierheilpraxis\/"},{"@type":"ListItem","position":2,"name":"Veranstaltungen","item":"https:\/\/www.tirza-kirchner.de\/tierheilpraxis\/veranstaltungen\/"},{"@type":"ListItem","position":3,"name":"Tierkommunikation-Seminare"}]},{"@type":"WebSite","@id":"https:\/\/www.tirza-kirchner.de\/tierheilpraxis\/#website","url":"https:\/\/www.tirza-kirchner.de\/tierheilpraxis\/","name":"Tier","description":"Eine weitere Tirza Kirchner Website","potentialAction":[{"@type":"SearchAction","target":{"@type":"EntryPoint","urlTemplate":"https:\/\/www.tirza-kirchner.de\/tierheilpraxis\/?s={search_term_string}"},"query-input":{"@type":"PropertyValueSpecification","valueRequired":true,"valueName":"search_term_string"}}],"inLanguage":"de"}]}},"_links":{"self":[{"href":"https:\/\/www.tirza-kirchner.de\/tierheilpraxis\/wp-json\/wp\/v2\/pages\/51","targetHints":{"allow":["GET"]}}],"collection":[{"href":"https:\/\/www.tirza-kirchner.de\/tierheilpraxis\/wp-json\/wp\/v2\/pages"}],"about":[{"href":"https:\/\/www.tirza-kirchner.de\/tierheilpraxis\/wp-json\/wp\/v2\/types\/page"}],"author":[{"embeddable":true,"href":"https:\/\/www.tirza-kirchner.de\/tierheilpraxis\/wp-json\/wp\/v2\/users\/1"}],"replies":[{"embeddable":true,"href":"https:\/\/www.tirza-kirchner.de\/tierheilpraxis\/wp-json\/wp\/v2\/comments?post=51"}],"version-history":[{"count":32,"href":"https:\/\/www.tirza-kirchner.de\/tierheilpraxis\/wp-json\/wp\/v2\/pages\/51\/revisions"}],"predecessor-version":[{"id":647,"href":"https:\/\/www.tirza-kirchner.de\/tierheilpraxis\/wp-json\/wp\/v2\/pages\/51\/revisions\/647"}],"up":[{"embeddable":true,"href":"https:\/\/www.tirza-kirchner.de\/tierheilpraxis\/wp-json\/wp\/v2\/pages\/48"}],"wp:attachment":[{"href":"https:\/\/www.tirza-kirchner.de\/tierheilpraxis\/wp-json\/wp\/v2\/media?parent=51"}],"curies":[{"name":"wp","href":"https:\/\/api.w.org\/{rel}","templated":true}]}}