{"id":48,"date":"2017-02-07T13:47:00","date_gmt":"2017-02-07T12:47:00","guid":{"rendered":"https:\/\/www.tirza-kirchner.de\/tier\/?page_id=48"},"modified":"2018-05-27T10:06:51","modified_gmt":"2018-05-27T08:06:51","slug":"veranstaltungen","status":"publish","type":"page","link":"https:\/\/www.tirza-kirchner.de\/tierheilpraxis\/veranstaltungen\/","title":{"rendered":"Veranstaltungen"},"content":{"rendered":"<h2>Lernen Sie Ihr Tier verstehen<\/h2>\n<figure id=\"attachment_455\" aria-describedby=\"caption-attachment-455\" style=\"width: 290px\" class=\"wp-caption alignleft\"><img loading=\"lazy\" decoding=\"async\" class=\"wp-image-455 size-medium\" src=\"https:\/\/www.tirza-kirchner.de\/tierheilpraxis\/wp-content\/uploads\/sites\/2\/2018\/01\/veranstaltungen-300x214.jpg\" alt=\"Tierkommunikationsseminare\" width=\"300\" height=\"214\" srcset=\"https:\/\/www.tirza-kirchner.de\/tierheilpraxis\/wp-content\/uploads\/sites\/2\/2018\/01\/veranstaltungen-300x214.jpg 300w, https:\/\/www.tirza-kirchner.de\/tierheilpraxis\/wp-content\/uploads\/sites\/2\/2018\/01\/veranstaltungen-768x549.jpg 768w, https:\/\/www.tirza-kirchner.de\/tierheilpraxis\/wp-content\/uploads\/sites\/2\/2018\/01\/veranstaltungen-1024x731.jpg 1024w\" sizes=\"auto, (max-width: 300px) 100vw, 300px\" \/><figcaption id=\"caption-attachment-455\" class=\"wp-caption-text\">\u00dcber die Tierkommunikation lernen Sie Ihr Tier noch besser zu verstehen. Foto: BilderRausch<\/figcaption><\/figure>\n<p>Tierkommunikatorin und Heilpraktikerin Tirza Kirchner pr\u00e4sentiert Ihnen und Ihren Tieren ein umfangreiches Veranstaltungsangebot. Im Mittelpunkt stehen dabei der Wunsch und die jedem Menschen offenstehende\u00a0M\u00f6glichkeit Tiere immer besser zu verstehen.<\/p>\n<p>Die folgenden Seiten bieten Ihnen einen ersten \u00dcberblick \u00fcber die verschiedenen Angebote, die Sie sensibel an die\u00a0Kommunikation mit Tieren heranf\u00fchren:<\/p>\n<ul>\n<li><a href=\"https:\/\/www.tirza-kirchner.de\/tierheilpraxis\/veranstaltungen\/tierkommunikation-seminare\/\">Tierkommunikation-Seminare<\/a><\/li>\n<li><a href=\"https:\/\/www.tirza-kirchner.de\/tierheilpraxis\/veranstaltungen\/tierkommunikation-lernen\/\">Einzelcoaching<\/a><\/li>\n<\/ul>\n<h2>Naturheilkunde f\u00fcr Tiere<\/h2>\n<p>Ebnen Sie Ihrem Tier den Weg zu Gesundheit und Wohlbefinden, indem Sie einfache und wirkungsvolle Methoden und Heilmittel kennenlernen, die Sie sogar daheim anwenden k\u00f6nnen. Oder erfahren Sie, wie Sie als Therapeut(in) Tiere in Ihrer Praxis naturheilkundlich behandeln k\u00f6nnen.<\/p>\n<ul>\n<li><a href=\"https:\/\/www.tirza-kirchner.de\/tierheilpraxis\/naturheilkunde-seminare\/\">Pflanzenheilkunde f\u00fcr Tiere<\/a><\/li>\n<\/ul>\n<p>Sie haben individuelle W\u00fcnsche und Fragen? Dann setzen Sie sich gern mit Tirza Kirchner in Verbindung. Entweder telefonisch unter 0178 2924235 oder \u00fcber das\u00a0<a href=\"https:\/\/www.tirza-kirchner.de\/kontakt\/\">Kontaktformular<\/a>.<\/p>\n","protected":false},"excerpt":{"rendered":"<p>Lernen Sie Ihr Tier verstehen Tierkommunikatorin und Heilpraktikerin Tirza Kirchner pr\u00e4sentiert Ihnen und Ihren Tieren ein umfangreiches Veranstaltungsangebot. Im Mittelpunkt stehen dabei der Wunsch und die jedem Menschen offenstehende\u00a0M\u00f6glichkeit Tiere immer besser zu verstehen. Die folgenden Seiten bieten Ihnen einen ersten \u00dcberblick \u00fcber die verschiedenen Angebote, die Sie sensibel an die\u00a0Kommunikation mit Tieren heranf\u00fchren: Tierkommunikation-Seminare &#8230; <a title=\"Veranstaltungen\" class=\"read-more\" href=\"https:\/\/www.tirza-kirchner.de\/tierheilpraxis\/veranstaltungen\/\" aria-label=\"Mehr Informationen \u00fcber Veranstaltungen\">Weiterlesen<\/a><\/p>\n","protected":false},"author":1,"featured_media":0,"parent":0,"menu_order":0,"comment_status":"closed","ping_status":"closed","template":"","meta":{"generate_page_header":"","_mc_calendar":[],"footnotes":""},"class_list":["post-48","page","type-page","status-publish"],"yoast_head":"<!-- This site is optimized with the Yoast SEO plugin v27.1.1 - https:\/\/yoast.com\/product\/yoast-seo-wordpress\/ -->\n<title>Kommunikation mit Tieren ist das Spezialgebiet von Tierkommunikatorin Tirza Kirchner.<\/title>\n<meta name=\"description\" content=\"Kommunikation mit Tieren ist das Spezialgebiet von Tierkommunikatorin Tirza Kirchner, die Seminare zu den verschiedenen Aspekten der Tierkommunikation gibt.\" \/>\n<meta name=\"robots\" content=\"index, follow, max-snippet:-1, max-image-preview:large, max-video-preview:-1\" \/>\n<link rel=\"canonical\" href=\"https:\/\/www.tirza-kirchner.de\/tierheilpraxis\/veranstaltungen\/\" \/>\n<meta property=\"og:locale\" content=\"de_DE\" \/>\n<meta property=\"og:type\" content=\"article\" \/>\n<meta property=\"og:title\" content=\"Kommunikation mit Tieren ist das Spezialgebiet von Tierkommunikatorin Tirza Kirchner.\" \/>\n<meta property=\"og:description\" content=\"Kommunikation mit Tieren ist das Spezialgebiet von Tierkommunikatorin Tirza Kirchner, die Seminare zu den verschiedenen Aspekten der Tierkommunikation gibt.\" \/>\n<meta property=\"og:url\" content=\"https:\/\/www.tirza-kirchner.de\/tierheilpraxis\/veranstaltungen\/\" \/>\n<meta property=\"og:site_name\" content=\"Tier\" \/>\n<meta property=\"article:modified_time\" content=\"2018-05-27T08:06:51+00:00\" \/>\n<meta property=\"og:image\" content=\"https:\/\/www.tirza-kirchner.de\/tierheilpraxis\/wp-content\/uploads\/sites\/2\/2018\/01\/veranstaltungen-300x214.jpg\" \/>\n<meta name=\"twitter:card\" content=\"summary_large_image\" \/>\n<meta name=\"twitter:label1\" content=\"Gesch\u00e4tzte Lesezeit\" \/>\n\t<meta name=\"twitter:data1\" content=\"1\u00a0Minute\" \/>\n<script type=\"application\/ld+json\" class=\"yoast-schema-graph\">{\"@context\":\"https:\/\/schema.org\",\"@graph\":[{\"@type\":\"WebPage\",\"@id\":\"https:\/\/www.tirza-kirchner.de\/tierheilpraxis\/veranstaltungen\/\",\"url\":\"https:\/\/www.tirza-kirchner.de\/tierheilpraxis\/veranstaltungen\/\",\"name\":\"Kommunikation mit Tieren ist das Spezialgebiet von Tierkommunikatorin Tirza Kirchner.\",\"isPartOf\":{\"@id\":\"https:\/\/www.tirza-kirchner.de\/tierheilpraxis\/#website\"},\"primaryImageOfPage\":{\"@id\":\"https:\/\/www.tirza-kirchner.de\/tierheilpraxis\/veranstaltungen\/#primaryimage\"},\"image\":{\"@id\":\"https:\/\/www.tirza-kirchner.de\/tierheilpraxis\/veranstaltungen\/#primaryimage\"},\"thumbnailUrl\":\"https:\/\/www.tirza-kirchner.de\/tierheilpraxis\/wp-content\/uploads\/sites\/2\/2018\/01\/veranstaltungen-300x214.jpg\",\"datePublished\":\"2017-02-07T12:47:00+00:00\",\"dateModified\":\"2018-05-27T08:06:51+00:00\",\"description\":\"Kommunikation mit Tieren ist das Spezialgebiet von Tierkommunikatorin Tirza Kirchner, die Seminare zu den verschiedenen Aspekten der Tierkommunikation gibt.\",\"breadcrumb\":{\"@id\":\"https:\/\/www.tirza-kirchner.de\/tierheilpraxis\/veranstaltungen\/#breadcrumb\"},\"inLanguage\":\"de\",\"potentialAction\":[{\"@type\":\"ReadAction\",\"target\":[\"https:\/\/www.tirza-kirchner.de\/tierheilpraxis\/veranstaltungen\/\"]}]},{\"@type\":\"ImageObject\",\"inLanguage\":\"de\",\"@id\":\"https:\/\/www.tirza-kirchner.de\/tierheilpraxis\/veranstaltungen\/#primaryimage\",\"url\":\"https:\/\/www.tirza-kirchner.de\/tierheilpraxis\/wp-content\/uploads\/sites\/2\/2018\/01\/veranstaltungen.jpg\",\"contentUrl\":\"https:\/\/www.tirza-kirchner.de\/tierheilpraxis\/wp-content\/uploads\/sites\/2\/2018\/01\/veranstaltungen.jpg\",\"width\":4396,\"height\":3140,\"caption\":\"\u00dcber die Tierkommunikation lernen Sie Ihr Tier noch besser zu verstehen.\"},{\"@type\":\"BreadcrumbList\",\"@id\":\"https:\/\/www.tirza-kirchner.de\/tierheilpraxis\/veranstaltungen\/#breadcrumb\",\"itemListElement\":[{\"@type\":\"ListItem\",\"position\":1,\"name\":\"Startseite\",\"item\":\"https:\/\/www.tirza-kirchner.de\/tierheilpraxis\/\"},{\"@type\":\"ListItem\",\"position\":2,\"name\":\"Veranstaltungen\"}]},{\"@type\":\"WebSite\",\"@id\":\"https:\/\/www.tirza-kirchner.de\/tierheilpraxis\/#website\",\"url\":\"https:\/\/www.tirza-kirchner.de\/tierheilpraxis\/\",\"name\":\"Tier\",\"description\":\"Eine weitere Tirza Kirchner Website\",\"potentialAction\":[{\"@type\":\"SearchAction\",\"target\":{\"@type\":\"EntryPoint\",\"urlTemplate\":\"https:\/\/www.tirza-kirchner.de\/tierheilpraxis\/?s={search_term_string}\"},\"query-input\":{\"@type\":\"PropertyValueSpecification\",\"valueRequired\":true,\"valueName\":\"search_term_string\"}}],\"inLanguage\":\"de\"}]}<\/script>\n<!-- \/ Yoast SEO plugin. -->","yoast_head_json":{"title":"Kommunikation mit Tieren ist das Spezialgebiet von Tierkommunikatorin Tirza Kirchner.","description":"Kommunikation mit Tieren ist das Spezialgebiet von Tierkommunikatorin Tirza Kirchner, die Seminare zu den verschiedenen Aspekten der Tierkommunikation gibt.","robots":{"index":"index","follow":"follow","max-snippet":"max-snippet:-1","max-image-preview":"max-image-preview:large","max-video-preview":"max-video-preview:-1"},"canonical":"https:\/\/www.tirza-kirchner.de\/tierheilpraxis\/veranstaltungen\/","og_locale":"de_DE","og_type":"article","og_title":"Kommunikation mit Tieren ist das Spezialgebiet von Tierkommunikatorin Tirza Kirchner.","og_description":"Kommunikation mit Tieren ist das Spezialgebiet von Tierkommunikatorin Tirza Kirchner, die Seminare zu den verschiedenen Aspekten der Tierkommunikation gibt.","og_url":"https:\/\/www.tirza-kirchner.de\/tierheilpraxis\/veranstaltungen\/","og_site_name":"Tier","article_modified_time":"2018-05-27T08:06:51+00:00","og_image":[{"url":"https:\/\/www.tirza-kirchner.de\/tierheilpraxis\/wp-content\/uploads\/sites\/2\/2018\/01\/veranstaltungen-300x214.jpg","type":"","width":"","height":""}],"twitter_card":"summary_large_image","twitter_misc":{"Gesch\u00e4tzte Lesezeit":"1\u00a0Minute"},"schema":{"@context":"https:\/\/schema.org","@graph":[{"@type":"WebPage","@id":"https:\/\/www.tirza-kirchner.de\/tierheilpraxis\/veranstaltungen\/","url":"https:\/\/www.tirza-kirchner.de\/tierheilpraxis\/veranstaltungen\/","name":"Kommunikation mit Tieren ist das Spezialgebiet von Tierkommunikatorin Tirza Kirchner.","isPartOf":{"@id":"https:\/\/www.tirza-kirchner.de\/tierheilpraxis\/#website"},"primaryImageOfPage":{"@id":"https:\/\/www.tirza-kirchner.de\/tierheilpraxis\/veranstaltungen\/#primaryimage"},"image":{"@id":"https:\/\/www.tirza-kirchner.de\/tierheilpraxis\/veranstaltungen\/#primaryimage"},"thumbnailUrl":"https:\/\/www.tirza-kirchner.de\/tierheilpraxis\/wp-content\/uploads\/sites\/2\/2018\/01\/veranstaltungen-300x214.jpg","datePublished":"2017-02-07T12:47:00+00:00","dateModified":"2018-05-27T08:06:51+00:00","description":"Kommunikation mit Tieren ist das Spezialgebiet von Tierkommunikatorin Tirza Kirchner, die Seminare zu den verschiedenen Aspekten der Tierkommunikation gibt.","breadcrumb":{"@id":"https:\/\/www.tirza-kirchner.de\/tierheilpraxis\/veranstaltungen\/#breadcrumb"},"inLanguage":"de","potentialAction":[{"@type":"ReadAction","target":["https:\/\/www.tirza-kirchner.de\/tierheilpraxis\/veranstaltungen\/"]}]},{"@type":"ImageObject","inLanguage":"de","@id":"https:\/\/www.tirza-kirchner.de\/tierheilpraxis\/veranstaltungen\/#primaryimage","url":"https:\/\/www.tirza-kirchner.de\/tierheilpraxis\/wp-content\/uploads\/sites\/2\/2018\/01\/veranstaltungen.jpg","contentUrl":"https:\/\/www.tirza-kirchner.de\/tierheilpraxis\/wp-content\/uploads\/sites\/2\/2018\/01\/veranstaltungen.jpg","width":4396,"height":3140,"caption":"\u00dcber die Tierkommunikation lernen Sie Ihr Tier noch besser zu verstehen."},{"@type":"BreadcrumbList","@id":"https:\/\/www.tirza-kirchner.de\/tierheilpraxis\/veranstaltungen\/#breadcrumb","itemListElement":[{"@type":"ListItem","position":1,"name":"Startseite","item":"https:\/\/www.tirza-kirchner.de\/tierheilpraxis\/"},{"@type":"ListItem","position":2,"name":"Veranstaltungen"}]},{"@type":"WebSite","@id":"https:\/\/www.tirza-kirchner.de\/tierheilpraxis\/#website","url":"https:\/\/www.tirza-kirchner.de\/tierheilpraxis\/","name":"Tier","description":"Eine weitere Tirza Kirchner Website","potentialAction":[{"@type":"SearchAction","target":{"@type":"EntryPoint","urlTemplate":"https:\/\/www.tirza-kirchner.de\/tierheilpraxis\/?s={search_term_string}"},"query-input":{"@type":"PropertyValueSpecification","valueRequired":true,"valueName":"search_term_string"}}],"inLanguage":"de"}]}},"_links":{"self":[{"href":"https:\/\/www.tirza-kirchner.de\/tierheilpraxis\/wp-json\/wp\/v2\/pages\/48","targetHints":{"allow":["GET"]}}],"collection":[{"href":"https:\/\/www.tirza-kirchner.de\/tierheilpraxis\/wp-json\/wp\/v2\/pages"}],"about":[{"href":"https:\/\/www.tirza-kirchner.de\/tierheilpraxis\/wp-json\/wp\/v2\/types\/page"}],"author":[{"embeddable":true,"href":"https:\/\/www.tirza-kirchner.de\/tierheilpraxis\/wp-json\/wp\/v2\/users\/1"}],"replies":[{"embeddable":true,"href":"https:\/\/www.tirza-kirchner.de\/tierheilpraxis\/wp-json\/wp\/v2\/comments?post=48"}],"version-history":[{"count":20,"href":"https:\/\/www.tirza-kirchner.de\/tierheilpraxis\/wp-json\/wp\/v2\/pages\/48\/revisions"}],"predecessor-version":[{"id":553,"href":"https:\/\/www.tirza-kirchner.de\/tierheilpraxis\/wp-json\/wp\/v2\/pages\/48\/revisions\/553"}],"wp:attachment":[{"href":"https:\/\/www.tirza-kirchner.de\/tierheilpraxis\/wp-json\/wp\/v2\/media?parent=48"}],"curies":[{"name":"wp","href":"https:\/\/api.w.org\/{rel}","templated":true}]}}