{"id":434,"date":"2018-01-22T15:31:04","date_gmt":"2018-01-22T14:31:04","guid":{"rendered":"https:\/\/www.tirza-kirchner.de\/tierheilpraxis\/?page_id=434"},"modified":"2024-01-10T12:37:28","modified_gmt":"2024-01-10T11:37:28","slug":"anmeldung-zu-veranstaltungen","status":"publish","type":"page","link":"https:\/\/www.tirza-kirchner.de\/tierheilpraxis\/anmeldung-zu-veranstaltungen\/","title":{"rendered":"Anmeldung zu Veranstaltungen"},"content":{"rendered":"<p>Informieren Sie sich jetzt \u00fcber die <a href=\"https:\/\/www.tirza-kirchner.de\/aktuelle-termine\/\">aktuellen Termine<\/a>!<\/p>\n<h2>Teilnahmebedingungen<\/h2>\n<p>F\u00fcr die Teilnahme an allen Seminaren und Veranstaltungen ist eine Anmeldung schriftlich oder m\u00fcndlich erforderlich.<\/p>\n<p>Einige Seminare finden online per Videokonferenzschaltung statt. F\u00fcr die Teilnahme ben\u00f6tigen Sie einen \u00a0PC mit Mikrofon, Lautsprecher und Kamera oder ein entsprechendes Tablet oder Smartphone. Sie erhalten rechtzeitig vor Seminarbeginn die zugeh\u00f6rigen Einwahlinformationen.<\/p>\n<p>Weitere Seminare finden bei mir vor Ort in meiner Naturheilpraxis in F\u00fcrth Stadeln statt.<\/p>\n<p>Das Basisseminar als Online-Seminarreihe oder als Live-Seminarreihe ist nur komplett mit allen Terminen buchbar.<\/p>\n<p>Die Seminargeb\u00fchr bei Anmeldung f\u00e4llig. Nach Zusage\/Anmeldung ist eine kostenfreie Absage bis 10 Tage vor dem Veranstaltungstermin bzw. bei Seminarreihen vor dem ersten Veranstaltungstermin mit Kostenr\u00fcckerstattung m\u00f6glich. Bei einer sp\u00e4teren Absage ist die Seminargeb\u00fchr zu zahlen bzw. wird nicht erstattet.<\/p>\n<p>Sie erhalten eine Rechnung bei Anmeldung und bei den Tierkommunikationsseminaren nach Seminarabschluss eine Teilnahmebest\u00e4tigung.<\/p>\n<p>Den genauen Ablauf und die Inhalte der Seminare finden Sie beim jeweiligen Seminar unter <a href=\"https:\/\/www.tirza-kirchner.de\/aktuelle-termine\/\" target=\"_blank\" rel=\"noopener noreferrer\">Termine<\/a>.<\/p>\n","protected":false},"excerpt":{"rendered":"<p>Informieren Sie sich jetzt \u00fcber die aktuellen Termine! Teilnahmebedingungen F\u00fcr die Teilnahme an allen Seminaren und Veranstaltungen ist eine Anmeldung schriftlich oder m\u00fcndlich erforderlich. Einige Seminare finden online per Videokonferenzschaltung statt. F\u00fcr die Teilnahme ben\u00f6tigen Sie einen \u00a0PC mit Mikrofon, Lautsprecher und Kamera oder ein entsprechendes Tablet oder Smartphone. Sie erhalten rechtzeitig vor Seminarbeginn die &#8230; <a title=\"Anmeldung zu Veranstaltungen\" class=\"read-more\" href=\"https:\/\/www.tirza-kirchner.de\/tierheilpraxis\/anmeldung-zu-veranstaltungen\/\" aria-label=\"Mehr Informationen \u00fcber Anmeldung zu Veranstaltungen\">Weiterlesen<\/a><\/p>\n","protected":false},"author":1,"featured_media":0,"parent":0,"menu_order":0,"comment_status":"closed","ping_status":"closed","template":"","meta":{"generate_page_header":"","_mc_calendar":[],"footnotes":""},"class_list":["post-434","page","type-page","status-publish"],"yoast_head":"<!-- This site is optimized with the Yoast SEO plugin v27.4 - https:\/\/yoast.com\/product\/yoast-seo-wordpress\/ -->\n<title>Anmeldung zu Veranstaltungen - Tier<\/title>\n<meta name=\"robots\" content=\"index, follow, max-snippet:-1, max-image-preview:large, max-video-preview:-1\" \/>\n<link rel=\"canonical\" href=\"https:\/\/www.tirza-kirchner.de\/tierheilpraxis\/anmeldung-zu-veranstaltungen\/\" \/>\n<meta property=\"og:locale\" content=\"de_DE\" \/>\n<meta property=\"og:type\" content=\"article\" \/>\n<meta property=\"og:title\" content=\"Anmeldung zu Veranstaltungen - Tier\" \/>\n<meta property=\"og:description\" content=\"Informieren Sie sich jetzt \u00fcber die aktuellen Termine! Teilnahmebedingungen F\u00fcr die Teilnahme an allen Seminaren und Veranstaltungen ist eine Anmeldung schriftlich oder m\u00fcndlich erforderlich. Einige Seminare finden online per Videokonferenzschaltung statt. F\u00fcr die Teilnahme ben\u00f6tigen Sie einen \u00a0PC mit Mikrofon, Lautsprecher und Kamera oder ein entsprechendes Tablet oder Smartphone. Sie erhalten rechtzeitig vor Seminarbeginn die ... Weiterlesen\" \/>\n<meta property=\"og:url\" content=\"https:\/\/www.tirza-kirchner.de\/tierheilpraxis\/anmeldung-zu-veranstaltungen\/\" \/>\n<meta property=\"og:site_name\" content=\"Tier\" \/>\n<meta property=\"article:modified_time\" content=\"2024-01-10T11:37:28+00:00\" \/>\n<meta name=\"twitter:card\" content=\"summary_large_image\" \/>\n<meta name=\"twitter:label1\" content=\"Gesch\u00e4tzte Lesezeit\" \/>\n\t<meta name=\"twitter:data1\" content=\"1\u00a0Minute\" \/>\n<script type=\"application\/ld+json\" class=\"yoast-schema-graph\">{\"@context\":\"https:\\\/\\\/schema.org\",\"@graph\":[{\"@type\":\"WebPage\",\"@id\":\"https:\\\/\\\/www.tirza-kirchner.de\\\/tierheilpraxis\\\/anmeldung-zu-veranstaltungen\\\/\",\"url\":\"https:\\\/\\\/www.tirza-kirchner.de\\\/tierheilpraxis\\\/anmeldung-zu-veranstaltungen\\\/\",\"name\":\"Anmeldung zu Veranstaltungen - Tier\",\"isPartOf\":{\"@id\":\"https:\\\/\\\/www.tirza-kirchner.de\\\/tierheilpraxis\\\/#website\"},\"datePublished\":\"2018-01-22T14:31:04+00:00\",\"dateModified\":\"2024-01-10T11:37:28+00:00\",\"breadcrumb\":{\"@id\":\"https:\\\/\\\/www.tirza-kirchner.de\\\/tierheilpraxis\\\/anmeldung-zu-veranstaltungen\\\/#breadcrumb\"},\"inLanguage\":\"de\",\"potentialAction\":[{\"@type\":\"ReadAction\",\"target\":[\"https:\\\/\\\/www.tirza-kirchner.de\\\/tierheilpraxis\\\/anmeldung-zu-veranstaltungen\\\/\"]}]},{\"@type\":\"BreadcrumbList\",\"@id\":\"https:\\\/\\\/www.tirza-kirchner.de\\\/tierheilpraxis\\\/anmeldung-zu-veranstaltungen\\\/#breadcrumb\",\"itemListElement\":[{\"@type\":\"ListItem\",\"position\":1,\"name\":\"Startseite\",\"item\":\"https:\\\/\\\/www.tirza-kirchner.de\\\/tierheilpraxis\\\/\"},{\"@type\":\"ListItem\",\"position\":2,\"name\":\"Anmeldung zu Veranstaltungen\"}]},{\"@type\":\"WebSite\",\"@id\":\"https:\\\/\\\/www.tirza-kirchner.de\\\/tierheilpraxis\\\/#website\",\"url\":\"https:\\\/\\\/www.tirza-kirchner.de\\\/tierheilpraxis\\\/\",\"name\":\"Tier\",\"description\":\"Eine weitere Tirza Kirchner Website\",\"potentialAction\":[{\"@type\":\"SearchAction\",\"target\":{\"@type\":\"EntryPoint\",\"urlTemplate\":\"https:\\\/\\\/www.tirza-kirchner.de\\\/tierheilpraxis\\\/?s={search_term_string}\"},\"query-input\":{\"@type\":\"PropertyValueSpecification\",\"valueRequired\":true,\"valueName\":\"search_term_string\"}}],\"inLanguage\":\"de\"}]}<\/script>\n<!-- \/ Yoast SEO plugin. -->","yoast_head_json":{"title":"Anmeldung zu Veranstaltungen - Tier","robots":{"index":"index","follow":"follow","max-snippet":"max-snippet:-1","max-image-preview":"max-image-preview:large","max-video-preview":"max-video-preview:-1"},"canonical":"https:\/\/www.tirza-kirchner.de\/tierheilpraxis\/anmeldung-zu-veranstaltungen\/","og_locale":"de_DE","og_type":"article","og_title":"Anmeldung zu Veranstaltungen - Tier","og_description":"Informieren Sie sich jetzt \u00fcber die aktuellen Termine! Teilnahmebedingungen F\u00fcr die Teilnahme an allen Seminaren und Veranstaltungen ist eine Anmeldung schriftlich oder m\u00fcndlich erforderlich. Einige Seminare finden online per Videokonferenzschaltung statt. F\u00fcr die Teilnahme ben\u00f6tigen Sie einen \u00a0PC mit Mikrofon, Lautsprecher und Kamera oder ein entsprechendes Tablet oder Smartphone. Sie erhalten rechtzeitig vor Seminarbeginn die ... Weiterlesen","og_url":"https:\/\/www.tirza-kirchner.de\/tierheilpraxis\/anmeldung-zu-veranstaltungen\/","og_site_name":"Tier","article_modified_time":"2024-01-10T11:37:28+00:00","twitter_card":"summary_large_image","twitter_misc":{"Gesch\u00e4tzte Lesezeit":"1\u00a0Minute"},"schema":{"@context":"https:\/\/schema.org","@graph":[{"@type":"WebPage","@id":"https:\/\/www.tirza-kirchner.de\/tierheilpraxis\/anmeldung-zu-veranstaltungen\/","url":"https:\/\/www.tirza-kirchner.de\/tierheilpraxis\/anmeldung-zu-veranstaltungen\/","name":"Anmeldung zu Veranstaltungen - Tier","isPartOf":{"@id":"https:\/\/www.tirza-kirchner.de\/tierheilpraxis\/#website"},"datePublished":"2018-01-22T14:31:04+00:00","dateModified":"2024-01-10T11:37:28+00:00","breadcrumb":{"@id":"https:\/\/www.tirza-kirchner.de\/tierheilpraxis\/anmeldung-zu-veranstaltungen\/#breadcrumb"},"inLanguage":"de","potentialAction":[{"@type":"ReadAction","target":["https:\/\/www.tirza-kirchner.de\/tierheilpraxis\/anmeldung-zu-veranstaltungen\/"]}]},{"@type":"BreadcrumbList","@id":"https:\/\/www.tirza-kirchner.de\/tierheilpraxis\/anmeldung-zu-veranstaltungen\/#breadcrumb","itemListElement":[{"@type":"ListItem","position":1,"name":"Startseite","item":"https:\/\/www.tirza-kirchner.de\/tierheilpraxis\/"},{"@type":"ListItem","position":2,"name":"Anmeldung zu Veranstaltungen"}]},{"@type":"WebSite","@id":"https:\/\/www.tirza-kirchner.de\/tierheilpraxis\/#website","url":"https:\/\/www.tirza-kirchner.de\/tierheilpraxis\/","name":"Tier","description":"Eine weitere Tirza Kirchner Website","potentialAction":[{"@type":"SearchAction","target":{"@type":"EntryPoint","urlTemplate":"https:\/\/www.tirza-kirchner.de\/tierheilpraxis\/?s={search_term_string}"},"query-input":{"@type":"PropertyValueSpecification","valueRequired":true,"valueName":"search_term_string"}}],"inLanguage":"de"}]}},"_links":{"self":[{"href":"https:\/\/www.tirza-kirchner.de\/tierheilpraxis\/wp-json\/wp\/v2\/pages\/434","targetHints":{"allow":["GET"]}}],"collection":[{"href":"https:\/\/www.tirza-kirchner.de\/tierheilpraxis\/wp-json\/wp\/v2\/pages"}],"about":[{"href":"https:\/\/www.tirza-kirchner.de\/tierheilpraxis\/wp-json\/wp\/v2\/types\/page"}],"author":[{"embeddable":true,"href":"https:\/\/www.tirza-kirchner.de\/tierheilpraxis\/wp-json\/wp\/v2\/users\/1"}],"replies":[{"embeddable":true,"href":"https:\/\/www.tirza-kirchner.de\/tierheilpraxis\/wp-json\/wp\/v2\/comments?post=434"}],"version-history":[{"count":15,"href":"https:\/\/www.tirza-kirchner.de\/tierheilpraxis\/wp-json\/wp\/v2\/pages\/434\/revisions"}],"predecessor-version":[{"id":644,"href":"https:\/\/www.tirza-kirchner.de\/tierheilpraxis\/wp-json\/wp\/v2\/pages\/434\/revisions\/644"}],"wp:attachment":[{"href":"https:\/\/www.tirza-kirchner.de\/tierheilpraxis\/wp-json\/wp\/v2\/media?parent=434"}],"curies":[{"name":"wp","href":"https:\/\/api.w.org\/{rel}","templated":true}]}}