{"id":396,"date":"2018-01-19T16:13:14","date_gmt":"2018-01-19T15:13:14","guid":{"rendered":"https:\/\/www.tirza-kirchner.de\/tierheilpraxis\/?page_id=396"},"modified":"2024-01-10T12:30:00","modified_gmt":"2024-01-10T11:30:00","slug":"naturheilkunde-seminare","status":"publish","type":"page","link":"https:\/\/www.tirza-kirchner.de\/tierheilpraxis\/naturheilkunde-seminare\/","title":{"rendered":"Naturheilkunde-Seminare"},"content":{"rendered":"<h2>Pflanzenheilkunde f\u00fcr Tiere<\/h2>\n<figure id=\"attachment_530\" aria-describedby=\"caption-attachment-530\" style=\"width: 290px\" class=\"wp-caption alignleft\"><img loading=\"lazy\" decoding=\"async\" class=\"size-medium wp-image-530\" src=\"https:\/\/www.tirza-kirchner.de\/tierheilpraxis\/wp-content\/uploads\/sites\/2\/2018\/01\/Pflanzenheilkunde-f\u00fcr-Tiere-1-300x298.jpg\" alt=\"Pflanzenheilkunde f\u00fcr Tiere\" width=\"300\" height=\"298\" srcset=\"https:\/\/www.tirza-kirchner.de\/tierheilpraxis\/wp-content\/uploads\/sites\/2\/2018\/01\/Pflanzenheilkunde-f\u00fcr-Tiere-1-300x298.jpg 300w, https:\/\/www.tirza-kirchner.de\/tierheilpraxis\/wp-content\/uploads\/sites\/2\/2018\/01\/Pflanzenheilkunde-f\u00fcr-Tiere-1-150x150.jpg 150w, https:\/\/www.tirza-kirchner.de\/tierheilpraxis\/wp-content\/uploads\/sites\/2\/2018\/01\/Pflanzenheilkunde-f\u00fcr-Tiere-1.jpg 598w\" sizes=\"auto, (max-width: 300px) 100vw, 300px\" \/><figcaption id=\"caption-attachment-530\" class=\"wp-caption-text\">Die Pflanzen unterst\u00fctzen die Gesundheit Ihres Tieres und wirken heilend bei Erkrankungen.<\/figcaption><\/figure>\n<p>Die Natur stellt uns kraftvolle Pflanzenhelfer zur Seite, die oft wahre Wunder wirken. In Kr\u00e4utermischungen k\u00f6nnen sie das Immunsystem st\u00e4rken, das Herz kr\u00e4ftigen,\u00a0wirken bei Atem- oder Verdauungsproblemen und vielem mehr. Bei Verletzungen von Knochen, Gelenken, Nerven, B\u00e4ndern, Sehnen und offenen Wunden k\u00f6nnen Pflanzen die Strukturen gezielt wieder zusammen f\u00fcgen, Entz\u00fcndungen beruhigen und die Heilung beschleunigen. Selbst bei Arthrose finden sich im Pflanzenreich wunderbare Helfer. Auch das hektische oder nerv\u00f6se Tier kann sich auf nat\u00fcrlichem Wege beruhigen.<\/p>\n<p>Bei diesem Seminar betrachten wir unterschiedliche Pflanzen und ihre Anwendungsgebiete, Verabreichungsformen und Dosierungsm\u00f6glichkeiten. Wir gehen auf die Besonderheiten in Bezug auf verschiedene Tierarten ein.<\/p>\n<p>Sie lernen M\u00f6glichkeiten kennen, wie Sie ihr Tier bei verschiedenen gesundheitlichen Problemen gut begleiten und unterst\u00fctzen k\u00f6nnen.<\/p>\n<p>Termine und weitere Infos finden Sie\u00a0<a href=\"https:\/\/www.tirza-kirchner.de\/aktuelle-termine\/\">hier<\/a>.<\/p>\n","protected":false},"excerpt":{"rendered":"<p>Pflanzenheilkunde f\u00fcr Tiere Die Natur stellt uns kraftvolle Pflanzenhelfer zur Seite, die oft wahre Wunder wirken. In Kr\u00e4utermischungen k\u00f6nnen sie das Immunsystem st\u00e4rken, das Herz kr\u00e4ftigen,\u00a0wirken bei Atem- oder Verdauungsproblemen und vielem mehr. Bei Verletzungen von Knochen, Gelenken, Nerven, B\u00e4ndern, Sehnen und offenen Wunden k\u00f6nnen Pflanzen die Strukturen gezielt wieder zusammen f\u00fcgen, Entz\u00fcndungen beruhigen und &#8230; <a title=\"Naturheilkunde-Seminare\" class=\"read-more\" href=\"https:\/\/www.tirza-kirchner.de\/tierheilpraxis\/naturheilkunde-seminare\/\" aria-label=\"Mehr Informationen \u00fcber Naturheilkunde-Seminare\">Weiterlesen<\/a><\/p>\n","protected":false},"author":1,"featured_media":0,"parent":0,"menu_order":0,"comment_status":"closed","ping_status":"closed","template":"","meta":{"generate_page_header":"","_mc_calendar":[],"footnotes":""},"class_list":["post-396","page","type-page","status-publish"],"yoast_head":"<!-- This site is optimized with the Yoast SEO plugin v27.4 - https:\/\/yoast.com\/product\/yoast-seo-wordpress\/ -->\n<title>Naturheilkunde-Seminare - Tier<\/title>\n<meta name=\"robots\" content=\"index, follow, max-snippet:-1, max-image-preview:large, max-video-preview:-1\" \/>\n<link rel=\"canonical\" href=\"https:\/\/www.tirza-kirchner.de\/tierheilpraxis\/naturheilkunde-seminare\/\" \/>\n<meta property=\"og:locale\" content=\"de_DE\" \/>\n<meta property=\"og:type\" content=\"article\" \/>\n<meta property=\"og:title\" content=\"Naturheilkunde-Seminare - Tier\" \/>\n<meta property=\"og:description\" content=\"Pflanzenheilkunde f\u00fcr Tiere Die Natur stellt uns kraftvolle Pflanzenhelfer zur Seite, die oft wahre Wunder wirken. In Kr\u00e4utermischungen k\u00f6nnen sie das Immunsystem st\u00e4rken, das Herz kr\u00e4ftigen,\u00a0wirken bei Atem- oder Verdauungsproblemen und vielem mehr. Bei Verletzungen von Knochen, Gelenken, Nerven, B\u00e4ndern, Sehnen und offenen Wunden k\u00f6nnen Pflanzen die Strukturen gezielt wieder zusammen f\u00fcgen, Entz\u00fcndungen beruhigen und ... Weiterlesen\" \/>\n<meta property=\"og:url\" content=\"https:\/\/www.tirza-kirchner.de\/tierheilpraxis\/naturheilkunde-seminare\/\" \/>\n<meta property=\"og:site_name\" content=\"Tier\" \/>\n<meta property=\"article:modified_time\" content=\"2024-01-10T11:30:00+00:00\" \/>\n<meta name=\"twitter:card\" content=\"summary_large_image\" \/>\n<meta name=\"twitter:label1\" content=\"Gesch\u00e4tzte Lesezeit\" \/>\n\t<meta name=\"twitter:data1\" content=\"2\u00a0Minuten\" \/>\n<script type=\"application\/ld+json\" class=\"yoast-schema-graph\">{\"@context\":\"https:\\\/\\\/schema.org\",\"@graph\":[{\"@type\":\"WebPage\",\"@id\":\"https:\\\/\\\/www.tirza-kirchner.de\\\/tierheilpraxis\\\/naturheilkunde-seminare\\\/\",\"url\":\"https:\\\/\\\/www.tirza-kirchner.de\\\/tierheilpraxis\\\/naturheilkunde-seminare\\\/\",\"name\":\"Naturheilkunde-Seminare - Tier\",\"isPartOf\":{\"@id\":\"https:\\\/\\\/www.tirza-kirchner.de\\\/tierheilpraxis\\\/#website\"},\"datePublished\":\"2018-01-19T15:13:14+00:00\",\"dateModified\":\"2024-01-10T11:30:00+00:00\",\"breadcrumb\":{\"@id\":\"https:\\\/\\\/www.tirza-kirchner.de\\\/tierheilpraxis\\\/naturheilkunde-seminare\\\/#breadcrumb\"},\"inLanguage\":\"de\",\"potentialAction\":[{\"@type\":\"ReadAction\",\"target\":[\"https:\\\/\\\/www.tirza-kirchner.de\\\/tierheilpraxis\\\/naturheilkunde-seminare\\\/\"]}]},{\"@type\":\"BreadcrumbList\",\"@id\":\"https:\\\/\\\/www.tirza-kirchner.de\\\/tierheilpraxis\\\/naturheilkunde-seminare\\\/#breadcrumb\",\"itemListElement\":[{\"@type\":\"ListItem\",\"position\":1,\"name\":\"Startseite\",\"item\":\"https:\\\/\\\/www.tirza-kirchner.de\\\/tierheilpraxis\\\/\"},{\"@type\":\"ListItem\",\"position\":2,\"name\":\"Naturheilkunde-Seminare\"}]},{\"@type\":\"WebSite\",\"@id\":\"https:\\\/\\\/www.tirza-kirchner.de\\\/tierheilpraxis\\\/#website\",\"url\":\"https:\\\/\\\/www.tirza-kirchner.de\\\/tierheilpraxis\\\/\",\"name\":\"Tier\",\"description\":\"Eine weitere Tirza Kirchner Website\",\"potentialAction\":[{\"@type\":\"SearchAction\",\"target\":{\"@type\":\"EntryPoint\",\"urlTemplate\":\"https:\\\/\\\/www.tirza-kirchner.de\\\/tierheilpraxis\\\/?s={search_term_string}\"},\"query-input\":{\"@type\":\"PropertyValueSpecification\",\"valueRequired\":true,\"valueName\":\"search_term_string\"}}],\"inLanguage\":\"de\"}]}<\/script>\n<!-- \/ Yoast SEO plugin. -->","yoast_head_json":{"title":"Naturheilkunde-Seminare - Tier","robots":{"index":"index","follow":"follow","max-snippet":"max-snippet:-1","max-image-preview":"max-image-preview:large","max-video-preview":"max-video-preview:-1"},"canonical":"https:\/\/www.tirza-kirchner.de\/tierheilpraxis\/naturheilkunde-seminare\/","og_locale":"de_DE","og_type":"article","og_title":"Naturheilkunde-Seminare - Tier","og_description":"Pflanzenheilkunde f\u00fcr Tiere Die Natur stellt uns kraftvolle Pflanzenhelfer zur Seite, die oft wahre Wunder wirken. In Kr\u00e4utermischungen k\u00f6nnen sie das Immunsystem st\u00e4rken, das Herz kr\u00e4ftigen,\u00a0wirken bei Atem- oder Verdauungsproblemen und vielem mehr. Bei Verletzungen von Knochen, Gelenken, Nerven, B\u00e4ndern, Sehnen und offenen Wunden k\u00f6nnen Pflanzen die Strukturen gezielt wieder zusammen f\u00fcgen, Entz\u00fcndungen beruhigen und ... Weiterlesen","og_url":"https:\/\/www.tirza-kirchner.de\/tierheilpraxis\/naturheilkunde-seminare\/","og_site_name":"Tier","article_modified_time":"2024-01-10T11:30:00+00:00","twitter_card":"summary_large_image","twitter_misc":{"Gesch\u00e4tzte Lesezeit":"2\u00a0Minuten"},"schema":{"@context":"https:\/\/schema.org","@graph":[{"@type":"WebPage","@id":"https:\/\/www.tirza-kirchner.de\/tierheilpraxis\/naturheilkunde-seminare\/","url":"https:\/\/www.tirza-kirchner.de\/tierheilpraxis\/naturheilkunde-seminare\/","name":"Naturheilkunde-Seminare - Tier","isPartOf":{"@id":"https:\/\/www.tirza-kirchner.de\/tierheilpraxis\/#website"},"datePublished":"2018-01-19T15:13:14+00:00","dateModified":"2024-01-10T11:30:00+00:00","breadcrumb":{"@id":"https:\/\/www.tirza-kirchner.de\/tierheilpraxis\/naturheilkunde-seminare\/#breadcrumb"},"inLanguage":"de","potentialAction":[{"@type":"ReadAction","target":["https:\/\/www.tirza-kirchner.de\/tierheilpraxis\/naturheilkunde-seminare\/"]}]},{"@type":"BreadcrumbList","@id":"https:\/\/www.tirza-kirchner.de\/tierheilpraxis\/naturheilkunde-seminare\/#breadcrumb","itemListElement":[{"@type":"ListItem","position":1,"name":"Startseite","item":"https:\/\/www.tirza-kirchner.de\/tierheilpraxis\/"},{"@type":"ListItem","position":2,"name":"Naturheilkunde-Seminare"}]},{"@type":"WebSite","@id":"https:\/\/www.tirza-kirchner.de\/tierheilpraxis\/#website","url":"https:\/\/www.tirza-kirchner.de\/tierheilpraxis\/","name":"Tier","description":"Eine weitere Tirza Kirchner Website","potentialAction":[{"@type":"SearchAction","target":{"@type":"EntryPoint","urlTemplate":"https:\/\/www.tirza-kirchner.de\/tierheilpraxis\/?s={search_term_string}"},"query-input":{"@type":"PropertyValueSpecification","valueRequired":true,"valueName":"search_term_string"}}],"inLanguage":"de"}]}},"_links":{"self":[{"href":"https:\/\/www.tirza-kirchner.de\/tierheilpraxis\/wp-json\/wp\/v2\/pages\/396","targetHints":{"allow":["GET"]}}],"collection":[{"href":"https:\/\/www.tirza-kirchner.de\/tierheilpraxis\/wp-json\/wp\/v2\/pages"}],"about":[{"href":"https:\/\/www.tirza-kirchner.de\/tierheilpraxis\/wp-json\/wp\/v2\/types\/page"}],"author":[{"embeddable":true,"href":"https:\/\/www.tirza-kirchner.de\/tierheilpraxis\/wp-json\/wp\/v2\/users\/1"}],"replies":[{"embeddable":true,"href":"https:\/\/www.tirza-kirchner.de\/tierheilpraxis\/wp-json\/wp\/v2\/comments?post=396"}],"version-history":[{"count":8,"href":"https:\/\/www.tirza-kirchner.de\/tierheilpraxis\/wp-json\/wp\/v2\/pages\/396\/revisions"}],"predecessor-version":[{"id":639,"href":"https:\/\/www.tirza-kirchner.de\/tierheilpraxis\/wp-json\/wp\/v2\/pages\/396\/revisions\/639"}],"wp:attachment":[{"href":"https:\/\/www.tirza-kirchner.de\/tierheilpraxis\/wp-json\/wp\/v2\/media?parent=396"}],"curies":[{"name":"wp","href":"https:\/\/api.w.org\/{rel}","templated":true}]}}