{"id":363,"date":"2017-07-08T20:26:23","date_gmt":"2017-07-08T18:26:23","guid":{"rendered":"https:\/\/www.tirza-kirchner.de\/tierheilpraxis\/?page_id=363"},"modified":"2017-07-08T20:26:28","modified_gmt":"2017-07-08T18:26:28","slug":"kater-nielsen-inszeniert-seine-heimkehr","status":"publish","type":"page","link":"https:\/\/www.tirza-kirchner.de\/tierheilpraxis\/tierkommunikation\/beispiele\/kater-nielsen-inszeniert-seine-heimkehr\/","title":{"rendered":"Kater Nielsen inszeniert seine Heimkehr"},"content":{"rendered":"<div id=\"c104\" class=\"csc-default layout-0\">\n<div class=\"csc-header csc-header-n1\">\n<figure id=\"attachment_323\" aria-describedby=\"caption-attachment-323\" style=\"width: 160px\" class=\"wp-caption alignleft\"><img loading=\"lazy\" decoding=\"async\" class=\"size-medium wp-image-323\" src=\"https:\/\/www.tirza-kirchner.de\/tierheilpraxis\/wp-content\/uploads\/sites\/2\/2017\/02\/kater_nielsen-170x300.jpg\" alt=\"\" width=\"170\" height=\"300\" srcset=\"https:\/\/www.tirza-kirchner.de\/tierheilpraxis\/wp-content\/uploads\/sites\/2\/2017\/02\/kater_nielsen-170x300.jpg 170w, https:\/\/www.tirza-kirchner.de\/tierheilpraxis\/wp-content\/uploads\/sites\/2\/2017\/02\/kater_nielsen.jpg 210w\" sizes=\"auto, (max-width: 170px) 100vw, 170px\" \/><figcaption id=\"caption-attachment-323\" class=\"wp-caption-text\">Kater Nielsen inszeniert seine Heimkehr.<\/figcaption><\/figure>\n<p class=\"csc-firstHeader\">Kater Micky war vor einigen Jahren \u00fcberraschend verstorben. Sein Herrchen wollte ihn zur\u00fcckhaben. Darauf hatte Micky nur gewartet und gab jede Menge Informationen. Noch im Sommer wollte er wiederkommen, als Geschenk: ein kleiner schwarzer Kater mit etwas wei\u00df. Alle w\u00fcrden ihn lieben. Er machte ganz detaillierte Angaben, aber im Gespr\u00e4ch war nicht ganz klar, ob er von der Vergangenheit, Gegenwart oder Zukunft sprach. Er erkl\u00e4rte, dass er sich ganz alleine um das Wiedersehen k\u00fcmmern w\u00fcrde.<\/p>\n<p class=\"csc-firstHeader\">Der Sommer war fast vorbei, als ich eine SMS erhielt: \u201eMicky ist wieder da. Ich muss Dir eine total verr\u00fcckte Geschichte erz\u00e4hlen.\u201c<\/p>\n<p class=\"csc-firstHeader\">Micky \u2013 dann Nielsen \u2013 hatte seine R\u00fcckkehr absolut inszeniert, alle Details hatten gepasst und zwar rein \u201ezuf\u00e4llig\u201c, ohne auch nur irgendein Zutun seiner Menschen. Bald zeigte Nielsen die gleichen ausgefallenen Angewohnheiten wie fr\u00fcher Micky. Zum Beispiel das seelenruhig Schlafen im Waschbecken unter dem tropfenden Wasserhahn.<\/p>\n<\/div>\n<\/div>\n<div id=\"c140\" class=\"csc-default layout-0\">\n<div class=\"csc-header csc-header-n2\">\n<h1>Auszug aus dem Gespr\u00e4chsprotokoll<\/h1>\n<\/div>\n<p class=\"csc-frame-frame1\"><b>\u2026.Und was treibst Du dann im Moment so?<\/b><\/p>\n<p class=\"csc-frame-frame1\">Rumliegen. Blumen beschnuppern. Ich mag Blumen.<\/p>\n<p class=\"csc-frame-frame1\"><i>Er zeigt mir Sonnenblumen. Bl\u00fchende, gelbe Sonnenblumenbl\u00fcten.<\/i><\/p>\n<p class=\"csc-frame-frame1\"><i>Irgendwie einen Vorgarten wie vor einem alten Bauernhaus. Einen Bauerngarten. Er stupst mit der Nase an eine Bl\u00fcte. Und auf der Bl\u00fcte krabbeln lauter kleine Insekten.<\/i><\/p>\n<p class=\"csc-frame-frame1\"><i>Aus dem alten Haus sehe ich eine alte grauhaarige Dame kommen. Mit einem Milchsch\u00e4lchen, dass sie auf den Boden stellt. Er l\u00e4uft hin und trinkt aus der Schale. Zum Haus f\u00fchrt ein gepflasterter Weg mit unregelm\u00e4\u00dfig geformten Steinplatten und Zwischenr\u00e4umen drin aus denen Unkraut w\u00e4chst. Es sieht alles sehr gem\u00fctlich aus. Nicht steril.<\/i><\/p>\n<p class=\"csc-frame-frame1\"><i>Er zeigt mir Sonne, blauen Himmel, wei\u00dfe Sch\u00e4fchenwolken. Eine nette und angenehme Stimmung. Alles gr\u00fcnt und bl\u00fcht.<\/i><\/p>\n<p class=\"csc-frame-frame1\">\u2026<\/p>\n<p class=\"csc-frame-frame1\">Es wird eine \u00dcberraschung.<\/p>\n<p class=\"csc-frame-frame1\"><i>Er zeigt mir ein Geschenkp\u00e4ckchen. Einen Geschenkkarton mit einer Schleife drum rum.<\/i><\/p>\n<p class=\"csc-frame-frame1\"><b>Was soll das hei\u00dfen? Bist Du ein Geschenk?<\/b><\/p>\n<p class=\"csc-frame-frame1\">Klar bin ich ein Geschenk. Und mein Herrchen freut sich riesig.<\/p>\n<p class=\"csc-frame-frame1\"><i>Es sieht f\u00fcr mich aus, als bekommt sein Herrchen Micky von jemandem geschenkt. Also \u00fcberreicht. Er sucht ihn nicht selbst.<\/i><\/p>\n<p class=\"csc-frame-frame1\">Hihi. Klingt gut, oder?<\/p>\n<p class=\"csc-frame-frame1\"><b>Aber wie soll das funktionieren?<\/b><\/p>\n<p class=\"csc-frame-frame1\">Du wirst schon sehen. Das klappt. Das klappt hundertprozentig. Ist ein Kinderspiel. Ist alles eingef\u00e4delt.<\/p>\n<p class=\"csc-frame-frame1\"><i>Geburtstag. Geburtstagsgeschenk. Die beiden W\u00f6rter stellt er in den Raum.<\/i><\/p>\n<p class=\"csc-frame-frame1\"><b>Ok. Und sonst noch? Wie sieht Du aus?<\/b><\/p>\n<p class=\"csc-frame-frame1\">Also schwarz ist dabei.<\/p>\n<p class=\"csc-frame-frame1\"><i>Er sieht f\u00fcr mich aber eher schwarz-wei\u00df gefleckt aus. Ein Kater.<\/i><\/p>\n<p class=\"csc-frame-frame1\"><i>RosaNase. Klein. Ein Katzenbaby. Mehr schwarz als wei\u00df. Aber gefleckt.<\/i><\/p>\n<p class=\"csc-frame-frame1\">Ich bin total s\u00fc\u00df. Einfach nur zum Verlieben. Alle lieben mich. Einfach alle. Sie werden total in mich vernarrt sein. Alle. Keine Sorge. Einfachhalle. Ob Mensch, ob Tier. Null Probleme.<\/p>\n<p class=\"csc-frame-frame1\"><b>Und dauert das noch?<\/b><\/p>\n<p class=\"csc-frame-frame1\">Sommer. Es ist warm. Sch\u00f6n warm. Trocken. Sonnenschein. Ich mag Sonnenschein.<\/p>\n<p class=\"csc-frame-frame1\"><i>Jemand tr\u00e4gt ihn bei strahlendem Sonnenschein vom Auto zum Haus. Ein winziges Katzenbaby.<\/i><\/p>\n<p class=\"csc-frame-frame1\"><b>Und woher kommst Du?<\/b><\/p>\n<p class=\"csc-frame-frame1\">\u00dcberraschung \ud83d\ude42<\/p>\n<p class=\"csc-frame-frame1\"><b>Geb doch noch ein paar Tipps. Dann kann sich Deine Familie auf dieSuchemachen.<\/b><\/p>\n<p class=\"csc-frame-frame1\">Wieso? Ist doch nicht n\u00f6tig. Die sind doch blo\u00df neugierig. Hihi&#8230;.<\/p>\n<p class=\"csc-frame-frame1\">Kann ich schon verstehen. Wir sind alle neugierig. Aber die \u00dcberraschung wird doch noch viel gr\u00f6\u00dfer, wenn ich nicht zu viel verrate. Ich liebe \u00dcberraschungen. \u00dcberf\u00e4lle. Ich tauche auf aus dem Nichts. Da bin ich gut drin. Das habe ich immer schon so gemacht. Daran werden sie mich erkenne. Aus dem Nichts! Heute nichts und morgen bin ich da. Wie ein kleines Wunder.<\/p>\n<p class=\"csc-frame-frame1\">Eben ein \u00dcberraschungspaket. Einfach so. Schwups und ich bin da. Das bin ich. So wie ich immer schon war. Ich komme immer als \u00dcberraschung.Daswei\u00dfmein Herrchen. Wenn er sich zur\u00fcck erinnert, dann wei\u00df er das. Unddarankann er mich auch erkennen, dass ich es wirklich bin. Ich &#8211; seinMicky:-)<\/p>\n<p class=\"csc-frame-frame1\">So und nun mal langsam. Ich WILL nicht mehr verraten. Sonst ist derganzeSpa\u00df doch nur noch halb so viel Spa\u00df. Das klappt schon. Jetzt machDirmal \u00fcberhaupt keine Sorgen. Ich habe das alles im Griff.Untersch\u00e4tzemichmal nicht. Frag mein Herrchen. Mich darf man wirklich nichtuntersch\u00e4tzen.<\/p>\n<p class=\"csc-frame-frame1\">Hab schon noch einiges vor. Und &#8211; also das finde ich zumindest \u2013 passtdasalles ganz gut rein. Genug Zeit. Genug Luft. Genug Lust. Auf einWiedersehen.<\/p>\n<p class=\"csc-frame-frame1\">Wei\u00dft Du: nicht so viel \u00fcberlegen. Nicht so viel gr\u00fcbeln. Das istallesgar nicht n\u00f6tig. Einfach entspannt sein. Nicht dr\u00e4ngeln. Sich zur\u00fccklehnen und geschehen lassen. Sag ihm das. Das ist wichtig.<\/p>\n<p class=\"csc-frame-frame1\">Das ist dieBotschaft. Es kommt eh so wie es kommen muss. Ich habe alles im Griffund auf michkann man sich hundertprozentig verlassen. Gro\u00dfes Katzenehrenwort. Das hei\u00dft was und darauf kann mein Herrchen z\u00e4hlen. Er kann nicht beschleunigen.Er kann nichts ver\u00e4ndern. Hier muss er sich jetzt mal ganz und gar aufmich verlassen. Das ist gut. Ich finde das sehr gut. Ist gut zumLernen.Aufandere verlassen Auf eine tote Katze verlassen. Ist das nicht toll?Ich finde das wirklich supertoll.<\/p>\n<p class=\"csc-frame-frame1\"><i>Er am\u00fcsiert sich k\u00f6stlich dar\u00fcber.<\/i><\/p>\n<p class=\"csc-frame-frame1\">Sp\u00e4ter wird er sagen: war doch alles klar. Micky hats gesagt.<\/p>\n<p class=\"csc-frame-frame1\"><b>\u2026<\/b><\/p>\n<p class=\"csc-frame-frame1\"><a href=\"https:\/\/www.tirza-kirchner.de\/tierheilpraxis\/tierkommunikation\/beispiele\/\">Zur\u00fcck zur \u00dcbersicht<\/a><\/p>\n<\/div>\n","protected":false},"excerpt":{"rendered":"<p>Kater Micky war vor einigen Jahren \u00fcberraschend verstorben. Sein Herrchen wollte ihn zur\u00fcckhaben. Darauf hatte Micky nur gewartet und gab jede Menge Informationen. Noch im Sommer wollte er wiederkommen, als Geschenk: ein kleiner schwarzer Kater mit etwas wei\u00df. Alle w\u00fcrden ihn lieben. Er machte ganz detaillierte Angaben, aber im Gespr\u00e4ch war nicht ganz klar, ob &#8230; <a title=\"Kater Nielsen inszeniert seine Heimkehr\" class=\"read-more\" href=\"https:\/\/www.tirza-kirchner.de\/tierheilpraxis\/tierkommunikation\/beispiele\/kater-nielsen-inszeniert-seine-heimkehr\/\" aria-label=\"Mehr Informationen \u00fcber Kater Nielsen inszeniert seine Heimkehr\">Weiterlesen<\/a><\/p>\n","protected":false},"author":1,"featured_media":0,"parent":31,"menu_order":0,"comment_status":"closed","ping_status":"closed","template":"","meta":{"generate_page_header":"","_mc_calendar":[],"footnotes":""},"class_list":["post-363","page","type-page","status-publish"],"yoast_head":"<!-- This site is optimized with the Yoast SEO plugin v27.4 - https:\/\/yoast.com\/product\/yoast-seo-wordpress\/ -->\n<title>Kater Nielsen inszeniert seine Heimkehr - Tier<\/title>\n<meta name=\"robots\" content=\"index, follow, max-snippet:-1, max-image-preview:large, max-video-preview:-1\" \/>\n<link rel=\"canonical\" href=\"https:\/\/www.tirza-kirchner.de\/tierheilpraxis\/tierkommunikation\/beispiele\/kater-nielsen-inszeniert-seine-heimkehr\/\" \/>\n<meta property=\"og:locale\" content=\"de_DE\" \/>\n<meta property=\"og:type\" content=\"article\" \/>\n<meta property=\"og:title\" content=\"Kater Nielsen inszeniert seine Heimkehr - Tier\" \/>\n<meta property=\"og:description\" content=\"Kater Micky war vor einigen Jahren \u00fcberraschend verstorben. Sein Herrchen wollte ihn zur\u00fcckhaben. Darauf hatte Micky nur gewartet und gab jede Menge Informationen. Noch im Sommer wollte er wiederkommen, als Geschenk: ein kleiner schwarzer Kater mit etwas wei\u00df. Alle w\u00fcrden ihn lieben. Er machte ganz detaillierte Angaben, aber im Gespr\u00e4ch war nicht ganz klar, ob ... Weiterlesen\" \/>\n<meta property=\"og:url\" content=\"https:\/\/www.tirza-kirchner.de\/tierheilpraxis\/tierkommunikation\/beispiele\/kater-nielsen-inszeniert-seine-heimkehr\/\" \/>\n<meta property=\"og:site_name\" content=\"Tier\" \/>\n<meta property=\"article:modified_time\" content=\"2017-07-08T18:26:28+00:00\" \/>\n<meta property=\"og:image\" content=\"https:\/\/www.tirza-kirchner.de\/tierheilpraxis\/wp-content\/uploads\/sites\/2\/2017\/02\/kater_nielsen-170x300.jpg\" \/>\n<meta name=\"twitter:card\" content=\"summary_large_image\" \/>\n<meta name=\"twitter:label1\" content=\"Gesch\u00e4tzte Lesezeit\" \/>\n\t<meta name=\"twitter:data1\" content=\"4\u00a0Minuten\" \/>\n<script type=\"application\/ld+json\" class=\"yoast-schema-graph\">{\"@context\":\"https:\\\/\\\/schema.org\",\"@graph\":[{\"@type\":\"WebPage\",\"@id\":\"https:\\\/\\\/www.tirza-kirchner.de\\\/tierheilpraxis\\\/tierkommunikation\\\/beispiele\\\/kater-nielsen-inszeniert-seine-heimkehr\\\/\",\"url\":\"https:\\\/\\\/www.tirza-kirchner.de\\\/tierheilpraxis\\\/tierkommunikation\\\/beispiele\\\/kater-nielsen-inszeniert-seine-heimkehr\\\/\",\"name\":\"Kater Nielsen inszeniert seine Heimkehr - Tier\",\"isPartOf\":{\"@id\":\"https:\\\/\\\/www.tirza-kirchner.de\\\/tierheilpraxis\\\/#website\"},\"primaryImageOfPage\":{\"@id\":\"https:\\\/\\\/www.tirza-kirchner.de\\\/tierheilpraxis\\\/tierkommunikation\\\/beispiele\\\/kater-nielsen-inszeniert-seine-heimkehr\\\/#primaryimage\"},\"image\":{\"@id\":\"https:\\\/\\\/www.tirza-kirchner.de\\\/tierheilpraxis\\\/tierkommunikation\\\/beispiele\\\/kater-nielsen-inszeniert-seine-heimkehr\\\/#primaryimage\"},\"thumbnailUrl\":\"https:\\\/\\\/www.tirza-kirchner.de\\\/tierheilpraxis\\\/wp-content\\\/uploads\\\/sites\\\/2\\\/2017\\\/02\\\/kater_nielsen-170x300.jpg\",\"datePublished\":\"2017-07-08T18:26:23+00:00\",\"dateModified\":\"2017-07-08T18:26:28+00:00\",\"breadcrumb\":{\"@id\":\"https:\\\/\\\/www.tirza-kirchner.de\\\/tierheilpraxis\\\/tierkommunikation\\\/beispiele\\\/kater-nielsen-inszeniert-seine-heimkehr\\\/#breadcrumb\"},\"inLanguage\":\"de\",\"potentialAction\":[{\"@type\":\"ReadAction\",\"target\":[\"https:\\\/\\\/www.tirza-kirchner.de\\\/tierheilpraxis\\\/tierkommunikation\\\/beispiele\\\/kater-nielsen-inszeniert-seine-heimkehr\\\/\"]}]},{\"@type\":\"ImageObject\",\"inLanguage\":\"de\",\"@id\":\"https:\\\/\\\/www.tirza-kirchner.de\\\/tierheilpraxis\\\/tierkommunikation\\\/beispiele\\\/kater-nielsen-inszeniert-seine-heimkehr\\\/#primaryimage\",\"url\":\"https:\\\/\\\/www.tirza-kirchner.de\\\/tierheilpraxis\\\/wp-content\\\/uploads\\\/sites\\\/2\\\/2017\\\/02\\\/kater_nielsen.jpg\",\"contentUrl\":\"https:\\\/\\\/www.tirza-kirchner.de\\\/tierheilpraxis\\\/wp-content\\\/uploads\\\/sites\\\/2\\\/2017\\\/02\\\/kater_nielsen.jpg\",\"width\":210,\"height\":370,\"caption\":\"Kater Nielsen inszeniert seine Heimkehr.\"},{\"@type\":\"BreadcrumbList\",\"@id\":\"https:\\\/\\\/www.tirza-kirchner.de\\\/tierheilpraxis\\\/tierkommunikation\\\/beispiele\\\/kater-nielsen-inszeniert-seine-heimkehr\\\/#breadcrumb\",\"itemListElement\":[{\"@type\":\"ListItem\",\"position\":1,\"name\":\"Startseite\",\"item\":\"https:\\\/\\\/www.tirza-kirchner.de\\\/tierheilpraxis\\\/\"},{\"@type\":\"ListItem\",\"position\":2,\"name\":\"Tierkommunikation\",\"item\":\"https:\\\/\\\/www.tirza-kirchner.de\\\/tierheilpraxis\\\/tierkommunikation\\\/\"},{\"@type\":\"ListItem\",\"position\":3,\"name\":\"Beispiele aus der Tierkommunikation\",\"item\":\"https:\\\/\\\/www.tirza-kirchner.de\\\/tierheilpraxis\\\/tierkommunikation\\\/beispiele\\\/\"},{\"@type\":\"ListItem\",\"position\":4,\"name\":\"Kater Nielsen inszeniert seine Heimkehr\"}]},{\"@type\":\"WebSite\",\"@id\":\"https:\\\/\\\/www.tirza-kirchner.de\\\/tierheilpraxis\\\/#website\",\"url\":\"https:\\\/\\\/www.tirza-kirchner.de\\\/tierheilpraxis\\\/\",\"name\":\"Tier\",\"description\":\"Eine weitere Tirza Kirchner Website\",\"potentialAction\":[{\"@type\":\"SearchAction\",\"target\":{\"@type\":\"EntryPoint\",\"urlTemplate\":\"https:\\\/\\\/www.tirza-kirchner.de\\\/tierheilpraxis\\\/?s={search_term_string}\"},\"query-input\":{\"@type\":\"PropertyValueSpecification\",\"valueRequired\":true,\"valueName\":\"search_term_string\"}}],\"inLanguage\":\"de\"}]}<\/script>\n<!-- \/ Yoast SEO plugin. -->","yoast_head_json":{"title":"Kater Nielsen inszeniert seine Heimkehr - Tier","robots":{"index":"index","follow":"follow","max-snippet":"max-snippet:-1","max-image-preview":"max-image-preview:large","max-video-preview":"max-video-preview:-1"},"canonical":"https:\/\/www.tirza-kirchner.de\/tierheilpraxis\/tierkommunikation\/beispiele\/kater-nielsen-inszeniert-seine-heimkehr\/","og_locale":"de_DE","og_type":"article","og_title":"Kater Nielsen inszeniert seine Heimkehr - Tier","og_description":"Kater Micky war vor einigen Jahren \u00fcberraschend verstorben. Sein Herrchen wollte ihn zur\u00fcckhaben. Darauf hatte Micky nur gewartet und gab jede Menge Informationen. Noch im Sommer wollte er wiederkommen, als Geschenk: ein kleiner schwarzer Kater mit etwas wei\u00df. Alle w\u00fcrden ihn lieben. Er machte ganz detaillierte Angaben, aber im Gespr\u00e4ch war nicht ganz klar, ob ... Weiterlesen","og_url":"https:\/\/www.tirza-kirchner.de\/tierheilpraxis\/tierkommunikation\/beispiele\/kater-nielsen-inszeniert-seine-heimkehr\/","og_site_name":"Tier","article_modified_time":"2017-07-08T18:26:28+00:00","og_image":[{"url":"https:\/\/www.tirza-kirchner.de\/tierheilpraxis\/wp-content\/uploads\/sites\/2\/2017\/02\/kater_nielsen-170x300.jpg","type":"","width":"","height":""}],"twitter_card":"summary_large_image","twitter_misc":{"Gesch\u00e4tzte Lesezeit":"4\u00a0Minuten"},"schema":{"@context":"https:\/\/schema.org","@graph":[{"@type":"WebPage","@id":"https:\/\/www.tirza-kirchner.de\/tierheilpraxis\/tierkommunikation\/beispiele\/kater-nielsen-inszeniert-seine-heimkehr\/","url":"https:\/\/www.tirza-kirchner.de\/tierheilpraxis\/tierkommunikation\/beispiele\/kater-nielsen-inszeniert-seine-heimkehr\/","name":"Kater Nielsen inszeniert seine Heimkehr - Tier","isPartOf":{"@id":"https:\/\/www.tirza-kirchner.de\/tierheilpraxis\/#website"},"primaryImageOfPage":{"@id":"https:\/\/www.tirza-kirchner.de\/tierheilpraxis\/tierkommunikation\/beispiele\/kater-nielsen-inszeniert-seine-heimkehr\/#primaryimage"},"image":{"@id":"https:\/\/www.tirza-kirchner.de\/tierheilpraxis\/tierkommunikation\/beispiele\/kater-nielsen-inszeniert-seine-heimkehr\/#primaryimage"},"thumbnailUrl":"https:\/\/www.tirza-kirchner.de\/tierheilpraxis\/wp-content\/uploads\/sites\/2\/2017\/02\/kater_nielsen-170x300.jpg","datePublished":"2017-07-08T18:26:23+00:00","dateModified":"2017-07-08T18:26:28+00:00","breadcrumb":{"@id":"https:\/\/www.tirza-kirchner.de\/tierheilpraxis\/tierkommunikation\/beispiele\/kater-nielsen-inszeniert-seine-heimkehr\/#breadcrumb"},"inLanguage":"de","potentialAction":[{"@type":"ReadAction","target":["https:\/\/www.tirza-kirchner.de\/tierheilpraxis\/tierkommunikation\/beispiele\/kater-nielsen-inszeniert-seine-heimkehr\/"]}]},{"@type":"ImageObject","inLanguage":"de","@id":"https:\/\/www.tirza-kirchner.de\/tierheilpraxis\/tierkommunikation\/beispiele\/kater-nielsen-inszeniert-seine-heimkehr\/#primaryimage","url":"https:\/\/www.tirza-kirchner.de\/tierheilpraxis\/wp-content\/uploads\/sites\/2\/2017\/02\/kater_nielsen.jpg","contentUrl":"https:\/\/www.tirza-kirchner.de\/tierheilpraxis\/wp-content\/uploads\/sites\/2\/2017\/02\/kater_nielsen.jpg","width":210,"height":370,"caption":"Kater Nielsen inszeniert seine Heimkehr."},{"@type":"BreadcrumbList","@id":"https:\/\/www.tirza-kirchner.de\/tierheilpraxis\/tierkommunikation\/beispiele\/kater-nielsen-inszeniert-seine-heimkehr\/#breadcrumb","itemListElement":[{"@type":"ListItem","position":1,"name":"Startseite","item":"https:\/\/www.tirza-kirchner.de\/tierheilpraxis\/"},{"@type":"ListItem","position":2,"name":"Tierkommunikation","item":"https:\/\/www.tirza-kirchner.de\/tierheilpraxis\/tierkommunikation\/"},{"@type":"ListItem","position":3,"name":"Beispiele aus der Tierkommunikation","item":"https:\/\/www.tirza-kirchner.de\/tierheilpraxis\/tierkommunikation\/beispiele\/"},{"@type":"ListItem","position":4,"name":"Kater Nielsen inszeniert seine Heimkehr"}]},{"@type":"WebSite","@id":"https:\/\/www.tirza-kirchner.de\/tierheilpraxis\/#website","url":"https:\/\/www.tirza-kirchner.de\/tierheilpraxis\/","name":"Tier","description":"Eine weitere Tirza Kirchner Website","potentialAction":[{"@type":"SearchAction","target":{"@type":"EntryPoint","urlTemplate":"https:\/\/www.tirza-kirchner.de\/tierheilpraxis\/?s={search_term_string}"},"query-input":{"@type":"PropertyValueSpecification","valueRequired":true,"valueName":"search_term_string"}}],"inLanguage":"de"}]}},"_links":{"self":[{"href":"https:\/\/www.tirza-kirchner.de\/tierheilpraxis\/wp-json\/wp\/v2\/pages\/363","targetHints":{"allow":["GET"]}}],"collection":[{"href":"https:\/\/www.tirza-kirchner.de\/tierheilpraxis\/wp-json\/wp\/v2\/pages"}],"about":[{"href":"https:\/\/www.tirza-kirchner.de\/tierheilpraxis\/wp-json\/wp\/v2\/types\/page"}],"author":[{"embeddable":true,"href":"https:\/\/www.tirza-kirchner.de\/tierheilpraxis\/wp-json\/wp\/v2\/users\/1"}],"replies":[{"embeddable":true,"href":"https:\/\/www.tirza-kirchner.de\/tierheilpraxis\/wp-json\/wp\/v2\/comments?post=363"}],"version-history":[{"count":1,"href":"https:\/\/www.tirza-kirchner.de\/tierheilpraxis\/wp-json\/wp\/v2\/pages\/363\/revisions"}],"predecessor-version":[{"id":364,"href":"https:\/\/www.tirza-kirchner.de\/tierheilpraxis\/wp-json\/wp\/v2\/pages\/363\/revisions\/364"}],"up":[{"embeddable":true,"href":"https:\/\/www.tirza-kirchner.de\/tierheilpraxis\/wp-json\/wp\/v2\/pages\/31"}],"wp:attachment":[{"href":"https:\/\/www.tirza-kirchner.de\/tierheilpraxis\/wp-json\/wp\/v2\/media?parent=363"}],"curies":[{"name":"wp","href":"https:\/\/api.w.org\/{rel}","templated":true}]}}