{"id":361,"date":"2017-07-08T20:22:44","date_gmt":"2017-07-08T18:22:44","guid":{"rendered":"https:\/\/www.tirza-kirchner.de\/tierheilpraxis\/?page_id=361"},"modified":"2017-07-08T20:23:05","modified_gmt":"2017-07-08T18:23:05","slug":"roter-kater-kehrt-zurueck","status":"publish","type":"page","link":"https:\/\/www.tirza-kirchner.de\/tierheilpraxis\/tierkommunikation\/beispiele\/roter-kater-kehrt-zurueck\/","title":{"rendered":"Roter Kater kehrt zur\u00fcck"},"content":{"rendered":"<div id=\"c103\" class=\"csc-default layout-0\">\n<div class=\"csc-header csc-header-n1\">\n<figure id=\"attachment_322\" aria-describedby=\"caption-attachment-322\" style=\"width: 160px\" class=\"wp-caption alignleft\"><img loading=\"lazy\" decoding=\"async\" class=\"size-medium wp-image-322\" src=\"https:\/\/www.tirza-kirchner.de\/tierheilpraxis\/wp-content\/uploads\/sites\/2\/2017\/02\/kater_max-170x300.jpg\" alt=\"\" width=\"170\" height=\"300\" srcset=\"https:\/\/www.tirza-kirchner.de\/tierheilpraxis\/wp-content\/uploads\/sites\/2\/2017\/02\/kater_max-170x300.jpg 170w, https:\/\/www.tirza-kirchner.de\/tierheilpraxis\/wp-content\/uploads\/sites\/2\/2017\/02\/kater_max.jpg 210w\" sizes=\"auto, (max-width: 170px) 100vw, 170px\" \/><figcaption id=\"caption-attachment-322\" class=\"wp-caption-text\">Roter Kater kehrt zur\u00fcck.<\/figcaption><\/figure>\n<p class=\"csc-firstHeader\">Verstorbene Tiere berichten im Gespr\u00e4ch von ihren vergangenen Leben hier auf der Erde oder zeigen ihren Besitzern sogar, wann und wo sie mit einem neuen K\u00f6rper zu ihnen zur\u00fcck kommen.<\/p>\n<p class=\"csc-firstHeader\">Max war seit 5 Jahren tot. Sein Frauchen wollte wissen wie es ihm ging. Er sollte von dem Ort berichten, an dem er jetzt war.<\/p>\n<p class=\"csc-firstHeader\">Kater Max erz\u00e4hlte im Gespr\u00e4ch viele Details von fr\u00fcher, als er noch bei seinem Frauchen lebte. Beschrieb seine Lieblingsspiele und zeigte seinen Charakter ganz genau. Er erkl\u00e4rte, dass sein Frauchen seine ganzen Spielsachen noch aufgehoben hatte. Sp\u00e4ter best\u00e4tigte sie dies. Obwohl sie inzwischen sogar umgezogen war, hatte sie sogar noch die angebrochene T\u00fcte Katzenstreu.<\/p>\n<p class=\"csc-firstHeader\">Romantisch erkl\u00e4rte der Kater im Gespr\u00e4ch, dass er als feuerroter Kater wiederkommen w\u00fcrde und zwar dann wenn das Laub der B\u00e4ume im Sonnenlicht so rot leuchten w\u00fcrde wie sein Fell. Er beschrieb wie sein Frauchen ihn finden k\u00f6nne. Sein Frauchen fand genau nach Beschreibung im Herbst zwei Katzenbabies.<\/p>\n<p class=\"csc-firstHeader\">Der kleine rote Kater zeigt nun die gleichen ausgefallenen Verhaltensweisen wie der verstorbene \u201eVorg\u00e4nger\u201c: z.B. streicht er ihr morgens im Bad mit der Pfote z\u00e4rtlich \u00fcber die Wange.<\/p>\n<\/div>\n<\/div>\n<div id=\"c139\" class=\"csc-default layout-0\">\n<div class=\"csc-header csc-header-n2\">\n<h1>Auszug aus dem Gespr\u00e4chsprotokoll<\/h1>\n<\/div>\n<p class=\"csc-frame-frame1\"><b>&#8230;.Willst<\/b><b>\u00a0Du mir sagen, ob Du wieder kommen magst? Dein Frauchen l\u00e4sst mich fragen, ob Du wieder kommen m\u00f6chtest.<\/b><\/p>\n<p class=\"csc-frame-frame1\">Ja \u2013 kann ich mir gut vorstellen. Als rotes kleines Katzenbaby. Ganz rot dieses Mal. Ein kleines Wollkn\u00e4ul.<\/p>\n<p class=\"csc-frame-frame1\">Sehe einen Katzenwurf mit mehreren Katzenbabys. Lauter bunte Katzen. Verschiedenen Farben kugeln \u00fcbereinander. Sehe wie sein Frauchen ein rotes Katzenbaby hochhebt.<\/p>\n<p class=\"csc-frame-frame1\"><b>M\u00f6chtest Du als rotes Katzenbaby zur\u00fcckkommen?<\/b><\/p>\n<p class=\"csc-frame-frame1\">Ja, das ist eine gute Idee. So passe ich gut zu meinem Frauchen. Rot-Gold war schon immer meine Farbe.<\/p>\n<p class=\"csc-frame-frame1\"><b>Als normale Hauskatze?<\/b><\/p>\n<p class=\"csc-frame-frame1\">Ja \u2013 keine Rassekatze.<\/p>\n<p class=\"csc-frame-frame1\"><b>Willst Du mir noch ein paar Infos geben, damit Dein Frauchen Dich finden kann?<\/b><\/p>\n<p class=\"csc-frame-frame1\">Bauernhof\/Hof bei ihr in der N\u00e4he. Es sind liebe Leute. Sie k\u00fcmmern sich um die Katzenmami mit Babys. Und wollen, dass alle Babys in gute H\u00e4nde kommen. Es sind haupts\u00e4chlich\u00a0<i>(oder nur)<\/i>\u00a0getigerte Babys.<\/p>\n<p class=\"csc-frame-frame1\"><b>Wie findet Dein Frauchen den Wurf?<\/b><\/p>\n<p class=\"csc-frame-frame1\">Sie wird ganz einfach dr\u00fcber stolpern. Es wird sich alles so ergeben. Bei ihr ganz in der N\u00e4he. Sie muss nur die Augen und die Ohren offenhalten. Ich ruf sie schon zu mir. Sie hat ja den ersten Schritt gemacht &#8211; oder vielleicht hab ich ihn ja auch gemacht und sie gerufen \ud83d\ude42 Wir sind ein gutes Team. Kennen uns schon so gut und k\u00f6nnen noch viel voneinanderlernen und uns unterst\u00fctzen. Wir m\u00fcssen uns nicht neu aufeinander einstellen. Es war alles schon da.<\/p>\n<p class=\"csc-frame-frame1\"><b>Kannst Du mir sagen wann Du kommen willst?<\/b><\/p>\n<p class=\"csc-frame-frame1\">Bald. Sehr bald.<\/p>\n<p class=\"csc-frame-frame1\"><b>Hei\u00dft dass in diesem Jahr noch?<\/b><\/p>\n<p class=\"csc-frame-frame1\">Ja. Bald. Es steht alles schon fest. Dauert nicht mehr lange, dann mach ich mich auf den Weg. Deswegen hattest Du ja auch die Infos, dass Du nicht mehr allzu lange mit dem Gespr\u00e4ch warten sollst, damit Karin sich auf meine R\u00fcckkehr einstellen kann. Sie hat doch sicher noch meine Sachen zu Hause \ud83d\ude42 und wartet auf mich.<\/p>\n<p class=\"csc-frame-frame1\">Das wei\u00df ich nicht, ob sie Deine Sachen noch zu Hause hat.<\/p>\n<p class=\"csc-frame-frame1\">Doch, doch. Mein Spielzeug ist noch da und wartet auf mich.<\/p>\n<p class=\"csc-frame-frame1\"><i>Er zeigt mir einen Federb\u00fcschel an einem Stab.<\/i><\/p>\n<p class=\"csc-frame-frame1\"><b>Willst Du mir noch was zu Deinem Wiederkommen sagen?<\/b><\/p>\n<p class=\"csc-frame-frame1\"><i>Ich sehe einen Hof oder Haus mit Hof. Keine hohen H\u00e4user. Mehrere H\u00e4user\/H\u00f6fe (keine Reihenh\u00e4user) in der Stra\u00dfe nebeneinander. Gro\u00dfe B\u00e4ume an der Stra\u00dfe. K\u00f6nnten Bauernh\u00f6fe sein. Anzeige oder Zettel an Baum. Milch, Milchk\u00fche?<\/i><\/p>\n<p class=\"csc-frame-frame1\"><i>Aber keine wilden Bauernhofkatzen. Die Besitzer k\u00fcmmern sich um die Katzen. Die geh\u00f6ren zur Familie und werden nur in gute H\u00e4nde vermittelt.<\/i><\/p>\n<p class=\"csc-frame-frame1\"><b>Kannst Du den Zeitpunkt noch genauer einschr\u00e4nken? Ist es der Sommer?<\/b><\/p>\n<p class=\"csc-frame-frame1\">Eher Ende des Sommers. Herbstanfang. Aber es ist noch nicht kalt. Die Sonne scheint durch das bunte Laub. Ich liebe die Sonne. Das Laub sieht aus wie mein orangerotes Fell \ud83d\ude42 Passend, oder? Hab ich mir so gew\u00fcnscht und ausgesucht. Es muss alles passen. Gut abgestimmt sein. Dann klappt das auch.<\/p>\n<p class=\"csc-frame-frame1\"><b>Wird Dein Frauchen Dich finden?<\/b><\/p>\n<p class=\"csc-frame-frame1\">Klar doch. Alles null problemo. Muss sich nicht allzu viel Gedanken machen. Wir sind doch in Kontakt. Ich ziehe sie schon zu mir her. Muss nur in sich gehen und auf die Zeichen achten. Etwas rumfragen. Dann kommt der richtige Tipp zur rechten Zeit.<\/p>\n<p class=\"csc-frame-frame1\"><i>Zeigt mir eine handvoll rote Katze. Wollkn\u00e4uel in eine Hand gekuschelt, zusammengerollt&#8230;<\/i><\/p>\n<p class=\"csc-frame-frame1\"><a href=\"https:\/\/www.tirza-kirchner.de\/tierheilpraxis\/tierkommunikation\/beispiele\/\">Zur\u00fcck zur \u00dcbersicht<\/a><\/p>\n<\/div>\n","protected":false},"excerpt":{"rendered":"<p>Verstorbene Tiere berichten im Gespr\u00e4ch von ihren vergangenen Leben hier auf der Erde oder zeigen ihren Besitzern sogar, wann und wo sie mit einem neuen K\u00f6rper zu ihnen zur\u00fcck kommen. Max war seit 5 Jahren tot. Sein Frauchen wollte wissen wie es ihm ging. Er sollte von dem Ort berichten, an dem er jetzt war. &#8230; <a title=\"Roter Kater kehrt zur\u00fcck\" class=\"read-more\" href=\"https:\/\/www.tirza-kirchner.de\/tierheilpraxis\/tierkommunikation\/beispiele\/roter-kater-kehrt-zurueck\/\" aria-label=\"Mehr Informationen \u00fcber Roter Kater kehrt zur\u00fcck\">Weiterlesen<\/a><\/p>\n","protected":false},"author":1,"featured_media":0,"parent":31,"menu_order":0,"comment_status":"closed","ping_status":"closed","template":"","meta":{"generate_page_header":"","_mc_calendar":[],"footnotes":""},"class_list":["post-361","page","type-page","status-publish"],"yoast_head":"<!-- This site is optimized with the Yoast SEO plugin v27.4 - https:\/\/yoast.com\/product\/yoast-seo-wordpress\/ -->\n<title>Roter Kater kehrt zur\u00fcck - Tier<\/title>\n<meta name=\"robots\" content=\"index, follow, max-snippet:-1, max-image-preview:large, max-video-preview:-1\" \/>\n<link rel=\"canonical\" href=\"https:\/\/www.tirza-kirchner.de\/tierheilpraxis\/tierkommunikation\/beispiele\/roter-kater-kehrt-zurueck\/\" \/>\n<meta property=\"og:locale\" content=\"de_DE\" \/>\n<meta property=\"og:type\" content=\"article\" \/>\n<meta property=\"og:title\" content=\"Roter Kater kehrt zur\u00fcck - Tier\" \/>\n<meta property=\"og:description\" content=\"Verstorbene Tiere berichten im Gespr\u00e4ch von ihren vergangenen Leben hier auf der Erde oder zeigen ihren Besitzern sogar, wann und wo sie mit einem neuen K\u00f6rper zu ihnen zur\u00fcck kommen. Max war seit 5 Jahren tot. Sein Frauchen wollte wissen wie es ihm ging. Er sollte von dem Ort berichten, an dem er jetzt war. ... Weiterlesen\" \/>\n<meta property=\"og:url\" content=\"https:\/\/www.tirza-kirchner.de\/tierheilpraxis\/tierkommunikation\/beispiele\/roter-kater-kehrt-zurueck\/\" \/>\n<meta property=\"og:site_name\" content=\"Tier\" \/>\n<meta property=\"article:modified_time\" content=\"2017-07-08T18:23:05+00:00\" \/>\n<meta property=\"og:image\" content=\"https:\/\/www.tirza-kirchner.de\/tierheilpraxis\/wp-content\/uploads\/sites\/2\/2017\/02\/kater_max-170x300.jpg\" \/>\n<meta name=\"twitter:card\" content=\"summary_large_image\" \/>\n<meta name=\"twitter:label1\" content=\"Gesch\u00e4tzte Lesezeit\" \/>\n\t<meta name=\"twitter:data1\" content=\"4\u00a0Minuten\" \/>\n<script type=\"application\/ld+json\" class=\"yoast-schema-graph\">{\"@context\":\"https:\\\/\\\/schema.org\",\"@graph\":[{\"@type\":\"WebPage\",\"@id\":\"https:\\\/\\\/www.tirza-kirchner.de\\\/tierheilpraxis\\\/tierkommunikation\\\/beispiele\\\/roter-kater-kehrt-zurueck\\\/\",\"url\":\"https:\\\/\\\/www.tirza-kirchner.de\\\/tierheilpraxis\\\/tierkommunikation\\\/beispiele\\\/roter-kater-kehrt-zurueck\\\/\",\"name\":\"Roter Kater kehrt zur\u00fcck - Tier\",\"isPartOf\":{\"@id\":\"https:\\\/\\\/www.tirza-kirchner.de\\\/tierheilpraxis\\\/#website\"},\"primaryImageOfPage\":{\"@id\":\"https:\\\/\\\/www.tirza-kirchner.de\\\/tierheilpraxis\\\/tierkommunikation\\\/beispiele\\\/roter-kater-kehrt-zurueck\\\/#primaryimage\"},\"image\":{\"@id\":\"https:\\\/\\\/www.tirza-kirchner.de\\\/tierheilpraxis\\\/tierkommunikation\\\/beispiele\\\/roter-kater-kehrt-zurueck\\\/#primaryimage\"},\"thumbnailUrl\":\"https:\\\/\\\/www.tirza-kirchner.de\\\/tierheilpraxis\\\/wp-content\\\/uploads\\\/sites\\\/2\\\/2017\\\/02\\\/kater_max-170x300.jpg\",\"datePublished\":\"2017-07-08T18:22:44+00:00\",\"dateModified\":\"2017-07-08T18:23:05+00:00\",\"breadcrumb\":{\"@id\":\"https:\\\/\\\/www.tirza-kirchner.de\\\/tierheilpraxis\\\/tierkommunikation\\\/beispiele\\\/roter-kater-kehrt-zurueck\\\/#breadcrumb\"},\"inLanguage\":\"de\",\"potentialAction\":[{\"@type\":\"ReadAction\",\"target\":[\"https:\\\/\\\/www.tirza-kirchner.de\\\/tierheilpraxis\\\/tierkommunikation\\\/beispiele\\\/roter-kater-kehrt-zurueck\\\/\"]}]},{\"@type\":\"ImageObject\",\"inLanguage\":\"de\",\"@id\":\"https:\\\/\\\/www.tirza-kirchner.de\\\/tierheilpraxis\\\/tierkommunikation\\\/beispiele\\\/roter-kater-kehrt-zurueck\\\/#primaryimage\",\"url\":\"https:\\\/\\\/www.tirza-kirchner.de\\\/tierheilpraxis\\\/wp-content\\\/uploads\\\/sites\\\/2\\\/2017\\\/02\\\/kater_max.jpg\",\"contentUrl\":\"https:\\\/\\\/www.tirza-kirchner.de\\\/tierheilpraxis\\\/wp-content\\\/uploads\\\/sites\\\/2\\\/2017\\\/02\\\/kater_max.jpg\",\"width\":210,\"height\":370,\"caption\":\"Roter Kater kehrt zur\u00fcck.\"},{\"@type\":\"BreadcrumbList\",\"@id\":\"https:\\\/\\\/www.tirza-kirchner.de\\\/tierheilpraxis\\\/tierkommunikation\\\/beispiele\\\/roter-kater-kehrt-zurueck\\\/#breadcrumb\",\"itemListElement\":[{\"@type\":\"ListItem\",\"position\":1,\"name\":\"Startseite\",\"item\":\"https:\\\/\\\/www.tirza-kirchner.de\\\/tierheilpraxis\\\/\"},{\"@type\":\"ListItem\",\"position\":2,\"name\":\"Tierkommunikation\",\"item\":\"https:\\\/\\\/www.tirza-kirchner.de\\\/tierheilpraxis\\\/tierkommunikation\\\/\"},{\"@type\":\"ListItem\",\"position\":3,\"name\":\"Beispiele aus der Tierkommunikation\",\"item\":\"https:\\\/\\\/www.tirza-kirchner.de\\\/tierheilpraxis\\\/tierkommunikation\\\/beispiele\\\/\"},{\"@type\":\"ListItem\",\"position\":4,\"name\":\"Roter Kater kehrt zur\u00fcck\"}]},{\"@type\":\"WebSite\",\"@id\":\"https:\\\/\\\/www.tirza-kirchner.de\\\/tierheilpraxis\\\/#website\",\"url\":\"https:\\\/\\\/www.tirza-kirchner.de\\\/tierheilpraxis\\\/\",\"name\":\"Tier\",\"description\":\"Eine weitere Tirza Kirchner Website\",\"potentialAction\":[{\"@type\":\"SearchAction\",\"target\":{\"@type\":\"EntryPoint\",\"urlTemplate\":\"https:\\\/\\\/www.tirza-kirchner.de\\\/tierheilpraxis\\\/?s={search_term_string}\"},\"query-input\":{\"@type\":\"PropertyValueSpecification\",\"valueRequired\":true,\"valueName\":\"search_term_string\"}}],\"inLanguage\":\"de\"}]}<\/script>\n<!-- \/ Yoast SEO plugin. -->","yoast_head_json":{"title":"Roter Kater kehrt zur\u00fcck - Tier","robots":{"index":"index","follow":"follow","max-snippet":"max-snippet:-1","max-image-preview":"max-image-preview:large","max-video-preview":"max-video-preview:-1"},"canonical":"https:\/\/www.tirza-kirchner.de\/tierheilpraxis\/tierkommunikation\/beispiele\/roter-kater-kehrt-zurueck\/","og_locale":"de_DE","og_type":"article","og_title":"Roter Kater kehrt zur\u00fcck - Tier","og_description":"Verstorbene Tiere berichten im Gespr\u00e4ch von ihren vergangenen Leben hier auf der Erde oder zeigen ihren Besitzern sogar, wann und wo sie mit einem neuen K\u00f6rper zu ihnen zur\u00fcck kommen. Max war seit 5 Jahren tot. Sein Frauchen wollte wissen wie es ihm ging. Er sollte von dem Ort berichten, an dem er jetzt war. ... Weiterlesen","og_url":"https:\/\/www.tirza-kirchner.de\/tierheilpraxis\/tierkommunikation\/beispiele\/roter-kater-kehrt-zurueck\/","og_site_name":"Tier","article_modified_time":"2017-07-08T18:23:05+00:00","og_image":[{"url":"https:\/\/www.tirza-kirchner.de\/tierheilpraxis\/wp-content\/uploads\/sites\/2\/2017\/02\/kater_max-170x300.jpg","type":"","width":"","height":""}],"twitter_card":"summary_large_image","twitter_misc":{"Gesch\u00e4tzte Lesezeit":"4\u00a0Minuten"},"schema":{"@context":"https:\/\/schema.org","@graph":[{"@type":"WebPage","@id":"https:\/\/www.tirza-kirchner.de\/tierheilpraxis\/tierkommunikation\/beispiele\/roter-kater-kehrt-zurueck\/","url":"https:\/\/www.tirza-kirchner.de\/tierheilpraxis\/tierkommunikation\/beispiele\/roter-kater-kehrt-zurueck\/","name":"Roter Kater kehrt zur\u00fcck - Tier","isPartOf":{"@id":"https:\/\/www.tirza-kirchner.de\/tierheilpraxis\/#website"},"primaryImageOfPage":{"@id":"https:\/\/www.tirza-kirchner.de\/tierheilpraxis\/tierkommunikation\/beispiele\/roter-kater-kehrt-zurueck\/#primaryimage"},"image":{"@id":"https:\/\/www.tirza-kirchner.de\/tierheilpraxis\/tierkommunikation\/beispiele\/roter-kater-kehrt-zurueck\/#primaryimage"},"thumbnailUrl":"https:\/\/www.tirza-kirchner.de\/tierheilpraxis\/wp-content\/uploads\/sites\/2\/2017\/02\/kater_max-170x300.jpg","datePublished":"2017-07-08T18:22:44+00:00","dateModified":"2017-07-08T18:23:05+00:00","breadcrumb":{"@id":"https:\/\/www.tirza-kirchner.de\/tierheilpraxis\/tierkommunikation\/beispiele\/roter-kater-kehrt-zurueck\/#breadcrumb"},"inLanguage":"de","potentialAction":[{"@type":"ReadAction","target":["https:\/\/www.tirza-kirchner.de\/tierheilpraxis\/tierkommunikation\/beispiele\/roter-kater-kehrt-zurueck\/"]}]},{"@type":"ImageObject","inLanguage":"de","@id":"https:\/\/www.tirza-kirchner.de\/tierheilpraxis\/tierkommunikation\/beispiele\/roter-kater-kehrt-zurueck\/#primaryimage","url":"https:\/\/www.tirza-kirchner.de\/tierheilpraxis\/wp-content\/uploads\/sites\/2\/2017\/02\/kater_max.jpg","contentUrl":"https:\/\/www.tirza-kirchner.de\/tierheilpraxis\/wp-content\/uploads\/sites\/2\/2017\/02\/kater_max.jpg","width":210,"height":370,"caption":"Roter Kater kehrt zur\u00fcck."},{"@type":"BreadcrumbList","@id":"https:\/\/www.tirza-kirchner.de\/tierheilpraxis\/tierkommunikation\/beispiele\/roter-kater-kehrt-zurueck\/#breadcrumb","itemListElement":[{"@type":"ListItem","position":1,"name":"Startseite","item":"https:\/\/www.tirza-kirchner.de\/tierheilpraxis\/"},{"@type":"ListItem","position":2,"name":"Tierkommunikation","item":"https:\/\/www.tirza-kirchner.de\/tierheilpraxis\/tierkommunikation\/"},{"@type":"ListItem","position":3,"name":"Beispiele aus der Tierkommunikation","item":"https:\/\/www.tirza-kirchner.de\/tierheilpraxis\/tierkommunikation\/beispiele\/"},{"@type":"ListItem","position":4,"name":"Roter Kater kehrt zur\u00fcck"}]},{"@type":"WebSite","@id":"https:\/\/www.tirza-kirchner.de\/tierheilpraxis\/#website","url":"https:\/\/www.tirza-kirchner.de\/tierheilpraxis\/","name":"Tier","description":"Eine weitere Tirza Kirchner Website","potentialAction":[{"@type":"SearchAction","target":{"@type":"EntryPoint","urlTemplate":"https:\/\/www.tirza-kirchner.de\/tierheilpraxis\/?s={search_term_string}"},"query-input":{"@type":"PropertyValueSpecification","valueRequired":true,"valueName":"search_term_string"}}],"inLanguage":"de"}]}},"_links":{"self":[{"href":"https:\/\/www.tirza-kirchner.de\/tierheilpraxis\/wp-json\/wp\/v2\/pages\/361","targetHints":{"allow":["GET"]}}],"collection":[{"href":"https:\/\/www.tirza-kirchner.de\/tierheilpraxis\/wp-json\/wp\/v2\/pages"}],"about":[{"href":"https:\/\/www.tirza-kirchner.de\/tierheilpraxis\/wp-json\/wp\/v2\/types\/page"}],"author":[{"embeddable":true,"href":"https:\/\/www.tirza-kirchner.de\/tierheilpraxis\/wp-json\/wp\/v2\/users\/1"}],"replies":[{"embeddable":true,"href":"https:\/\/www.tirza-kirchner.de\/tierheilpraxis\/wp-json\/wp\/v2\/comments?post=361"}],"version-history":[{"count":1,"href":"https:\/\/www.tirza-kirchner.de\/tierheilpraxis\/wp-json\/wp\/v2\/pages\/361\/revisions"}],"predecessor-version":[{"id":362,"href":"https:\/\/www.tirza-kirchner.de\/tierheilpraxis\/wp-json\/wp\/v2\/pages\/361\/revisions\/362"}],"up":[{"embeddable":true,"href":"https:\/\/www.tirza-kirchner.de\/tierheilpraxis\/wp-json\/wp\/v2\/pages\/31"}],"wp:attachment":[{"href":"https:\/\/www.tirza-kirchner.de\/tierheilpraxis\/wp-json\/wp\/v2\/media?parent=361"}],"curies":[{"name":"wp","href":"https:\/\/api.w.org\/{rel}","templated":true}]}}