{"id":36,"date":"2017-02-06T17:05:46","date_gmt":"2017-02-06T16:05:46","guid":{"rendered":"https:\/\/www.tirza-kirchner.de\/tier\/?page_id=36"},"modified":"2026-03-31T15:48:02","modified_gmt":"2026-03-31T13:48:02","slug":"angebote-tirza-kirchner","status":"publish","type":"page","link":"https:\/\/www.tirza-kirchner.de\/tierheilpraxis\/angebote-tirza-kirchner\/","title":{"rendered":"Tierkommunikation"},"content":{"rendered":"<h2>Angebote von Tirza Kirchner f\u00fcr Sie und Ihr Tier.<\/h2>\n<blockquote><p>Tirza Kirchner: &#8222;Gerne f\u00fchre ich direkt ein Gespr\u00e4ch mit Ihrem Tier oder begleitet Sie beim Erlernen der Tierkommunikation.&#8220;<\/p><\/blockquote>\n<h2>Tiergespr\u00e4ch<\/h2>\n<figure id=\"attachment_392\" aria-describedby=\"caption-attachment-392\" style=\"width: 202px\" class=\"wp-caption alignright\"><img loading=\"lazy\" decoding=\"async\" class=\"size-medium wp-image-392\" src=\"https:\/\/www.tirza-kirchner.de\/tierheilpraxis\/wp-content\/uploads\/sites\/2\/2017\/02\/angebote-tirza-kirchner-212x300.jpg\" alt=\"Hier verschaffen Sie sich einen \u00dcberblick \u00fcber die Angebote von Tirza Kirchner! \" width=\"212\" height=\"300\" srcset=\"https:\/\/www.tirza-kirchner.de\/tierheilpraxis\/wp-content\/uploads\/sites\/2\/2017\/02\/angebote-tirza-kirchner-212x300.jpg 212w, https:\/\/www.tirza-kirchner.de\/tierheilpraxis\/wp-content\/uploads\/sites\/2\/2017\/02\/angebote-tirza-kirchner-768x1086.jpg 768w, https:\/\/www.tirza-kirchner.de\/tierheilpraxis\/wp-content\/uploads\/sites\/2\/2017\/02\/angebote-tirza-kirchner-724x1024.jpg 724w\" sizes=\"auto, (max-width: 212px) 100vw, 212px\" \/><figcaption id=\"caption-attachment-392\" class=\"wp-caption-text\">Angebote von Tirza Kirchner: Verschaffen Sie sich einen \u00dcberblick \u00fcber alle Leistungen!<\/figcaption><\/figure>\n<p>Tierkommunikation ist bei mir mehr als das reine F\u00fchren eines Gespr\u00e4chs \u00fcber die Technik der Tierkommunikation.<br \/>\nIch nutze alle Methoden der Gespr\u00e4chsf\u00fchrung &#8211; diskutiere, verhandle, hinterfrage. Ich analysiere den K\u00f6rperzustand Ihres Tieres und seinen Gesundheitszustand.\u00a0Ich arbeite energetisch und schamanisch mit Ihrem Tier. Sie erhalten alle Informationen aus diesen Bereichen und von Ihrem Tier.<\/p>\n<p>F\u00fcr ein Tiergespr\u00e4ch ben\u00f6tige ich:<\/p>\n<ul>\n<li>ein Foto Ihres Tieres,<\/li>\n<li>den Namen Ihres Tieres und<\/li>\n<li>f\u00fcnf Fragen, die Sie Ihrem Tier stellen m\u00f6chten bzw. Botschaften, die Sie ihm ausrichten m\u00f6chten.<\/li>\n<\/ul>\n<p>Sie erhalten ein detailliertes Gespr\u00e4chsprotokoll \u00fcber mehrere Seiten per E-Mail. In dem Protokoll ist alles dokumentiert, was ich in dem Gespr\u00e4ch gesagt oder gefragt habe, au\u00dferdem alle Ausf\u00fchrungen Ihres Tieres und alles, was ich au\u00dfen herum wahrgenommen habe sowie Erkl\u00e4rungen dazu.\u00a0Zus\u00e4tzlich schaue ich im energetischen Bereich welche Informationen f\u00fcr Sie und Ihr Tier wichtig sind und nehme sie in das Protokoll auf.<\/p>\n<p>Ein Gespr\u00e4ch kostet 125 Euro zzgl. gesetzlicher Umsatzsteuer von 19% (Brutto-Gesamtbetrag 148,75 Euro).<br \/>\n<span style=\"font-size: revert;\">Das Gespr\u00e4ch f\u00fchre ich innerhalb von vier Wochen nach Geldeingang als Vorkasse auf meinem Konto<\/span>.<br \/>\nHandelt es sich um ein eiliges Notfallgespr\u00e4ch, dann sprechen Sie mich bitte an und wir stimmen einen fr\u00fcheren Termin ab. Es k\u00f6nnen Zusatzkosten anfallen.<\/p>\n<h2>Lernen der Tierkommunikation im Seminar &#8211; online oder vor Ort<\/h2>\n<p>Damit k\u00f6nnen Sie die Tierkommunikation in einer Gruppe zusammen mit anderen Teilnehmern erlernen und in der Praxis ausprobieren. \u00a0Dazu gibt es eine Online-Seminarreihe per Videokonferenzschaltung und eine Live-Seminarreihe in meinen Praxisr\u00e4umen in F\u00fcrth-Stadeln um in die Tierkommunikation einzusteigen und selbst zu erlernen.<\/p>\n<p>M\u00f6chten Sie das Gelernte weiter vertiefen so k\u00f6nnen Sie an Aufbauseminaren teilnehmen &#8211; auch diese gibt es als Online-Veranstaltungen und live in meinen Seminarr\u00e4umen:<\/p>\n<ul class=\"_5a_q _5yj1\" dir=\"ltr\">\n<li class=\"_2cuy _509q _2vxa\">Alle Sinne nutzen: Sie lernen weiter Sinne in den Tiergespr\u00e4chen zu nutzen, wie z.B. das Sehen von Bildern, das Sp\u00fcren von Gef\u00fchlen, das H\u00f6ren von Ger\u00e4uschen usw.<\/li>\n<li>Detailtreue und Gespr\u00e4chsf\u00fchrung: Sie lernen wirklich exakte Gespr\u00e4che zu f\u00fchren und wiederzugeben und die Techniken der Gespr\u00e4chsf\u00fchrung im Kontakt mit dem Tier einzusetzen.<\/li>\n<li class=\"_2cuy _509q _2vxa\">Gesundheit und Krankheit: Sie lernen den\u00a0Gesundheitszustand, Erkrankungen und Verletzungen wahrzunehmen.<\/li>\n<li class=\"_2cuy _509q _2vxa\">Kontakt mit verstorbenen Tieren: wir betrachten die Besonderheiten in der Kommunikation, lassen uns von den Tieren zeigen, wie das Leben nach dem k\u00f6rperlichen Tod &#8222;aussieht&#8220;.<\/li>\n<li>Vermisste Tiere finden: wir betrachten und \u00fcben die verschiedenen Bereiche um Suchen nach verschwundenen Tieren zu unterst\u00fctzen.<\/li>\n<\/ul>\n<p>Bei jedem Seminar lernen und \u00fcben Sie das telepathische Kommunizieren mit Tieren selbst und wir werten die Ergebnisse anschlie\u00dfend aus. Sie erhalten ein Feedback.<\/p>\n<p>Au\u00dferdem k\u00f6nnen Sie an den regelm\u00e4\u00dfigen \u00dcbungsabende online oder live zusammen mit anderen Teilnehmern weiter \u00fcben und Ihr K\u00f6nnen verbessern.<\/p>\n<h2>Lernen der Tierkommunikation im Einzelunterricht<\/h2>\n<div class=\"_2cuy _3dgx _2vxa\">Damit k\u00f6nnen Sie die Tierkommunikation ganz individuell erlernen und in der Praxis ausprobieren. Wir steigen in verschiedene Themen ein:<\/div>\n<ul class=\"_5a_q _5yj1\" dir=\"ltr\">\n<li class=\"_2cuy _509q _2vxa\">Hintergr\u00fcnde zur Tierkommunikation<\/li>\n<li class=\"_2cuy _509q _2vxa\">Ablauf eines Tiergespr\u00e4chs<\/li>\n<li class=\"_2cuy _509q _2vxa\">Beispiele aus der Praxis<\/li>\n<li class=\"_2cuy _509q _2vxa\">Interpretationen und Missverst\u00e4ndnisse vermeiden<\/li>\n<\/ul>\n<p>Die erste \u00dcbungsrunde findet direkt im Unterricht statt und wir werten Ihr Ergebnis anschlie\u00dfend aus. Zwei weitere Tiergespr\u00e4che erhalten Sie als Hausaufgabe. Wenn Sie sie gef\u00fchrt haben, besprechen wir diese und werten sie aus. Auf dem im Einzelunterricht Gelernten k\u00f6nnen Sie anschlie\u00dfend aufsetzen und Ihr K\u00f6nnen durch \u00dcben und Ausprobieren weiter ausbauen.<\/p>\n<div class=\"_2cuy _3dgx _2vxa\"><span class=\"_4yxo\">Teilnehmer: 1 Person <\/span><\/div>\n<div class=\"_2cuy _3dgx _2vxa\"><span class=\"_4yxo\">Dauer: 3x 1 Stunde und 15 Minute<\/span><\/div>\n<div class=\"_2cuy _3dgx _2vxa\"><span class=\"_4yxo\"> Termine nach Vereinbarung vor Ort in meiner Naturheilpraxis in F\u00fcrth-Stadeln oder auf Wunsch auch telefonisch oder per Videokonferenzschaltung<\/span><\/div>\n<div class=\"_2cuy _3dgx _2vxa\"><span class=\"_4yxo\">Kosten insgesamt: 410 Euro zzgl. 19 % gesetzlicher Umsatzsteuer (Brutto-Gesamtbetrag 487,90 Euro)<\/span><\/div>\n<div class=\"_2cuy _3dgx _2vxa\">Auf Wunsch ist eine zeitliche Erweiterung m\u00f6glich: 125 Euro zzgl. der gesetzlichen Umsatzsteuer von 19 % (Brutto<span class=\"_4yxo\">-Gesamtbetrag<\/span> 148,75 Euro).<\/div>\n<p>Dieses Coaching-Paket ersetzt die Teilnahme an einem Tierkommunikations-Basisseminar.<\/p>\n<h2>Lernen der Tierkommunikation in kleinen Gruppen<\/h2>\n<p>Der Inhalt und Aufbau ist mit dem Lernen im Einzelunterricht identisch.<\/p>\n<div class=\"_2cuy _3dgx _2vxa\"><span class=\"_4yxo\">Teilnehmer: 2 bis maximal 3 Personen<\/span><\/div>\n<div class=\"_2cuy _3dgx _2vxa\"><span class=\"_4yxo\">Dauer: 3x 1 Stunde und 30 Minuten<\/span><\/div>\n<div class=\"_2cuy _3dgx _2vxa\"><span class=\"_4yxo\">Termine nach Vereinbarung vor Ort in meiner Naturheilpraxis in F\u00fcrth-Stadeln oder auf Wunsch auch telefonisch\u00a0oder per Videokonferenzschaltung <\/span><\/div>\n<div class=\"_2cuy _3dgx _2vxa\"><span class=\"_4yxo\">Kosten pro Teilnehmer insgesamt: 380 Euro zzgl. 19 % gesetzlicher Umsatzsteuer (Brutto-Gesamtbetrag 452,20 Euro)<\/span><\/div>\n<div class=\"_2cuy _3dgx _2vxa\">Auf Wunsch ist eine zeitliche Erweiterung m\u00f6glich: pro Stunde 110 Euro zzgl. 19 % gesetzlicher Umsatzsteuer <span class=\"_4yxo\">(Brutto-Gesamtbetrag 130,90\u00a0Euro)<\/span><\/div>\n<p>Dieses Coaching-Paket ersetzt die Teilnahme an einem Tierkommunikations-Basisseminar.<\/p>\n<h2>Einzelcoaching zu speziellen Themen<\/h2>\n<p>M\u00f6chten Sie Ihr K\u00f6nnen und bereits Gelerntes im Bereich der Tierkommunikation weiter individuell vertiefen, dann bietet sich ein Einzelcoaching zu dem von Ihnen gew\u00e4hlten Thema an. Der Einzelunterricht richtet sich ganz individuell nach Ihren Bed\u00fcrfnissen als Teilnehmer. Die Termine erfolgen nach Vereinbarung. Die Kosten f\u00fcr eine Einzelstunde liegen bei 125 Euro zzgl. 19 % gesetzlicher Umsatzsteuer <span class=\"_4yxo\">(Brutto-Gesamtbetrag 148,75 Euro)<\/span>.<\/p>\n","protected":false},"excerpt":{"rendered":"<p>Angebote von Tirza Kirchner f\u00fcr Sie und Ihr Tier. Tirza Kirchner: &#8222;Gerne f\u00fchre ich direkt ein Gespr\u00e4ch mit Ihrem Tier oder begleitet Sie beim Erlernen der Tierkommunikation.&#8220; Tiergespr\u00e4ch Tierkommunikation ist bei mir mehr als das reine F\u00fchren eines Gespr\u00e4chs \u00fcber die Technik der Tierkommunikation. Ich nutze alle Methoden der Gespr\u00e4chsf\u00fchrung &#8211; diskutiere, verhandle, hinterfrage. Ich &#8230; <a title=\"Tierkommunikation\" class=\"read-more\" href=\"https:\/\/www.tirza-kirchner.de\/tierheilpraxis\/angebote-tirza-kirchner\/\" aria-label=\"Mehr Informationen \u00fcber Tierkommunikation\">Weiterlesen<\/a><\/p>\n","protected":false},"author":1,"featured_media":0,"parent":0,"menu_order":0,"comment_status":"closed","ping_status":"closed","template":"","meta":{"generate_page_header":"","_mc_calendar":[],"footnotes":""},"class_list":["post-36","page","type-page","status-publish"],"yoast_head":"<!-- This site is optimized with the Yoast SEO plugin v27.4 - https:\/\/yoast.com\/product\/yoast-seo-wordpress\/ -->\n<title>Tiergespr\u00e4che und Tiersuchen geh\u00f6ren zum Angebot von Tirza Kirchner<\/title>\n<meta name=\"description\" content=\"Neben Seminaren geh\u00f6ren auch Tiergespr\u00e4che und Tiersuchen zum Angebot von Tirza Kirchner, der Tierkommunikatorin aus F\u00fcrth.\" \/>\n<meta name=\"robots\" content=\"index, follow, max-snippet:-1, max-image-preview:large, max-video-preview:-1\" \/>\n<link rel=\"canonical\" href=\"https:\/\/www.tirza-kirchner.de\/tierheilpraxis\/angebote-tirza-kirchner\/\" \/>\n<meta property=\"og:locale\" content=\"de_DE\" \/>\n<meta property=\"og:type\" content=\"article\" \/>\n<meta property=\"og:title\" content=\"Tiergespr\u00e4che und Tiersuchen geh\u00f6ren zum Angebot von Tirza Kirchner\" \/>\n<meta property=\"og:description\" content=\"Neben Seminaren geh\u00f6ren auch Tiergespr\u00e4che und Tiersuchen zum Angebot von Tirza Kirchner, der Tierkommunikatorin aus F\u00fcrth.\" \/>\n<meta property=\"og:url\" content=\"https:\/\/www.tirza-kirchner.de\/tierheilpraxis\/angebote-tirza-kirchner\/\" \/>\n<meta property=\"og:site_name\" content=\"Tier\" \/>\n<meta property=\"article:modified_time\" content=\"2026-03-31T13:48:02+00:00\" \/>\n<meta property=\"og:image\" content=\"https:\/\/www.tirza-kirchner.de\/tierheilpraxis\/wp-content\/uploads\/sites\/2\/2017\/02\/angebote-tirza-kirchner.jpg\" \/>\n\t<meta property=\"og:image:width\" content=\"2132\" \/>\n\t<meta property=\"og:image:height\" content=\"3016\" \/>\n\t<meta property=\"og:image:type\" content=\"image\/jpeg\" \/>\n<meta name=\"twitter:card\" content=\"summary_large_image\" \/>\n<meta name=\"twitter:label1\" content=\"Gesch\u00e4tzte Lesezeit\" \/>\n\t<meta name=\"twitter:data1\" content=\"5\u00a0Minuten\" \/>\n<script type=\"application\/ld+json\" class=\"yoast-schema-graph\">{\"@context\":\"https:\\\/\\\/schema.org\",\"@graph\":[{\"@type\":\"WebPage\",\"@id\":\"https:\\\/\\\/www.tirza-kirchner.de\\\/tierheilpraxis\\\/angebote-tirza-kirchner\\\/\",\"url\":\"https:\\\/\\\/www.tirza-kirchner.de\\\/tierheilpraxis\\\/angebote-tirza-kirchner\\\/\",\"name\":\"Tiergespr\u00e4che und Tiersuchen geh\u00f6ren zum Angebot von Tirza Kirchner\",\"isPartOf\":{\"@id\":\"https:\\\/\\\/www.tirza-kirchner.de\\\/tierheilpraxis\\\/#website\"},\"primaryImageOfPage\":{\"@id\":\"https:\\\/\\\/www.tirza-kirchner.de\\\/tierheilpraxis\\\/angebote-tirza-kirchner\\\/#primaryimage\"},\"image\":{\"@id\":\"https:\\\/\\\/www.tirza-kirchner.de\\\/tierheilpraxis\\\/angebote-tirza-kirchner\\\/#primaryimage\"},\"thumbnailUrl\":\"https:\\\/\\\/www.tirza-kirchner.de\\\/tierheilpraxis\\\/wp-content\\\/uploads\\\/sites\\\/2\\\/2017\\\/02\\\/angebote-tirza-kirchner-212x300.jpg\",\"datePublished\":\"2017-02-06T16:05:46+00:00\",\"dateModified\":\"2026-03-31T13:48:02+00:00\",\"description\":\"Neben Seminaren geh\u00f6ren auch Tiergespr\u00e4che und Tiersuchen zum Angebot von Tirza Kirchner, der Tierkommunikatorin aus F\u00fcrth.\",\"breadcrumb\":{\"@id\":\"https:\\\/\\\/www.tirza-kirchner.de\\\/tierheilpraxis\\\/angebote-tirza-kirchner\\\/#breadcrumb\"},\"inLanguage\":\"de\",\"potentialAction\":[{\"@type\":\"ReadAction\",\"target\":[\"https:\\\/\\\/www.tirza-kirchner.de\\\/tierheilpraxis\\\/angebote-tirza-kirchner\\\/\"]}]},{\"@type\":\"ImageObject\",\"inLanguage\":\"de\",\"@id\":\"https:\\\/\\\/www.tirza-kirchner.de\\\/tierheilpraxis\\\/angebote-tirza-kirchner\\\/#primaryimage\",\"url\":\"https:\\\/\\\/www.tirza-kirchner.de\\\/tierheilpraxis\\\/wp-content\\\/uploads\\\/sites\\\/2\\\/2017\\\/02\\\/angebote-tirza-kirchner.jpg\",\"contentUrl\":\"https:\\\/\\\/www.tirza-kirchner.de\\\/tierheilpraxis\\\/wp-content\\\/uploads\\\/sites\\\/2\\\/2017\\\/02\\\/angebote-tirza-kirchner.jpg\",\"width\":2132,\"height\":3016,\"caption\":\"Angebote von Tirza Kirchner: Verschaffen Sie sich einen \u00dcberblick \u00fcber alle Leistungen!\"},{\"@type\":\"BreadcrumbList\",\"@id\":\"https:\\\/\\\/www.tirza-kirchner.de\\\/tierheilpraxis\\\/angebote-tirza-kirchner\\\/#breadcrumb\",\"itemListElement\":[{\"@type\":\"ListItem\",\"position\":1,\"name\":\"Startseite\",\"item\":\"https:\\\/\\\/www.tirza-kirchner.de\\\/tierheilpraxis\\\/\"},{\"@type\":\"ListItem\",\"position\":2,\"name\":\"Tierkommunikation\"}]},{\"@type\":\"WebSite\",\"@id\":\"https:\\\/\\\/www.tirza-kirchner.de\\\/tierheilpraxis\\\/#website\",\"url\":\"https:\\\/\\\/www.tirza-kirchner.de\\\/tierheilpraxis\\\/\",\"name\":\"Tier\",\"description\":\"Eine weitere Tirza Kirchner Website\",\"potentialAction\":[{\"@type\":\"SearchAction\",\"target\":{\"@type\":\"EntryPoint\",\"urlTemplate\":\"https:\\\/\\\/www.tirza-kirchner.de\\\/tierheilpraxis\\\/?s={search_term_string}\"},\"query-input\":{\"@type\":\"PropertyValueSpecification\",\"valueRequired\":true,\"valueName\":\"search_term_string\"}}],\"inLanguage\":\"de\"}]}<\/script>\n<!-- \/ Yoast SEO plugin. -->","yoast_head_json":{"title":"Tiergespr\u00e4che und Tiersuchen geh\u00f6ren zum Angebot von Tirza Kirchner","description":"Neben Seminaren geh\u00f6ren auch Tiergespr\u00e4che und Tiersuchen zum Angebot von Tirza Kirchner, der Tierkommunikatorin aus F\u00fcrth.","robots":{"index":"index","follow":"follow","max-snippet":"max-snippet:-1","max-image-preview":"max-image-preview:large","max-video-preview":"max-video-preview:-1"},"canonical":"https:\/\/www.tirza-kirchner.de\/tierheilpraxis\/angebote-tirza-kirchner\/","og_locale":"de_DE","og_type":"article","og_title":"Tiergespr\u00e4che und Tiersuchen geh\u00f6ren zum Angebot von Tirza Kirchner","og_description":"Neben Seminaren geh\u00f6ren auch Tiergespr\u00e4che und Tiersuchen zum Angebot von Tirza Kirchner, der Tierkommunikatorin aus F\u00fcrth.","og_url":"https:\/\/www.tirza-kirchner.de\/tierheilpraxis\/angebote-tirza-kirchner\/","og_site_name":"Tier","article_modified_time":"2026-03-31T13:48:02+00:00","og_image":[{"width":2132,"height":3016,"url":"https:\/\/www.tirza-kirchner.de\/tierheilpraxis\/wp-content\/uploads\/sites\/2\/2017\/02\/angebote-tirza-kirchner.jpg","type":"image\/jpeg"}],"twitter_card":"summary_large_image","twitter_misc":{"Gesch\u00e4tzte Lesezeit":"5\u00a0Minuten"},"schema":{"@context":"https:\/\/schema.org","@graph":[{"@type":"WebPage","@id":"https:\/\/www.tirza-kirchner.de\/tierheilpraxis\/angebote-tirza-kirchner\/","url":"https:\/\/www.tirza-kirchner.de\/tierheilpraxis\/angebote-tirza-kirchner\/","name":"Tiergespr\u00e4che und Tiersuchen geh\u00f6ren zum Angebot von Tirza Kirchner","isPartOf":{"@id":"https:\/\/www.tirza-kirchner.de\/tierheilpraxis\/#website"},"primaryImageOfPage":{"@id":"https:\/\/www.tirza-kirchner.de\/tierheilpraxis\/angebote-tirza-kirchner\/#primaryimage"},"image":{"@id":"https:\/\/www.tirza-kirchner.de\/tierheilpraxis\/angebote-tirza-kirchner\/#primaryimage"},"thumbnailUrl":"https:\/\/www.tirza-kirchner.de\/tierheilpraxis\/wp-content\/uploads\/sites\/2\/2017\/02\/angebote-tirza-kirchner-212x300.jpg","datePublished":"2017-02-06T16:05:46+00:00","dateModified":"2026-03-31T13:48:02+00:00","description":"Neben Seminaren geh\u00f6ren auch Tiergespr\u00e4che und Tiersuchen zum Angebot von Tirza Kirchner, der Tierkommunikatorin aus F\u00fcrth.","breadcrumb":{"@id":"https:\/\/www.tirza-kirchner.de\/tierheilpraxis\/angebote-tirza-kirchner\/#breadcrumb"},"inLanguage":"de","potentialAction":[{"@type":"ReadAction","target":["https:\/\/www.tirza-kirchner.de\/tierheilpraxis\/angebote-tirza-kirchner\/"]}]},{"@type":"ImageObject","inLanguage":"de","@id":"https:\/\/www.tirza-kirchner.de\/tierheilpraxis\/angebote-tirza-kirchner\/#primaryimage","url":"https:\/\/www.tirza-kirchner.de\/tierheilpraxis\/wp-content\/uploads\/sites\/2\/2017\/02\/angebote-tirza-kirchner.jpg","contentUrl":"https:\/\/www.tirza-kirchner.de\/tierheilpraxis\/wp-content\/uploads\/sites\/2\/2017\/02\/angebote-tirza-kirchner.jpg","width":2132,"height":3016,"caption":"Angebote von Tirza Kirchner: Verschaffen Sie sich einen \u00dcberblick \u00fcber alle Leistungen!"},{"@type":"BreadcrumbList","@id":"https:\/\/www.tirza-kirchner.de\/tierheilpraxis\/angebote-tirza-kirchner\/#breadcrumb","itemListElement":[{"@type":"ListItem","position":1,"name":"Startseite","item":"https:\/\/www.tirza-kirchner.de\/tierheilpraxis\/"},{"@type":"ListItem","position":2,"name":"Tierkommunikation"}]},{"@type":"WebSite","@id":"https:\/\/www.tirza-kirchner.de\/tierheilpraxis\/#website","url":"https:\/\/www.tirza-kirchner.de\/tierheilpraxis\/","name":"Tier","description":"Eine weitere Tirza Kirchner Website","potentialAction":[{"@type":"SearchAction","target":{"@type":"EntryPoint","urlTemplate":"https:\/\/www.tirza-kirchner.de\/tierheilpraxis\/?s={search_term_string}"},"query-input":{"@type":"PropertyValueSpecification","valueRequired":true,"valueName":"search_term_string"}}],"inLanguage":"de"}]}},"_links":{"self":[{"href":"https:\/\/www.tirza-kirchner.de\/tierheilpraxis\/wp-json\/wp\/v2\/pages\/36","targetHints":{"allow":["GET"]}}],"collection":[{"href":"https:\/\/www.tirza-kirchner.de\/tierheilpraxis\/wp-json\/wp\/v2\/pages"}],"about":[{"href":"https:\/\/www.tirza-kirchner.de\/tierheilpraxis\/wp-json\/wp\/v2\/types\/page"}],"author":[{"embeddable":true,"href":"https:\/\/www.tirza-kirchner.de\/tierheilpraxis\/wp-json\/wp\/v2\/users\/1"}],"replies":[{"embeddable":true,"href":"https:\/\/www.tirza-kirchner.de\/tierheilpraxis\/wp-json\/wp\/v2\/comments?post=36"}],"version-history":[{"count":37,"href":"https:\/\/www.tirza-kirchner.de\/tierheilpraxis\/wp-json\/wp\/v2\/pages\/36\/revisions"}],"predecessor-version":[{"id":659,"href":"https:\/\/www.tirza-kirchner.de\/tierheilpraxis\/wp-json\/wp\/v2\/pages\/36\/revisions\/659"}],"wp:attachment":[{"href":"https:\/\/www.tirza-kirchner.de\/tierheilpraxis\/wp-json\/wp\/v2\/media?parent=36"}],"curies":[{"name":"wp","href":"https:\/\/api.w.org\/{rel}","templated":true}]}}