{"id":356,"date":"2017-07-08T20:17:59","date_gmt":"2017-07-08T18:17:59","guid":{"rendered":"https:\/\/www.tirza-kirchner.de\/tierheilpraxis\/?page_id=356"},"modified":"2017-07-08T20:18:17","modified_gmt":"2017-07-08T18:18:17","slug":"kater-sunnys-wuensche-fuer-sein-grab","status":"publish","type":"page","link":"https:\/\/www.tirza-kirchner.de\/tierheilpraxis\/tierkommunikation\/beispiele\/kater-sunnys-wuensche-fuer-sein-grab\/","title":{"rendered":"Kater Sunnys W\u00fcnsche f\u00fcr sein Grab"},"content":{"rendered":"<div id=\"c102\" class=\"csc-default layout-0\">\n<div class=\"csc-header csc-header-n1\">\n<figure id=\"attachment_325\" aria-describedby=\"caption-attachment-325\" style=\"width: 160px\" class=\"wp-caption alignleft\"><img loading=\"lazy\" decoding=\"async\" class=\"size-medium wp-image-325\" src=\"https:\/\/www.tirza-kirchner.de\/tierheilpraxis\/wp-content\/uploads\/sites\/2\/2017\/02\/kater_sunny-170x300.jpg\" alt=\"\" width=\"170\" height=\"300\" srcset=\"https:\/\/www.tirza-kirchner.de\/tierheilpraxis\/wp-content\/uploads\/sites\/2\/2017\/02\/kater_sunny-170x300.jpg 170w, https:\/\/www.tirza-kirchner.de\/tierheilpraxis\/wp-content\/uploads\/sites\/2\/2017\/02\/kater_sunny.jpg 210w\" sizes=\"auto, (max-width: 170px) 100vw, 170px\" \/><figcaption id=\"caption-attachment-325\" class=\"wp-caption-text\">Kater Sunnys W\u00fcnsche f\u00fcr sein Grab<\/figcaption><\/figure>\n<p class=\"csc-firstHeader\">Kater Sunny war sehr krank und musste jung sterben. Sein Frauchen wollte von ihm wissen, wie er beerdigt werden m\u00f6chte.<\/p>\n<p class=\"csc-firstHeader\">Sunny beschrieb ganz genau den Platz f\u00fcr sein Grab. Dann schickte er noch das Bild von einem Komposthaufen mit hinterher. Ich konnte erst nichts damit anfangen. Aber genau dieser Komposthaufen war der Hinweis, der seinem Frauchen half, den Platz zu erkennen.<\/p>\n<p class=\"csc-firstHeader\">Au\u00dferdem zeigte er sein Lieblingsspielzeug, das oben auf sein Grab sollte. Nach dem Gespr\u00e4ch bekam ich ein Foto, das sein Lieblingsspielzeug zeigt und es war genau dieser Ball, der nun der Grabstein auf seinem Grab sein wird.<\/p>\n<\/div>\n<\/div>\n<div id=\"c138\" class=\"csc-default layout-0\">\n<div class=\"csc-header csc-header-n2\">\n<h1>Auszug aus dem Gespr\u00e4chsprotokoll<\/h1>\n<\/div>\n<p class=\"csc-frame-frame1\"><i>Ich hab kurz das Bild von einem kleinen Ball, ca. 5 cm Durchmesser, bunt gestreift, wei\u00df, rot, blau, gelb\u2026<\/i><\/p>\n<p class=\"csc-frame-frame1\">Meiner.<\/p>\n<p class=\"csc-frame-frame1\"><b>Hattest Du so einen Ball?<\/b><\/p>\n<p class=\"csc-frame-frame1\">Ich mag so einen Ball.<\/p>\n<p class=\"csc-frame-frame1\"><i>Ich hab das Bild, wie wenn so ein Ball auf seinem Grab oben drauf liegen soll. Wie ein Grabstein.<\/i><\/p>\n<p class=\"csc-frame-frame1\">Ja \u2013 das ist viel lustiger als ein Stein. Das bringt mich zum Lachen und Frauchen auch.<\/p>\n<p class=\"csc-frame-frame1\"><i>Ich sehe sie davor stehen und sie muss L\u00e4cheln, obwohl sie weint.<\/i><\/p>\n<p class=\"csc-frame-frame1\">\u2026\u00a0<b>Dein Frauchen fragt noch, wo Du Deinen K\u00f6rper gerne begraben haben m\u00f6chtest?<\/b><\/p>\n<p class=\"csc-frame-frame1\"><i>Ich hab wieder das Bild von einem kleinen bunten Ball, der auf einem Grabh\u00fcgel aus Erde \u201ethront\u201c.<\/i><\/p>\n<p class=\"csc-frame-frame1\"><i>Es ist ein lichter Platz zwischen B\u00e4umen. Es sind ein paar Nadelb\u00e4ume. Aber auch B\u00fcsche, die jetzt hellgr\u00fcne Bl\u00e4tter tragen. Es sieht f\u00fcr mich nach einem sehr hellen Platz aus. Der Boden ist mit gr\u00fcnem Gras bewachsen, obwohl B\u00e4ume (haupts\u00e4chlich Nadelb\u00e4ume) stehen. Aber sie stehen nicht eng, sondern es sind ein paar Meter dazwischen. Sie stehen eher vereinzelt. Oder es sind auch nur ein paar B\u00e4ume. Es ist kein Wald f\u00fcr mich. K\u00f6nnte ein Grundst\u00fcck oder ein Gartengrundst\u00fcck sein. Am Rand.<\/i><\/p>\n<p class=\"csc-frame-frame1\"><b>Magst Du mir noch einen Hinweis geben, damit Dein Frauchen den Platz erkennt?<\/b><\/p>\n<p class=\"csc-frame-frame1\"><i>Ich sehe einen hochgestellten Stein. Wie ein kleiner Fels. Er schwankt von der Gr\u00f6\u00dfe. Es kann sein, dass er zwar die Form eines hochgestellten Felsens hat, aber nur ca. 30 cm gro\u00df ist. Das kann ich nicht genau erkennen.<\/i><\/p>\n<p class=\"csc-frame-frame1\"><i>Der Platz ist eher ruhig. Jedenfalls h\u00f6rt man dort Insekten und V\u00f6gel. Obwohl er f\u00fcr mich nicht abgelegen erscheint. Es kann gut sein, dass das auf einem Grundst\u00fcck in einer Wohngegend ist. Und trotzdem strahlt der Ort eine Ruhe aus.<\/i><\/p>\n<p class=\"csc-frame-frame1\"><b>Dann hoffe ich mal, dass Dein Frauchen erkennt, was Du meinst?<\/b><\/p>\n<p class=\"csc-frame-frame1\"><i>Es schiebt sich noch kurz ein Bild von einem Garten \u2013 einer Kompostecke \u2013 mit hinein. Wie wenn das auch in der N\u00e4he w\u00e4re.<\/i><\/p>\n<p class=\"csc-frame-frame1\"><i>Und das Bild von Wasser. Flie\u00dfendem Wasser.<\/i><\/p>\n<p class=\"csc-frame-frame1\"><b>Bist Du sicher, dass das alles zu dem Platz geh\u00f6rt? Das ist etwas viel, oder?<\/b><\/p>\n<p class=\"csc-frame-frame1\"><i>Er sch\u00fcttelt den Kopf.<\/i><\/p>\n<p class=\"csc-frame-frame1\">Sie kennt den Platz. Sie wei\u00df ihn eh. Sie kann auf ihren Bauch h\u00f6ren. Das ist gut. Es gibt mehrere M\u00f6glichkeiten. Ein sch\u00f6ner Platz.<\/p>\n<p class=\"csc-frame-frame1\"><i>Er zeigt mir wieder den kleinen, braunen Erdh\u00fcgel im gr\u00fcnen Gras mit dem bunten Ball darauf. Es gaukelt ein Schmetterling vorbei und setzt sich f\u00fcr einen ganz kurzen Augenblick auf den Ball, bevor er weiter gaukelt. V\u00f6llig unbeschwert.<\/i><\/p>\n<p class=\"csc-frame-frame1\"><i>Wichtig erscheinen mir das gr\u00fcne Gras und die B\u00fcsche und Nadelb\u00e4ume. Diese tauchen immer wieder auf.<\/i><\/p>\n<p class=\"csc-frame-frame1\"><a href=\"https:\/\/www.tirza-kirchner.de\/tierheilpraxis\/tierkommunikation\/beispiele\/\">Zur\u00fcck zur \u00dcbersicht<\/a><\/p>\n<\/div>\n","protected":false},"excerpt":{"rendered":"<p>Kater Sunny war sehr krank und musste jung sterben. Sein Frauchen wollte von ihm wissen, wie er beerdigt werden m\u00f6chte. Sunny beschrieb ganz genau den Platz f\u00fcr sein Grab. Dann schickte er noch das Bild von einem Komposthaufen mit hinterher. Ich konnte erst nichts damit anfangen. Aber genau dieser Komposthaufen war der Hinweis, der seinem &#8230; <a title=\"Kater Sunnys W\u00fcnsche f\u00fcr sein Grab\" class=\"read-more\" href=\"https:\/\/www.tirza-kirchner.de\/tierheilpraxis\/tierkommunikation\/beispiele\/kater-sunnys-wuensche-fuer-sein-grab\/\" aria-label=\"Mehr Informationen \u00fcber Kater Sunnys W\u00fcnsche f\u00fcr sein Grab\">Weiterlesen<\/a><\/p>\n","protected":false},"author":1,"featured_media":0,"parent":31,"menu_order":0,"comment_status":"closed","ping_status":"closed","template":"","meta":{"generate_page_header":"","_mc_calendar":[],"footnotes":""},"class_list":["post-356","page","type-page","status-publish"],"yoast_head":"<!-- This site is optimized with the Yoast SEO plugin v27.4 - https:\/\/yoast.com\/product\/yoast-seo-wordpress\/ -->\n<title>Kater Sunnys W\u00fcnsche f\u00fcr sein Grab - Tier<\/title>\n<meta name=\"robots\" content=\"index, follow, max-snippet:-1, max-image-preview:large, max-video-preview:-1\" \/>\n<link rel=\"canonical\" href=\"https:\/\/www.tirza-kirchner.de\/tierheilpraxis\/tierkommunikation\/beispiele\/kater-sunnys-wuensche-fuer-sein-grab\/\" \/>\n<meta property=\"og:locale\" content=\"de_DE\" \/>\n<meta property=\"og:type\" content=\"article\" \/>\n<meta property=\"og:title\" content=\"Kater Sunnys W\u00fcnsche f\u00fcr sein Grab - Tier\" \/>\n<meta property=\"og:description\" content=\"Kater Sunny war sehr krank und musste jung sterben. Sein Frauchen wollte von ihm wissen, wie er beerdigt werden m\u00f6chte. Sunny beschrieb ganz genau den Platz f\u00fcr sein Grab. Dann schickte er noch das Bild von einem Komposthaufen mit hinterher. Ich konnte erst nichts damit anfangen. Aber genau dieser Komposthaufen war der Hinweis, der seinem ... Weiterlesen\" \/>\n<meta property=\"og:url\" content=\"https:\/\/www.tirza-kirchner.de\/tierheilpraxis\/tierkommunikation\/beispiele\/kater-sunnys-wuensche-fuer-sein-grab\/\" \/>\n<meta property=\"og:site_name\" content=\"Tier\" \/>\n<meta property=\"article:modified_time\" content=\"2017-07-08T18:18:17+00:00\" \/>\n<meta property=\"og:image\" content=\"https:\/\/www.tirza-kirchner.de\/tierheilpraxis\/wp-content\/uploads\/sites\/2\/2017\/02\/kater_sunny-170x300.jpg\" \/>\n<meta name=\"twitter:card\" content=\"summary_large_image\" \/>\n<meta name=\"twitter:label1\" content=\"Gesch\u00e4tzte Lesezeit\" \/>\n\t<meta name=\"twitter:data1\" content=\"3\u00a0Minuten\" \/>\n<script type=\"application\/ld+json\" class=\"yoast-schema-graph\">{\"@context\":\"https:\\\/\\\/schema.org\",\"@graph\":[{\"@type\":\"WebPage\",\"@id\":\"https:\\\/\\\/www.tirza-kirchner.de\\\/tierheilpraxis\\\/tierkommunikation\\\/beispiele\\\/kater-sunnys-wuensche-fuer-sein-grab\\\/\",\"url\":\"https:\\\/\\\/www.tirza-kirchner.de\\\/tierheilpraxis\\\/tierkommunikation\\\/beispiele\\\/kater-sunnys-wuensche-fuer-sein-grab\\\/\",\"name\":\"Kater Sunnys W\u00fcnsche f\u00fcr sein Grab - Tier\",\"isPartOf\":{\"@id\":\"https:\\\/\\\/www.tirza-kirchner.de\\\/tierheilpraxis\\\/#website\"},\"primaryImageOfPage\":{\"@id\":\"https:\\\/\\\/www.tirza-kirchner.de\\\/tierheilpraxis\\\/tierkommunikation\\\/beispiele\\\/kater-sunnys-wuensche-fuer-sein-grab\\\/#primaryimage\"},\"image\":{\"@id\":\"https:\\\/\\\/www.tirza-kirchner.de\\\/tierheilpraxis\\\/tierkommunikation\\\/beispiele\\\/kater-sunnys-wuensche-fuer-sein-grab\\\/#primaryimage\"},\"thumbnailUrl\":\"https:\\\/\\\/www.tirza-kirchner.de\\\/tierheilpraxis\\\/wp-content\\\/uploads\\\/sites\\\/2\\\/2017\\\/02\\\/kater_sunny-170x300.jpg\",\"datePublished\":\"2017-07-08T18:17:59+00:00\",\"dateModified\":\"2017-07-08T18:18:17+00:00\",\"breadcrumb\":{\"@id\":\"https:\\\/\\\/www.tirza-kirchner.de\\\/tierheilpraxis\\\/tierkommunikation\\\/beispiele\\\/kater-sunnys-wuensche-fuer-sein-grab\\\/#breadcrumb\"},\"inLanguage\":\"de\",\"potentialAction\":[{\"@type\":\"ReadAction\",\"target\":[\"https:\\\/\\\/www.tirza-kirchner.de\\\/tierheilpraxis\\\/tierkommunikation\\\/beispiele\\\/kater-sunnys-wuensche-fuer-sein-grab\\\/\"]}]},{\"@type\":\"ImageObject\",\"inLanguage\":\"de\",\"@id\":\"https:\\\/\\\/www.tirza-kirchner.de\\\/tierheilpraxis\\\/tierkommunikation\\\/beispiele\\\/kater-sunnys-wuensche-fuer-sein-grab\\\/#primaryimage\",\"url\":\"https:\\\/\\\/www.tirza-kirchner.de\\\/tierheilpraxis\\\/wp-content\\\/uploads\\\/sites\\\/2\\\/2017\\\/02\\\/kater_sunny.jpg\",\"contentUrl\":\"https:\\\/\\\/www.tirza-kirchner.de\\\/tierheilpraxis\\\/wp-content\\\/uploads\\\/sites\\\/2\\\/2017\\\/02\\\/kater_sunny.jpg\",\"width\":210,\"height\":370,\"caption\":\"Kater Sunnys W\u00fcnsche f\u00fcr sein Grab\"},{\"@type\":\"BreadcrumbList\",\"@id\":\"https:\\\/\\\/www.tirza-kirchner.de\\\/tierheilpraxis\\\/tierkommunikation\\\/beispiele\\\/kater-sunnys-wuensche-fuer-sein-grab\\\/#breadcrumb\",\"itemListElement\":[{\"@type\":\"ListItem\",\"position\":1,\"name\":\"Startseite\",\"item\":\"https:\\\/\\\/www.tirza-kirchner.de\\\/tierheilpraxis\\\/\"},{\"@type\":\"ListItem\",\"position\":2,\"name\":\"Tierkommunikation\",\"item\":\"https:\\\/\\\/www.tirza-kirchner.de\\\/tierheilpraxis\\\/tierkommunikation\\\/\"},{\"@type\":\"ListItem\",\"position\":3,\"name\":\"Beispiele aus der Tierkommunikation\",\"item\":\"https:\\\/\\\/www.tirza-kirchner.de\\\/tierheilpraxis\\\/tierkommunikation\\\/beispiele\\\/\"},{\"@type\":\"ListItem\",\"position\":4,\"name\":\"Kater Sunnys W\u00fcnsche f\u00fcr sein Grab\"}]},{\"@type\":\"WebSite\",\"@id\":\"https:\\\/\\\/www.tirza-kirchner.de\\\/tierheilpraxis\\\/#website\",\"url\":\"https:\\\/\\\/www.tirza-kirchner.de\\\/tierheilpraxis\\\/\",\"name\":\"Tier\",\"description\":\"Eine weitere Tirza Kirchner Website\",\"potentialAction\":[{\"@type\":\"SearchAction\",\"target\":{\"@type\":\"EntryPoint\",\"urlTemplate\":\"https:\\\/\\\/www.tirza-kirchner.de\\\/tierheilpraxis\\\/?s={search_term_string}\"},\"query-input\":{\"@type\":\"PropertyValueSpecification\",\"valueRequired\":true,\"valueName\":\"search_term_string\"}}],\"inLanguage\":\"de\"}]}<\/script>\n<!-- \/ Yoast SEO plugin. -->","yoast_head_json":{"title":"Kater Sunnys W\u00fcnsche f\u00fcr sein Grab - Tier","robots":{"index":"index","follow":"follow","max-snippet":"max-snippet:-1","max-image-preview":"max-image-preview:large","max-video-preview":"max-video-preview:-1"},"canonical":"https:\/\/www.tirza-kirchner.de\/tierheilpraxis\/tierkommunikation\/beispiele\/kater-sunnys-wuensche-fuer-sein-grab\/","og_locale":"de_DE","og_type":"article","og_title":"Kater Sunnys W\u00fcnsche f\u00fcr sein Grab - Tier","og_description":"Kater Sunny war sehr krank und musste jung sterben. Sein Frauchen wollte von ihm wissen, wie er beerdigt werden m\u00f6chte. Sunny beschrieb ganz genau den Platz f\u00fcr sein Grab. Dann schickte er noch das Bild von einem Komposthaufen mit hinterher. Ich konnte erst nichts damit anfangen. Aber genau dieser Komposthaufen war der Hinweis, der seinem ... Weiterlesen","og_url":"https:\/\/www.tirza-kirchner.de\/tierheilpraxis\/tierkommunikation\/beispiele\/kater-sunnys-wuensche-fuer-sein-grab\/","og_site_name":"Tier","article_modified_time":"2017-07-08T18:18:17+00:00","og_image":[{"url":"https:\/\/www.tirza-kirchner.de\/tierheilpraxis\/wp-content\/uploads\/sites\/2\/2017\/02\/kater_sunny-170x300.jpg","type":"","width":"","height":""}],"twitter_card":"summary_large_image","twitter_misc":{"Gesch\u00e4tzte Lesezeit":"3\u00a0Minuten"},"schema":{"@context":"https:\/\/schema.org","@graph":[{"@type":"WebPage","@id":"https:\/\/www.tirza-kirchner.de\/tierheilpraxis\/tierkommunikation\/beispiele\/kater-sunnys-wuensche-fuer-sein-grab\/","url":"https:\/\/www.tirza-kirchner.de\/tierheilpraxis\/tierkommunikation\/beispiele\/kater-sunnys-wuensche-fuer-sein-grab\/","name":"Kater Sunnys W\u00fcnsche f\u00fcr sein Grab - Tier","isPartOf":{"@id":"https:\/\/www.tirza-kirchner.de\/tierheilpraxis\/#website"},"primaryImageOfPage":{"@id":"https:\/\/www.tirza-kirchner.de\/tierheilpraxis\/tierkommunikation\/beispiele\/kater-sunnys-wuensche-fuer-sein-grab\/#primaryimage"},"image":{"@id":"https:\/\/www.tirza-kirchner.de\/tierheilpraxis\/tierkommunikation\/beispiele\/kater-sunnys-wuensche-fuer-sein-grab\/#primaryimage"},"thumbnailUrl":"https:\/\/www.tirza-kirchner.de\/tierheilpraxis\/wp-content\/uploads\/sites\/2\/2017\/02\/kater_sunny-170x300.jpg","datePublished":"2017-07-08T18:17:59+00:00","dateModified":"2017-07-08T18:18:17+00:00","breadcrumb":{"@id":"https:\/\/www.tirza-kirchner.de\/tierheilpraxis\/tierkommunikation\/beispiele\/kater-sunnys-wuensche-fuer-sein-grab\/#breadcrumb"},"inLanguage":"de","potentialAction":[{"@type":"ReadAction","target":["https:\/\/www.tirza-kirchner.de\/tierheilpraxis\/tierkommunikation\/beispiele\/kater-sunnys-wuensche-fuer-sein-grab\/"]}]},{"@type":"ImageObject","inLanguage":"de","@id":"https:\/\/www.tirza-kirchner.de\/tierheilpraxis\/tierkommunikation\/beispiele\/kater-sunnys-wuensche-fuer-sein-grab\/#primaryimage","url":"https:\/\/www.tirza-kirchner.de\/tierheilpraxis\/wp-content\/uploads\/sites\/2\/2017\/02\/kater_sunny.jpg","contentUrl":"https:\/\/www.tirza-kirchner.de\/tierheilpraxis\/wp-content\/uploads\/sites\/2\/2017\/02\/kater_sunny.jpg","width":210,"height":370,"caption":"Kater Sunnys W\u00fcnsche f\u00fcr sein Grab"},{"@type":"BreadcrumbList","@id":"https:\/\/www.tirza-kirchner.de\/tierheilpraxis\/tierkommunikation\/beispiele\/kater-sunnys-wuensche-fuer-sein-grab\/#breadcrumb","itemListElement":[{"@type":"ListItem","position":1,"name":"Startseite","item":"https:\/\/www.tirza-kirchner.de\/tierheilpraxis\/"},{"@type":"ListItem","position":2,"name":"Tierkommunikation","item":"https:\/\/www.tirza-kirchner.de\/tierheilpraxis\/tierkommunikation\/"},{"@type":"ListItem","position":3,"name":"Beispiele aus der Tierkommunikation","item":"https:\/\/www.tirza-kirchner.de\/tierheilpraxis\/tierkommunikation\/beispiele\/"},{"@type":"ListItem","position":4,"name":"Kater Sunnys W\u00fcnsche f\u00fcr sein Grab"}]},{"@type":"WebSite","@id":"https:\/\/www.tirza-kirchner.de\/tierheilpraxis\/#website","url":"https:\/\/www.tirza-kirchner.de\/tierheilpraxis\/","name":"Tier","description":"Eine weitere Tirza Kirchner Website","potentialAction":[{"@type":"SearchAction","target":{"@type":"EntryPoint","urlTemplate":"https:\/\/www.tirza-kirchner.de\/tierheilpraxis\/?s={search_term_string}"},"query-input":{"@type":"PropertyValueSpecification","valueRequired":true,"valueName":"search_term_string"}}],"inLanguage":"de"}]}},"_links":{"self":[{"href":"https:\/\/www.tirza-kirchner.de\/tierheilpraxis\/wp-json\/wp\/v2\/pages\/356","targetHints":{"allow":["GET"]}}],"collection":[{"href":"https:\/\/www.tirza-kirchner.de\/tierheilpraxis\/wp-json\/wp\/v2\/pages"}],"about":[{"href":"https:\/\/www.tirza-kirchner.de\/tierheilpraxis\/wp-json\/wp\/v2\/types\/page"}],"author":[{"embeddable":true,"href":"https:\/\/www.tirza-kirchner.de\/tierheilpraxis\/wp-json\/wp\/v2\/users\/1"}],"replies":[{"embeddable":true,"href":"https:\/\/www.tirza-kirchner.de\/tierheilpraxis\/wp-json\/wp\/v2\/comments?post=356"}],"version-history":[{"count":2,"href":"https:\/\/www.tirza-kirchner.de\/tierheilpraxis\/wp-json\/wp\/v2\/pages\/356\/revisions"}],"predecessor-version":[{"id":358,"href":"https:\/\/www.tirza-kirchner.de\/tierheilpraxis\/wp-json\/wp\/v2\/pages\/356\/revisions\/358"}],"up":[{"embeddable":true,"href":"https:\/\/www.tirza-kirchner.de\/tierheilpraxis\/wp-json\/wp\/v2\/pages\/31"}],"wp:attachment":[{"href":"https:\/\/www.tirza-kirchner.de\/tierheilpraxis\/wp-json\/wp\/v2\/media?parent=356"}],"curies":[{"name":"wp","href":"https:\/\/api.w.org\/{rel}","templated":true}]}}