{"id":354,"date":"2017-07-08T20:15:22","date_gmt":"2017-07-08T18:15:22","guid":{"rendered":"https:\/\/www.tirza-kirchner.de\/tierheilpraxis\/?page_id=354"},"modified":"2017-07-08T20:19:09","modified_gmt":"2017-07-08T18:19:09","slug":"huendin-maras-letzte-wuensche","status":"publish","type":"page","link":"https:\/\/www.tirza-kirchner.de\/tierheilpraxis\/tierkommunikation\/beispiele\/huendin-maras-letzte-wuensche\/","title":{"rendered":"H\u00fcndin Maras letzte W\u00fcnsche"},"content":{"rendered":"<div id=\"c101\" class=\"csc-default layout-0\">\n<div class=\"csc-header csc-header-n1\">\n<figure id=\"attachment_320\" aria-describedby=\"caption-attachment-320\" style=\"width: 160px\" class=\"wp-caption alignleft\"><img loading=\"lazy\" decoding=\"async\" class=\"size-medium wp-image-320\" src=\"https:\/\/www.tirza-kirchner.de\/tierheilpraxis\/wp-content\/uploads\/sites\/2\/2017\/02\/huendin_mara-170x300.jpg\" alt=\"\" width=\"170\" height=\"300\" srcset=\"https:\/\/www.tirza-kirchner.de\/tierheilpraxis\/wp-content\/uploads\/sites\/2\/2017\/02\/huendin_mara-170x300.jpg 170w, https:\/\/www.tirza-kirchner.de\/tierheilpraxis\/wp-content\/uploads\/sites\/2\/2017\/02\/huendin_mara.jpg 210w\" sizes=\"auto, (max-width: 170px) 100vw, 170px\" \/><figcaption id=\"caption-attachment-320\" class=\"wp-caption-text\">H\u00fcndin Maras letzte W\u00fcnsche<\/figcaption><\/figure>\n<p class=\"csc-firstHeader\">Die alte H\u00fcndin Mara wollte nicht eingeschl\u00e4fert werden. Egal wie krank sie war, wollte sie jede freie Minute mit Ihrer Besitzerin genie\u00dfen, mit der sie bereits von klein auf durch Dick und D\u00fcnn gegangen war.<\/p>\n<p class=\"csc-firstHeader\">Ihr Frauchen sollte Mara \u00fcberall mit hinnehmen, auch wenn ihr das Laufen schwerfiel. Sie wollte mit ihr noch Lachen und auch Weinen. Ihr Frauchen sollte ihre Tr\u00e4nen nicht vor ihr verstecken. Ihr Frauchen hielt sich sehr lange an Maras Worte. Als Mara zu sehr litt, brachte sie sie dann doch zum Tierarzt zum Einschl\u00e4fern. Danach entschuldigte sie sich bei ihrer H\u00fcndin. Mara meinte nur darauf: \u201eEs ist in Ordnung. Aber wir zwei h\u00e4tten noch so viel \u00fcber Schmerzen lernen k\u00f6nnen.\u201c<\/p>\n<h2 class=\"csc-firstHeader\">Auszug aus dem Gespr\u00e4chsprotokoll<\/h2>\n<p class=\"csc-firstHeader\"><b>\u2026 Mara, \u00fcberleg Dir doch mal, was gut f\u00fcr Dich ist und sag es mir. Das w\u00fcrde Dein Frauchen so gerne f\u00fcr Dich tun.<\/b><\/p>\n<p class=\"csc-firstHeader\">Sie soll mich ganz arg lieb haben und knuddeln. Das mag ich so gerne und im Arm halten. Ganz nah bei mir sein.<\/p>\n<p class=\"csc-firstHeader\"><b>Kann sie noch etwas f\u00fcr Deine Gesundheit tun?<\/b><\/p>\n<p class=\"csc-firstHeader\">Da sieht es nicht so toll aus. Hilft alles nicht mehr wirklich. Die Schmerzmittel schlagen mir auf den Magen und die Verdauung. Sie helfen schon. Aber die Nebenwirkungen sind nicht gut. Hab danach lange dran zu knabbern. Mag sie nicht mehr.<\/p>\n<p class=\"csc-firstHeader\"><b>Willst Du andere? Vielleicht hom\u00f6opathische?<\/b><\/p>\n<p class=\"csc-firstHeader\">Mag eigentlich gar nichts mehr haben. Will meine Ruhe. Will alles sehen. Will Abschied nehmen von allem. Mein Frauchen soll ganz eng bei mir sein und mich festhalten. Sie darf auch weinen. Dann weinen wir zusammen.<\/p>\n<p class=\"csc-firstHeader\"><i>Sp\u00fcre einen Klo\u00df im Hals und ganz viel Traurigkeit.<\/i><\/p>\n<p class=\"csc-firstHeader\">Will mich von allen verabschieden k\u00f6nnen. Es soll alles ganz normal sein. So wie immer. Keine besonderen Aktionen. Keine Tierarztbesuche. Kein Aufwand. Nichts Au\u00dfergew\u00f6hnliches. Nur Ruhe, Abschied und f\u00fcreinander da sein. Und ich will zu den Pferden.<\/p>\n<p class=\"csc-firstHeader\"><b>Davon hat Dein Frauchen gesprochen. Gef\u00e4llt es Dir bei den Pferden?<\/b><\/p>\n<p class=\"csc-firstHeader\">Ja. Sehr gut. Dort gibt es sooo viel zu sehen. Lauter liebe Tiere. Und auch Menschen. Aber nicht alle. Alle mag ich nicht.<\/p>\n<p class=\"csc-firstHeader\"><b>Das hei\u00dft Du willst auf jeden Fall mit, wenn Dein Frauchen zum Stall f\u00e4hrt.<\/b><\/p>\n<p class=\"csc-firstHeader\">Klar. Sie soll mich mitnehmen. Mag nicht alleine sein. Nicht alleine daheim. Will bei ihr sein. Die Zeit die uns noch bleibt, will ich bei ihr sein.\u00a0<i>Sp\u00fcre schon wieder G\u00e4nsehaut den R\u00fccken hoch kriechen.<\/i><\/p>\n<p class=\"csc-firstHeader\">Sie soll alles zusammen mit mir machen. Mich mitnehmen. Ganz normal mit mir umgehen. So als w\u00e4re nichts. Keine besonderen Aktionen.<\/p>\n<p class=\"csc-firstHeader\"><b>Auch kein Tierarztbesuch?<\/b><\/p>\n<p class=\"csc-firstHeader\">Nein. Kein Tierarztbesuch!!!! Sie sagt es mit ganz besonderer Betonung. Es scheint ihr sehr wichtig zu sein.<\/p>\n<p class=\"csc-firstHeader\">Das hilft nicht. Bringt nur Unruhe. Ich will Ruhe. Abschiednehmen und Zeit mit meinem Frauchen verbringen.<\/p>\n<p class=\"csc-firstHeader\"><b>Trotzdem noch mal: Gibt es nicht irgendeine Medizin, die Dir helfen k\u00f6nnte? Jetzt oder sp\u00e4ter?<\/b><\/p>\n<p class=\"csc-firstHeader\">Hmmm \u2013 f\u00e4llt mir jetzt nichts ein. Tee. Tee mag ich schlappern. Sie zeigt mir ein Sch\u00e4lchen mit Tee. Ich schmecke leicht ges\u00fc\u00dften Tee.<\/p>\n<p class=\"csc-firstHeader\"><b>Magst Du s\u00fc\u00dfen Tee?!?<\/b><\/p>\n<p class=\"csc-firstHeader\">Ja.\u00a0<i>Sie grinst.<\/i>\u00a0Mag s\u00fc\u00dfe Sachen. Mag s\u00fc\u00dfen Tee schlappern.\u00a0<i>Es sieht eher nach Honig als nach Zucker aus.<\/i><\/p>\n<p class=\"csc-firstHeader\">Mein Frauchen kann mir leckeren, s\u00fc\u00dfen Tee kochen. Da kann sie die Heilpflanzen drin verpacken. Vielleicht auch was zur Beruhigung. Melisse. Das beruhigt mich und meinen Magen. Sie kann den Tee auch gleich mittrinken. Kann sie gebrauchen.<\/p>\n<p class=\"csc-firstHeader\"><b>Wie sieht es mit den Beinwellumschl\u00e4gen aus? Tun die Dir gut.<\/b><\/p>\n<p class=\"csc-firstHeader\">Naja \u2013 hilft nicht so sehr viel. Aber mein Frauchen beruhigt das. Also mache ich halt mit.<\/p>\n<p class=\"csc-firstHeader\"><b>Soll sie die Umschl\u00e4ge lieber weglassen?<\/b><\/p>\n<p class=\"csc-firstHeader\">Wenn ich es mir aussuchen kann, dann ja \u2013 lieber weglassen. M\u00f6glichst alles weglassen. Alles ganz nat\u00fcrlich seinen Lauf gehen lassen. Loslassen. Verabschieden.<\/p>\n<p class=\"csc-firstHeader\"><i>Sp\u00fcre schon wieder die G\u00e4nsehaut hochkriechen.<\/i><\/p>\n<p class=\"csc-firstHeader\"><b>Du hast doch vorhin von der Melisse gesprochen. Was h\u00e4ltst du davon, dass Du die auch hom\u00f6opathisch nimmst? Hilft doch auch etwas gegen die Schmerzen.<\/b><\/p>\n<p class=\"csc-firstHeader\">Das w\u00e4re schon ok. Melisse mag ich. Und ich mag die s\u00fc\u00dfen K\u00fcgelchen \ud83d\ude42<\/p>\n<p class=\"csc-firstHeader\">Aber das reicht dann schon.<\/p>\n<p class=\"csc-firstHeader\"><b>Mara, ich m\u00f6chte ganz sicher sein. Das hei\u00dft Du magst nicht noch mal eine Diagnose gestellt bekommen?<\/b><\/p>\n<p class=\"csc-firstHeader\">NEIN. Ist doch alles klar. Bin alt. Mein K\u00f6rper mag nicht mehr. Auch wenn ich so gerne wollte. Aber irgendwann wird es zur Qual &#8230;<\/p>\n<p class=\"csc-firstHeader\"><a href=\"https:\/\/www.tirza-kirchner.de\/tierheilpraxis\/tierkommunikation\/beispiele\/\">Zur\u00fcck zur \u00dcbersicht<\/a><\/p>\n<\/div>\n<\/div>\n","protected":false},"excerpt":{"rendered":"<p>Die alte H\u00fcndin Mara wollte nicht eingeschl\u00e4fert werden. Egal wie krank sie war, wollte sie jede freie Minute mit Ihrer Besitzerin genie\u00dfen, mit der sie bereits von klein auf durch Dick und D\u00fcnn gegangen war. Ihr Frauchen sollte Mara \u00fcberall mit hinnehmen, auch wenn ihr das Laufen schwerfiel. Sie wollte mit ihr noch Lachen und &#8230; <a title=\"H\u00fcndin Maras letzte W\u00fcnsche\" class=\"read-more\" href=\"https:\/\/www.tirza-kirchner.de\/tierheilpraxis\/tierkommunikation\/beispiele\/huendin-maras-letzte-wuensche\/\" aria-label=\"Mehr Informationen \u00fcber H\u00fcndin Maras letzte W\u00fcnsche\">Weiterlesen<\/a><\/p>\n","protected":false},"author":1,"featured_media":0,"parent":31,"menu_order":0,"comment_status":"closed","ping_status":"closed","template":"","meta":{"generate_page_header":"","_mc_calendar":[],"footnotes":""},"class_list":["post-354","page","type-page","status-publish"],"yoast_head":"<!-- This site is optimized with the Yoast SEO plugin v27.1.1 - https:\/\/yoast.com\/product\/yoast-seo-wordpress\/ -->\n<title>H\u00fcndin Maras letzte W\u00fcnsche - Tier<\/title>\n<meta name=\"robots\" content=\"index, follow, max-snippet:-1, max-image-preview:large, max-video-preview:-1\" \/>\n<link rel=\"canonical\" href=\"https:\/\/www.tirza-kirchner.de\/tierheilpraxis\/tierkommunikation\/beispiele\/huendin-maras-letzte-wuensche\/\" \/>\n<meta property=\"og:locale\" content=\"de_DE\" \/>\n<meta property=\"og:type\" content=\"article\" \/>\n<meta property=\"og:title\" content=\"H\u00fcndin Maras letzte W\u00fcnsche - Tier\" \/>\n<meta property=\"og:description\" content=\"Die alte H\u00fcndin Mara wollte nicht eingeschl\u00e4fert werden. Egal wie krank sie war, wollte sie jede freie Minute mit Ihrer Besitzerin genie\u00dfen, mit der sie bereits von klein auf durch Dick und D\u00fcnn gegangen war. Ihr Frauchen sollte Mara \u00fcberall mit hinnehmen, auch wenn ihr das Laufen schwerfiel. Sie wollte mit ihr noch Lachen und ... Weiterlesen\" \/>\n<meta property=\"og:url\" content=\"https:\/\/www.tirza-kirchner.de\/tierheilpraxis\/tierkommunikation\/beispiele\/huendin-maras-letzte-wuensche\/\" \/>\n<meta property=\"og:site_name\" content=\"Tier\" \/>\n<meta property=\"article:modified_time\" content=\"2017-07-08T18:19:09+00:00\" \/>\n<meta property=\"og:image\" content=\"https:\/\/www.tirza-kirchner.de\/tierheilpraxis\/wp-content\/uploads\/sites\/2\/2017\/02\/huendin_mara-170x300.jpg\" \/>\n<meta name=\"twitter:card\" content=\"summary_large_image\" \/>\n<meta name=\"twitter:label1\" content=\"Gesch\u00e4tzte Lesezeit\" \/>\n\t<meta name=\"twitter:data1\" content=\"4\u00a0Minuten\" \/>\n<script type=\"application\/ld+json\" class=\"yoast-schema-graph\">{\"@context\":\"https:\/\/schema.org\",\"@graph\":[{\"@type\":\"WebPage\",\"@id\":\"https:\/\/www.tirza-kirchner.de\/tierheilpraxis\/tierkommunikation\/beispiele\/huendin-maras-letzte-wuensche\/\",\"url\":\"https:\/\/www.tirza-kirchner.de\/tierheilpraxis\/tierkommunikation\/beispiele\/huendin-maras-letzte-wuensche\/\",\"name\":\"H\u00fcndin Maras letzte W\u00fcnsche - Tier\",\"isPartOf\":{\"@id\":\"https:\/\/www.tirza-kirchner.de\/tierheilpraxis\/#website\"},\"primaryImageOfPage\":{\"@id\":\"https:\/\/www.tirza-kirchner.de\/tierheilpraxis\/tierkommunikation\/beispiele\/huendin-maras-letzte-wuensche\/#primaryimage\"},\"image\":{\"@id\":\"https:\/\/www.tirza-kirchner.de\/tierheilpraxis\/tierkommunikation\/beispiele\/huendin-maras-letzte-wuensche\/#primaryimage\"},\"thumbnailUrl\":\"https:\/\/www.tirza-kirchner.de\/tierheilpraxis\/wp-content\/uploads\/sites\/2\/2017\/02\/huendin_mara-170x300.jpg\",\"datePublished\":\"2017-07-08T18:15:22+00:00\",\"dateModified\":\"2017-07-08T18:19:09+00:00\",\"breadcrumb\":{\"@id\":\"https:\/\/www.tirza-kirchner.de\/tierheilpraxis\/tierkommunikation\/beispiele\/huendin-maras-letzte-wuensche\/#breadcrumb\"},\"inLanguage\":\"de\",\"potentialAction\":[{\"@type\":\"ReadAction\",\"target\":[\"https:\/\/www.tirza-kirchner.de\/tierheilpraxis\/tierkommunikation\/beispiele\/huendin-maras-letzte-wuensche\/\"]}]},{\"@type\":\"ImageObject\",\"inLanguage\":\"de\",\"@id\":\"https:\/\/www.tirza-kirchner.de\/tierheilpraxis\/tierkommunikation\/beispiele\/huendin-maras-letzte-wuensche\/#primaryimage\",\"url\":\"https:\/\/www.tirza-kirchner.de\/tierheilpraxis\/wp-content\/uploads\/sites\/2\/2017\/02\/huendin_mara.jpg\",\"contentUrl\":\"https:\/\/www.tirza-kirchner.de\/tierheilpraxis\/wp-content\/uploads\/sites\/2\/2017\/02\/huendin_mara.jpg\",\"width\":210,\"height\":370,\"caption\":\"H\u00fcndin Maras letzte W\u00fcnsche\"},{\"@type\":\"BreadcrumbList\",\"@id\":\"https:\/\/www.tirza-kirchner.de\/tierheilpraxis\/tierkommunikation\/beispiele\/huendin-maras-letzte-wuensche\/#breadcrumb\",\"itemListElement\":[{\"@type\":\"ListItem\",\"position\":1,\"name\":\"Startseite\",\"item\":\"https:\/\/www.tirza-kirchner.de\/tierheilpraxis\/\"},{\"@type\":\"ListItem\",\"position\":2,\"name\":\"Tierkommunikation\",\"item\":\"https:\/\/www.tirza-kirchner.de\/tierheilpraxis\/tierkommunikation\/\"},{\"@type\":\"ListItem\",\"position\":3,\"name\":\"Beispiele aus der Tierkommunikation\",\"item\":\"https:\/\/www.tirza-kirchner.de\/tierheilpraxis\/tierkommunikation\/beispiele\/\"},{\"@type\":\"ListItem\",\"position\":4,\"name\":\"H\u00fcndin Maras letzte W\u00fcnsche\"}]},{\"@type\":\"WebSite\",\"@id\":\"https:\/\/www.tirza-kirchner.de\/tierheilpraxis\/#website\",\"url\":\"https:\/\/www.tirza-kirchner.de\/tierheilpraxis\/\",\"name\":\"Tier\",\"description\":\"Eine weitere Tirza Kirchner Website\",\"potentialAction\":[{\"@type\":\"SearchAction\",\"target\":{\"@type\":\"EntryPoint\",\"urlTemplate\":\"https:\/\/www.tirza-kirchner.de\/tierheilpraxis\/?s={search_term_string}\"},\"query-input\":{\"@type\":\"PropertyValueSpecification\",\"valueRequired\":true,\"valueName\":\"search_term_string\"}}],\"inLanguage\":\"de\"}]}<\/script>\n<!-- \/ Yoast SEO plugin. -->","yoast_head_json":{"title":"H\u00fcndin Maras letzte W\u00fcnsche - Tier","robots":{"index":"index","follow":"follow","max-snippet":"max-snippet:-1","max-image-preview":"max-image-preview:large","max-video-preview":"max-video-preview:-1"},"canonical":"https:\/\/www.tirza-kirchner.de\/tierheilpraxis\/tierkommunikation\/beispiele\/huendin-maras-letzte-wuensche\/","og_locale":"de_DE","og_type":"article","og_title":"H\u00fcndin Maras letzte W\u00fcnsche - Tier","og_description":"Die alte H\u00fcndin Mara wollte nicht eingeschl\u00e4fert werden. Egal wie krank sie war, wollte sie jede freie Minute mit Ihrer Besitzerin genie\u00dfen, mit der sie bereits von klein auf durch Dick und D\u00fcnn gegangen war. Ihr Frauchen sollte Mara \u00fcberall mit hinnehmen, auch wenn ihr das Laufen schwerfiel. Sie wollte mit ihr noch Lachen und ... Weiterlesen","og_url":"https:\/\/www.tirza-kirchner.de\/tierheilpraxis\/tierkommunikation\/beispiele\/huendin-maras-letzte-wuensche\/","og_site_name":"Tier","article_modified_time":"2017-07-08T18:19:09+00:00","og_image":[{"url":"https:\/\/www.tirza-kirchner.de\/tierheilpraxis\/wp-content\/uploads\/sites\/2\/2017\/02\/huendin_mara-170x300.jpg","type":"","width":"","height":""}],"twitter_card":"summary_large_image","twitter_misc":{"Gesch\u00e4tzte Lesezeit":"4\u00a0Minuten"},"schema":{"@context":"https:\/\/schema.org","@graph":[{"@type":"WebPage","@id":"https:\/\/www.tirza-kirchner.de\/tierheilpraxis\/tierkommunikation\/beispiele\/huendin-maras-letzte-wuensche\/","url":"https:\/\/www.tirza-kirchner.de\/tierheilpraxis\/tierkommunikation\/beispiele\/huendin-maras-letzte-wuensche\/","name":"H\u00fcndin Maras letzte W\u00fcnsche - Tier","isPartOf":{"@id":"https:\/\/www.tirza-kirchner.de\/tierheilpraxis\/#website"},"primaryImageOfPage":{"@id":"https:\/\/www.tirza-kirchner.de\/tierheilpraxis\/tierkommunikation\/beispiele\/huendin-maras-letzte-wuensche\/#primaryimage"},"image":{"@id":"https:\/\/www.tirza-kirchner.de\/tierheilpraxis\/tierkommunikation\/beispiele\/huendin-maras-letzte-wuensche\/#primaryimage"},"thumbnailUrl":"https:\/\/www.tirza-kirchner.de\/tierheilpraxis\/wp-content\/uploads\/sites\/2\/2017\/02\/huendin_mara-170x300.jpg","datePublished":"2017-07-08T18:15:22+00:00","dateModified":"2017-07-08T18:19:09+00:00","breadcrumb":{"@id":"https:\/\/www.tirza-kirchner.de\/tierheilpraxis\/tierkommunikation\/beispiele\/huendin-maras-letzte-wuensche\/#breadcrumb"},"inLanguage":"de","potentialAction":[{"@type":"ReadAction","target":["https:\/\/www.tirza-kirchner.de\/tierheilpraxis\/tierkommunikation\/beispiele\/huendin-maras-letzte-wuensche\/"]}]},{"@type":"ImageObject","inLanguage":"de","@id":"https:\/\/www.tirza-kirchner.de\/tierheilpraxis\/tierkommunikation\/beispiele\/huendin-maras-letzte-wuensche\/#primaryimage","url":"https:\/\/www.tirza-kirchner.de\/tierheilpraxis\/wp-content\/uploads\/sites\/2\/2017\/02\/huendin_mara.jpg","contentUrl":"https:\/\/www.tirza-kirchner.de\/tierheilpraxis\/wp-content\/uploads\/sites\/2\/2017\/02\/huendin_mara.jpg","width":210,"height":370,"caption":"H\u00fcndin Maras letzte W\u00fcnsche"},{"@type":"BreadcrumbList","@id":"https:\/\/www.tirza-kirchner.de\/tierheilpraxis\/tierkommunikation\/beispiele\/huendin-maras-letzte-wuensche\/#breadcrumb","itemListElement":[{"@type":"ListItem","position":1,"name":"Startseite","item":"https:\/\/www.tirza-kirchner.de\/tierheilpraxis\/"},{"@type":"ListItem","position":2,"name":"Tierkommunikation","item":"https:\/\/www.tirza-kirchner.de\/tierheilpraxis\/tierkommunikation\/"},{"@type":"ListItem","position":3,"name":"Beispiele aus der Tierkommunikation","item":"https:\/\/www.tirza-kirchner.de\/tierheilpraxis\/tierkommunikation\/beispiele\/"},{"@type":"ListItem","position":4,"name":"H\u00fcndin Maras letzte W\u00fcnsche"}]},{"@type":"WebSite","@id":"https:\/\/www.tirza-kirchner.de\/tierheilpraxis\/#website","url":"https:\/\/www.tirza-kirchner.de\/tierheilpraxis\/","name":"Tier","description":"Eine weitere Tirza Kirchner Website","potentialAction":[{"@type":"SearchAction","target":{"@type":"EntryPoint","urlTemplate":"https:\/\/www.tirza-kirchner.de\/tierheilpraxis\/?s={search_term_string}"},"query-input":{"@type":"PropertyValueSpecification","valueRequired":true,"valueName":"search_term_string"}}],"inLanguage":"de"}]}},"_links":{"self":[{"href":"https:\/\/www.tirza-kirchner.de\/tierheilpraxis\/wp-json\/wp\/v2\/pages\/354","targetHints":{"allow":["GET"]}}],"collection":[{"href":"https:\/\/www.tirza-kirchner.de\/tierheilpraxis\/wp-json\/wp\/v2\/pages"}],"about":[{"href":"https:\/\/www.tirza-kirchner.de\/tierheilpraxis\/wp-json\/wp\/v2\/types\/page"}],"author":[{"embeddable":true,"href":"https:\/\/www.tirza-kirchner.de\/tierheilpraxis\/wp-json\/wp\/v2\/users\/1"}],"replies":[{"embeddable":true,"href":"https:\/\/www.tirza-kirchner.de\/tierheilpraxis\/wp-json\/wp\/v2\/comments?post=354"}],"version-history":[{"count":2,"href":"https:\/\/www.tirza-kirchner.de\/tierheilpraxis\/wp-json\/wp\/v2\/pages\/354\/revisions"}],"predecessor-version":[{"id":360,"href":"https:\/\/www.tirza-kirchner.de\/tierheilpraxis\/wp-json\/wp\/v2\/pages\/354\/revisions\/360"}],"up":[{"embeddable":true,"href":"https:\/\/www.tirza-kirchner.de\/tierheilpraxis\/wp-json\/wp\/v2\/pages\/31"}],"wp:attachment":[{"href":"https:\/\/www.tirza-kirchner.de\/tierheilpraxis\/wp-json\/wp\/v2\/media?parent=354"}],"curies":[{"name":"wp","href":"https:\/\/api.w.org\/{rel}","templated":true}]}}