{"id":352,"date":"2017-07-08T20:11:26","date_gmt":"2017-07-08T18:11:26","guid":{"rendered":"https:\/\/www.tirza-kirchner.de\/tierheilpraxis\/?page_id=352"},"modified":"2017-07-08T20:18:43","modified_gmt":"2017-07-08T18:18:43","slug":"huendin-bonas-behandlungswuensche","status":"publish","type":"page","link":"https:\/\/www.tirza-kirchner.de\/tierheilpraxis\/tierkommunikation\/beispiele\/huendin-bonas-behandlungswuensche\/","title":{"rendered":"H\u00fcndin Bonas Behandlungsw\u00fcnsche"},"content":{"rendered":"<div id=\"container\">\n<div id=\"contentcontainer\">\n<div id=\"contentmiddle\">\n<div id=\"contentinhalt\">\n<div id=\"c100\" class=\"csc-default layout-0\">\n<div class=\"csc-header csc-header-n1\">\n<figure id=\"attachment_319\" aria-describedby=\"caption-attachment-319\" style=\"width: 160px\" class=\"wp-caption alignleft\"><img loading=\"lazy\" decoding=\"async\" class=\"size-medium wp-image-319\" src=\"https:\/\/www.tirza-kirchner.de\/tierheilpraxis\/wp-content\/uploads\/sites\/2\/2017\/02\/huendin_bona-170x300.jpg\" alt=\"\" width=\"170\" height=\"300\" srcset=\"https:\/\/www.tirza-kirchner.de\/tierheilpraxis\/wp-content\/uploads\/sites\/2\/2017\/02\/huendin_bona-170x300.jpg 170w, https:\/\/www.tirza-kirchner.de\/tierheilpraxis\/wp-content\/uploads\/sites\/2\/2017\/02\/huendin_bona.jpg 210w\" sizes=\"auto, (max-width: 170px) 100vw, 170px\" \/><figcaption id=\"caption-attachment-319\" class=\"wp-caption-text\">H\u00fcndin Bonas Behandlungsw\u00fcnsche<\/figcaption><\/figure>\n<p class=\"csc-firstHeader\">Bona hatte bereits viele Jahre mit ihren Besitzern verbracht. Langsam wurde sie alt und Krankheiten stellten sich ein. Gelenkprobleme und Schmerzen, Verdauungsschwierigkeiten und einen Knoten am Bauch.<\/p>\n<p class=\"csc-firstHeader\">Sie erkl\u00e4rte eindeutig, dass sie keine Operationen zur Entfernung des Knotens wolle. Sie w\u00fcnschte auch keine weiteren Tierarztbesuche. Mit einigen naturheilkundlichen Mitteln w\u00e4re sie einverstanden. Aber eigentlich nicht, weil sie selbst diese brauchen w\u00fcrde, sondern weil ihr Frauchen es braucht ihr etwas zu geben und nicht tatenlos zuzusehen.<\/p>\n<p class=\"csc-firstHeader\">Bona hat nach unserem Gespr\u00e4ch noch einige gesundheitliche Tiefen gut gemeistert und noch viele sch\u00f6ne Stunden mit ihrer Familie verbracht.<\/p>\n<\/div>\n<\/div>\n<div id=\"c136\" class=\"csc-default layout-0\">\n<div class=\"csc-header csc-header-n2\">\n<h2>Auszug aus dem Gespr\u00e4chsprotokoll<\/h2>\n<p>&#8230; Ich mag gar nicht \u00fcber Krankheit sprechen. Ist mir egal. Ich hab doch noch gar nicht gefragt. Aber Du hast es eben schon gedacht. Du wolltest eben fragen. Ja. Das stimmt. Siehst Du. Ich mag wirklich nicht dr\u00fcber reden. Sie sagt das sehr betont. Nur ein klein bisschen? Nur ein ganz klein bisschen. In Ordnung. Was ist mit Deinem Bauch los? Dein Durchfall h\u00f6rt gar nicht mehr auf. Unordnung. Ist Unordnung drin. Im Bauch. Was hei\u00dft das? Naja \u2013 da geht es eben nicht mehr ordentlich zu. Klappt nicht mehr so richtig mit der Verdauung, wenn Du wei\u00dft was ich meine. Und was kann Dein Frauchen machen? Sie macht doch schon was. Aber es hilft nicht wirklich. Doch tut es. Sonst w\u00e4re es noch VIEL schlimmer. Ist doch alles nicht sooo schlimm. Wir kriegen das schon. Wir schaffen das gemeinsam. Sie zeigt mir ein Umarmbild \u2013 wie ihr Frauchen ihre Arme um sie schlingt und ihr Herrchen die Arme noch mal au\u00dfen rum.<\/p>\n<p>Es ist sch\u00f6n so nah zu sein. Sehr sch\u00f6n.<\/p>\n<p>Jeden Moment genie\u00dfen.<\/p>\n<p><b>Sollen wir die Dosierung noch mal \u00e4ndern und erh\u00f6hen?<\/b><\/p>\n<p>Sie sch\u00fcttelt mit dem Kopf und schaut mit ihren traurigen Augen.<\/p>\n<p>Nein. Ist in Ordnung so.<\/p>\n<p><b>Was ist mit einem Tierarzt?<\/b><\/p>\n<p>KEIN Tierarzt.<\/p>\n<p>Der beh\u00e4lt mich vielleicht noch dort. Da will ich nicht hin. Ich will jede Minute bei meiner Familie sein. Zuhause. Nicht irgendwo in kalten wei\u00dfen R\u00e4umen. Hier ist es sch\u00f6n. Hier bin ich zu Hause. Hier war ich so lange zu Hause und hier bleib ich zu Hause bis zum Schluss. Das ist es. Das will ich.<\/p>\n<p><b>Aber die Globuli nimmst Du weiter, oder?<\/b><\/p>\n<p>Ja. Logisch. Sind gut f\u00fcr mich und f\u00fcr mein Frauchen. Mein Frauchen will doch auch unbedingt was machen. Und das ist gut so. So machen wir\u2018s. Da haben wir was gefunden, was mir hilft und meinem Frauchen hilft. Keine Unt\u00e4tigkeit. Mein Frauchen mag doch gar keine Unt\u00e4tigkeit. Also passt alles &#8230;<\/p>\n<p><a href=\"https:\/\/www.tirza-kirchner.de\/tierheilpraxis\/tierkommunikation\/beispiele\/\">Zur\u00fcck zur \u00dcbersicht<\/a><\/p>\n<\/div>\n<\/div>\n<\/div>\n<\/div>\n<\/div>\n<\/div>\n","protected":false},"excerpt":{"rendered":"<p>Bona hatte bereits viele Jahre mit ihren Besitzern verbracht. Langsam wurde sie alt und Krankheiten stellten sich ein. Gelenkprobleme und Schmerzen, Verdauungsschwierigkeiten und einen Knoten am Bauch. Sie erkl\u00e4rte eindeutig, dass sie keine Operationen zur Entfernung des Knotens wolle. Sie w\u00fcnschte auch keine weiteren Tierarztbesuche. Mit einigen naturheilkundlichen Mitteln w\u00e4re sie einverstanden. Aber eigentlich nicht, &#8230; <a title=\"H\u00fcndin Bonas Behandlungsw\u00fcnsche\" class=\"read-more\" href=\"https:\/\/www.tirza-kirchner.de\/tierheilpraxis\/tierkommunikation\/beispiele\/huendin-bonas-behandlungswuensche\/\" aria-label=\"Mehr Informationen \u00fcber H\u00fcndin Bonas Behandlungsw\u00fcnsche\">Weiterlesen<\/a><\/p>\n","protected":false},"author":1,"featured_media":0,"parent":31,"menu_order":0,"comment_status":"closed","ping_status":"closed","template":"","meta":{"generate_page_header":"","_mc_calendar":[],"footnotes":""},"class_list":["post-352","page","type-page","status-publish"],"yoast_head":"<!-- This site is optimized with the Yoast SEO plugin v27.4 - https:\/\/yoast.com\/product\/yoast-seo-wordpress\/ -->\n<title>H\u00fcndin Bonas Behandlungsw\u00fcnsche - Tier<\/title>\n<meta name=\"robots\" content=\"index, follow, max-snippet:-1, max-image-preview:large, max-video-preview:-1\" \/>\n<link rel=\"canonical\" href=\"https:\/\/www.tirza-kirchner.de\/tierheilpraxis\/tierkommunikation\/beispiele\/huendin-bonas-behandlungswuensche\/\" \/>\n<meta property=\"og:locale\" content=\"de_DE\" \/>\n<meta property=\"og:type\" content=\"article\" \/>\n<meta property=\"og:title\" content=\"H\u00fcndin Bonas Behandlungsw\u00fcnsche - Tier\" \/>\n<meta property=\"og:description\" content=\"Bona hatte bereits viele Jahre mit ihren Besitzern verbracht. Langsam wurde sie alt und Krankheiten stellten sich ein. Gelenkprobleme und Schmerzen, Verdauungsschwierigkeiten und einen Knoten am Bauch. Sie erkl\u00e4rte eindeutig, dass sie keine Operationen zur Entfernung des Knotens wolle. Sie w\u00fcnschte auch keine weiteren Tierarztbesuche. Mit einigen naturheilkundlichen Mitteln w\u00e4re sie einverstanden. Aber eigentlich nicht, ... Weiterlesen\" \/>\n<meta property=\"og:url\" content=\"https:\/\/www.tirza-kirchner.de\/tierheilpraxis\/tierkommunikation\/beispiele\/huendin-bonas-behandlungswuensche\/\" \/>\n<meta property=\"og:site_name\" content=\"Tier\" \/>\n<meta property=\"article:modified_time\" content=\"2017-07-08T18:18:43+00:00\" \/>\n<meta property=\"og:image\" content=\"https:\/\/www.tirza-kirchner.de\/tierheilpraxis\/wp-content\/uploads\/sites\/2\/2017\/02\/huendin_bona-170x300.jpg\" \/>\n<meta name=\"twitter:card\" content=\"summary_large_image\" \/>\n<meta name=\"twitter:label1\" content=\"Gesch\u00e4tzte Lesezeit\" \/>\n\t<meta name=\"twitter:data1\" content=\"2\u00a0Minuten\" \/>\n<script type=\"application\/ld+json\" class=\"yoast-schema-graph\">{\"@context\":\"https:\\\/\\\/schema.org\",\"@graph\":[{\"@type\":\"WebPage\",\"@id\":\"https:\\\/\\\/www.tirza-kirchner.de\\\/tierheilpraxis\\\/tierkommunikation\\\/beispiele\\\/huendin-bonas-behandlungswuensche\\\/\",\"url\":\"https:\\\/\\\/www.tirza-kirchner.de\\\/tierheilpraxis\\\/tierkommunikation\\\/beispiele\\\/huendin-bonas-behandlungswuensche\\\/\",\"name\":\"H\u00fcndin Bonas Behandlungsw\u00fcnsche - Tier\",\"isPartOf\":{\"@id\":\"https:\\\/\\\/www.tirza-kirchner.de\\\/tierheilpraxis\\\/#website\"},\"primaryImageOfPage\":{\"@id\":\"https:\\\/\\\/www.tirza-kirchner.de\\\/tierheilpraxis\\\/tierkommunikation\\\/beispiele\\\/huendin-bonas-behandlungswuensche\\\/#primaryimage\"},\"image\":{\"@id\":\"https:\\\/\\\/www.tirza-kirchner.de\\\/tierheilpraxis\\\/tierkommunikation\\\/beispiele\\\/huendin-bonas-behandlungswuensche\\\/#primaryimage\"},\"thumbnailUrl\":\"https:\\\/\\\/www.tirza-kirchner.de\\\/tierheilpraxis\\\/wp-content\\\/uploads\\\/sites\\\/2\\\/2017\\\/02\\\/huendin_bona-170x300.jpg\",\"datePublished\":\"2017-07-08T18:11:26+00:00\",\"dateModified\":\"2017-07-08T18:18:43+00:00\",\"breadcrumb\":{\"@id\":\"https:\\\/\\\/www.tirza-kirchner.de\\\/tierheilpraxis\\\/tierkommunikation\\\/beispiele\\\/huendin-bonas-behandlungswuensche\\\/#breadcrumb\"},\"inLanguage\":\"de\",\"potentialAction\":[{\"@type\":\"ReadAction\",\"target\":[\"https:\\\/\\\/www.tirza-kirchner.de\\\/tierheilpraxis\\\/tierkommunikation\\\/beispiele\\\/huendin-bonas-behandlungswuensche\\\/\"]}]},{\"@type\":\"ImageObject\",\"inLanguage\":\"de\",\"@id\":\"https:\\\/\\\/www.tirza-kirchner.de\\\/tierheilpraxis\\\/tierkommunikation\\\/beispiele\\\/huendin-bonas-behandlungswuensche\\\/#primaryimage\",\"url\":\"https:\\\/\\\/www.tirza-kirchner.de\\\/tierheilpraxis\\\/wp-content\\\/uploads\\\/sites\\\/2\\\/2017\\\/02\\\/huendin_bona.jpg\",\"contentUrl\":\"https:\\\/\\\/www.tirza-kirchner.de\\\/tierheilpraxis\\\/wp-content\\\/uploads\\\/sites\\\/2\\\/2017\\\/02\\\/huendin_bona.jpg\",\"width\":210,\"height\":370,\"caption\":\"H\u00fcndin Bonas Behandlungsw\u00fcnsche\"},{\"@type\":\"BreadcrumbList\",\"@id\":\"https:\\\/\\\/www.tirza-kirchner.de\\\/tierheilpraxis\\\/tierkommunikation\\\/beispiele\\\/huendin-bonas-behandlungswuensche\\\/#breadcrumb\",\"itemListElement\":[{\"@type\":\"ListItem\",\"position\":1,\"name\":\"Startseite\",\"item\":\"https:\\\/\\\/www.tirza-kirchner.de\\\/tierheilpraxis\\\/\"},{\"@type\":\"ListItem\",\"position\":2,\"name\":\"Tierkommunikation\",\"item\":\"https:\\\/\\\/www.tirza-kirchner.de\\\/tierheilpraxis\\\/tierkommunikation\\\/\"},{\"@type\":\"ListItem\",\"position\":3,\"name\":\"Beispiele aus der Tierkommunikation\",\"item\":\"https:\\\/\\\/www.tirza-kirchner.de\\\/tierheilpraxis\\\/tierkommunikation\\\/beispiele\\\/\"},{\"@type\":\"ListItem\",\"position\":4,\"name\":\"H\u00fcndin Bonas Behandlungsw\u00fcnsche\"}]},{\"@type\":\"WebSite\",\"@id\":\"https:\\\/\\\/www.tirza-kirchner.de\\\/tierheilpraxis\\\/#website\",\"url\":\"https:\\\/\\\/www.tirza-kirchner.de\\\/tierheilpraxis\\\/\",\"name\":\"Tier\",\"description\":\"Eine weitere Tirza Kirchner Website\",\"potentialAction\":[{\"@type\":\"SearchAction\",\"target\":{\"@type\":\"EntryPoint\",\"urlTemplate\":\"https:\\\/\\\/www.tirza-kirchner.de\\\/tierheilpraxis\\\/?s={search_term_string}\"},\"query-input\":{\"@type\":\"PropertyValueSpecification\",\"valueRequired\":true,\"valueName\":\"search_term_string\"}}],\"inLanguage\":\"de\"}]}<\/script>\n<!-- \/ Yoast SEO plugin. -->","yoast_head_json":{"title":"H\u00fcndin Bonas Behandlungsw\u00fcnsche - Tier","robots":{"index":"index","follow":"follow","max-snippet":"max-snippet:-1","max-image-preview":"max-image-preview:large","max-video-preview":"max-video-preview:-1"},"canonical":"https:\/\/www.tirza-kirchner.de\/tierheilpraxis\/tierkommunikation\/beispiele\/huendin-bonas-behandlungswuensche\/","og_locale":"de_DE","og_type":"article","og_title":"H\u00fcndin Bonas Behandlungsw\u00fcnsche - Tier","og_description":"Bona hatte bereits viele Jahre mit ihren Besitzern verbracht. Langsam wurde sie alt und Krankheiten stellten sich ein. Gelenkprobleme und Schmerzen, Verdauungsschwierigkeiten und einen Knoten am Bauch. Sie erkl\u00e4rte eindeutig, dass sie keine Operationen zur Entfernung des Knotens wolle. Sie w\u00fcnschte auch keine weiteren Tierarztbesuche. Mit einigen naturheilkundlichen Mitteln w\u00e4re sie einverstanden. Aber eigentlich nicht, ... Weiterlesen","og_url":"https:\/\/www.tirza-kirchner.de\/tierheilpraxis\/tierkommunikation\/beispiele\/huendin-bonas-behandlungswuensche\/","og_site_name":"Tier","article_modified_time":"2017-07-08T18:18:43+00:00","og_image":[{"url":"https:\/\/www.tirza-kirchner.de\/tierheilpraxis\/wp-content\/uploads\/sites\/2\/2017\/02\/huendin_bona-170x300.jpg","type":"","width":"","height":""}],"twitter_card":"summary_large_image","twitter_misc":{"Gesch\u00e4tzte Lesezeit":"2\u00a0Minuten"},"schema":{"@context":"https:\/\/schema.org","@graph":[{"@type":"WebPage","@id":"https:\/\/www.tirza-kirchner.de\/tierheilpraxis\/tierkommunikation\/beispiele\/huendin-bonas-behandlungswuensche\/","url":"https:\/\/www.tirza-kirchner.de\/tierheilpraxis\/tierkommunikation\/beispiele\/huendin-bonas-behandlungswuensche\/","name":"H\u00fcndin Bonas Behandlungsw\u00fcnsche - Tier","isPartOf":{"@id":"https:\/\/www.tirza-kirchner.de\/tierheilpraxis\/#website"},"primaryImageOfPage":{"@id":"https:\/\/www.tirza-kirchner.de\/tierheilpraxis\/tierkommunikation\/beispiele\/huendin-bonas-behandlungswuensche\/#primaryimage"},"image":{"@id":"https:\/\/www.tirza-kirchner.de\/tierheilpraxis\/tierkommunikation\/beispiele\/huendin-bonas-behandlungswuensche\/#primaryimage"},"thumbnailUrl":"https:\/\/www.tirza-kirchner.de\/tierheilpraxis\/wp-content\/uploads\/sites\/2\/2017\/02\/huendin_bona-170x300.jpg","datePublished":"2017-07-08T18:11:26+00:00","dateModified":"2017-07-08T18:18:43+00:00","breadcrumb":{"@id":"https:\/\/www.tirza-kirchner.de\/tierheilpraxis\/tierkommunikation\/beispiele\/huendin-bonas-behandlungswuensche\/#breadcrumb"},"inLanguage":"de","potentialAction":[{"@type":"ReadAction","target":["https:\/\/www.tirza-kirchner.de\/tierheilpraxis\/tierkommunikation\/beispiele\/huendin-bonas-behandlungswuensche\/"]}]},{"@type":"ImageObject","inLanguage":"de","@id":"https:\/\/www.tirza-kirchner.de\/tierheilpraxis\/tierkommunikation\/beispiele\/huendin-bonas-behandlungswuensche\/#primaryimage","url":"https:\/\/www.tirza-kirchner.de\/tierheilpraxis\/wp-content\/uploads\/sites\/2\/2017\/02\/huendin_bona.jpg","contentUrl":"https:\/\/www.tirza-kirchner.de\/tierheilpraxis\/wp-content\/uploads\/sites\/2\/2017\/02\/huendin_bona.jpg","width":210,"height":370,"caption":"H\u00fcndin Bonas Behandlungsw\u00fcnsche"},{"@type":"BreadcrumbList","@id":"https:\/\/www.tirza-kirchner.de\/tierheilpraxis\/tierkommunikation\/beispiele\/huendin-bonas-behandlungswuensche\/#breadcrumb","itemListElement":[{"@type":"ListItem","position":1,"name":"Startseite","item":"https:\/\/www.tirza-kirchner.de\/tierheilpraxis\/"},{"@type":"ListItem","position":2,"name":"Tierkommunikation","item":"https:\/\/www.tirza-kirchner.de\/tierheilpraxis\/tierkommunikation\/"},{"@type":"ListItem","position":3,"name":"Beispiele aus der Tierkommunikation","item":"https:\/\/www.tirza-kirchner.de\/tierheilpraxis\/tierkommunikation\/beispiele\/"},{"@type":"ListItem","position":4,"name":"H\u00fcndin Bonas Behandlungsw\u00fcnsche"}]},{"@type":"WebSite","@id":"https:\/\/www.tirza-kirchner.de\/tierheilpraxis\/#website","url":"https:\/\/www.tirza-kirchner.de\/tierheilpraxis\/","name":"Tier","description":"Eine weitere Tirza Kirchner Website","potentialAction":[{"@type":"SearchAction","target":{"@type":"EntryPoint","urlTemplate":"https:\/\/www.tirza-kirchner.de\/tierheilpraxis\/?s={search_term_string}"},"query-input":{"@type":"PropertyValueSpecification","valueRequired":true,"valueName":"search_term_string"}}],"inLanguage":"de"}]}},"_links":{"self":[{"href":"https:\/\/www.tirza-kirchner.de\/tierheilpraxis\/wp-json\/wp\/v2\/pages\/352","targetHints":{"allow":["GET"]}}],"collection":[{"href":"https:\/\/www.tirza-kirchner.de\/tierheilpraxis\/wp-json\/wp\/v2\/pages"}],"about":[{"href":"https:\/\/www.tirza-kirchner.de\/tierheilpraxis\/wp-json\/wp\/v2\/types\/page"}],"author":[{"embeddable":true,"href":"https:\/\/www.tirza-kirchner.de\/tierheilpraxis\/wp-json\/wp\/v2\/users\/1"}],"replies":[{"embeddable":true,"href":"https:\/\/www.tirza-kirchner.de\/tierheilpraxis\/wp-json\/wp\/v2\/comments?post=352"}],"version-history":[{"count":2,"href":"https:\/\/www.tirza-kirchner.de\/tierheilpraxis\/wp-json\/wp\/v2\/pages\/352\/revisions"}],"predecessor-version":[{"id":359,"href":"https:\/\/www.tirza-kirchner.de\/tierheilpraxis\/wp-json\/wp\/v2\/pages\/352\/revisions\/359"}],"up":[{"embeddable":true,"href":"https:\/\/www.tirza-kirchner.de\/tierheilpraxis\/wp-json\/wp\/v2\/pages\/31"}],"wp:attachment":[{"href":"https:\/\/www.tirza-kirchner.de\/tierheilpraxis\/wp-json\/wp\/v2\/media?parent=352"}],"curies":[{"name":"wp","href":"https:\/\/api.w.org\/{rel}","templated":true}]}}