{"id":344,"date":"2017-07-08T20:02:27","date_gmt":"2017-07-08T18:02:27","guid":{"rendered":"https:\/\/www.tirza-kirchner.de\/tierheilpraxis\/?page_id=344"},"modified":"2017-07-08T20:08:44","modified_gmt":"2017-07-08T18:08:44","slug":"katze-rosa-im-loch-gefangen","status":"publish","type":"page","link":"https:\/\/www.tirza-kirchner.de\/tierheilpraxis\/tierkommunikation\/beispiele\/katze-rosa-im-loch-gefangen\/","title":{"rendered":"Katze Rosa im Loch gefangen"},"content":{"rendered":"<div id=\"c98\" class=\"csc-default layout-0\">\n<div class=\"csc-header csc-header-n1\">\n<figure id=\"attachment_327\" aria-describedby=\"caption-attachment-327\" style=\"width: 160px\" class=\"wp-caption alignleft\"><img loading=\"lazy\" decoding=\"async\" class=\"size-medium wp-image-327\" src=\"https:\/\/www.tirza-kirchner.de\/tierheilpraxis\/wp-content\/uploads\/sites\/2\/2017\/02\/katze_rosa-170x300.jpg\" alt=\"\" width=\"170\" height=\"300\" srcset=\"https:\/\/www.tirza-kirchner.de\/tierheilpraxis\/wp-content\/uploads\/sites\/2\/2017\/02\/katze_rosa-170x300.jpg 170w, https:\/\/www.tirza-kirchner.de\/tierheilpraxis\/wp-content\/uploads\/sites\/2\/2017\/02\/katze_rosa.jpg 210w\" sizes=\"auto, (max-width: 170px) 100vw, 170px\" \/><figcaption id=\"caption-attachment-327\" class=\"wp-caption-text\">Katze Rosa ist im Loch gefangen.<\/figcaption><\/figure>\n<p class=\"csc-firstHeader\">Rosa war seit 5 Tagen verschwunden und es gab keine Spur.<\/p>\n<p class=\"csc-firstHeader\">Im Gespr\u00e4ch war Rosa putzmunter, aber stinksauer. Sie konnte den Ort, an dem sie sich befand gut beschreiben.<\/p>\n<\/div>\n<p class=\"bodytext\">Die Besitzerin erkannte das Haus in der Nachbarschaft. Erst wollte der Nachbar nicht im Hinterhof nachsehen, da alle T\u00fcren offen waren und er meinte, Rosa k\u00f6nne jederzeit selbst wieder heraus finden. Dann sah er doch nach und zog Rosa aus einem dunklen Loch, in das sie gefallen und seit 5 Tagen gefangen war.<\/p>\n<\/div>\n<div id=\"c134\" class=\"csc-default layout-0\">\n<div class=\"csc-header csc-header-n2\">\n<h2>Auszug aus dem Gespr\u00e4chsprotokoll<\/h2>\n<p><b>&#8230;Rosa, willst Du mir erz\u00e4hlen, was am letzten Sonntag passiert ist, bevor Du hier her gekommen bist?<\/b><\/p>\n<\/div>\n<p class=\"csc-frame-frame1\">War voll lustig. War in der Sonne unterwegs.<\/p>\n<p class=\"csc-frame-frame1\"><i>Sehe eine gut gelaunte Katze, die einen Weg entlang tobst. Es ist ein gepflasterter Fu\u00dfweg. Rechts H\u00e4user mit G\u00e4rten davor. Links B\u00e4ume \u2013 wie eine Allee \u2013 und dann eine Strasse. Es sieht nicht wie eine breite Stra\u00dfe aus. Eher wie in einem kleineren St\u00e4dtchen oder Wohngebiet.<\/i><\/p>\n<p class=\"csc-frame-frame1\"><b>Bist Du so von zu Hause gekommen?<\/b><\/p>\n<p class=\"csc-frame-frame1\">Hmmmm \u2013 wie immer.<\/p>\n<p class=\"csc-frame-frame1\">Weg raus. Rechts abgebogen und den Fu\u00dfweg entlang.<\/p>\n<p class=\"csc-frame-frame1\">Durch einen Zaun.<\/p>\n<p class=\"csc-frame-frame1\"><i>Sieht aus wie ein schwarz lackierter Metallzaun. Eventuell auf einem wei\u00dfen Mauersockel. So ein nostalgischer Gitterzaun (schmiedeeisernen Zaun) um ein Grundst\u00fcck. Eventuell noch zus\u00e4tzlich eine Hecke. Aber eher keine dichte Hecke. Sieht aus wie einzelne B\u00fcsche hinter dem Zaun.<\/i><\/p>\n<p class=\"csc-frame-frame1\"><b>Bist Du vorher abgebogen?<\/b><\/p>\n<p class=\"csc-frame-frame1\">Nur in den Garten. Durch den Zaun.<\/p>\n<p class=\"csc-frame-frame1\"><i>Ich sehe eine Rasenfl\u00e4che. Kurz gem\u00e4htes gr\u00fcnes Gras. Und ein Haus mit Garage direkt neben dran und Einfahrt zur Garage. Sieht aus, wie die teilweise gepflasterten Einfahrten mit Gras zwischen den Fahrspuren. Alles sehr gepflegt. So im englischen Parkstil. Sehr edel.<\/i><\/p>\n<p class=\"csc-frame-frame1\"><b>Und dann? Wohin bist Du gelaufen? Komm \u2013 r\u00fcck schon raus. Vielleicht k\u00f6nnen wir Dich ja dann finden.<\/b><\/p>\n<p class=\"csc-frame-frame1\">Ich bin \u00fcber die Wiese getollt und habe Fliegen und Schmetterlinge gejagt. War voll lustig. Ne Mordsgaudi.<\/p>\n<p class=\"csc-frame-frame1\">Hab mich geduckt und bin wieder hoch gesprungen. Das kann ich sehr gut. Mach ich \u00f6fters.<\/p>\n<p class=\"csc-frame-frame1\"><b>Wie ging\u2019s dann weiter?<\/b><\/p>\n<p class=\"csc-frame-frame1\">Dann ist jemand gekommen.<\/p>\n<p class=\"csc-frame-frame1\"><i>Es sieht aus, wie wenn sie zusammenzuckt. Das Spielen aufh\u00f6rt und sich auf die Wiese duckt\/kauert. Eine Person kommt auf sie zu. W\u00fcrde auf einen Mann tippen.<\/i><\/p>\n<p class=\"csc-frame-frame1\">Bin dann fortgerannt. Die Person wollte, dass ich fortgehe.<\/p>\n<p class=\"csc-frame-frame1\"><i>Es sieht so aus, wie wenn sie eine wei\u00df gestrichene Treppe hinter einem Haus runter gerannt w\u00e4re und durch eine T\u00fcr in einen Kellerraum hinein. Und wie wenn die Person ihr nach l\u00e4uft und nach ihr gerufen hat. Sie gesucht hat.<\/i><\/p>\n<p class=\"csc-frame-frame1\">Hab mich verkrochen. Die war mir echt nicht geheuer. Soll mich in Ruhe lassen. Hab mich unter nem Schrank\/Regal versteckt. Sie hat ziemlich schnell aufgegeben \ud83d\ude42 Und ist wieder gegangen.<\/p>\n<p class=\"csc-frame-frame1\"><i>Es h\u00f6rt sich an wie eine quietschende T\u00fcr, die zuf\u00e4llt und dann wird es dunkel.<\/i><\/p>\n<p class=\"csc-frame-frame1\"><b>Kannst Du mir noch irgendwelche Anhaltspunkte geben. Noch irgendwas beschreiben.<\/b><\/p>\n<p class=\"csc-frame-frame1\"><i>Das Haus wirkt nicht wie ein sehr altes Haus. Trotzdem kommt der Keller wie ein alter feuchter Kellerraum r\u00fcber. Eventuell ist das Haus auch einfach sehr gut und neu renoviert. Ich hab eine wei\u00dfe Fassade im Kopf. Vielleicht ein Jugendstilhaus, aber neu renoviert oder neu in diesem Stil gebaut. Der Keller deutet aber eher auf ein altes Haus hin.<\/i><\/p>\n<p class=\"csc-frame-frame1\"><b>Wie geht es Dir?<\/b><\/p>\n<p class=\"csc-frame-frame1\">Es nervt. Es ist langweilig.<\/p>\n<p class=\"csc-frame-frame1\"><i>Sp\u00fcre ein Bauchgrummen. Wie Magenknurren&#8230;.<\/i><\/p>\n<p class=\"csc-frame-frame1\"><a href=\"https:\/\/www.tirza-kirchner.de\/tierheilpraxis\/tierkommunikation\/beispiele\/\">Zur\u00fcck zur \u00dcbersicht<\/a><\/p>\n<\/div>\n","protected":false},"excerpt":{"rendered":"<p>Rosa war seit 5 Tagen verschwunden und es gab keine Spur. Im Gespr\u00e4ch war Rosa putzmunter, aber stinksauer. Sie konnte den Ort, an dem sie sich befand gut beschreiben. Die Besitzerin erkannte das Haus in der Nachbarschaft. Erst wollte der Nachbar nicht im Hinterhof nachsehen, da alle T\u00fcren offen waren und er meinte, Rosa k\u00f6nne &#8230; <a title=\"Katze Rosa im Loch gefangen\" class=\"read-more\" href=\"https:\/\/www.tirza-kirchner.de\/tierheilpraxis\/tierkommunikation\/beispiele\/katze-rosa-im-loch-gefangen\/\" aria-label=\"Mehr Informationen \u00fcber Katze Rosa im Loch gefangen\">Weiterlesen<\/a><\/p>\n","protected":false},"author":1,"featured_media":0,"parent":31,"menu_order":0,"comment_status":"closed","ping_status":"closed","template":"","meta":{"generate_page_header":"","_mc_calendar":[],"footnotes":""},"class_list":["post-344","page","type-page","status-publish"],"yoast_head":"<!-- This site is optimized with the Yoast SEO plugin v27.4 - https:\/\/yoast.com\/product\/yoast-seo-wordpress\/ -->\n<title>Katze Rosa im Loch gefangen - Tier<\/title>\n<meta name=\"robots\" content=\"index, follow, max-snippet:-1, max-image-preview:large, max-video-preview:-1\" \/>\n<link rel=\"canonical\" href=\"https:\/\/www.tirza-kirchner.de\/tierheilpraxis\/tierkommunikation\/beispiele\/katze-rosa-im-loch-gefangen\/\" \/>\n<meta property=\"og:locale\" content=\"de_DE\" \/>\n<meta property=\"og:type\" content=\"article\" \/>\n<meta property=\"og:title\" content=\"Katze Rosa im Loch gefangen - Tier\" \/>\n<meta property=\"og:description\" content=\"Rosa war seit 5 Tagen verschwunden und es gab keine Spur. Im Gespr\u00e4ch war Rosa putzmunter, aber stinksauer. Sie konnte den Ort, an dem sie sich befand gut beschreiben. Die Besitzerin erkannte das Haus in der Nachbarschaft. Erst wollte der Nachbar nicht im Hinterhof nachsehen, da alle T\u00fcren offen waren und er meinte, Rosa k\u00f6nne ... Weiterlesen\" \/>\n<meta property=\"og:url\" content=\"https:\/\/www.tirza-kirchner.de\/tierheilpraxis\/tierkommunikation\/beispiele\/katze-rosa-im-loch-gefangen\/\" \/>\n<meta property=\"og:site_name\" content=\"Tier\" \/>\n<meta property=\"article:modified_time\" content=\"2017-07-08T18:08:44+00:00\" \/>\n<meta property=\"og:image\" content=\"https:\/\/www.tirza-kirchner.de\/tierheilpraxis\/wp-content\/uploads\/sites\/2\/2017\/02\/katze_rosa-170x300.jpg\" \/>\n<meta name=\"twitter:card\" content=\"summary_large_image\" \/>\n<meta name=\"twitter:label1\" content=\"Gesch\u00e4tzte Lesezeit\" \/>\n\t<meta name=\"twitter:data1\" content=\"3\u00a0Minuten\" \/>\n<script type=\"application\/ld+json\" class=\"yoast-schema-graph\">{\"@context\":\"https:\\\/\\\/schema.org\",\"@graph\":[{\"@type\":\"WebPage\",\"@id\":\"https:\\\/\\\/www.tirza-kirchner.de\\\/tierheilpraxis\\\/tierkommunikation\\\/beispiele\\\/katze-rosa-im-loch-gefangen\\\/\",\"url\":\"https:\\\/\\\/www.tirza-kirchner.de\\\/tierheilpraxis\\\/tierkommunikation\\\/beispiele\\\/katze-rosa-im-loch-gefangen\\\/\",\"name\":\"Katze Rosa im Loch gefangen - Tier\",\"isPartOf\":{\"@id\":\"https:\\\/\\\/www.tirza-kirchner.de\\\/tierheilpraxis\\\/#website\"},\"primaryImageOfPage\":{\"@id\":\"https:\\\/\\\/www.tirza-kirchner.de\\\/tierheilpraxis\\\/tierkommunikation\\\/beispiele\\\/katze-rosa-im-loch-gefangen\\\/#primaryimage\"},\"image\":{\"@id\":\"https:\\\/\\\/www.tirza-kirchner.de\\\/tierheilpraxis\\\/tierkommunikation\\\/beispiele\\\/katze-rosa-im-loch-gefangen\\\/#primaryimage\"},\"thumbnailUrl\":\"https:\\\/\\\/www.tirza-kirchner.de\\\/tierheilpraxis\\\/wp-content\\\/uploads\\\/sites\\\/2\\\/2017\\\/02\\\/katze_rosa-170x300.jpg\",\"datePublished\":\"2017-07-08T18:02:27+00:00\",\"dateModified\":\"2017-07-08T18:08:44+00:00\",\"breadcrumb\":{\"@id\":\"https:\\\/\\\/www.tirza-kirchner.de\\\/tierheilpraxis\\\/tierkommunikation\\\/beispiele\\\/katze-rosa-im-loch-gefangen\\\/#breadcrumb\"},\"inLanguage\":\"de\",\"potentialAction\":[{\"@type\":\"ReadAction\",\"target\":[\"https:\\\/\\\/www.tirza-kirchner.de\\\/tierheilpraxis\\\/tierkommunikation\\\/beispiele\\\/katze-rosa-im-loch-gefangen\\\/\"]}]},{\"@type\":\"ImageObject\",\"inLanguage\":\"de\",\"@id\":\"https:\\\/\\\/www.tirza-kirchner.de\\\/tierheilpraxis\\\/tierkommunikation\\\/beispiele\\\/katze-rosa-im-loch-gefangen\\\/#primaryimage\",\"url\":\"https:\\\/\\\/www.tirza-kirchner.de\\\/tierheilpraxis\\\/wp-content\\\/uploads\\\/sites\\\/2\\\/2017\\\/02\\\/katze_rosa.jpg\",\"contentUrl\":\"https:\\\/\\\/www.tirza-kirchner.de\\\/tierheilpraxis\\\/wp-content\\\/uploads\\\/sites\\\/2\\\/2017\\\/02\\\/katze_rosa.jpg\",\"width\":210,\"height\":370,\"caption\":\"Katze Rosa ist im Loch gefangen.\"},{\"@type\":\"BreadcrumbList\",\"@id\":\"https:\\\/\\\/www.tirza-kirchner.de\\\/tierheilpraxis\\\/tierkommunikation\\\/beispiele\\\/katze-rosa-im-loch-gefangen\\\/#breadcrumb\",\"itemListElement\":[{\"@type\":\"ListItem\",\"position\":1,\"name\":\"Startseite\",\"item\":\"https:\\\/\\\/www.tirza-kirchner.de\\\/tierheilpraxis\\\/\"},{\"@type\":\"ListItem\",\"position\":2,\"name\":\"Tierkommunikation\",\"item\":\"https:\\\/\\\/www.tirza-kirchner.de\\\/tierheilpraxis\\\/tierkommunikation\\\/\"},{\"@type\":\"ListItem\",\"position\":3,\"name\":\"Beispiele aus der Tierkommunikation\",\"item\":\"https:\\\/\\\/www.tirza-kirchner.de\\\/tierheilpraxis\\\/tierkommunikation\\\/beispiele\\\/\"},{\"@type\":\"ListItem\",\"position\":4,\"name\":\"Katze Rosa im Loch gefangen\"}]},{\"@type\":\"WebSite\",\"@id\":\"https:\\\/\\\/www.tirza-kirchner.de\\\/tierheilpraxis\\\/#website\",\"url\":\"https:\\\/\\\/www.tirza-kirchner.de\\\/tierheilpraxis\\\/\",\"name\":\"Tier\",\"description\":\"Eine weitere Tirza Kirchner Website\",\"potentialAction\":[{\"@type\":\"SearchAction\",\"target\":{\"@type\":\"EntryPoint\",\"urlTemplate\":\"https:\\\/\\\/www.tirza-kirchner.de\\\/tierheilpraxis\\\/?s={search_term_string}\"},\"query-input\":{\"@type\":\"PropertyValueSpecification\",\"valueRequired\":true,\"valueName\":\"search_term_string\"}}],\"inLanguage\":\"de\"}]}<\/script>\n<!-- \/ Yoast SEO plugin. -->","yoast_head_json":{"title":"Katze Rosa im Loch gefangen - Tier","robots":{"index":"index","follow":"follow","max-snippet":"max-snippet:-1","max-image-preview":"max-image-preview:large","max-video-preview":"max-video-preview:-1"},"canonical":"https:\/\/www.tirza-kirchner.de\/tierheilpraxis\/tierkommunikation\/beispiele\/katze-rosa-im-loch-gefangen\/","og_locale":"de_DE","og_type":"article","og_title":"Katze Rosa im Loch gefangen - Tier","og_description":"Rosa war seit 5 Tagen verschwunden und es gab keine Spur. Im Gespr\u00e4ch war Rosa putzmunter, aber stinksauer. Sie konnte den Ort, an dem sie sich befand gut beschreiben. Die Besitzerin erkannte das Haus in der Nachbarschaft. Erst wollte der Nachbar nicht im Hinterhof nachsehen, da alle T\u00fcren offen waren und er meinte, Rosa k\u00f6nne ... Weiterlesen","og_url":"https:\/\/www.tirza-kirchner.de\/tierheilpraxis\/tierkommunikation\/beispiele\/katze-rosa-im-loch-gefangen\/","og_site_name":"Tier","article_modified_time":"2017-07-08T18:08:44+00:00","og_image":[{"url":"https:\/\/www.tirza-kirchner.de\/tierheilpraxis\/wp-content\/uploads\/sites\/2\/2017\/02\/katze_rosa-170x300.jpg","type":"","width":"","height":""}],"twitter_card":"summary_large_image","twitter_misc":{"Gesch\u00e4tzte Lesezeit":"3\u00a0Minuten"},"schema":{"@context":"https:\/\/schema.org","@graph":[{"@type":"WebPage","@id":"https:\/\/www.tirza-kirchner.de\/tierheilpraxis\/tierkommunikation\/beispiele\/katze-rosa-im-loch-gefangen\/","url":"https:\/\/www.tirza-kirchner.de\/tierheilpraxis\/tierkommunikation\/beispiele\/katze-rosa-im-loch-gefangen\/","name":"Katze Rosa im Loch gefangen - Tier","isPartOf":{"@id":"https:\/\/www.tirza-kirchner.de\/tierheilpraxis\/#website"},"primaryImageOfPage":{"@id":"https:\/\/www.tirza-kirchner.de\/tierheilpraxis\/tierkommunikation\/beispiele\/katze-rosa-im-loch-gefangen\/#primaryimage"},"image":{"@id":"https:\/\/www.tirza-kirchner.de\/tierheilpraxis\/tierkommunikation\/beispiele\/katze-rosa-im-loch-gefangen\/#primaryimage"},"thumbnailUrl":"https:\/\/www.tirza-kirchner.de\/tierheilpraxis\/wp-content\/uploads\/sites\/2\/2017\/02\/katze_rosa-170x300.jpg","datePublished":"2017-07-08T18:02:27+00:00","dateModified":"2017-07-08T18:08:44+00:00","breadcrumb":{"@id":"https:\/\/www.tirza-kirchner.de\/tierheilpraxis\/tierkommunikation\/beispiele\/katze-rosa-im-loch-gefangen\/#breadcrumb"},"inLanguage":"de","potentialAction":[{"@type":"ReadAction","target":["https:\/\/www.tirza-kirchner.de\/tierheilpraxis\/tierkommunikation\/beispiele\/katze-rosa-im-loch-gefangen\/"]}]},{"@type":"ImageObject","inLanguage":"de","@id":"https:\/\/www.tirza-kirchner.de\/tierheilpraxis\/tierkommunikation\/beispiele\/katze-rosa-im-loch-gefangen\/#primaryimage","url":"https:\/\/www.tirza-kirchner.de\/tierheilpraxis\/wp-content\/uploads\/sites\/2\/2017\/02\/katze_rosa.jpg","contentUrl":"https:\/\/www.tirza-kirchner.de\/tierheilpraxis\/wp-content\/uploads\/sites\/2\/2017\/02\/katze_rosa.jpg","width":210,"height":370,"caption":"Katze Rosa ist im Loch gefangen."},{"@type":"BreadcrumbList","@id":"https:\/\/www.tirza-kirchner.de\/tierheilpraxis\/tierkommunikation\/beispiele\/katze-rosa-im-loch-gefangen\/#breadcrumb","itemListElement":[{"@type":"ListItem","position":1,"name":"Startseite","item":"https:\/\/www.tirza-kirchner.de\/tierheilpraxis\/"},{"@type":"ListItem","position":2,"name":"Tierkommunikation","item":"https:\/\/www.tirza-kirchner.de\/tierheilpraxis\/tierkommunikation\/"},{"@type":"ListItem","position":3,"name":"Beispiele aus der Tierkommunikation","item":"https:\/\/www.tirza-kirchner.de\/tierheilpraxis\/tierkommunikation\/beispiele\/"},{"@type":"ListItem","position":4,"name":"Katze Rosa im Loch gefangen"}]},{"@type":"WebSite","@id":"https:\/\/www.tirza-kirchner.de\/tierheilpraxis\/#website","url":"https:\/\/www.tirza-kirchner.de\/tierheilpraxis\/","name":"Tier","description":"Eine weitere Tirza Kirchner Website","potentialAction":[{"@type":"SearchAction","target":{"@type":"EntryPoint","urlTemplate":"https:\/\/www.tirza-kirchner.de\/tierheilpraxis\/?s={search_term_string}"},"query-input":{"@type":"PropertyValueSpecification","valueRequired":true,"valueName":"search_term_string"}}],"inLanguage":"de"}]}},"_links":{"self":[{"href":"https:\/\/www.tirza-kirchner.de\/tierheilpraxis\/wp-json\/wp\/v2\/pages\/344","targetHints":{"allow":["GET"]}}],"collection":[{"href":"https:\/\/www.tirza-kirchner.de\/tierheilpraxis\/wp-json\/wp\/v2\/pages"}],"about":[{"href":"https:\/\/www.tirza-kirchner.de\/tierheilpraxis\/wp-json\/wp\/v2\/types\/page"}],"author":[{"embeddable":true,"href":"https:\/\/www.tirza-kirchner.de\/tierheilpraxis\/wp-json\/wp\/v2\/users\/1"}],"replies":[{"embeddable":true,"href":"https:\/\/www.tirza-kirchner.de\/tierheilpraxis\/wp-json\/wp\/v2\/comments?post=344"}],"version-history":[{"count":2,"href":"https:\/\/www.tirza-kirchner.de\/tierheilpraxis\/wp-json\/wp\/v2\/pages\/344\/revisions"}],"predecessor-version":[{"id":351,"href":"https:\/\/www.tirza-kirchner.de\/tierheilpraxis\/wp-json\/wp\/v2\/pages\/344\/revisions\/351"}],"up":[{"embeddable":true,"href":"https:\/\/www.tirza-kirchner.de\/tierheilpraxis\/wp-json\/wp\/v2\/pages\/31"}],"wp:attachment":[{"href":"https:\/\/www.tirza-kirchner.de\/tierheilpraxis\/wp-json\/wp\/v2\/media?parent=344"}],"curies":[{"name":"wp","href":"https:\/\/api.w.org\/{rel}","templated":true}]}}