{"id":341,"date":"2017-07-08T17:45:20","date_gmt":"2017-07-08T15:45:20","guid":{"rendered":"https:\/\/www.tirza-kirchner.de\/tierheilpraxis\/?page_id=341"},"modified":"2017-07-08T20:07:16","modified_gmt":"2017-07-08T18:07:16","slug":"kaninchen-striezel","status":"publish","type":"page","link":"https:\/\/www.tirza-kirchner.de\/tierheilpraxis\/tierkommunikation\/beispiele\/kaninchen-striezel\/","title":{"rendered":"Kaninchen Striezel"},"content":{"rendered":"<div id=\"c97\" class=\"csc-default layout-0\">\n<div class=\"csc-header csc-header-n1\">\n<figure id=\"attachment_321\" aria-describedby=\"caption-attachment-321\" style=\"width: 160px\" class=\"wp-caption alignleft\"><img loading=\"lazy\" decoding=\"async\" class=\"size-medium wp-image-321\" src=\"https:\/\/www.tirza-kirchner.de\/tierheilpraxis\/wp-content\/uploads\/sites\/2\/2017\/02\/kaninchen_Striezl-170x300.jpg\" alt=\"\" width=\"170\" height=\"300\" srcset=\"https:\/\/www.tirza-kirchner.de\/tierheilpraxis\/wp-content\/uploads\/sites\/2\/2017\/02\/kaninchen_Striezl-170x300.jpg 170w, https:\/\/www.tirza-kirchner.de\/tierheilpraxis\/wp-content\/uploads\/sites\/2\/2017\/02\/kaninchen_Striezl.jpg 210w\" sizes=\"auto, (max-width: 170px) 100vw, 170px\" \/><figcaption id=\"caption-attachment-321\" class=\"wp-caption-text\">Kaninchen Striezels Kommentare zu seiner Kaninchenfreundin<\/figcaption><\/figure>\n<h2 class=\"csc-firstHeader\">Kaninchen Striezels Kommentare zu seiner Kaninchenfreundin<\/h2>\n<p class=\"csc-firstHeader\">Striezels Kaninchenfreundin ist ziemlich dominant. Striezel eher ein ruhiger Typ. Ihr Frauchen m\u00f6chte von ihm wissen, wie er denn so zurecht kommt und ob es in Ordnung w\u00e4re, wenn die beiden Kaninchen ihre Zeit im gleichen Gehege miteinander verbringen. Striezel hat eine ganz klare Meinung dazu und \u00e4u\u00dfert sie auch. Inzwischen sind die zwei ein Herz und eine Seele und kommen gut zusammen in einem Gehege klar.<\/p>\n<h2 class=\"csc-firstHeader\">Auszug aus dem Gespr\u00e4chsprotokoll<\/h2>\n<p class=\"csc-firstHeader\"><b>\u2026 Hast Du Angst vor Liesl?<\/b><\/p>\n<p class=\"csc-firstHeader\">Angst?! Muss man vor ihr Angst haben? Die macht doch nur auf so verr\u00fcckt. Die ist ganz lieb. Ich kann sie gut ignorieren, wenn sie mich nervt. Aber meistens mag ich sie. Angst? Angst braucht keiner vor ihr zu haben. Ist alles nur hei\u00dfe Luft und Theater. Die macht nur auf so cool. Ist aber eine ganz Liebe. Ich mag sie.<\/p>\n<p class=\"csc-firstHeader\"><b>Und ihr dominantes Verhalten nervt Dich nicht?<\/b><\/p>\n<p class=\"csc-firstHeader\">Doch. Manchmal. Aber ist kaum der Rede wert. Ich habe das im Griff. Ich habe mich im Griff und das ist die Hauptsache. Ich lasse sie einfach machen und irgendwann beruhigt sie sich schon wieder. Dann ist wieder alles Friede, Freude, Eierkuchen \ud83d\ude42<\/p>\n<p class=\"csc-firstHeader\">Ihr f\u00e4llt immer irgendein Bl\u00f6dsinn ein. Dann wird es doch auch nicht langweilig, oder? Ich schau ihr einfach zu und dann \u00fcberkommt es mich auch manchmal und ich muss mit machen.<\/p>\n<p class=\"csc-firstHeader\"><i>Ich hab so ein Bild vom wilden W\u00fchlen in der Erde und L\u00f6chergraben, dass die Erdbrocken fliegen&#8230;..und wegr\u00e4umen von Sachen mit der Nase.<\/i><\/p>\n<p class=\"csc-firstHeader\">Teamarbeit \ud83d\ude42<\/p>\n<p class=\"csc-firstHeader\"><b>Magst Du nachts zusammen mit Liesl im K\u00e4fig sein? Renate sagt, dass sie die Verbindungst\u00fcr noch zu macht.<\/b><\/p>\n<p class=\"csc-firstHeader\">Wenn ich weg kann, wenn sie ihren Tollen kriegt. Ein Hupfer und weg und sie rennt an mir vorbei. Das ist sehr gut. Ich brauch schon Abstand. Aber Kuscheln mit ihr ist auch sch\u00f6n. Aber selten. Sie ist zu hektisch.<\/p>\n<p class=\"csc-firstHeader\"><b>Hmmm&#8230;. Was meinst Du zum T\u00fcr offen lassen? Das ist mir grad noch nicht so eindeutig.<\/b><\/p>\n<p class=\"csc-firstHeader\"><i>Ich hab irgendwie doch immer wieder das Bild, dass es ihm zu hektisch ist, wenn der Platz zu eng ist und er nicht weg kann. Wenn er irgendwie noch mal in eine andere Ebene k\u00f6nnte oder wo rauf oder raus hupfen, wenn sie nervt, dann scheint es in Ordnung zu sein. Wie wenn noch ein zus\u00e4tzlicher \u201eRaum\u201c im Moment fehlt. Wenn der da w\u00e4re, dann k\u00f6nnte es gehen.<\/i><\/p>\n<p class=\"csc-firstHeader\">Ich mag sie sehr. Aber ich mag auch mal meine Ruhe haben. Sie soll nur nicht zu weit weg sein. Immer in der N\u00e4he. Ich muss sie sehen und riechen und h\u00f6ren k\u00f6nnen. Dann ist alles gut. Und auch nur kurz getrennt und dann wieder zusammen. Das geht auch. Wir zwei geh\u00f6ren schon zusammen. Aber sie ist eben das genaue Gegenteil von mir.<\/p>\n<p class=\"csc-firstHeader\"><b>Willst Du noch was hinzuf\u00fcgen?<\/b><\/p>\n<\/div>\n<\/div>\n<div id=\"c133\" class=\"csc-default layout-0\">\n<p class=\"csc-frame-frame1\">Alles ist lustig.<\/p>\n<p class=\"csc-frame-frame1\"><b>Wie \u201ealles ist lustig\u201c?<\/b><\/p>\n<p class=\"csc-frame-frame1\">Naja \u2013 es klingt so kompliziert, aber eigentlich ist es lustig.<\/p>\n<p class=\"csc-frame-frame1\"><b>Wieso?<\/b><\/p>\n<p class=\"csc-frame-frame1\">Das Hin und Her. Das gesch\u00e4ftige Getue, auch von Liesl. Das viele Nachdenken. Ist alles gar nicht so wichtig. Das Wichtige ist doch einfach Hier zu sein und sich die eigene Welt anzusehen. Sitzen und schauen. Wirken lassen. Sehr angenehm. Sehr beruhigend. Und dann kann jeder um einen herum die gr\u00f6\u00dfte Hektik bauen und es st\u00f6rt gar nicht. Es rei\u00dft nicht aus der Ruhe. Man kann es einfach ganz gelassen ansehen und die anderen machen lassen. Beobachten, genie\u00dfen und sich \u00fcber die Hektik um einen herum einfach nur am\u00fcsieren. Das zeige ich ihr. Das zeige ich Renate. Aufregen macht doch \u00fcberhaupt keinen Sinn! Das \u00e4ndert null. Es strengt nur an. Lass doch die anderen ihre Hektik machen und am\u00fcsiere Dich \u00fcber ihre Hektik. Das ist viel angenehmer, als sich aufzuregen oder sich anzustrengen und sie \u00e4ndern zu wollen. Ich will Liesl nicht \u00e4ndern. Sie ist gut so wie sie ist. Und ich mach trotzdem mein eigenes Ding. Lass mich nicht aus der Ruhe bringen. Lass mich nicht von ihr st\u00f6ren und schon gar nicht anstecken, wenn ich nicht will. Ich lass mich nur anstecken, wenn ICH will.<\/p>\n<p class=\"csc-frame-frame1\"><b>Ups&#8230; Das war ja ein richtiger Redeschwall.<\/b><\/p>\n<p class=\"csc-frame-frame1\"><i>Er grinst.<\/i><\/p>\n<p class=\"csc-frame-frame1\">War wichtig. Musste mal gesagt werden. Aber nun ist auch schon gut damit.<\/p>\n<p class=\"csc-frame-frame1\">Ich muss noch was erledigen.<\/p>\n<p class=\"csc-frame-frame1\"><b>Was denn?<\/b><\/p>\n<p class=\"csc-frame-frame1\">Ausruhen. Essen. Rumschauen. Leben genie\u00dfen.<\/p>\n<p class=\"csc-frame-frame1\"><a href=\"https:\/\/www.tirza-kirchner.de\/tierheilpraxis\/tierkommunikation\/beispiele\/\">Zur\u00fcck zur \u00dcbersicht<\/a><\/p>\n<\/div>\n","protected":false},"excerpt":{"rendered":"<p>Kaninchen Striezels Kommentare zu seiner Kaninchenfreundin Striezels Kaninchenfreundin ist ziemlich dominant. Striezel eher ein ruhiger Typ. Ihr Frauchen m\u00f6chte von ihm wissen, wie er denn so zurecht kommt und ob es in Ordnung w\u00e4re, wenn die beiden Kaninchen ihre Zeit im gleichen Gehege miteinander verbringen. Striezel hat eine ganz klare Meinung dazu und \u00e4u\u00dfert sie &#8230; <a title=\"Kaninchen Striezel\" class=\"read-more\" href=\"https:\/\/www.tirza-kirchner.de\/tierheilpraxis\/tierkommunikation\/beispiele\/kaninchen-striezel\/\" aria-label=\"Mehr Informationen \u00fcber Kaninchen Striezel\">Weiterlesen<\/a><\/p>\n","protected":false},"author":1,"featured_media":0,"parent":31,"menu_order":0,"comment_status":"closed","ping_status":"closed","template":"","meta":{"generate_page_header":"","_mc_calendar":[],"footnotes":""},"class_list":["post-341","page","type-page","status-publish"],"yoast_head":"<!-- This site is optimized with the Yoast SEO plugin v27.4 - https:\/\/yoast.com\/product\/yoast-seo-wordpress\/ -->\n<title>Kaninchen Striezel - Tier<\/title>\n<meta name=\"robots\" content=\"index, follow, max-snippet:-1, max-image-preview:large, max-video-preview:-1\" \/>\n<link rel=\"canonical\" href=\"https:\/\/www.tirza-kirchner.de\/tierheilpraxis\/tierkommunikation\/beispiele\/kaninchen-striezel\/\" \/>\n<meta property=\"og:locale\" content=\"de_DE\" \/>\n<meta property=\"og:type\" content=\"article\" \/>\n<meta property=\"og:title\" content=\"Kaninchen Striezel - Tier\" \/>\n<meta property=\"og:description\" content=\"Kaninchen Striezels Kommentare zu seiner Kaninchenfreundin Striezels Kaninchenfreundin ist ziemlich dominant. Striezel eher ein ruhiger Typ. Ihr Frauchen m\u00f6chte von ihm wissen, wie er denn so zurecht kommt und ob es in Ordnung w\u00e4re, wenn die beiden Kaninchen ihre Zeit im gleichen Gehege miteinander verbringen. Striezel hat eine ganz klare Meinung dazu und \u00e4u\u00dfert sie ... Weiterlesen\" \/>\n<meta property=\"og:url\" content=\"https:\/\/www.tirza-kirchner.de\/tierheilpraxis\/tierkommunikation\/beispiele\/kaninchen-striezel\/\" \/>\n<meta property=\"og:site_name\" content=\"Tier\" \/>\n<meta property=\"article:modified_time\" content=\"2017-07-08T18:07:16+00:00\" \/>\n<meta property=\"og:image\" content=\"https:\/\/www.tirza-kirchner.de\/tierheilpraxis\/wp-content\/uploads\/sites\/2\/2017\/02\/kaninchen_Striezl-170x300.jpg\" \/>\n<meta name=\"twitter:card\" content=\"summary_large_image\" \/>\n<meta name=\"twitter:label1\" content=\"Gesch\u00e4tzte Lesezeit\" \/>\n\t<meta name=\"twitter:data1\" content=\"4\u00a0Minuten\" \/>\n<script type=\"application\/ld+json\" class=\"yoast-schema-graph\">{\"@context\":\"https:\\\/\\\/schema.org\",\"@graph\":[{\"@type\":\"WebPage\",\"@id\":\"https:\\\/\\\/www.tirza-kirchner.de\\\/tierheilpraxis\\\/tierkommunikation\\\/beispiele\\\/kaninchen-striezel\\\/\",\"url\":\"https:\\\/\\\/www.tirza-kirchner.de\\\/tierheilpraxis\\\/tierkommunikation\\\/beispiele\\\/kaninchen-striezel\\\/\",\"name\":\"Kaninchen Striezel - Tier\",\"isPartOf\":{\"@id\":\"https:\\\/\\\/www.tirza-kirchner.de\\\/tierheilpraxis\\\/#website\"},\"primaryImageOfPage\":{\"@id\":\"https:\\\/\\\/www.tirza-kirchner.de\\\/tierheilpraxis\\\/tierkommunikation\\\/beispiele\\\/kaninchen-striezel\\\/#primaryimage\"},\"image\":{\"@id\":\"https:\\\/\\\/www.tirza-kirchner.de\\\/tierheilpraxis\\\/tierkommunikation\\\/beispiele\\\/kaninchen-striezel\\\/#primaryimage\"},\"thumbnailUrl\":\"https:\\\/\\\/www.tirza-kirchner.de\\\/tierheilpraxis\\\/wp-content\\\/uploads\\\/sites\\\/2\\\/2017\\\/02\\\/kaninchen_Striezl-170x300.jpg\",\"datePublished\":\"2017-07-08T15:45:20+00:00\",\"dateModified\":\"2017-07-08T18:07:16+00:00\",\"breadcrumb\":{\"@id\":\"https:\\\/\\\/www.tirza-kirchner.de\\\/tierheilpraxis\\\/tierkommunikation\\\/beispiele\\\/kaninchen-striezel\\\/#breadcrumb\"},\"inLanguage\":\"de\",\"potentialAction\":[{\"@type\":\"ReadAction\",\"target\":[\"https:\\\/\\\/www.tirza-kirchner.de\\\/tierheilpraxis\\\/tierkommunikation\\\/beispiele\\\/kaninchen-striezel\\\/\"]}]},{\"@type\":\"ImageObject\",\"inLanguage\":\"de\",\"@id\":\"https:\\\/\\\/www.tirza-kirchner.de\\\/tierheilpraxis\\\/tierkommunikation\\\/beispiele\\\/kaninchen-striezel\\\/#primaryimage\",\"url\":\"https:\\\/\\\/www.tirza-kirchner.de\\\/tierheilpraxis\\\/wp-content\\\/uploads\\\/sites\\\/2\\\/2017\\\/02\\\/kaninchen_Striezl.jpg\",\"contentUrl\":\"https:\\\/\\\/www.tirza-kirchner.de\\\/tierheilpraxis\\\/wp-content\\\/uploads\\\/sites\\\/2\\\/2017\\\/02\\\/kaninchen_Striezl.jpg\",\"width\":210,\"height\":370,\"caption\":\"Kaninchen Striezels Kommentare zu seiner Kaninchenfreundin\"},{\"@type\":\"BreadcrumbList\",\"@id\":\"https:\\\/\\\/www.tirza-kirchner.de\\\/tierheilpraxis\\\/tierkommunikation\\\/beispiele\\\/kaninchen-striezel\\\/#breadcrumb\",\"itemListElement\":[{\"@type\":\"ListItem\",\"position\":1,\"name\":\"Startseite\",\"item\":\"https:\\\/\\\/www.tirza-kirchner.de\\\/tierheilpraxis\\\/\"},{\"@type\":\"ListItem\",\"position\":2,\"name\":\"Tierkommunikation\",\"item\":\"https:\\\/\\\/www.tirza-kirchner.de\\\/tierheilpraxis\\\/tierkommunikation\\\/\"},{\"@type\":\"ListItem\",\"position\":3,\"name\":\"Beispiele aus der Tierkommunikation\",\"item\":\"https:\\\/\\\/www.tirza-kirchner.de\\\/tierheilpraxis\\\/tierkommunikation\\\/beispiele\\\/\"},{\"@type\":\"ListItem\",\"position\":4,\"name\":\"Kaninchen Striezel\"}]},{\"@type\":\"WebSite\",\"@id\":\"https:\\\/\\\/www.tirza-kirchner.de\\\/tierheilpraxis\\\/#website\",\"url\":\"https:\\\/\\\/www.tirza-kirchner.de\\\/tierheilpraxis\\\/\",\"name\":\"Tier\",\"description\":\"Eine weitere Tirza Kirchner Website\",\"potentialAction\":[{\"@type\":\"SearchAction\",\"target\":{\"@type\":\"EntryPoint\",\"urlTemplate\":\"https:\\\/\\\/www.tirza-kirchner.de\\\/tierheilpraxis\\\/?s={search_term_string}\"},\"query-input\":{\"@type\":\"PropertyValueSpecification\",\"valueRequired\":true,\"valueName\":\"search_term_string\"}}],\"inLanguage\":\"de\"}]}<\/script>\n<!-- \/ Yoast SEO plugin. -->","yoast_head_json":{"title":"Kaninchen Striezel - Tier","robots":{"index":"index","follow":"follow","max-snippet":"max-snippet:-1","max-image-preview":"max-image-preview:large","max-video-preview":"max-video-preview:-1"},"canonical":"https:\/\/www.tirza-kirchner.de\/tierheilpraxis\/tierkommunikation\/beispiele\/kaninchen-striezel\/","og_locale":"de_DE","og_type":"article","og_title":"Kaninchen Striezel - Tier","og_description":"Kaninchen Striezels Kommentare zu seiner Kaninchenfreundin Striezels Kaninchenfreundin ist ziemlich dominant. Striezel eher ein ruhiger Typ. Ihr Frauchen m\u00f6chte von ihm wissen, wie er denn so zurecht kommt und ob es in Ordnung w\u00e4re, wenn die beiden Kaninchen ihre Zeit im gleichen Gehege miteinander verbringen. Striezel hat eine ganz klare Meinung dazu und \u00e4u\u00dfert sie ... Weiterlesen","og_url":"https:\/\/www.tirza-kirchner.de\/tierheilpraxis\/tierkommunikation\/beispiele\/kaninchen-striezel\/","og_site_name":"Tier","article_modified_time":"2017-07-08T18:07:16+00:00","og_image":[{"url":"https:\/\/www.tirza-kirchner.de\/tierheilpraxis\/wp-content\/uploads\/sites\/2\/2017\/02\/kaninchen_Striezl-170x300.jpg","type":"","width":"","height":""}],"twitter_card":"summary_large_image","twitter_misc":{"Gesch\u00e4tzte Lesezeit":"4\u00a0Minuten"},"schema":{"@context":"https:\/\/schema.org","@graph":[{"@type":"WebPage","@id":"https:\/\/www.tirza-kirchner.de\/tierheilpraxis\/tierkommunikation\/beispiele\/kaninchen-striezel\/","url":"https:\/\/www.tirza-kirchner.de\/tierheilpraxis\/tierkommunikation\/beispiele\/kaninchen-striezel\/","name":"Kaninchen Striezel - Tier","isPartOf":{"@id":"https:\/\/www.tirza-kirchner.de\/tierheilpraxis\/#website"},"primaryImageOfPage":{"@id":"https:\/\/www.tirza-kirchner.de\/tierheilpraxis\/tierkommunikation\/beispiele\/kaninchen-striezel\/#primaryimage"},"image":{"@id":"https:\/\/www.tirza-kirchner.de\/tierheilpraxis\/tierkommunikation\/beispiele\/kaninchen-striezel\/#primaryimage"},"thumbnailUrl":"https:\/\/www.tirza-kirchner.de\/tierheilpraxis\/wp-content\/uploads\/sites\/2\/2017\/02\/kaninchen_Striezl-170x300.jpg","datePublished":"2017-07-08T15:45:20+00:00","dateModified":"2017-07-08T18:07:16+00:00","breadcrumb":{"@id":"https:\/\/www.tirza-kirchner.de\/tierheilpraxis\/tierkommunikation\/beispiele\/kaninchen-striezel\/#breadcrumb"},"inLanguage":"de","potentialAction":[{"@type":"ReadAction","target":["https:\/\/www.tirza-kirchner.de\/tierheilpraxis\/tierkommunikation\/beispiele\/kaninchen-striezel\/"]}]},{"@type":"ImageObject","inLanguage":"de","@id":"https:\/\/www.tirza-kirchner.de\/tierheilpraxis\/tierkommunikation\/beispiele\/kaninchen-striezel\/#primaryimage","url":"https:\/\/www.tirza-kirchner.de\/tierheilpraxis\/wp-content\/uploads\/sites\/2\/2017\/02\/kaninchen_Striezl.jpg","contentUrl":"https:\/\/www.tirza-kirchner.de\/tierheilpraxis\/wp-content\/uploads\/sites\/2\/2017\/02\/kaninchen_Striezl.jpg","width":210,"height":370,"caption":"Kaninchen Striezels Kommentare zu seiner Kaninchenfreundin"},{"@type":"BreadcrumbList","@id":"https:\/\/www.tirza-kirchner.de\/tierheilpraxis\/tierkommunikation\/beispiele\/kaninchen-striezel\/#breadcrumb","itemListElement":[{"@type":"ListItem","position":1,"name":"Startseite","item":"https:\/\/www.tirza-kirchner.de\/tierheilpraxis\/"},{"@type":"ListItem","position":2,"name":"Tierkommunikation","item":"https:\/\/www.tirza-kirchner.de\/tierheilpraxis\/tierkommunikation\/"},{"@type":"ListItem","position":3,"name":"Beispiele aus der Tierkommunikation","item":"https:\/\/www.tirza-kirchner.de\/tierheilpraxis\/tierkommunikation\/beispiele\/"},{"@type":"ListItem","position":4,"name":"Kaninchen Striezel"}]},{"@type":"WebSite","@id":"https:\/\/www.tirza-kirchner.de\/tierheilpraxis\/#website","url":"https:\/\/www.tirza-kirchner.de\/tierheilpraxis\/","name":"Tier","description":"Eine weitere Tirza Kirchner Website","potentialAction":[{"@type":"SearchAction","target":{"@type":"EntryPoint","urlTemplate":"https:\/\/www.tirza-kirchner.de\/tierheilpraxis\/?s={search_term_string}"},"query-input":{"@type":"PropertyValueSpecification","valueRequired":true,"valueName":"search_term_string"}}],"inLanguage":"de"}]}},"_links":{"self":[{"href":"https:\/\/www.tirza-kirchner.de\/tierheilpraxis\/wp-json\/wp\/v2\/pages\/341","targetHints":{"allow":["GET"]}}],"collection":[{"href":"https:\/\/www.tirza-kirchner.de\/tierheilpraxis\/wp-json\/wp\/v2\/pages"}],"about":[{"href":"https:\/\/www.tirza-kirchner.de\/tierheilpraxis\/wp-json\/wp\/v2\/types\/page"}],"author":[{"embeddable":true,"href":"https:\/\/www.tirza-kirchner.de\/tierheilpraxis\/wp-json\/wp\/v2\/users\/1"}],"replies":[{"embeddable":true,"href":"https:\/\/www.tirza-kirchner.de\/tierheilpraxis\/wp-json\/wp\/v2\/comments?post=341"}],"version-history":[{"count":1,"href":"https:\/\/www.tirza-kirchner.de\/tierheilpraxis\/wp-json\/wp\/v2\/pages\/341\/revisions"}],"predecessor-version":[{"id":343,"href":"https:\/\/www.tirza-kirchner.de\/tierheilpraxis\/wp-json\/wp\/v2\/pages\/341\/revisions\/343"}],"up":[{"embeddable":true,"href":"https:\/\/www.tirza-kirchner.de\/tierheilpraxis\/wp-json\/wp\/v2\/pages\/31"}],"wp:attachment":[{"href":"https:\/\/www.tirza-kirchner.de\/tierheilpraxis\/wp-json\/wp\/v2\/media?parent=341"}],"curies":[{"name":"wp","href":"https:\/\/api.w.org\/{rel}","templated":true}]}}