{"id":333,"date":"2017-07-08T17:37:25","date_gmt":"2017-07-08T15:37:25","guid":{"rendered":"https:\/\/www.tirza-kirchner.de\/tierheilpraxis\/?page_id=333"},"modified":"2017-07-08T20:08:01","modified_gmt":"2017-07-08T18:08:01","slug":"katze-gucci-ist-sich-ihrer-schoenheit-bewusst","status":"publish","type":"page","link":"https:\/\/www.tirza-kirchner.de\/tierheilpraxis\/tierkommunikation\/beispiele\/katze-gucci-ist-sich-ihrer-schoenheit-bewusst\/","title":{"rendered":"Katze Gucci ist sich ihrer Sch\u00f6nheit bewusst."},"content":{"rendered":"<figure id=\"attachment_326\" aria-describedby=\"caption-attachment-326\" style=\"width: 160px\" class=\"wp-caption alignleft\"><img loading=\"lazy\" decoding=\"async\" class=\"size-medium wp-image-326\" src=\"https:\/\/www.tirza-kirchner.de\/tierheilpraxis\/wp-content\/uploads\/sites\/2\/2017\/02\/katze_gucci-170x300.jpg\" alt=\"\" width=\"170\" height=\"300\" srcset=\"https:\/\/www.tirza-kirchner.de\/tierheilpraxis\/wp-content\/uploads\/sites\/2\/2017\/02\/katze_gucci-170x300.jpg 170w, https:\/\/www.tirza-kirchner.de\/tierheilpraxis\/wp-content\/uploads\/sites\/2\/2017\/02\/katze_gucci.jpg 210w\" sizes=\"auto, (max-width: 170px) 100vw, 170px\" \/><figcaption id=\"caption-attachment-326\" class=\"wp-caption-text\">Katze Gucci ist sich ihrer Sch\u00f6nheit bewusst.<\/figcaption><\/figure>\n<p>Katze Gucci verh\u00e4lt sich oft sehr unnahbar und sucht wenig N\u00e4he. Ihr Frauchen m\u00f6chte wissen,<br \/>\nworan das liegt und was sie tun kann, um das Verh\u00e4ltnis zu verbessern.<\/p>\n<p>Gucci beschreibt im Gespr\u00e4ch wie sie Bewunderung genie\u00dft und dass sie im Mittelpunkt stehen m\u00f6chte. Auch gibt sie ihrem Frauchen Tipps \u00fcber M\u00f6glichkeiten wie sie sich vielleicht doch zum Spielen und Schmusen \u00fcberreden lassen w\u00fcrde.<\/p>\n<p>Auf Basis des Gespr\u00e4chs finden die beiden n\u00e4her zusammen.<\/p>\n<h2>Auszug aus dem Gespr\u00e4chsprotokoll<\/h2>\n<p><strong>&#8230; Gucci zeigt mir eine Wohnung. Und sie wirkt darin wie eine K\u00f6nigin, die alles in Besitz genommen hat. Distanziert aber beherrschend. Sie stolziert durch die Wohnung, wie wenn sie ihr geh\u00f6ren w\u00fcrde. Und schenkt allem au\u00dfen rum kaum Beachtung.<\/strong><\/p>\n<p>Ich mag gern wichtig sein und wichtig genommen werden. Denn ich bin doch wichtig.<\/p>\n<p><strong>Sehe sie in einer Wohnung herum stolzieren. Bedacht darauf, dass jeder sie sieht, obwohl sie niemanden eines Blickes w\u00fcrdigt. Sie wei\u00df aber ganz genau, dass alle sie beobachten.<\/strong><\/p>\n<p>Genau das mag ich. Meinen Weg gehen und trotzdem im Mittelpunkt stehen. Alle schauen nach mir.<\/p>\n<p>Alle k\u00fcmmern sich um mich. Alle achten auf mich. Nat\u00fcrlich zeig ich das nicht so deutlich, dass ich die Beachtung mag und brauche. Das w\u00e4re doch unter meiner W\u00fcrde. Dazu bin ich mir zu edel. Aber das tut voll gut, wenn sich alle um mich k\u00fcmmern, sorgen, nach mir schauen. So steh ich noch viel mehr im Mittelpunkt und kann die Zuwendung aller genie\u00dfen.<\/p>\n<p><strong>Warum willst Du nicht mit Deinem Frauchen spielen?<\/strong><\/p>\n<p>Also spielen mag ich schon. Mach ich ja drau\u00dfen auch laufend. Macht in der Sonne viel viel mehr Spa\u00df, als in der Wohnung.<\/p>\n<p>Und da haben wir wieder das Problem: Ich mag doch nur spielen, wenn ich es selbst will. Doch nicht, wenn es irgendjemand anderes es will.<\/p>\n<p><strong>Wie kann denn Dein Frauchen erkennen, wann Du mal spielen willst? Hast Du irgendeine Idee?<\/strong><\/p>\n<p><strong>Irgendeinen Vorschlag? Oder irgendein Spielzeug?<\/strong><\/p>\n<p><strong>Sie zeigt mir eine gr\u00fcne Wiese im Sonnenschein mit G\u00e4nsebl\u00fcmchen. Und Federn an einer Schnur und Stecken h\u00e4ngend. Sie hascht nach den Federn an der Schnur, wenn die Federn \u00fcber sie tanzen. Das alles spielt sich in einer Wiese ab. Sieht aus als w\u00fcrde sich die Wiese in der N\u00e4he des Zuhauses befinden. Also auch gut zug\u00e4nglich f\u00fcr ihr Frauchen.<\/strong><\/p>\n<p>Mein Frauchen soll mich mal drau\u00dfen beobachten. Da gibt es viel mehr Gelegenheiten. Ich zeig ihr meine Spiele. Ich mag drau\u00dfen spielen. Da soll sie mir zuschauen. Ich zeig ihr schon, in welches Spiel sie sich mit einbringen kann. Wie schon die ganze Zeit gesagt, ich hab da so meine eigenen Regeln.<\/p>\n<p>Wenn sie sich etwas anpasst, dann klappt das schon. Wir spielen dann meine Spiele. Die sind gut. Total gut. Machen viel Spa\u00df. Die kann ich alleine spielen. Aber auch mit meinem Frauchen. Soll sich mal etwas M\u00fche geben, dann bring ich sie ihr bei.<\/p>\n<p><strong>Willst Du mir noch irgendetwas erz\u00e4hlen, was Du gerne machst?<\/strong><\/p>\n<p>Ja, das stimmt schon. Ich bin gerne unterwegs. Bin eine Reiselustige. Hab viele Freunde, die ich besuchen muss. Katzenfreunde. Da muss ich hin. Bin viel unterwegs. Mag den Mondschein und den Sonnenschein. Regen gar nicht. Nass mag ich es nicht. Schleich um die H\u00e4user und krieg genau mit, wenn mich jemand beobachtet, auch wenn ich ihn gar nicht beachte. Sp\u00fcre aber die Blicke auf meinem Fell. Dann kann ich noch besser stolzieren&#8230;<\/p>\n<p><a href=\"https:\/\/www.tirza-kirchner.de\/tierheilpraxis\/tierkommunikation\/beispiele\/\">Zur\u00fcck zur \u00dcbersicht<\/a><\/p>\n","protected":false},"excerpt":{"rendered":"<p>Katze Gucci verh\u00e4lt sich oft sehr unnahbar und sucht wenig N\u00e4he. Ihr Frauchen m\u00f6chte wissen, woran das liegt und was sie tun kann, um das Verh\u00e4ltnis zu verbessern. Gucci beschreibt im Gespr\u00e4ch wie sie Bewunderung genie\u00dft und dass sie im Mittelpunkt stehen m\u00f6chte. Auch gibt sie ihrem Frauchen Tipps \u00fcber M\u00f6glichkeiten wie sie sich vielleicht &#8230; <a title=\"Katze Gucci ist sich ihrer Sch\u00f6nheit bewusst.\" class=\"read-more\" href=\"https:\/\/www.tirza-kirchner.de\/tierheilpraxis\/tierkommunikation\/beispiele\/katze-gucci-ist-sich-ihrer-schoenheit-bewusst\/\" aria-label=\"Mehr Informationen \u00fcber Katze Gucci ist sich ihrer Sch\u00f6nheit bewusst.\">Weiterlesen<\/a><\/p>\n","protected":false},"author":1,"featured_media":0,"parent":31,"menu_order":0,"comment_status":"closed","ping_status":"closed","template":"","meta":{"generate_page_header":"","_mc_calendar":[],"footnotes":""},"class_list":["post-333","page","type-page","status-publish"],"yoast_head":"<!-- This site is optimized with the Yoast SEO plugin v27.4 - https:\/\/yoast.com\/product\/yoast-seo-wordpress\/ -->\n<title>Katze Gucci ist sich ihrer Sch\u00f6nheit bewusst. - Tier<\/title>\n<meta name=\"robots\" content=\"index, follow, max-snippet:-1, max-image-preview:large, max-video-preview:-1\" \/>\n<link rel=\"canonical\" href=\"https:\/\/www.tirza-kirchner.de\/tierheilpraxis\/tierkommunikation\/beispiele\/katze-gucci-ist-sich-ihrer-schoenheit-bewusst\/\" \/>\n<meta property=\"og:locale\" content=\"de_DE\" \/>\n<meta property=\"og:type\" content=\"article\" \/>\n<meta property=\"og:title\" content=\"Katze Gucci ist sich ihrer Sch\u00f6nheit bewusst. - Tier\" \/>\n<meta property=\"og:description\" content=\"Katze Gucci verh\u00e4lt sich oft sehr unnahbar und sucht wenig N\u00e4he. Ihr Frauchen m\u00f6chte wissen, woran das liegt und was sie tun kann, um das Verh\u00e4ltnis zu verbessern. Gucci beschreibt im Gespr\u00e4ch wie sie Bewunderung genie\u00dft und dass sie im Mittelpunkt stehen m\u00f6chte. Auch gibt sie ihrem Frauchen Tipps \u00fcber M\u00f6glichkeiten wie sie sich vielleicht ... Weiterlesen\" \/>\n<meta property=\"og:url\" content=\"https:\/\/www.tirza-kirchner.de\/tierheilpraxis\/tierkommunikation\/beispiele\/katze-gucci-ist-sich-ihrer-schoenheit-bewusst\/\" \/>\n<meta property=\"og:site_name\" content=\"Tier\" \/>\n<meta property=\"article:modified_time\" content=\"2017-07-08T18:08:01+00:00\" \/>\n<meta property=\"og:image\" content=\"https:\/\/www.tirza-kirchner.de\/tierheilpraxis\/wp-content\/uploads\/sites\/2\/2017\/02\/katze_gucci-170x300.jpg\" \/>\n<meta name=\"twitter:card\" content=\"summary_large_image\" \/>\n<meta name=\"twitter:label1\" content=\"Gesch\u00e4tzte Lesezeit\" \/>\n\t<meta name=\"twitter:data1\" content=\"3\u00a0Minuten\" \/>\n<script type=\"application\/ld+json\" class=\"yoast-schema-graph\">{\"@context\":\"https:\\\/\\\/schema.org\",\"@graph\":[{\"@type\":\"WebPage\",\"@id\":\"https:\\\/\\\/www.tirza-kirchner.de\\\/tierheilpraxis\\\/tierkommunikation\\\/beispiele\\\/katze-gucci-ist-sich-ihrer-schoenheit-bewusst\\\/\",\"url\":\"https:\\\/\\\/www.tirza-kirchner.de\\\/tierheilpraxis\\\/tierkommunikation\\\/beispiele\\\/katze-gucci-ist-sich-ihrer-schoenheit-bewusst\\\/\",\"name\":\"Katze Gucci ist sich ihrer Sch\u00f6nheit bewusst. - Tier\",\"isPartOf\":{\"@id\":\"https:\\\/\\\/www.tirza-kirchner.de\\\/tierheilpraxis\\\/#website\"},\"primaryImageOfPage\":{\"@id\":\"https:\\\/\\\/www.tirza-kirchner.de\\\/tierheilpraxis\\\/tierkommunikation\\\/beispiele\\\/katze-gucci-ist-sich-ihrer-schoenheit-bewusst\\\/#primaryimage\"},\"image\":{\"@id\":\"https:\\\/\\\/www.tirza-kirchner.de\\\/tierheilpraxis\\\/tierkommunikation\\\/beispiele\\\/katze-gucci-ist-sich-ihrer-schoenheit-bewusst\\\/#primaryimage\"},\"thumbnailUrl\":\"https:\\\/\\\/www.tirza-kirchner.de\\\/tierheilpraxis\\\/wp-content\\\/uploads\\\/sites\\\/2\\\/2017\\\/02\\\/katze_gucci-170x300.jpg\",\"datePublished\":\"2017-07-08T15:37:25+00:00\",\"dateModified\":\"2017-07-08T18:08:01+00:00\",\"breadcrumb\":{\"@id\":\"https:\\\/\\\/www.tirza-kirchner.de\\\/tierheilpraxis\\\/tierkommunikation\\\/beispiele\\\/katze-gucci-ist-sich-ihrer-schoenheit-bewusst\\\/#breadcrumb\"},\"inLanguage\":\"de\",\"potentialAction\":[{\"@type\":\"ReadAction\",\"target\":[\"https:\\\/\\\/www.tirza-kirchner.de\\\/tierheilpraxis\\\/tierkommunikation\\\/beispiele\\\/katze-gucci-ist-sich-ihrer-schoenheit-bewusst\\\/\"]}]},{\"@type\":\"ImageObject\",\"inLanguage\":\"de\",\"@id\":\"https:\\\/\\\/www.tirza-kirchner.de\\\/tierheilpraxis\\\/tierkommunikation\\\/beispiele\\\/katze-gucci-ist-sich-ihrer-schoenheit-bewusst\\\/#primaryimage\",\"url\":\"https:\\\/\\\/www.tirza-kirchner.de\\\/tierheilpraxis\\\/wp-content\\\/uploads\\\/sites\\\/2\\\/2017\\\/02\\\/katze_gucci.jpg\",\"contentUrl\":\"https:\\\/\\\/www.tirza-kirchner.de\\\/tierheilpraxis\\\/wp-content\\\/uploads\\\/sites\\\/2\\\/2017\\\/02\\\/katze_gucci.jpg\",\"width\":210,\"height\":370,\"caption\":\"Katze Gucci ist sich ihrer Sch\u00f6nheit bewusst.\"},{\"@type\":\"BreadcrumbList\",\"@id\":\"https:\\\/\\\/www.tirza-kirchner.de\\\/tierheilpraxis\\\/tierkommunikation\\\/beispiele\\\/katze-gucci-ist-sich-ihrer-schoenheit-bewusst\\\/#breadcrumb\",\"itemListElement\":[{\"@type\":\"ListItem\",\"position\":1,\"name\":\"Startseite\",\"item\":\"https:\\\/\\\/www.tirza-kirchner.de\\\/tierheilpraxis\\\/\"},{\"@type\":\"ListItem\",\"position\":2,\"name\":\"Tierkommunikation\",\"item\":\"https:\\\/\\\/www.tirza-kirchner.de\\\/tierheilpraxis\\\/tierkommunikation\\\/\"},{\"@type\":\"ListItem\",\"position\":3,\"name\":\"Beispiele aus der Tierkommunikation\",\"item\":\"https:\\\/\\\/www.tirza-kirchner.de\\\/tierheilpraxis\\\/tierkommunikation\\\/beispiele\\\/\"},{\"@type\":\"ListItem\",\"position\":4,\"name\":\"Katze Gucci ist sich ihrer Sch\u00f6nheit bewusst.\"}]},{\"@type\":\"WebSite\",\"@id\":\"https:\\\/\\\/www.tirza-kirchner.de\\\/tierheilpraxis\\\/#website\",\"url\":\"https:\\\/\\\/www.tirza-kirchner.de\\\/tierheilpraxis\\\/\",\"name\":\"Tier\",\"description\":\"Eine weitere Tirza Kirchner Website\",\"potentialAction\":[{\"@type\":\"SearchAction\",\"target\":{\"@type\":\"EntryPoint\",\"urlTemplate\":\"https:\\\/\\\/www.tirza-kirchner.de\\\/tierheilpraxis\\\/?s={search_term_string}\"},\"query-input\":{\"@type\":\"PropertyValueSpecification\",\"valueRequired\":true,\"valueName\":\"search_term_string\"}}],\"inLanguage\":\"de\"}]}<\/script>\n<!-- \/ Yoast SEO plugin. -->","yoast_head_json":{"title":"Katze Gucci ist sich ihrer Sch\u00f6nheit bewusst. - Tier","robots":{"index":"index","follow":"follow","max-snippet":"max-snippet:-1","max-image-preview":"max-image-preview:large","max-video-preview":"max-video-preview:-1"},"canonical":"https:\/\/www.tirza-kirchner.de\/tierheilpraxis\/tierkommunikation\/beispiele\/katze-gucci-ist-sich-ihrer-schoenheit-bewusst\/","og_locale":"de_DE","og_type":"article","og_title":"Katze Gucci ist sich ihrer Sch\u00f6nheit bewusst. - Tier","og_description":"Katze Gucci verh\u00e4lt sich oft sehr unnahbar und sucht wenig N\u00e4he. Ihr Frauchen m\u00f6chte wissen, woran das liegt und was sie tun kann, um das Verh\u00e4ltnis zu verbessern. Gucci beschreibt im Gespr\u00e4ch wie sie Bewunderung genie\u00dft und dass sie im Mittelpunkt stehen m\u00f6chte. Auch gibt sie ihrem Frauchen Tipps \u00fcber M\u00f6glichkeiten wie sie sich vielleicht ... Weiterlesen","og_url":"https:\/\/www.tirza-kirchner.de\/tierheilpraxis\/tierkommunikation\/beispiele\/katze-gucci-ist-sich-ihrer-schoenheit-bewusst\/","og_site_name":"Tier","article_modified_time":"2017-07-08T18:08:01+00:00","og_image":[{"url":"https:\/\/www.tirza-kirchner.de\/tierheilpraxis\/wp-content\/uploads\/sites\/2\/2017\/02\/katze_gucci-170x300.jpg","type":"","width":"","height":""}],"twitter_card":"summary_large_image","twitter_misc":{"Gesch\u00e4tzte Lesezeit":"3\u00a0Minuten"},"schema":{"@context":"https:\/\/schema.org","@graph":[{"@type":"WebPage","@id":"https:\/\/www.tirza-kirchner.de\/tierheilpraxis\/tierkommunikation\/beispiele\/katze-gucci-ist-sich-ihrer-schoenheit-bewusst\/","url":"https:\/\/www.tirza-kirchner.de\/tierheilpraxis\/tierkommunikation\/beispiele\/katze-gucci-ist-sich-ihrer-schoenheit-bewusst\/","name":"Katze Gucci ist sich ihrer Sch\u00f6nheit bewusst. - Tier","isPartOf":{"@id":"https:\/\/www.tirza-kirchner.de\/tierheilpraxis\/#website"},"primaryImageOfPage":{"@id":"https:\/\/www.tirza-kirchner.de\/tierheilpraxis\/tierkommunikation\/beispiele\/katze-gucci-ist-sich-ihrer-schoenheit-bewusst\/#primaryimage"},"image":{"@id":"https:\/\/www.tirza-kirchner.de\/tierheilpraxis\/tierkommunikation\/beispiele\/katze-gucci-ist-sich-ihrer-schoenheit-bewusst\/#primaryimage"},"thumbnailUrl":"https:\/\/www.tirza-kirchner.de\/tierheilpraxis\/wp-content\/uploads\/sites\/2\/2017\/02\/katze_gucci-170x300.jpg","datePublished":"2017-07-08T15:37:25+00:00","dateModified":"2017-07-08T18:08:01+00:00","breadcrumb":{"@id":"https:\/\/www.tirza-kirchner.de\/tierheilpraxis\/tierkommunikation\/beispiele\/katze-gucci-ist-sich-ihrer-schoenheit-bewusst\/#breadcrumb"},"inLanguage":"de","potentialAction":[{"@type":"ReadAction","target":["https:\/\/www.tirza-kirchner.de\/tierheilpraxis\/tierkommunikation\/beispiele\/katze-gucci-ist-sich-ihrer-schoenheit-bewusst\/"]}]},{"@type":"ImageObject","inLanguage":"de","@id":"https:\/\/www.tirza-kirchner.de\/tierheilpraxis\/tierkommunikation\/beispiele\/katze-gucci-ist-sich-ihrer-schoenheit-bewusst\/#primaryimage","url":"https:\/\/www.tirza-kirchner.de\/tierheilpraxis\/wp-content\/uploads\/sites\/2\/2017\/02\/katze_gucci.jpg","contentUrl":"https:\/\/www.tirza-kirchner.de\/tierheilpraxis\/wp-content\/uploads\/sites\/2\/2017\/02\/katze_gucci.jpg","width":210,"height":370,"caption":"Katze Gucci ist sich ihrer Sch\u00f6nheit bewusst."},{"@type":"BreadcrumbList","@id":"https:\/\/www.tirza-kirchner.de\/tierheilpraxis\/tierkommunikation\/beispiele\/katze-gucci-ist-sich-ihrer-schoenheit-bewusst\/#breadcrumb","itemListElement":[{"@type":"ListItem","position":1,"name":"Startseite","item":"https:\/\/www.tirza-kirchner.de\/tierheilpraxis\/"},{"@type":"ListItem","position":2,"name":"Tierkommunikation","item":"https:\/\/www.tirza-kirchner.de\/tierheilpraxis\/tierkommunikation\/"},{"@type":"ListItem","position":3,"name":"Beispiele aus der Tierkommunikation","item":"https:\/\/www.tirza-kirchner.de\/tierheilpraxis\/tierkommunikation\/beispiele\/"},{"@type":"ListItem","position":4,"name":"Katze Gucci ist sich ihrer Sch\u00f6nheit bewusst."}]},{"@type":"WebSite","@id":"https:\/\/www.tirza-kirchner.de\/tierheilpraxis\/#website","url":"https:\/\/www.tirza-kirchner.de\/tierheilpraxis\/","name":"Tier","description":"Eine weitere Tirza Kirchner Website","potentialAction":[{"@type":"SearchAction","target":{"@type":"EntryPoint","urlTemplate":"https:\/\/www.tirza-kirchner.de\/tierheilpraxis\/?s={search_term_string}"},"query-input":{"@type":"PropertyValueSpecification","valueRequired":true,"valueName":"search_term_string"}}],"inLanguage":"de"}]}},"_links":{"self":[{"href":"https:\/\/www.tirza-kirchner.de\/tierheilpraxis\/wp-json\/wp\/v2\/pages\/333","targetHints":{"allow":["GET"]}}],"collection":[{"href":"https:\/\/www.tirza-kirchner.de\/tierheilpraxis\/wp-json\/wp\/v2\/pages"}],"about":[{"href":"https:\/\/www.tirza-kirchner.de\/tierheilpraxis\/wp-json\/wp\/v2\/types\/page"}],"author":[{"embeddable":true,"href":"https:\/\/www.tirza-kirchner.de\/tierheilpraxis\/wp-json\/wp\/v2\/users\/1"}],"replies":[{"embeddable":true,"href":"https:\/\/www.tirza-kirchner.de\/tierheilpraxis\/wp-json\/wp\/v2\/comments?post=333"}],"version-history":[{"count":2,"href":"https:\/\/www.tirza-kirchner.de\/tierheilpraxis\/wp-json\/wp\/v2\/pages\/333\/revisions"}],"predecessor-version":[{"id":336,"href":"https:\/\/www.tirza-kirchner.de\/tierheilpraxis\/wp-json\/wp\/v2\/pages\/333\/revisions\/336"}],"up":[{"embeddable":true,"href":"https:\/\/www.tirza-kirchner.de\/tierheilpraxis\/wp-json\/wp\/v2\/pages\/31"}],"wp:attachment":[{"href":"https:\/\/www.tirza-kirchner.de\/tierheilpraxis\/wp-json\/wp\/v2\/media?parent=333"}],"curies":[{"name":"wp","href":"https:\/\/api.w.org\/{rel}","templated":true}]}}