{"id":330,"date":"2017-07-08T17:34:06","date_gmt":"2017-07-08T15:34:06","guid":{"rendered":"https:\/\/www.tirza-kirchner.de\/tierheilpraxis\/?page_id=330"},"modified":"2017-07-08T20:06:42","modified_gmt":"2017-07-08T18:06:42","slug":"collie-ricky-als-clown","status":"publish","type":"page","link":"https:\/\/www.tirza-kirchner.de\/tierheilpraxis\/tierkommunikation\/beispiele\/collie-ricky-als-clown\/","title":{"rendered":"Collie Ricky als Clown"},"content":{"rendered":"<figure id=\"attachment_328\" aria-describedby=\"caption-attachment-328\" style=\"width: 160px\" class=\"wp-caption alignleft\"><img loading=\"lazy\" decoding=\"async\" class=\"size-medium wp-image-328\" src=\"https:\/\/www.tirza-kirchner.de\/tierheilpraxis\/wp-content\/uploads\/sites\/2\/2017\/02\/ricky_collie-170x300.jpg\" alt=\"\" width=\"170\" height=\"300\" srcset=\"https:\/\/www.tirza-kirchner.de\/tierheilpraxis\/wp-content\/uploads\/sites\/2\/2017\/02\/ricky_collie-170x300.jpg 170w, https:\/\/www.tirza-kirchner.de\/tierheilpraxis\/wp-content\/uploads\/sites\/2\/2017\/02\/ricky_collie.jpg 210w\" sizes=\"auto, (max-width: 170px) 100vw, 170px\" \/><figcaption id=\"caption-attachment-328\" class=\"wp-caption-text\">Collie Ricky als Clown<\/figcaption><\/figure>\n<p>Manchmal ist es n\u00f6tig mit den Tieren richtige Diskussionen zu f\u00fchren \u2013 zu verhandeln.<br \/>\nNicht immer ist es einfach den n\u00f6tigen Ernst in das Gespr\u00e4ch zu bringen, wenn das Tier ein<br \/>\nThema eher lustig sieht oder gar nicht ernsthaft reden m\u00f6chte.<\/p>\n<p>Eigentlich sollte in dem Gespr\u00e4ch Ricky erkl\u00e4rt werden, dass eine Kastration unumg\u00e4nglich war, da er laufend aus<br \/>\ndem Grundst\u00fcck ausbrach und bei der Suche nach H\u00fcndinnen auf Wanderschaft ging.<\/p>\n<p>F\u00fcr Ricky waren andere Dinge viel wichtiger, wie z.B. das Spielen.<\/p>\n<h2>Auszug aus dem Gespr\u00e4chsprotokoll<\/h2>\n<p><strong>&#8230; au\u00dferdem will Dein Frauchen ganz ruhig und gelassen mit Dir spazieren gehen k\u00f6nnen, ohne dass Du Mensch und Tier bespringst.<\/strong><\/p>\n<p>Echt? Macht aber Spa\u00df \ud83d\ude42<\/p>\n<p><strong>Dir vielleicht. Mensch und Tier nicht unbedingt.<\/strong><\/p>\n<p>Aber es sollen doch alle Spa\u00df haben. Das Leben ist ein Riesen-Spa\u00df.<\/p>\n<p><strong>Genau. Und deswegen ist es eben besser, wenn Dein Frauchen Dich kastrieren l\u00e4sst. Danach ist da Ruhe. Und alle k\u00f6nnen ihren Spa\u00df haben. Du auch. Jede Menge Spa\u00df.<\/strong><\/p>\n<p>Dann ist&#8217;s ja gut. Hatte schon bef\u00fcrchten, dass das den Spa\u00df beeintr\u00e4chtigen w\u00fcrde.<\/p>\n<p><strong>Nein, auf keinen Fall. Dein Frauchen und ihre Familie sind dann vor jede Menge m\u00f6glichen \u00c4rger gesch\u00fctzt.<\/strong><\/p>\n<p>Ach so. Naja \u2013 \u00c4rger haben die ja schon genug. Und manchmal bin ich ja auch gar nicht so unschuldig.<\/p>\n<p><strong>Stimmt schon. Bist Du mit dem Kastrieren einverstanden?<\/strong><\/p>\n<p>Ja \u2013 schon. Sie soll es mir halt noch mal erkl\u00e4ren und vorher genau sagen, wann es ist. Damit ich mich drauf einstellen kann.<\/p>\n<p><strong>Dein Frauchen hat gemeint, dass sie Dich m\u00f6glichst bald zum Tierarzt bringen m\u00f6chte. Es ist bestimmt innerhalb der n\u00e4chsten 14 Tage.<\/strong><\/p>\n<p>Spielt der Tierarzt mit mir?<\/p>\n<p><strong>Er streichelt Dich bestimmt. Er mag Tiere ganz bestimmt.<\/strong><\/p>\n<p>Also Ok. Wenn sie es mir vorher noch mal sagt und es nicht schlimm wird.<\/p>\n<p><strong>Dein Frauchen hat so viele Mittelchen die sie Dir geben kann, dass Du alles gut \u00fcberstehst und es Dir nicht schlecht wird oder Du auch keine gro\u00dfen Schmerzen hast.<\/strong><\/p>\n<p>Ach ja \u2013 da war was. Hab ich schon paar Mal ausprobiert.<\/p>\n<p><strong>Siehst Du. Alles kein gro\u00dfes Problem.<\/strong><\/p>\n<p>Hmmm \u2026<\/p>\n<p><strong>Klingt so, als w\u00e4re es nicht so schlimm und jetzt im Moment auch gar nicht so wichtig.<\/strong><\/p>\n<p>Jetzt haben wir aber genug dr\u00fcber geredet. Lass uns doch ne Runde spielen!<\/p>\n<p><strong>Ich kann jetzt ein bisschen schlecht mit Dir spielen. Bin zu weit weg. Vielleicht findest Du vor Ort jemanden, der jetzt noch etwas mit Dir spielt?<\/strong><\/p>\n<p>Nee \u2013 da ist grad tote Hose. Bin ganz alleine hier &#8230;<\/p>\n<p><a href=\"https:\/\/www.tirza-kirchner.de\/tierheilpraxis\/tierkommunikation\/beispiele\/\">Zur\u00fcck zur \u00dcbersicht<\/a><\/p>\n","protected":false},"excerpt":{"rendered":"<p>Manchmal ist es n\u00f6tig mit den Tieren richtige Diskussionen zu f\u00fchren \u2013 zu verhandeln. Nicht immer ist es einfach den n\u00f6tigen Ernst in das Gespr\u00e4ch zu bringen, wenn das Tier ein Thema eher lustig sieht oder gar nicht ernsthaft reden m\u00f6chte. Eigentlich sollte in dem Gespr\u00e4ch Ricky erkl\u00e4rt werden, dass eine Kastration unumg\u00e4nglich war, da &#8230; <a title=\"Collie Ricky als Clown\" class=\"read-more\" href=\"https:\/\/www.tirza-kirchner.de\/tierheilpraxis\/tierkommunikation\/beispiele\/collie-ricky-als-clown\/\" aria-label=\"Mehr Informationen \u00fcber Collie Ricky als Clown\">Weiterlesen<\/a><\/p>\n","protected":false},"author":1,"featured_media":0,"parent":31,"menu_order":0,"comment_status":"closed","ping_status":"closed","template":"","meta":{"generate_page_header":"","_mc_calendar":[],"footnotes":""},"class_list":["post-330","page","type-page","status-publish"],"yoast_head":"<!-- This site is optimized with the Yoast SEO plugin v27.4 - https:\/\/yoast.com\/product\/yoast-seo-wordpress\/ -->\n<title>Collie Ricky als Clown - Tier<\/title>\n<meta name=\"robots\" content=\"index, follow, max-snippet:-1, max-image-preview:large, max-video-preview:-1\" \/>\n<link rel=\"canonical\" href=\"https:\/\/www.tirza-kirchner.de\/tierheilpraxis\/tierkommunikation\/beispiele\/collie-ricky-als-clown\/\" \/>\n<meta property=\"og:locale\" content=\"de_DE\" \/>\n<meta property=\"og:type\" content=\"article\" \/>\n<meta property=\"og:title\" content=\"Collie Ricky als Clown - Tier\" \/>\n<meta property=\"og:description\" content=\"Manchmal ist es n\u00f6tig mit den Tieren richtige Diskussionen zu f\u00fchren \u2013 zu verhandeln. Nicht immer ist es einfach den n\u00f6tigen Ernst in das Gespr\u00e4ch zu bringen, wenn das Tier ein Thema eher lustig sieht oder gar nicht ernsthaft reden m\u00f6chte. Eigentlich sollte in dem Gespr\u00e4ch Ricky erkl\u00e4rt werden, dass eine Kastration unumg\u00e4nglich war, da ... Weiterlesen\" \/>\n<meta property=\"og:url\" content=\"https:\/\/www.tirza-kirchner.de\/tierheilpraxis\/tierkommunikation\/beispiele\/collie-ricky-als-clown\/\" \/>\n<meta property=\"og:site_name\" content=\"Tier\" \/>\n<meta property=\"article:modified_time\" content=\"2017-07-08T18:06:42+00:00\" \/>\n<meta property=\"og:image\" content=\"https:\/\/www.tirza-kirchner.de\/tierheilpraxis\/wp-content\/uploads\/sites\/2\/2017\/02\/ricky_collie-170x300.jpg\" \/>\n<meta name=\"twitter:card\" content=\"summary_large_image\" \/>\n<meta name=\"twitter:label1\" content=\"Gesch\u00e4tzte Lesezeit\" \/>\n\t<meta name=\"twitter:data1\" content=\"2\u00a0Minuten\" \/>\n<script type=\"application\/ld+json\" class=\"yoast-schema-graph\">{\"@context\":\"https:\\\/\\\/schema.org\",\"@graph\":[{\"@type\":\"WebPage\",\"@id\":\"https:\\\/\\\/www.tirza-kirchner.de\\\/tierheilpraxis\\\/tierkommunikation\\\/beispiele\\\/collie-ricky-als-clown\\\/\",\"url\":\"https:\\\/\\\/www.tirza-kirchner.de\\\/tierheilpraxis\\\/tierkommunikation\\\/beispiele\\\/collie-ricky-als-clown\\\/\",\"name\":\"Collie Ricky als Clown - Tier\",\"isPartOf\":{\"@id\":\"https:\\\/\\\/www.tirza-kirchner.de\\\/tierheilpraxis\\\/#website\"},\"primaryImageOfPage\":{\"@id\":\"https:\\\/\\\/www.tirza-kirchner.de\\\/tierheilpraxis\\\/tierkommunikation\\\/beispiele\\\/collie-ricky-als-clown\\\/#primaryimage\"},\"image\":{\"@id\":\"https:\\\/\\\/www.tirza-kirchner.de\\\/tierheilpraxis\\\/tierkommunikation\\\/beispiele\\\/collie-ricky-als-clown\\\/#primaryimage\"},\"thumbnailUrl\":\"https:\\\/\\\/www.tirza-kirchner.de\\\/tierheilpraxis\\\/wp-content\\\/uploads\\\/sites\\\/2\\\/2017\\\/02\\\/ricky_collie-170x300.jpg\",\"datePublished\":\"2017-07-08T15:34:06+00:00\",\"dateModified\":\"2017-07-08T18:06:42+00:00\",\"breadcrumb\":{\"@id\":\"https:\\\/\\\/www.tirza-kirchner.de\\\/tierheilpraxis\\\/tierkommunikation\\\/beispiele\\\/collie-ricky-als-clown\\\/#breadcrumb\"},\"inLanguage\":\"de\",\"potentialAction\":[{\"@type\":\"ReadAction\",\"target\":[\"https:\\\/\\\/www.tirza-kirchner.de\\\/tierheilpraxis\\\/tierkommunikation\\\/beispiele\\\/collie-ricky-als-clown\\\/\"]}]},{\"@type\":\"ImageObject\",\"inLanguage\":\"de\",\"@id\":\"https:\\\/\\\/www.tirza-kirchner.de\\\/tierheilpraxis\\\/tierkommunikation\\\/beispiele\\\/collie-ricky-als-clown\\\/#primaryimage\",\"url\":\"https:\\\/\\\/www.tirza-kirchner.de\\\/tierheilpraxis\\\/wp-content\\\/uploads\\\/sites\\\/2\\\/2017\\\/02\\\/ricky_collie.jpg\",\"contentUrl\":\"https:\\\/\\\/www.tirza-kirchner.de\\\/tierheilpraxis\\\/wp-content\\\/uploads\\\/sites\\\/2\\\/2017\\\/02\\\/ricky_collie.jpg\",\"width\":210,\"height\":370,\"caption\":\"Collie Ricky als Clown\"},{\"@type\":\"BreadcrumbList\",\"@id\":\"https:\\\/\\\/www.tirza-kirchner.de\\\/tierheilpraxis\\\/tierkommunikation\\\/beispiele\\\/collie-ricky-als-clown\\\/#breadcrumb\",\"itemListElement\":[{\"@type\":\"ListItem\",\"position\":1,\"name\":\"Startseite\",\"item\":\"https:\\\/\\\/www.tirza-kirchner.de\\\/tierheilpraxis\\\/\"},{\"@type\":\"ListItem\",\"position\":2,\"name\":\"Tierkommunikation\",\"item\":\"https:\\\/\\\/www.tirza-kirchner.de\\\/tierheilpraxis\\\/tierkommunikation\\\/\"},{\"@type\":\"ListItem\",\"position\":3,\"name\":\"Beispiele aus der Tierkommunikation\",\"item\":\"https:\\\/\\\/www.tirza-kirchner.de\\\/tierheilpraxis\\\/tierkommunikation\\\/beispiele\\\/\"},{\"@type\":\"ListItem\",\"position\":4,\"name\":\"Collie Ricky als Clown\"}]},{\"@type\":\"WebSite\",\"@id\":\"https:\\\/\\\/www.tirza-kirchner.de\\\/tierheilpraxis\\\/#website\",\"url\":\"https:\\\/\\\/www.tirza-kirchner.de\\\/tierheilpraxis\\\/\",\"name\":\"Tier\",\"description\":\"Eine weitere Tirza Kirchner Website\",\"potentialAction\":[{\"@type\":\"SearchAction\",\"target\":{\"@type\":\"EntryPoint\",\"urlTemplate\":\"https:\\\/\\\/www.tirza-kirchner.de\\\/tierheilpraxis\\\/?s={search_term_string}\"},\"query-input\":{\"@type\":\"PropertyValueSpecification\",\"valueRequired\":true,\"valueName\":\"search_term_string\"}}],\"inLanguage\":\"de\"}]}<\/script>\n<!-- \/ Yoast SEO plugin. -->","yoast_head_json":{"title":"Collie Ricky als Clown - Tier","robots":{"index":"index","follow":"follow","max-snippet":"max-snippet:-1","max-image-preview":"max-image-preview:large","max-video-preview":"max-video-preview:-1"},"canonical":"https:\/\/www.tirza-kirchner.de\/tierheilpraxis\/tierkommunikation\/beispiele\/collie-ricky-als-clown\/","og_locale":"de_DE","og_type":"article","og_title":"Collie Ricky als Clown - Tier","og_description":"Manchmal ist es n\u00f6tig mit den Tieren richtige Diskussionen zu f\u00fchren \u2013 zu verhandeln. Nicht immer ist es einfach den n\u00f6tigen Ernst in das Gespr\u00e4ch zu bringen, wenn das Tier ein Thema eher lustig sieht oder gar nicht ernsthaft reden m\u00f6chte. Eigentlich sollte in dem Gespr\u00e4ch Ricky erkl\u00e4rt werden, dass eine Kastration unumg\u00e4nglich war, da ... Weiterlesen","og_url":"https:\/\/www.tirza-kirchner.de\/tierheilpraxis\/tierkommunikation\/beispiele\/collie-ricky-als-clown\/","og_site_name":"Tier","article_modified_time":"2017-07-08T18:06:42+00:00","og_image":[{"url":"https:\/\/www.tirza-kirchner.de\/tierheilpraxis\/wp-content\/uploads\/sites\/2\/2017\/02\/ricky_collie-170x300.jpg","type":"","width":"","height":""}],"twitter_card":"summary_large_image","twitter_misc":{"Gesch\u00e4tzte Lesezeit":"2\u00a0Minuten"},"schema":{"@context":"https:\/\/schema.org","@graph":[{"@type":"WebPage","@id":"https:\/\/www.tirza-kirchner.de\/tierheilpraxis\/tierkommunikation\/beispiele\/collie-ricky-als-clown\/","url":"https:\/\/www.tirza-kirchner.de\/tierheilpraxis\/tierkommunikation\/beispiele\/collie-ricky-als-clown\/","name":"Collie Ricky als Clown - Tier","isPartOf":{"@id":"https:\/\/www.tirza-kirchner.de\/tierheilpraxis\/#website"},"primaryImageOfPage":{"@id":"https:\/\/www.tirza-kirchner.de\/tierheilpraxis\/tierkommunikation\/beispiele\/collie-ricky-als-clown\/#primaryimage"},"image":{"@id":"https:\/\/www.tirza-kirchner.de\/tierheilpraxis\/tierkommunikation\/beispiele\/collie-ricky-als-clown\/#primaryimage"},"thumbnailUrl":"https:\/\/www.tirza-kirchner.de\/tierheilpraxis\/wp-content\/uploads\/sites\/2\/2017\/02\/ricky_collie-170x300.jpg","datePublished":"2017-07-08T15:34:06+00:00","dateModified":"2017-07-08T18:06:42+00:00","breadcrumb":{"@id":"https:\/\/www.tirza-kirchner.de\/tierheilpraxis\/tierkommunikation\/beispiele\/collie-ricky-als-clown\/#breadcrumb"},"inLanguage":"de","potentialAction":[{"@type":"ReadAction","target":["https:\/\/www.tirza-kirchner.de\/tierheilpraxis\/tierkommunikation\/beispiele\/collie-ricky-als-clown\/"]}]},{"@type":"ImageObject","inLanguage":"de","@id":"https:\/\/www.tirza-kirchner.de\/tierheilpraxis\/tierkommunikation\/beispiele\/collie-ricky-als-clown\/#primaryimage","url":"https:\/\/www.tirza-kirchner.de\/tierheilpraxis\/wp-content\/uploads\/sites\/2\/2017\/02\/ricky_collie.jpg","contentUrl":"https:\/\/www.tirza-kirchner.de\/tierheilpraxis\/wp-content\/uploads\/sites\/2\/2017\/02\/ricky_collie.jpg","width":210,"height":370,"caption":"Collie Ricky als Clown"},{"@type":"BreadcrumbList","@id":"https:\/\/www.tirza-kirchner.de\/tierheilpraxis\/tierkommunikation\/beispiele\/collie-ricky-als-clown\/#breadcrumb","itemListElement":[{"@type":"ListItem","position":1,"name":"Startseite","item":"https:\/\/www.tirza-kirchner.de\/tierheilpraxis\/"},{"@type":"ListItem","position":2,"name":"Tierkommunikation","item":"https:\/\/www.tirza-kirchner.de\/tierheilpraxis\/tierkommunikation\/"},{"@type":"ListItem","position":3,"name":"Beispiele aus der Tierkommunikation","item":"https:\/\/www.tirza-kirchner.de\/tierheilpraxis\/tierkommunikation\/beispiele\/"},{"@type":"ListItem","position":4,"name":"Collie Ricky als Clown"}]},{"@type":"WebSite","@id":"https:\/\/www.tirza-kirchner.de\/tierheilpraxis\/#website","url":"https:\/\/www.tirza-kirchner.de\/tierheilpraxis\/","name":"Tier","description":"Eine weitere Tirza Kirchner Website","potentialAction":[{"@type":"SearchAction","target":{"@type":"EntryPoint","urlTemplate":"https:\/\/www.tirza-kirchner.de\/tierheilpraxis\/?s={search_term_string}"},"query-input":{"@type":"PropertyValueSpecification","valueRequired":true,"valueName":"search_term_string"}}],"inLanguage":"de"}]}},"_links":{"self":[{"href":"https:\/\/www.tirza-kirchner.de\/tierheilpraxis\/wp-json\/wp\/v2\/pages\/330","targetHints":{"allow":["GET"]}}],"collection":[{"href":"https:\/\/www.tirza-kirchner.de\/tierheilpraxis\/wp-json\/wp\/v2\/pages"}],"about":[{"href":"https:\/\/www.tirza-kirchner.de\/tierheilpraxis\/wp-json\/wp\/v2\/types\/page"}],"author":[{"embeddable":true,"href":"https:\/\/www.tirza-kirchner.de\/tierheilpraxis\/wp-json\/wp\/v2\/users\/1"}],"replies":[{"embeddable":true,"href":"https:\/\/www.tirza-kirchner.de\/tierheilpraxis\/wp-json\/wp\/v2\/comments?post=330"}],"version-history":[{"count":1,"href":"https:\/\/www.tirza-kirchner.de\/tierheilpraxis\/wp-json\/wp\/v2\/pages\/330\/revisions"}],"predecessor-version":[{"id":332,"href":"https:\/\/www.tirza-kirchner.de\/tierheilpraxis\/wp-json\/wp\/v2\/pages\/330\/revisions\/332"}],"up":[{"embeddable":true,"href":"https:\/\/www.tirza-kirchner.de\/tierheilpraxis\/wp-json\/wp\/v2\/pages\/31"}],"wp:attachment":[{"href":"https:\/\/www.tirza-kirchner.de\/tierheilpraxis\/wp-json\/wp\/v2\/media?parent=330"}],"curies":[{"name":"wp","href":"https:\/\/api.w.org\/{rel}","templated":true}]}}