{"id":33,"date":"2017-02-06T17:05:19","date_gmt":"2017-02-06T16:05:19","guid":{"rendered":"https:\/\/www.tirza-kirchner.de\/tier\/?page_id=33"},"modified":"2018-05-27T09:42:46","modified_gmt":"2018-05-27T07:42:46","slug":"naturheilkunde-tiere","status":"publish","type":"page","link":"https:\/\/www.tirza-kirchner.de\/tierheilpraxis\/naturheilkunde-tiere\/","title":{"rendered":"Die Kraft der Natur \u2013 f\u00fcr Ihr Tier"},"content":{"rendered":"<h2>Naturheilkunde f\u00fcr Tiere<\/h2>\n<figure id=\"attachment_515\" aria-describedby=\"caption-attachment-515\" style=\"width: 290px\" class=\"wp-caption alignleft\"><img loading=\"lazy\" decoding=\"async\" class=\"size-medium wp-image-515\" src=\"https:\/\/www.tirza-kirchner.de\/tierheilpraxis\/wp-content\/uploads\/sites\/2\/2017\/02\/Tierheilkunde-1-300x181.jpg\" alt=\"Naturheilkunde f\u00fcr Tiere\" width=\"300\" height=\"181\" srcset=\"https:\/\/www.tirza-kirchner.de\/tierheilpraxis\/wp-content\/uploads\/sites\/2\/2017\/02\/Tierheilkunde-1-300x181.jpg 300w, https:\/\/www.tirza-kirchner.de\/tierheilpraxis\/wp-content\/uploads\/sites\/2\/2017\/02\/Tierheilkunde-1-768x464.jpg 768w, https:\/\/www.tirza-kirchner.de\/tierheilpraxis\/wp-content\/uploads\/sites\/2\/2017\/02\/Tierheilkunde-1-1024x619.jpg 1024w, https:\/\/www.tirza-kirchner.de\/tierheilpraxis\/wp-content\/uploads\/sites\/2\/2017\/02\/Tierheilkunde-1.jpg 1127w\" sizes=\"auto, (max-width: 300px) 100vw, 300px\" \/><figcaption id=\"caption-attachment-515\" class=\"wp-caption-text\">Die Naturheilkunde bietet M\u00f6glichkeiten f\u00fcr die Gesundheit Ihres Tieres.<\/figcaption><\/figure>\n<p>Die Kraft der Natur unterst\u00fctzt und begleitet Ihr Tier sanft und schonend: Denn die Natur stellt nicht nur Menschen, sondern auch Tieren kraftvolle Komponenten\u00a0zur Verf\u00fcgung, die bei gesundheitlichen Beschwerden helfen. In Tirza Kirchners\u00a0Naturheilpraxis erhalten Sie die richtige Unterst\u00fctzung. Ganz pers\u00f6nlich auf Ihr Tier zugeschnitten und auf seine Bed\u00fcrfnisse abgestimmt.<\/p>\n<p>Ganz egal ob Sie vorbeugend Ihr Tier unterst\u00fctzen m\u00f6chten und zum Beispiel das Immunsystem Ihres Hundes st\u00e4rken oder Ihr Pferd beim Fellwechsel im Fr\u00fchling und Herbst kr\u00e4ftigen m\u00f6chten. Oder ob akute oder chronische Erkrankungen zu behandeln sind &#8211; die Naturheilkunde bietet Therapiem\u00f6glichkeiten und Heilmittel. Kr\u00e4utermischungen und weitere medizinische Zusammenstellungen wirken bei Atem- oder Verdauungsproblemen. Bei Verletzungen von Knochen, Gelenken, Nerven, B\u00e4ndern, Sehnen oder anderen offenen Wunden k\u00f6nnen Pflanzen die Strukturen wieder gezielt zusammen f\u00fcgen, beruhigen Entz\u00fcndungen und beschleunigen die Heilung. Auch das hektische und \u00fcbernerv\u00f6se Tier l\u00e4sst sich auf nat\u00fcrlichem Wege beruhigen.<\/p>\n<p>Je nach Tierart und Tier w\u00e4hlt Tirza Kirchner die passende Verabreichungsform der Medikamente und Dosierung und ber\u00fccksichtigt dabei die Eigenarten und Vertr\u00e4glichkeiten.<\/p>\n<blockquote><p>Tirza Kirchner: &#8222;In der Naturheilkunde gilt es die individuell passende Therapie zu finden. Damit er\u00f6ffnen sich die gr\u00f6\u00dften Heilungsm\u00f6glichkeiten. Gerade in der Tiertherapie ist genau zu w\u00e4hlen und meist niedrig zu dosieren.&#8220;<\/p><\/blockquote>\n<p>Die naturheilkundlichen Schwerpunktthemen in der Tiertherapie sind die Pflanzenheilkunde \u2013 auch Phytotherapie genannt \u2013, die <a href=\"https:\/\/www.tirza-kirchner.de\/tierheilpraxis\/anthroposophische-medizin-fuer-tiere\/\">Anthroposophische Medizin<\/a> und die Hom\u00f6opathie. Erg\u00e4nzt um Mineralien, Sch\u00fc\u00dfler-Salze, Bachbl\u00fcten und Vitalpilze l\u00e4sst sich eine Therapie ganz individuell zusammenstellen.\u00a0Diese wird erg\u00e4nzt und abgerundet durch energetische Heilarbeit.<\/p>\n<h2>Naturheilpraxis<\/h2>\n<p>Weitere Informationen zu meiner Naturheilpraxis und meiner T\u00e4tigkeit als Heilpraktikerin und mein Angebot f\u00fcr Menschen finden Sie auf den Seiten der <a href=\"https:\/\/www.tirza-kirchner.de\/naturheilpraxis\/\">Naturheilpraxis<\/a>.<\/p>\n","protected":false},"excerpt":{"rendered":"<p>Naturheilkunde f\u00fcr Tiere Die Kraft der Natur unterst\u00fctzt und begleitet Ihr Tier sanft und schonend: Denn die Natur stellt nicht nur Menschen, sondern auch Tieren kraftvolle Komponenten\u00a0zur Verf\u00fcgung, die bei gesundheitlichen Beschwerden helfen. In Tirza Kirchners\u00a0Naturheilpraxis erhalten Sie die richtige Unterst\u00fctzung. Ganz pers\u00f6nlich auf Ihr Tier zugeschnitten und auf seine Bed\u00fcrfnisse abgestimmt. Ganz egal ob &#8230; <a title=\"Die Kraft der Natur \u2013 f\u00fcr Ihr Tier\" class=\"read-more\" href=\"https:\/\/www.tirza-kirchner.de\/tierheilpraxis\/naturheilkunde-tiere\/\" aria-label=\"Mehr Informationen \u00fcber Die Kraft der Natur \u2013 f\u00fcr Ihr Tier\">Weiterlesen<\/a><\/p>\n","protected":false},"author":1,"featured_media":0,"parent":0,"menu_order":0,"comment_status":"closed","ping_status":"closed","template":"","meta":{"generate_page_header":"","_mc_calendar":[],"footnotes":""},"class_list":["post-33","page","type-page","status-publish"],"yoast_head":"<!-- This site is optimized with the Yoast SEO plugin v27.4 - https:\/\/yoast.com\/product\/yoast-seo-wordpress\/ -->\n<title>Naturheilkunde f\u00fcr Tiere in der Naturheilpraxis Tirza Kirchner<\/title>\n<meta name=\"description\" content=\"Naturheilkunde f\u00fcr Tiere: In der Naturheilpraxis von Heilpraktikerin Tirza Kirchner steht auch das Wohl der Tiere im Zentrum.\" \/>\n<meta name=\"robots\" content=\"index, follow, max-snippet:-1, max-image-preview:large, max-video-preview:-1\" \/>\n<link rel=\"canonical\" href=\"https:\/\/www.tirza-kirchner.de\/tierheilpraxis\/naturheilkunde-tiere\/\" \/>\n<meta property=\"og:locale\" content=\"de_DE\" \/>\n<meta property=\"og:type\" content=\"article\" \/>\n<meta property=\"og:title\" content=\"Naturheilkunde f\u00fcr Tiere in der Naturheilpraxis Tirza Kirchner\" \/>\n<meta property=\"og:description\" content=\"Naturheilkunde f\u00fcr Tiere: In der Naturheilpraxis von Heilpraktikerin Tirza Kirchner steht auch das Wohl der Tiere im Zentrum.\" \/>\n<meta property=\"og:url\" content=\"https:\/\/www.tirza-kirchner.de\/tierheilpraxis\/naturheilkunde-tiere\/\" \/>\n<meta property=\"og:site_name\" content=\"Tier\" \/>\n<meta property=\"article:modified_time\" content=\"2018-05-27T07:42:46+00:00\" \/>\n<meta property=\"og:image\" content=\"https:\/\/www.tirza-kirchner.de\/tierheilpraxis\/wp-content\/uploads\/sites\/2\/2017\/02\/Tierheilkunde-1-300x181.jpg\" \/>\n<meta name=\"twitter:card\" content=\"summary_large_image\" \/>\n<meta name=\"twitter:label1\" content=\"Gesch\u00e4tzte Lesezeit\" \/>\n\t<meta name=\"twitter:data1\" content=\"2\u00a0Minuten\" \/>\n<script type=\"application\/ld+json\" class=\"yoast-schema-graph\">{\"@context\":\"https:\\\/\\\/schema.org\",\"@graph\":[{\"@type\":\"WebPage\",\"@id\":\"https:\\\/\\\/www.tirza-kirchner.de\\\/tierheilpraxis\\\/naturheilkunde-tiere\\\/\",\"url\":\"https:\\\/\\\/www.tirza-kirchner.de\\\/tierheilpraxis\\\/naturheilkunde-tiere\\\/\",\"name\":\"Naturheilkunde f\u00fcr Tiere in der Naturheilpraxis Tirza Kirchner\",\"isPartOf\":{\"@id\":\"https:\\\/\\\/www.tirza-kirchner.de\\\/tierheilpraxis\\\/#website\"},\"primaryImageOfPage\":{\"@id\":\"https:\\\/\\\/www.tirza-kirchner.de\\\/tierheilpraxis\\\/naturheilkunde-tiere\\\/#primaryimage\"},\"image\":{\"@id\":\"https:\\\/\\\/www.tirza-kirchner.de\\\/tierheilpraxis\\\/naturheilkunde-tiere\\\/#primaryimage\"},\"thumbnailUrl\":\"https:\\\/\\\/www.tirza-kirchner.de\\\/tierheilpraxis\\\/wp-content\\\/uploads\\\/sites\\\/2\\\/2017\\\/02\\\/Tierheilkunde-1-300x181.jpg\",\"datePublished\":\"2017-02-06T16:05:19+00:00\",\"dateModified\":\"2018-05-27T07:42:46+00:00\",\"description\":\"Naturheilkunde f\u00fcr Tiere: In der Naturheilpraxis von Heilpraktikerin Tirza Kirchner steht auch das Wohl der Tiere im Zentrum.\",\"breadcrumb\":{\"@id\":\"https:\\\/\\\/www.tirza-kirchner.de\\\/tierheilpraxis\\\/naturheilkunde-tiere\\\/#breadcrumb\"},\"inLanguage\":\"de\",\"potentialAction\":[{\"@type\":\"ReadAction\",\"target\":[\"https:\\\/\\\/www.tirza-kirchner.de\\\/tierheilpraxis\\\/naturheilkunde-tiere\\\/\"]}]},{\"@type\":\"ImageObject\",\"inLanguage\":\"de\",\"@id\":\"https:\\\/\\\/www.tirza-kirchner.de\\\/tierheilpraxis\\\/naturheilkunde-tiere\\\/#primaryimage\",\"url\":\"https:\\\/\\\/www.tirza-kirchner.de\\\/tierheilpraxis\\\/wp-content\\\/uploads\\\/sites\\\/2\\\/2017\\\/02\\\/Tierheilkunde-1.jpg\",\"contentUrl\":\"https:\\\/\\\/www.tirza-kirchner.de\\\/tierheilpraxis\\\/wp-content\\\/uploads\\\/sites\\\/2\\\/2017\\\/02\\\/Tierheilkunde-1.jpg\",\"width\":1127,\"height\":681,\"caption\":\"Die Naturheilkunde bietet M\u00f6glichkeiten f\u00fcr die Gesundheit Ihres Tieres.\"},{\"@type\":\"BreadcrumbList\",\"@id\":\"https:\\\/\\\/www.tirza-kirchner.de\\\/tierheilpraxis\\\/naturheilkunde-tiere\\\/#breadcrumb\",\"itemListElement\":[{\"@type\":\"ListItem\",\"position\":1,\"name\":\"Startseite\",\"item\":\"https:\\\/\\\/www.tirza-kirchner.de\\\/tierheilpraxis\\\/\"},{\"@type\":\"ListItem\",\"position\":2,\"name\":\"Die Kraft der Natur \u2013 f\u00fcr Ihr Tier\"}]},{\"@type\":\"WebSite\",\"@id\":\"https:\\\/\\\/www.tirza-kirchner.de\\\/tierheilpraxis\\\/#website\",\"url\":\"https:\\\/\\\/www.tirza-kirchner.de\\\/tierheilpraxis\\\/\",\"name\":\"Tier\",\"description\":\"Eine weitere Tirza Kirchner Website\",\"potentialAction\":[{\"@type\":\"SearchAction\",\"target\":{\"@type\":\"EntryPoint\",\"urlTemplate\":\"https:\\\/\\\/www.tirza-kirchner.de\\\/tierheilpraxis\\\/?s={search_term_string}\"},\"query-input\":{\"@type\":\"PropertyValueSpecification\",\"valueRequired\":true,\"valueName\":\"search_term_string\"}}],\"inLanguage\":\"de\"}]}<\/script>\n<!-- \/ Yoast SEO plugin. -->","yoast_head_json":{"title":"Naturheilkunde f\u00fcr Tiere in der Naturheilpraxis Tirza Kirchner","description":"Naturheilkunde f\u00fcr Tiere: In der Naturheilpraxis von Heilpraktikerin Tirza Kirchner steht auch das Wohl der Tiere im Zentrum.","robots":{"index":"index","follow":"follow","max-snippet":"max-snippet:-1","max-image-preview":"max-image-preview:large","max-video-preview":"max-video-preview:-1"},"canonical":"https:\/\/www.tirza-kirchner.de\/tierheilpraxis\/naturheilkunde-tiere\/","og_locale":"de_DE","og_type":"article","og_title":"Naturheilkunde f\u00fcr Tiere in der Naturheilpraxis Tirza Kirchner","og_description":"Naturheilkunde f\u00fcr Tiere: In der Naturheilpraxis von Heilpraktikerin Tirza Kirchner steht auch das Wohl der Tiere im Zentrum.","og_url":"https:\/\/www.tirza-kirchner.de\/tierheilpraxis\/naturheilkunde-tiere\/","og_site_name":"Tier","article_modified_time":"2018-05-27T07:42:46+00:00","og_image":[{"url":"https:\/\/www.tirza-kirchner.de\/tierheilpraxis\/wp-content\/uploads\/sites\/2\/2017\/02\/Tierheilkunde-1-300x181.jpg","type":"","width":"","height":""}],"twitter_card":"summary_large_image","twitter_misc":{"Gesch\u00e4tzte Lesezeit":"2\u00a0Minuten"},"schema":{"@context":"https:\/\/schema.org","@graph":[{"@type":"WebPage","@id":"https:\/\/www.tirza-kirchner.de\/tierheilpraxis\/naturheilkunde-tiere\/","url":"https:\/\/www.tirza-kirchner.de\/tierheilpraxis\/naturheilkunde-tiere\/","name":"Naturheilkunde f\u00fcr Tiere in der Naturheilpraxis Tirza Kirchner","isPartOf":{"@id":"https:\/\/www.tirza-kirchner.de\/tierheilpraxis\/#website"},"primaryImageOfPage":{"@id":"https:\/\/www.tirza-kirchner.de\/tierheilpraxis\/naturheilkunde-tiere\/#primaryimage"},"image":{"@id":"https:\/\/www.tirza-kirchner.de\/tierheilpraxis\/naturheilkunde-tiere\/#primaryimage"},"thumbnailUrl":"https:\/\/www.tirza-kirchner.de\/tierheilpraxis\/wp-content\/uploads\/sites\/2\/2017\/02\/Tierheilkunde-1-300x181.jpg","datePublished":"2017-02-06T16:05:19+00:00","dateModified":"2018-05-27T07:42:46+00:00","description":"Naturheilkunde f\u00fcr Tiere: In der Naturheilpraxis von Heilpraktikerin Tirza Kirchner steht auch das Wohl der Tiere im Zentrum.","breadcrumb":{"@id":"https:\/\/www.tirza-kirchner.de\/tierheilpraxis\/naturheilkunde-tiere\/#breadcrumb"},"inLanguage":"de","potentialAction":[{"@type":"ReadAction","target":["https:\/\/www.tirza-kirchner.de\/tierheilpraxis\/naturheilkunde-tiere\/"]}]},{"@type":"ImageObject","inLanguage":"de","@id":"https:\/\/www.tirza-kirchner.de\/tierheilpraxis\/naturheilkunde-tiere\/#primaryimage","url":"https:\/\/www.tirza-kirchner.de\/tierheilpraxis\/wp-content\/uploads\/sites\/2\/2017\/02\/Tierheilkunde-1.jpg","contentUrl":"https:\/\/www.tirza-kirchner.de\/tierheilpraxis\/wp-content\/uploads\/sites\/2\/2017\/02\/Tierheilkunde-1.jpg","width":1127,"height":681,"caption":"Die Naturheilkunde bietet M\u00f6glichkeiten f\u00fcr die Gesundheit Ihres Tieres."},{"@type":"BreadcrumbList","@id":"https:\/\/www.tirza-kirchner.de\/tierheilpraxis\/naturheilkunde-tiere\/#breadcrumb","itemListElement":[{"@type":"ListItem","position":1,"name":"Startseite","item":"https:\/\/www.tirza-kirchner.de\/tierheilpraxis\/"},{"@type":"ListItem","position":2,"name":"Die Kraft der Natur \u2013 f\u00fcr Ihr Tier"}]},{"@type":"WebSite","@id":"https:\/\/www.tirza-kirchner.de\/tierheilpraxis\/#website","url":"https:\/\/www.tirza-kirchner.de\/tierheilpraxis\/","name":"Tier","description":"Eine weitere Tirza Kirchner Website","potentialAction":[{"@type":"SearchAction","target":{"@type":"EntryPoint","urlTemplate":"https:\/\/www.tirza-kirchner.de\/tierheilpraxis\/?s={search_term_string}"},"query-input":{"@type":"PropertyValueSpecification","valueRequired":true,"valueName":"search_term_string"}}],"inLanguage":"de"}]}},"_links":{"self":[{"href":"https:\/\/www.tirza-kirchner.de\/tierheilpraxis\/wp-json\/wp\/v2\/pages\/33","targetHints":{"allow":["GET"]}}],"collection":[{"href":"https:\/\/www.tirza-kirchner.de\/tierheilpraxis\/wp-json\/wp\/v2\/pages"}],"about":[{"href":"https:\/\/www.tirza-kirchner.de\/tierheilpraxis\/wp-json\/wp\/v2\/types\/page"}],"author":[{"embeddable":true,"href":"https:\/\/www.tirza-kirchner.de\/tierheilpraxis\/wp-json\/wp\/v2\/users\/1"}],"replies":[{"embeddable":true,"href":"https:\/\/www.tirza-kirchner.de\/tierheilpraxis\/wp-json\/wp\/v2\/comments?post=33"}],"version-history":[{"count":16,"href":"https:\/\/www.tirza-kirchner.de\/tierheilpraxis\/wp-json\/wp\/v2\/pages\/33\/revisions"}],"predecessor-version":[{"id":547,"href":"https:\/\/www.tirza-kirchner.de\/tierheilpraxis\/wp-json\/wp\/v2\/pages\/33\/revisions\/547"}],"wp:attachment":[{"href":"https:\/\/www.tirza-kirchner.de\/tierheilpraxis\/wp-json\/wp\/v2\/media?parent=33"}],"curies":[{"name":"wp","href":"https:\/\/api.w.org\/{rel}","templated":true}]}}