{"id":29,"date":"2017-02-06T17:04:56","date_gmt":"2017-02-06T16:04:56","guid":{"rendered":"https:\/\/www.tirza-kirchner.de\/tier\/?page_id=29"},"modified":"2018-05-20T11:25:00","modified_gmt":"2018-05-20T09:25:00","slug":"tod-eines-tieres","status":"publish","type":"page","link":"https:\/\/www.tirza-kirchner.de\/tierheilpraxis\/tierkommunikation\/tod-eines-tieres\/","title":{"rendered":"Der Tod eines Tieres"},"content":{"rendered":"<h2>Das Tier verl\u00e4sst seinen K\u00f6rper<\/h2>\n<figure id=\"attachment_513\" aria-describedby=\"caption-attachment-513\" style=\"width: 235px\" class=\"wp-caption alignleft\"><img loading=\"lazy\" decoding=\"async\" class=\"size-medium wp-image-513\" src=\"https:\/\/www.tirza-kirchner.de\/tierheilpraxis\/wp-content\/uploads\/sites\/2\/2017\/02\/Tod-1-2-245x300.jpg\" alt=\"Tierkommunikation mit verstorbenen Tieren\" width=\"245\" height=\"300\" srcset=\"https:\/\/www.tirza-kirchner.de\/tierheilpraxis\/wp-content\/uploads\/sites\/2\/2017\/02\/Tod-1-2-245x300.jpg 245w, https:\/\/www.tirza-kirchner.de\/tierheilpraxis\/wp-content\/uploads\/sites\/2\/2017\/02\/Tod-1-2-768x942.jpg 768w, https:\/\/www.tirza-kirchner.de\/tierheilpraxis\/wp-content\/uploads\/sites\/2\/2017\/02\/Tod-1-2-835x1024.jpg 835w, https:\/\/www.tirza-kirchner.de\/tierheilpraxis\/wp-content\/uploads\/sites\/2\/2017\/02\/Tod-1-2.jpg 1044w\" sizes=\"auto, (max-width: 245px) 100vw, 245px\" \/><figcaption id=\"caption-attachment-513\" class=\"wp-caption-text\">Nach dem Tod k\u00f6nnen Sie ebenfalls mit Ihrem Tier in Kontakt bleiben.<\/figcaption><\/figure>\n<p>Der Tod eines Tieres ist ein existenzieller Verlust. Doch Sie k\u00f6nnen auch nach dem k\u00f6rperlichen Tod Ihres Tieres durch die\u00a0<a href=\"https:\/\/www.tirza-kirchner.de\/tierheilpraxis\/tierkommunikation\/\">Tierkommunikation<\/a>\u00a0mit Ihrem verstorbenen Tier im Kontakt bleiben, mit ihm sprechen. Selbst wenn Ihr Tier seinen K\u00f6rper verlassen hat, k\u00f6nnen Sie weiter mit ihm verbunden sein, ihm nahe sein und seine Antworten auf Ihre Fragen erhalten. Die k\u00f6rperliche Existenz des Wesens \u00e4ndert sich. Ihr Tier bleibt aber mit Ihnen in Kontakt, wenn Sie offen daf\u00fcr sind.<\/p>\n<blockquote><p>Tirza Kirchner: &#8222;Der Tod Ihres Tieres rei\u00dft eine schmerzhafte L\u00fccke. Aber Ihr Tier ist weiter da, auch wenn es seinen materiellen K\u00f6rper verlassen hat. Gehen Sie in Kontakt. Haben Sie Mut!&#8220;<\/p><\/blockquote>\n<h2 style=\"text-align: left;\">Tod eines Tieres \u2013 Tierkommunikation spendet Ihnen Trost<\/h2>\n<p style=\"text-align: left;\">Der Tod eines Tieres jagt uns manchmal Angst und Schrecken ein. Seien Sie sich jedoch im Klaren: Manchmal ist Ihr Tier noch in Ihrer N\u00e4he. Vielleicht k\u00f6nnen Sie es sogar wahrnehmen. Ein Gespr\u00e4ch kann Ihnen helfen, offene Fragen, die noch einer Antwort\u00a0bed\u00fcrfen, zu kl\u00e4ren. Tierkommunikatorin Tirza Kirchner nimmt in so einen Fall gern Kontakt mit ihrem verstorbenen Tier auf.<\/p>\n<p>Tiere begleiten uns uns oft als Lehrer \u00fcber verschiedene Leben hinweg. Es kann gut sein, dass Ihr Tier in einem neuen K\u00f6rper zu Ihnen kommen m\u00f6chte. Dann kann es Ihnen sagen, wo und wann Sie Ihren treuen Kameraden wieder finden werden.<\/p>\n<p>Scheuen Sie sich nicht, mit Tirza Kirchner \u00fcber Ihre Fragen zu sprechen!\u00a0Die Tierkommunikation nach dem Tod eines Tieres ist eine besonders ganz wertvolle Form des Kontakts und gleichsam wohltuend f\u00fcr Sie.\u00a0F\u00fcr weitere Informationen nehmen Sie bitte\u00a0<a href=\"https:\/\/www.tirza-kirchner.de\/kontakt\/\">Kontakt<\/a>\u00a0mit Tierkommunikatorin Tirza Kirchner auf!<\/p>\n","protected":false},"excerpt":{"rendered":"<p>Das Tier verl\u00e4sst seinen K\u00f6rper Der Tod eines Tieres ist ein existenzieller Verlust. Doch Sie k\u00f6nnen auch nach dem k\u00f6rperlichen Tod Ihres Tieres durch die\u00a0Tierkommunikation\u00a0mit Ihrem verstorbenen Tier im Kontakt bleiben, mit ihm sprechen. Selbst wenn Ihr Tier seinen K\u00f6rper verlassen hat, k\u00f6nnen Sie weiter mit ihm verbunden sein, ihm nahe sein und seine Antworten &#8230; <a title=\"Der Tod eines Tieres\" class=\"read-more\" href=\"https:\/\/www.tirza-kirchner.de\/tierheilpraxis\/tierkommunikation\/tod-eines-tieres\/\" aria-label=\"Mehr Informationen \u00fcber Der Tod eines Tieres\">Weiterlesen<\/a><\/p>\n","protected":false},"author":1,"featured_media":0,"parent":16,"menu_order":0,"comment_status":"closed","ping_status":"closed","template":"","meta":{"generate_page_header":"","_mc_calendar":[],"footnotes":""},"class_list":["post-29","page","type-page","status-publish"],"yoast_head":"<!-- This site is optimized with the Yoast SEO plugin v27.4 - https:\/\/yoast.com\/product\/yoast-seo-wordpress\/ -->\n<title>Der Tod eines Tieres ist ein wichtiges Thema in der Tierkommunikation<\/title>\n<meta name=\"description\" content=\"Der Tod eines Tieres geht vielen Besitzern unter die Haut. Die Beerdigung eines Tieres ist keine einfache Handlung. Schlie\u00dflich stirbt ein Lebewesen.\" \/>\n<meta name=\"robots\" content=\"index, follow, max-snippet:-1, max-image-preview:large, max-video-preview:-1\" \/>\n<link rel=\"canonical\" href=\"https:\/\/www.tirza-kirchner.de\/tierheilpraxis\/tierkommunikation\/tod-eines-tieres\/\" \/>\n<meta property=\"og:locale\" content=\"de_DE\" \/>\n<meta property=\"og:type\" content=\"article\" \/>\n<meta property=\"og:title\" content=\"Der Tod eines Tieres ist ein wichtiges Thema in der Tierkommunikation\" \/>\n<meta property=\"og:description\" content=\"Der Tod eines Tieres geht vielen Besitzern unter die Haut. Die Beerdigung eines Tieres ist keine einfache Handlung. Schlie\u00dflich stirbt ein Lebewesen.\" \/>\n<meta property=\"og:url\" content=\"https:\/\/www.tirza-kirchner.de\/tierheilpraxis\/tierkommunikation\/tod-eines-tieres\/\" \/>\n<meta property=\"og:site_name\" content=\"Tier\" \/>\n<meta property=\"article:modified_time\" content=\"2018-05-20T09:25:00+00:00\" \/>\n<meta property=\"og:image\" content=\"https:\/\/www.tirza-kirchner.de\/tierheilpraxis\/wp-content\/uploads\/sites\/2\/2017\/02\/Tod-1-2-245x300.jpg\" \/>\n<meta name=\"twitter:card\" content=\"summary_large_image\" \/>\n<meta name=\"twitter:label1\" content=\"Gesch\u00e4tzte Lesezeit\" \/>\n\t<meta name=\"twitter:data1\" content=\"2\u00a0Minuten\" \/>\n<script type=\"application\/ld+json\" class=\"yoast-schema-graph\">{\"@context\":\"https:\\\/\\\/schema.org\",\"@graph\":[{\"@type\":\"WebPage\",\"@id\":\"https:\\\/\\\/www.tirza-kirchner.de\\\/tierheilpraxis\\\/tierkommunikation\\\/tod-eines-tieres\\\/\",\"url\":\"https:\\\/\\\/www.tirza-kirchner.de\\\/tierheilpraxis\\\/tierkommunikation\\\/tod-eines-tieres\\\/\",\"name\":\"Der Tod eines Tieres ist ein wichtiges Thema in der Tierkommunikation\",\"isPartOf\":{\"@id\":\"https:\\\/\\\/www.tirza-kirchner.de\\\/tierheilpraxis\\\/#website\"},\"primaryImageOfPage\":{\"@id\":\"https:\\\/\\\/www.tirza-kirchner.de\\\/tierheilpraxis\\\/tierkommunikation\\\/tod-eines-tieres\\\/#primaryimage\"},\"image\":{\"@id\":\"https:\\\/\\\/www.tirza-kirchner.de\\\/tierheilpraxis\\\/tierkommunikation\\\/tod-eines-tieres\\\/#primaryimage\"},\"thumbnailUrl\":\"https:\\\/\\\/www.tirza-kirchner.de\\\/tierheilpraxis\\\/wp-content\\\/uploads\\\/sites\\\/2\\\/2017\\\/02\\\/Tod-1-2-245x300.jpg\",\"datePublished\":\"2017-02-06T16:04:56+00:00\",\"dateModified\":\"2018-05-20T09:25:00+00:00\",\"description\":\"Der Tod eines Tieres geht vielen Besitzern unter die Haut. Die Beerdigung eines Tieres ist keine einfache Handlung. Schlie\u00dflich stirbt ein Lebewesen.\",\"breadcrumb\":{\"@id\":\"https:\\\/\\\/www.tirza-kirchner.de\\\/tierheilpraxis\\\/tierkommunikation\\\/tod-eines-tieres\\\/#breadcrumb\"},\"inLanguage\":\"de\",\"potentialAction\":[{\"@type\":\"ReadAction\",\"target\":[\"https:\\\/\\\/www.tirza-kirchner.de\\\/tierheilpraxis\\\/tierkommunikation\\\/tod-eines-tieres\\\/\"]}]},{\"@type\":\"ImageObject\",\"inLanguage\":\"de\",\"@id\":\"https:\\\/\\\/www.tirza-kirchner.de\\\/tierheilpraxis\\\/tierkommunikation\\\/tod-eines-tieres\\\/#primaryimage\",\"url\":\"https:\\\/\\\/www.tirza-kirchner.de\\\/tierheilpraxis\\\/wp-content\\\/uploads\\\/sites\\\/2\\\/2017\\\/02\\\/Tod-1-2.jpg\",\"contentUrl\":\"https:\\\/\\\/www.tirza-kirchner.de\\\/tierheilpraxis\\\/wp-content\\\/uploads\\\/sites\\\/2\\\/2017\\\/02\\\/Tod-1-2.jpg\",\"width\":1044,\"height\":1280,\"caption\":\"Nach dem Tod k\u00f6nnen Sie ebenfalls mit Ihrem Tier in Kontakt bleiben.\"},{\"@type\":\"BreadcrumbList\",\"@id\":\"https:\\\/\\\/www.tirza-kirchner.de\\\/tierheilpraxis\\\/tierkommunikation\\\/tod-eines-tieres\\\/#breadcrumb\",\"itemListElement\":[{\"@type\":\"ListItem\",\"position\":1,\"name\":\"Startseite\",\"item\":\"https:\\\/\\\/www.tirza-kirchner.de\\\/tierheilpraxis\\\/\"},{\"@type\":\"ListItem\",\"position\":2,\"name\":\"Tierkommunikation\",\"item\":\"https:\\\/\\\/www.tirza-kirchner.de\\\/tierheilpraxis\\\/tierkommunikation\\\/\"},{\"@type\":\"ListItem\",\"position\":3,\"name\":\"Der Tod eines Tieres\"}]},{\"@type\":\"WebSite\",\"@id\":\"https:\\\/\\\/www.tirza-kirchner.de\\\/tierheilpraxis\\\/#website\",\"url\":\"https:\\\/\\\/www.tirza-kirchner.de\\\/tierheilpraxis\\\/\",\"name\":\"Tier\",\"description\":\"Eine weitere Tirza Kirchner Website\",\"potentialAction\":[{\"@type\":\"SearchAction\",\"target\":{\"@type\":\"EntryPoint\",\"urlTemplate\":\"https:\\\/\\\/www.tirza-kirchner.de\\\/tierheilpraxis\\\/?s={search_term_string}\"},\"query-input\":{\"@type\":\"PropertyValueSpecification\",\"valueRequired\":true,\"valueName\":\"search_term_string\"}}],\"inLanguage\":\"de\"}]}<\/script>\n<!-- \/ Yoast SEO plugin. -->","yoast_head_json":{"title":"Der Tod eines Tieres ist ein wichtiges Thema in der Tierkommunikation","description":"Der Tod eines Tieres geht vielen Besitzern unter die Haut. Die Beerdigung eines Tieres ist keine einfache Handlung. Schlie\u00dflich stirbt ein Lebewesen.","robots":{"index":"index","follow":"follow","max-snippet":"max-snippet:-1","max-image-preview":"max-image-preview:large","max-video-preview":"max-video-preview:-1"},"canonical":"https:\/\/www.tirza-kirchner.de\/tierheilpraxis\/tierkommunikation\/tod-eines-tieres\/","og_locale":"de_DE","og_type":"article","og_title":"Der Tod eines Tieres ist ein wichtiges Thema in der Tierkommunikation","og_description":"Der Tod eines Tieres geht vielen Besitzern unter die Haut. Die Beerdigung eines Tieres ist keine einfache Handlung. Schlie\u00dflich stirbt ein Lebewesen.","og_url":"https:\/\/www.tirza-kirchner.de\/tierheilpraxis\/tierkommunikation\/tod-eines-tieres\/","og_site_name":"Tier","article_modified_time":"2018-05-20T09:25:00+00:00","og_image":[{"url":"https:\/\/www.tirza-kirchner.de\/tierheilpraxis\/wp-content\/uploads\/sites\/2\/2017\/02\/Tod-1-2-245x300.jpg","type":"","width":"","height":""}],"twitter_card":"summary_large_image","twitter_misc":{"Gesch\u00e4tzte Lesezeit":"2\u00a0Minuten"},"schema":{"@context":"https:\/\/schema.org","@graph":[{"@type":"WebPage","@id":"https:\/\/www.tirza-kirchner.de\/tierheilpraxis\/tierkommunikation\/tod-eines-tieres\/","url":"https:\/\/www.tirza-kirchner.de\/tierheilpraxis\/tierkommunikation\/tod-eines-tieres\/","name":"Der Tod eines Tieres ist ein wichtiges Thema in der Tierkommunikation","isPartOf":{"@id":"https:\/\/www.tirza-kirchner.de\/tierheilpraxis\/#website"},"primaryImageOfPage":{"@id":"https:\/\/www.tirza-kirchner.de\/tierheilpraxis\/tierkommunikation\/tod-eines-tieres\/#primaryimage"},"image":{"@id":"https:\/\/www.tirza-kirchner.de\/tierheilpraxis\/tierkommunikation\/tod-eines-tieres\/#primaryimage"},"thumbnailUrl":"https:\/\/www.tirza-kirchner.de\/tierheilpraxis\/wp-content\/uploads\/sites\/2\/2017\/02\/Tod-1-2-245x300.jpg","datePublished":"2017-02-06T16:04:56+00:00","dateModified":"2018-05-20T09:25:00+00:00","description":"Der Tod eines Tieres geht vielen Besitzern unter die Haut. Die Beerdigung eines Tieres ist keine einfache Handlung. Schlie\u00dflich stirbt ein Lebewesen.","breadcrumb":{"@id":"https:\/\/www.tirza-kirchner.de\/tierheilpraxis\/tierkommunikation\/tod-eines-tieres\/#breadcrumb"},"inLanguage":"de","potentialAction":[{"@type":"ReadAction","target":["https:\/\/www.tirza-kirchner.de\/tierheilpraxis\/tierkommunikation\/tod-eines-tieres\/"]}]},{"@type":"ImageObject","inLanguage":"de","@id":"https:\/\/www.tirza-kirchner.de\/tierheilpraxis\/tierkommunikation\/tod-eines-tieres\/#primaryimage","url":"https:\/\/www.tirza-kirchner.de\/tierheilpraxis\/wp-content\/uploads\/sites\/2\/2017\/02\/Tod-1-2.jpg","contentUrl":"https:\/\/www.tirza-kirchner.de\/tierheilpraxis\/wp-content\/uploads\/sites\/2\/2017\/02\/Tod-1-2.jpg","width":1044,"height":1280,"caption":"Nach dem Tod k\u00f6nnen Sie ebenfalls mit Ihrem Tier in Kontakt bleiben."},{"@type":"BreadcrumbList","@id":"https:\/\/www.tirza-kirchner.de\/tierheilpraxis\/tierkommunikation\/tod-eines-tieres\/#breadcrumb","itemListElement":[{"@type":"ListItem","position":1,"name":"Startseite","item":"https:\/\/www.tirza-kirchner.de\/tierheilpraxis\/"},{"@type":"ListItem","position":2,"name":"Tierkommunikation","item":"https:\/\/www.tirza-kirchner.de\/tierheilpraxis\/tierkommunikation\/"},{"@type":"ListItem","position":3,"name":"Der Tod eines Tieres"}]},{"@type":"WebSite","@id":"https:\/\/www.tirza-kirchner.de\/tierheilpraxis\/#website","url":"https:\/\/www.tirza-kirchner.de\/tierheilpraxis\/","name":"Tier","description":"Eine weitere Tirza Kirchner Website","potentialAction":[{"@type":"SearchAction","target":{"@type":"EntryPoint","urlTemplate":"https:\/\/www.tirza-kirchner.de\/tierheilpraxis\/?s={search_term_string}"},"query-input":{"@type":"PropertyValueSpecification","valueRequired":true,"valueName":"search_term_string"}}],"inLanguage":"de"}]}},"_links":{"self":[{"href":"https:\/\/www.tirza-kirchner.de\/tierheilpraxis\/wp-json\/wp\/v2\/pages\/29","targetHints":{"allow":["GET"]}}],"collection":[{"href":"https:\/\/www.tirza-kirchner.de\/tierheilpraxis\/wp-json\/wp\/v2\/pages"}],"about":[{"href":"https:\/\/www.tirza-kirchner.de\/tierheilpraxis\/wp-json\/wp\/v2\/types\/page"}],"author":[{"embeddable":true,"href":"https:\/\/www.tirza-kirchner.de\/tierheilpraxis\/wp-json\/wp\/v2\/users\/1"}],"replies":[{"embeddable":true,"href":"https:\/\/www.tirza-kirchner.de\/tierheilpraxis\/wp-json\/wp\/v2\/comments?post=29"}],"version-history":[{"count":16,"href":"https:\/\/www.tirza-kirchner.de\/tierheilpraxis\/wp-json\/wp\/v2\/pages\/29\/revisions"}],"predecessor-version":[{"id":514,"href":"https:\/\/www.tirza-kirchner.de\/tierheilpraxis\/wp-json\/wp\/v2\/pages\/29\/revisions\/514"}],"up":[{"embeddable":true,"href":"https:\/\/www.tirza-kirchner.de\/tierheilpraxis\/wp-json\/wp\/v2\/pages\/16"}],"wp:attachment":[{"href":"https:\/\/www.tirza-kirchner.de\/tierheilpraxis\/wp-json\/wp\/v2\/media?parent=29"}],"curies":[{"name":"wp","href":"https:\/\/api.w.org\/{rel}","templated":true}]}}