{"id":27,"date":"2017-02-06T17:04:43","date_gmt":"2017-02-06T16:04:43","guid":{"rendered":"https:\/\/www.tirza-kirchner.de\/tier\/?page_id=27"},"modified":"2018-05-18T17:01:14","modified_gmt":"2018-05-18T15:01:14","slug":"abschied-nehmen-von-tieren","status":"publish","type":"page","link":"https:\/\/www.tirza-kirchner.de\/tierheilpraxis\/tierkommunikation\/abschied-nehmen-von-tieren\/","title":{"rendered":"Mit Liebe und W\u00fcrde von einem Tier Abschied nehmen"},"content":{"rendered":"<h2>&#8230;und in Verbindung bleiben<\/h2>\n<figure id=\"attachment_375\" aria-describedby=\"caption-attachment-375\" style=\"width: 290px\" class=\"wp-caption alignleft\"><img loading=\"lazy\" decoding=\"async\" class=\"size-medium wp-image-375\" src=\"https:\/\/www.tirza-kirchner.de\/tierheilpraxis\/wp-content\/uploads\/sites\/2\/2017\/02\/abschied-nehmen-von-tieren-300x208.jpeg\" alt=\"Abschied nehmen von Tieren: Zum Abschied Ihres Tieres begleitet Sie Tirza Kirchner.\" width=\"300\" height=\"208\" srcset=\"https:\/\/www.tirza-kirchner.de\/tierheilpraxis\/wp-content\/uploads\/sites\/2\/2017\/02\/abschied-nehmen-von-tieren-300x208.jpeg 300w, https:\/\/www.tirza-kirchner.de\/tierheilpraxis\/wp-content\/uploads\/sites\/2\/2017\/02\/abschied-nehmen-von-tieren-768x533.jpeg 768w, https:\/\/www.tirza-kirchner.de\/tierheilpraxis\/wp-content\/uploads\/sites\/2\/2017\/02\/abschied-nehmen-von-tieren-1024x710.jpeg 1024w, https:\/\/www.tirza-kirchner.de\/tierheilpraxis\/wp-content\/uploads\/sites\/2\/2017\/02\/abschied-nehmen-von-tieren.jpeg 2003w\" sizes=\"auto, (max-width: 300px) 100vw, 300px\" \/><figcaption id=\"caption-attachment-375\" class=\"wp-caption-text\">Abschied nehmen von Tieren: Tirza Kirchner unterst\u00fctzt und begleitet Sie, wenn Sie von ihrem Liebling Abschied nehmen.<\/figcaption><\/figure>\n<p>Von einem Tier in der Stunde seines Todes Abschied zu nehmen, ist eine existentielle Situation. Unsere Tiere geh\u00f6ren zu unserer Familie. Wenn sie gehen, rei\u00dfen sie eine L\u00fccke in unsere Familie und unser Herz. Doch was bleibt, ist die Liebe und der Wunsch in Verbindung zu bleiben.<\/p>\n<h2>Abschied nehmen, Trauern und Vertrauen haben in die Welt<\/h2>\n<p>Es gibt Tiere, die im Beisein ihrer Artgenossen sterben. Die Tiere begleiten dann das sterbende Wesen. Vor allem wenn es Tiere mit einem ausgepr\u00e4gten sozialen Zusammengeh\u00f6rigkeitsgef\u00fchl sind. Lebt ein Tier jedoch besonders lange unter Menschen und mit ihnen zusammen, ist die Situation eine andere. Denn Tier und Mensch k\u00f6nnen sich sehr nahe stehen, beste Freunde sein, ein eingespieltes Team bilden, als vertraute Partner durchs Leben gehen.<\/p>\n<h2>Beziehungen zwischen Mensch und Tier intensivieren<\/h2>\n<p>Doch irgendwann hei\u00dft es Abschied nehmen und loslassen. Ihr Tier kann Ihnen sagen, wann es diese Zeit sieht. Ob es medizinisch behandelt werden m\u00f6chte, gehen m\u00f6chte, beim Sterben unterst\u00fctzt werden oder \u00fcber den genauen Zeitpunkt ganz alleine entscheiden m\u00f6chte. Wenn die Zeit des Abschiednehmens gekommen ist, hilft oft die <a href=\"https:\/\/www.tirza-kirchner.de\/tierheilpraxis\/tierkommunikation\/\">Tierkommunikation<\/a>. Tierkommunikatorin Tirza Kirchner kann mithilfe der Telepathie ein Gespr\u00e4ch mit ihrem Tier f\u00fchren. Ihr Tier kann Tirza Kirchner sagen, wie es sich f\u00fchlt. Wenn ihr Tier im Sterben liegt, kann es zeigen, dass es\u00a0seinen K\u00f6rper verlassen wird und formulieren welche Begleitung es sich von Ihnen w\u00fcnschst.<\/p>\n<blockquote><p>Tirza Kirchner: &#8222;Das Gespr\u00e4ch mit Ihrem Tier kann Ihnen helfen, Ihr Tier richtig zu begleiten. Gerade in dieser Zeit k\u00f6nnen sich der Kontakt und die Beziehung zwischen Ihnen und Ihrem Tier noch intensivieren. Unsere Tiere sind wundervolle Lehrer f\u00fcr uns.&#8220;<\/p><\/blockquote>\n<h2>Abschied nehmen und Loslassen<\/h2>\n<p>Ein Gespr\u00e4ch mit Ihrem Tier kann Ihnen ganz pers\u00f6nlich helfen, loszulassen und von Ihrem Tier Abschied zu nehmen. Ihrem Tier f\u00e4llt es dann auch leichter \u2013 trotz aller Liebe zu Ihnen und trotz des Abschiedsschmerzes \u2013 zu gehen, um sich weiteres Leiden zu ersparen.<\/p>\n","protected":false},"excerpt":{"rendered":"<p>&#8230;und in Verbindung bleiben Von einem Tier in der Stunde seines Todes Abschied zu nehmen, ist eine existentielle Situation. Unsere Tiere geh\u00f6ren zu unserer Familie. Wenn sie gehen, rei\u00dfen sie eine L\u00fccke in unsere Familie und unser Herz. Doch was bleibt, ist die Liebe und der Wunsch in Verbindung zu bleiben. Abschied nehmen, Trauern und &#8230; <a title=\"Mit Liebe und W\u00fcrde von einem Tier Abschied nehmen\" class=\"read-more\" href=\"https:\/\/www.tirza-kirchner.de\/tierheilpraxis\/tierkommunikation\/abschied-nehmen-von-tieren\/\" aria-label=\"Mehr Informationen \u00fcber Mit Liebe und W\u00fcrde von einem Tier Abschied nehmen\">Weiterlesen<\/a><\/p>\n","protected":false},"author":1,"featured_media":0,"parent":16,"menu_order":0,"comment_status":"closed","ping_status":"closed","template":"","meta":{"generate_page_header":"","_mc_calendar":[],"footnotes":""},"class_list":["post-27","page","type-page","status-publish"],"yoast_head":"<!-- This site is optimized with the Yoast SEO plugin v27.4 - https:\/\/yoast.com\/product\/yoast-seo-wordpress\/ -->\n<title>Mit Liebe und W\u00fcrde von einem Tier Abschied nehmen - Tier<\/title>\n<meta name=\"description\" content=\"Abschied nehmen von Tieren kann ein schmerzhafter Prozess sein. Vor allem dann, wenn das Tier schon sehr lang bei einem ist. Die Bindung ist gro\u00df.\" \/>\n<meta name=\"robots\" content=\"index, follow, max-snippet:-1, max-image-preview:large, max-video-preview:-1\" \/>\n<link rel=\"canonical\" href=\"https:\/\/www.tirza-kirchner.de\/tierheilpraxis\/tierkommunikation\/abschied-nehmen-von-tieren\/\" \/>\n<meta property=\"og:locale\" content=\"de_DE\" \/>\n<meta property=\"og:type\" content=\"article\" \/>\n<meta property=\"og:title\" content=\"Mit Liebe und W\u00fcrde von einem Tier Abschied nehmen - Tier\" \/>\n<meta property=\"og:description\" content=\"Abschied nehmen von Tieren kann ein schmerzhafter Prozess sein. Vor allem dann, wenn das Tier schon sehr lang bei einem ist. Die Bindung ist gro\u00df.\" \/>\n<meta property=\"og:url\" content=\"https:\/\/www.tirza-kirchner.de\/tierheilpraxis\/tierkommunikation\/abschied-nehmen-von-tieren\/\" \/>\n<meta property=\"og:site_name\" content=\"Tier\" \/>\n<meta property=\"article:modified_time\" content=\"2018-05-18T15:01:14+00:00\" \/>\n<meta property=\"og:image\" content=\"https:\/\/www.tirza-kirchner.de\/tierheilpraxis\/wp-content\/uploads\/sites\/2\/2017\/02\/abschied-nehmen-von-tieren-300x208.jpeg\" \/>\n<meta name=\"twitter:card\" content=\"summary_large_image\" \/>\n<meta name=\"twitter:label1\" content=\"Gesch\u00e4tzte Lesezeit\" \/>\n\t<meta name=\"twitter:data1\" content=\"2\u00a0Minuten\" \/>\n<script type=\"application\/ld+json\" class=\"yoast-schema-graph\">{\"@context\":\"https:\\\/\\\/schema.org\",\"@graph\":[{\"@type\":\"WebPage\",\"@id\":\"https:\\\/\\\/www.tirza-kirchner.de\\\/tierheilpraxis\\\/tierkommunikation\\\/abschied-nehmen-von-tieren\\\/\",\"url\":\"https:\\\/\\\/www.tirza-kirchner.de\\\/tierheilpraxis\\\/tierkommunikation\\\/abschied-nehmen-von-tieren\\\/\",\"name\":\"Mit Liebe und W\u00fcrde von einem Tier Abschied nehmen - Tier\",\"isPartOf\":{\"@id\":\"https:\\\/\\\/www.tirza-kirchner.de\\\/tierheilpraxis\\\/#website\"},\"primaryImageOfPage\":{\"@id\":\"https:\\\/\\\/www.tirza-kirchner.de\\\/tierheilpraxis\\\/tierkommunikation\\\/abschied-nehmen-von-tieren\\\/#primaryimage\"},\"image\":{\"@id\":\"https:\\\/\\\/www.tirza-kirchner.de\\\/tierheilpraxis\\\/tierkommunikation\\\/abschied-nehmen-von-tieren\\\/#primaryimage\"},\"thumbnailUrl\":\"https:\\\/\\\/www.tirza-kirchner.de\\\/tierheilpraxis\\\/wp-content\\\/uploads\\\/sites\\\/2\\\/2017\\\/02\\\/abschied-nehmen-von-tieren-300x208.jpeg\",\"datePublished\":\"2017-02-06T16:04:43+00:00\",\"dateModified\":\"2018-05-18T15:01:14+00:00\",\"description\":\"Abschied nehmen von Tieren kann ein schmerzhafter Prozess sein. Vor allem dann, wenn das Tier schon sehr lang bei einem ist. Die Bindung ist gro\u00df.\",\"breadcrumb\":{\"@id\":\"https:\\\/\\\/www.tirza-kirchner.de\\\/tierheilpraxis\\\/tierkommunikation\\\/abschied-nehmen-von-tieren\\\/#breadcrumb\"},\"inLanguage\":\"de\",\"potentialAction\":[{\"@type\":\"ReadAction\",\"target\":[\"https:\\\/\\\/www.tirza-kirchner.de\\\/tierheilpraxis\\\/tierkommunikation\\\/abschied-nehmen-von-tieren\\\/\"]}]},{\"@type\":\"ImageObject\",\"inLanguage\":\"de\",\"@id\":\"https:\\\/\\\/www.tirza-kirchner.de\\\/tierheilpraxis\\\/tierkommunikation\\\/abschied-nehmen-von-tieren\\\/#primaryimage\",\"url\":\"https:\\\/\\\/www.tirza-kirchner.de\\\/tierheilpraxis\\\/wp-content\\\/uploads\\\/sites\\\/2\\\/2017\\\/02\\\/abschied-nehmen-von-tieren-300x208.jpeg\",\"contentUrl\":\"https:\\\/\\\/www.tirza-kirchner.de\\\/tierheilpraxis\\\/wp-content\\\/uploads\\\/sites\\\/2\\\/2017\\\/02\\\/abschied-nehmen-von-tieren-300x208.jpeg\"},{\"@type\":\"BreadcrumbList\",\"@id\":\"https:\\\/\\\/www.tirza-kirchner.de\\\/tierheilpraxis\\\/tierkommunikation\\\/abschied-nehmen-von-tieren\\\/#breadcrumb\",\"itemListElement\":[{\"@type\":\"ListItem\",\"position\":1,\"name\":\"Startseite\",\"item\":\"https:\\\/\\\/www.tirza-kirchner.de\\\/tierheilpraxis\\\/\"},{\"@type\":\"ListItem\",\"position\":2,\"name\":\"Tierkommunikation\",\"item\":\"https:\\\/\\\/www.tirza-kirchner.de\\\/tierheilpraxis\\\/tierkommunikation\\\/\"},{\"@type\":\"ListItem\",\"position\":3,\"name\":\"Mit Liebe und W\u00fcrde von einem Tier Abschied nehmen\"}]},{\"@type\":\"WebSite\",\"@id\":\"https:\\\/\\\/www.tirza-kirchner.de\\\/tierheilpraxis\\\/#website\",\"url\":\"https:\\\/\\\/www.tirza-kirchner.de\\\/tierheilpraxis\\\/\",\"name\":\"Tier\",\"description\":\"Eine weitere Tirza Kirchner Website\",\"potentialAction\":[{\"@type\":\"SearchAction\",\"target\":{\"@type\":\"EntryPoint\",\"urlTemplate\":\"https:\\\/\\\/www.tirza-kirchner.de\\\/tierheilpraxis\\\/?s={search_term_string}\"},\"query-input\":{\"@type\":\"PropertyValueSpecification\",\"valueRequired\":true,\"valueName\":\"search_term_string\"}}],\"inLanguage\":\"de\"}]}<\/script>\n<!-- \/ Yoast SEO plugin. -->","yoast_head_json":{"title":"Mit Liebe und W\u00fcrde von einem Tier Abschied nehmen - Tier","description":"Abschied nehmen von Tieren kann ein schmerzhafter Prozess sein. Vor allem dann, wenn das Tier schon sehr lang bei einem ist. Die Bindung ist gro\u00df.","robots":{"index":"index","follow":"follow","max-snippet":"max-snippet:-1","max-image-preview":"max-image-preview:large","max-video-preview":"max-video-preview:-1"},"canonical":"https:\/\/www.tirza-kirchner.de\/tierheilpraxis\/tierkommunikation\/abschied-nehmen-von-tieren\/","og_locale":"de_DE","og_type":"article","og_title":"Mit Liebe und W\u00fcrde von einem Tier Abschied nehmen - Tier","og_description":"Abschied nehmen von Tieren kann ein schmerzhafter Prozess sein. Vor allem dann, wenn das Tier schon sehr lang bei einem ist. Die Bindung ist gro\u00df.","og_url":"https:\/\/www.tirza-kirchner.de\/tierheilpraxis\/tierkommunikation\/abschied-nehmen-von-tieren\/","og_site_name":"Tier","article_modified_time":"2018-05-18T15:01:14+00:00","og_image":[{"url":"https:\/\/www.tirza-kirchner.de\/tierheilpraxis\/wp-content\/uploads\/sites\/2\/2017\/02\/abschied-nehmen-von-tieren-300x208.jpeg","type":"","width":"","height":""}],"twitter_card":"summary_large_image","twitter_misc":{"Gesch\u00e4tzte Lesezeit":"2\u00a0Minuten"},"schema":{"@context":"https:\/\/schema.org","@graph":[{"@type":"WebPage","@id":"https:\/\/www.tirza-kirchner.de\/tierheilpraxis\/tierkommunikation\/abschied-nehmen-von-tieren\/","url":"https:\/\/www.tirza-kirchner.de\/tierheilpraxis\/tierkommunikation\/abschied-nehmen-von-tieren\/","name":"Mit Liebe und W\u00fcrde von einem Tier Abschied nehmen - Tier","isPartOf":{"@id":"https:\/\/www.tirza-kirchner.de\/tierheilpraxis\/#website"},"primaryImageOfPage":{"@id":"https:\/\/www.tirza-kirchner.de\/tierheilpraxis\/tierkommunikation\/abschied-nehmen-von-tieren\/#primaryimage"},"image":{"@id":"https:\/\/www.tirza-kirchner.de\/tierheilpraxis\/tierkommunikation\/abschied-nehmen-von-tieren\/#primaryimage"},"thumbnailUrl":"https:\/\/www.tirza-kirchner.de\/tierheilpraxis\/wp-content\/uploads\/sites\/2\/2017\/02\/abschied-nehmen-von-tieren-300x208.jpeg","datePublished":"2017-02-06T16:04:43+00:00","dateModified":"2018-05-18T15:01:14+00:00","description":"Abschied nehmen von Tieren kann ein schmerzhafter Prozess sein. Vor allem dann, wenn das Tier schon sehr lang bei einem ist. Die Bindung ist gro\u00df.","breadcrumb":{"@id":"https:\/\/www.tirza-kirchner.de\/tierheilpraxis\/tierkommunikation\/abschied-nehmen-von-tieren\/#breadcrumb"},"inLanguage":"de","potentialAction":[{"@type":"ReadAction","target":["https:\/\/www.tirza-kirchner.de\/tierheilpraxis\/tierkommunikation\/abschied-nehmen-von-tieren\/"]}]},{"@type":"ImageObject","inLanguage":"de","@id":"https:\/\/www.tirza-kirchner.de\/tierheilpraxis\/tierkommunikation\/abschied-nehmen-von-tieren\/#primaryimage","url":"https:\/\/www.tirza-kirchner.de\/tierheilpraxis\/wp-content\/uploads\/sites\/2\/2017\/02\/abschied-nehmen-von-tieren-300x208.jpeg","contentUrl":"https:\/\/www.tirza-kirchner.de\/tierheilpraxis\/wp-content\/uploads\/sites\/2\/2017\/02\/abschied-nehmen-von-tieren-300x208.jpeg"},{"@type":"BreadcrumbList","@id":"https:\/\/www.tirza-kirchner.de\/tierheilpraxis\/tierkommunikation\/abschied-nehmen-von-tieren\/#breadcrumb","itemListElement":[{"@type":"ListItem","position":1,"name":"Startseite","item":"https:\/\/www.tirza-kirchner.de\/tierheilpraxis\/"},{"@type":"ListItem","position":2,"name":"Tierkommunikation","item":"https:\/\/www.tirza-kirchner.de\/tierheilpraxis\/tierkommunikation\/"},{"@type":"ListItem","position":3,"name":"Mit Liebe und W\u00fcrde von einem Tier Abschied nehmen"}]},{"@type":"WebSite","@id":"https:\/\/www.tirza-kirchner.de\/tierheilpraxis\/#website","url":"https:\/\/www.tirza-kirchner.de\/tierheilpraxis\/","name":"Tier","description":"Eine weitere Tirza Kirchner Website","potentialAction":[{"@type":"SearchAction","target":{"@type":"EntryPoint","urlTemplate":"https:\/\/www.tirza-kirchner.de\/tierheilpraxis\/?s={search_term_string}"},"query-input":{"@type":"PropertyValueSpecification","valueRequired":true,"valueName":"search_term_string"}}],"inLanguage":"de"}]}},"_links":{"self":[{"href":"https:\/\/www.tirza-kirchner.de\/tierheilpraxis\/wp-json\/wp\/v2\/pages\/27","targetHints":{"allow":["GET"]}}],"collection":[{"href":"https:\/\/www.tirza-kirchner.de\/tierheilpraxis\/wp-json\/wp\/v2\/pages"}],"about":[{"href":"https:\/\/www.tirza-kirchner.de\/tierheilpraxis\/wp-json\/wp\/v2\/types\/page"}],"author":[{"embeddable":true,"href":"https:\/\/www.tirza-kirchner.de\/tierheilpraxis\/wp-json\/wp\/v2\/users\/1"}],"replies":[{"embeddable":true,"href":"https:\/\/www.tirza-kirchner.de\/tierheilpraxis\/wp-json\/wp\/v2\/comments?post=27"}],"version-history":[{"count":20,"href":"https:\/\/www.tirza-kirchner.de\/tierheilpraxis\/wp-json\/wp\/v2\/pages\/27\/revisions"}],"predecessor-version":[{"id":482,"href":"https:\/\/www.tirza-kirchner.de\/tierheilpraxis\/wp-json\/wp\/v2\/pages\/27\/revisions\/482"}],"up":[{"embeddable":true,"href":"https:\/\/www.tirza-kirchner.de\/tierheilpraxis\/wp-json\/wp\/v2\/pages\/16"}],"wp:attachment":[{"href":"https:\/\/www.tirza-kirchner.de\/tierheilpraxis\/wp-json\/wp\/v2\/media?parent=27"}],"curies":[{"name":"wp","href":"https:\/\/api.w.org\/{rel}","templated":true}]}}