{"id":25,"date":"2017-02-06T17:04:29","date_gmt":"2017-02-06T16:04:29","guid":{"rendered":"https:\/\/www.tirza-kirchner.de\/tier\/?page_id=25"},"modified":"2023-07-27T18:47:51","modified_gmt":"2023-07-27T16:47:51","slug":"vermisste-tiere","status":"publish","type":"page","link":"https:\/\/www.tirza-kirchner.de\/tierheilpraxis\/tierkommunikation\/vermisste-tiere\/","title":{"rendered":"Vermisste Tiere"},"content":{"rendered":"<h2 style=\"text-align: left;\">Lass mich wissen, wo du bist!<\/h2>\n<figure id=\"attachment_380\" aria-describedby=\"caption-attachment-380\" style=\"width: 290px\" class=\"wp-caption alignleft\"><img loading=\"lazy\" decoding=\"async\" class=\"size-medium wp-image-380\" src=\"https:\/\/www.tirza-kirchner.de\/tierheilpraxis\/wp-content\/uploads\/sites\/2\/2017\/02\/vermisste-tiere-300x224.jpg\" alt=\"Vermisste Tiere: Tirza Kirchner bietet auch Tierkommunikation mit Tieren, die von ihren Besitzern vermisst werden.\" width=\"300\" height=\"224\" srcset=\"https:\/\/www.tirza-kirchner.de\/tierheilpraxis\/wp-content\/uploads\/sites\/2\/2017\/02\/vermisste-tiere-300x224.jpg 300w, https:\/\/www.tirza-kirchner.de\/tierheilpraxis\/wp-content\/uploads\/sites\/2\/2017\/02\/vermisste-tiere-768x573.jpg 768w, https:\/\/www.tirza-kirchner.de\/tierheilpraxis\/wp-content\/uploads\/sites\/2\/2017\/02\/vermisste-tiere-1024x765.jpg 1024w\" sizes=\"auto, (max-width: 300px) 100vw, 300px\" \/><figcaption id=\"caption-attachment-380\" class=\"wp-caption-text\">Vermisste Tiere: Tirza Kirchner kommuniziert mit Tieren, die von ihren Besitzern vermisst werden.<\/figcaption><\/figure>\n<p>Vermisste Tiere wiederzufinden, ist ein Herzensanliegen von Tirza Kirchner. Es ist beunruhigend und irritierend, wenn das eigene Tier auf einmal nicht mehr da ist. Tirza Kirchner nutzt in so einem Fall die M\u00f6glichkeit der Telepathie und energetische und schamanische Methoden. Sie versucht durch \u00a0Gedanken\u00fcbertragung mit dem Tier zu kommunizieren. Mit Hilfe dieser <a href=\"https:\/\/www.tirza-kirchner.de\/tierheilpraxis\/tierkommunikation\/\">Tierkommunikation<\/a> k\u00f6nnen Informationen zum Zustand Ihres vermissten Tieres, zu seinem Aufenthaltsort oder zu eingetretenen Ereignissen abgefragt werden.<\/p>\n<h2>Das Suchen von vermissten Tieren<\/h2>\n<p>Wenn Sie Ihr Tier finden wollen oder das Tier zu\u00a0Ihnen zur\u00fcckkommen m\u00f6chte, dann kann Tierkommunikation hilfreich sein. Denn Ihr Tier kann m\u00f6glicherweise den Ort beschreiben, an dem es sich im Moment aufh\u00e4lt, oder erkl\u00e4ren, wie es zu diesem fremden Ort gelangt ist. Vielleicht schildert es auch Ereignisse, die zu seinem Verschwinden gef\u00fchrt haben. Manchmal sind die Angaben sehr konkret. Je nach den Umst\u00e4nden kann es aber auch schwierig sein, die Informationen wie &#8230;<\/p>\n<h2 style=\"text-align: left;\">&#8230; Teile eines Puzzles &#8230;<\/h2>\n<p>zusammenzuf\u00fcgen. Es kommt immer auf die jeweilige Situation an. Meist ist erkennbar, ob das Tier noch lebt und wie sein Gesundheitszustand ist.\u00a0Bei der Suche nach verschwundenen Tieren nutzt Tirza Kirchner auch weitere M\u00f6glichkeiten aus dem energetischen und schamanischen Umfeld, um zum Beispiel Gespr\u00e4chsergebnisse zu \u00fcberpr\u00fcfen, um zus\u00e4tzliche Informationen zu erhalten und Sie und Ihr Tier zu belgeiten.<\/p>\n<h2 style=\"text-align: left;\">Mit vermissten Tieren sprechen<\/h2>\n<blockquote>\n<p style=\"text-align: left;\">Tirza Kirchner: &#8222;Das Gespr\u00e4ch mit Ihrem Tier kann Ihnen helfen Ihr Tier gezielter zu suchen oder sogar zu finden. Es kann Ihr Tier auch veranlassen zu Ihnen nach Hause zur\u00fcck zu kehren.&#8220;<\/p>\n<\/blockquote>\n<h2 style=\"text-align: left;\">Vermisste Tiere finden<\/h2>\n<p style=\"text-align: left;\">Oh Schreck \u2013 mein Tier ist weg: Rufen Sie Tirza Kirchner einfach an und nehmen Sie\u00a0<a href=\"https:\/\/www.tirza-kirchner.de\/kontakt\/\">Kontakt<\/a>\u00a0mit ihr auf! Besprechen Sie mit ihr die Situation, den Ort und die Uhrzeit, wann und wo Sie Ihr Tier das letzte Mal gesehen haben. Tirza Kirchner begleitet Sie und Ihr Tier in dieser Extremsituation.<\/p>\n<p style=\"text-align: left;\">Viel Erfolg beim Suchen und Finden!<\/p>\n<header class=\"entry-header\">\n<h2 class=\"entry-title\" style=\"text-align: left;\">Um die Ecke &#8230;?<\/h2>\n<\/header>\n<div class=\"entry-content\">\n<p style=\"text-align: left;\">Tirza Kirchners Naturheilpraxis ist in F\u00fcrth in der\u00a0Thomas-Kleinlein-Stra\u00dfe 1 in 90765 F\u00fcrth und bei <a href=\"https:\/\/www.facebook.com\/Tierbriefkasten\/\" target=\"_blank\" rel=\"noopener noreferrer\">facebook<\/a> zu finden.<\/p>\n<\/div>\n","protected":false},"excerpt":{"rendered":"<p>Lass mich wissen, wo du bist! Vermisste Tiere wiederzufinden, ist ein Herzensanliegen von Tirza Kirchner. Es ist beunruhigend und irritierend, wenn das eigene Tier auf einmal nicht mehr da ist. Tirza Kirchner nutzt in so einem Fall die M\u00f6glichkeit der Telepathie und energetische und schamanische Methoden. Sie versucht durch \u00a0Gedanken\u00fcbertragung mit dem Tier zu kommunizieren. &#8230; <a title=\"Vermisste Tiere\" class=\"read-more\" href=\"https:\/\/www.tirza-kirchner.de\/tierheilpraxis\/tierkommunikation\/vermisste-tiere\/\" aria-label=\"Mehr Informationen \u00fcber Vermisste Tiere\">Weiterlesen<\/a><\/p>\n","protected":false},"author":1,"featured_media":0,"parent":16,"menu_order":0,"comment_status":"closed","ping_status":"closed","template":"","meta":{"generate_page_header":"","_mc_calendar":[],"footnotes":""},"class_list":["post-25","page","type-page","status-publish"],"yoast_head":"<!-- This site is optimized with the Yoast SEO plugin v27.4 - https:\/\/yoast.com\/product\/yoast-seo-wordpress\/ -->\n<title>Vermisste Tiere - Tier<\/title>\n<meta name=\"description\" content=\"Vermisste Tiere zu finden ist oft nicht einfach. Daher bietet Tirza Kirchner die Tierkommunikation und schamanische Rituale an, die die Suche unterst\u00fctzen.\" \/>\n<meta name=\"robots\" content=\"index, follow, max-snippet:-1, max-image-preview:large, max-video-preview:-1\" \/>\n<link rel=\"canonical\" href=\"https:\/\/www.tirza-kirchner.de\/tierheilpraxis\/tierkommunikation\/vermisste-tiere\/\" \/>\n<meta property=\"og:locale\" content=\"de_DE\" \/>\n<meta property=\"og:type\" content=\"article\" \/>\n<meta property=\"og:title\" content=\"Vermisste Tiere - Tier\" \/>\n<meta property=\"og:description\" content=\"Vermisste Tiere zu finden ist oft nicht einfach. Daher bietet Tirza Kirchner die Tierkommunikation und schamanische Rituale an, die die Suche unterst\u00fctzen.\" \/>\n<meta property=\"og:url\" content=\"https:\/\/www.tirza-kirchner.de\/tierheilpraxis\/tierkommunikation\/vermisste-tiere\/\" \/>\n<meta property=\"og:site_name\" content=\"Tier\" \/>\n<meta property=\"article:modified_time\" content=\"2023-07-27T16:47:51+00:00\" \/>\n<meta property=\"og:image\" content=\"https:\/\/www.tirza-kirchner.de\/tierheilpraxis\/wp-content\/uploads\/sites\/2\/2017\/02\/vermisste-tiere-300x224.jpg\" \/>\n<meta name=\"twitter:card\" content=\"summary_large_image\" \/>\n<meta name=\"twitter:label1\" content=\"Gesch\u00e4tzte Lesezeit\" \/>\n\t<meta name=\"twitter:data1\" content=\"2\u00a0Minuten\" \/>\n<script type=\"application\/ld+json\" class=\"yoast-schema-graph\">{\"@context\":\"https:\\\/\\\/schema.org\",\"@graph\":[{\"@type\":\"WebPage\",\"@id\":\"https:\\\/\\\/www.tirza-kirchner.de\\\/tierheilpraxis\\\/tierkommunikation\\\/vermisste-tiere\\\/\",\"url\":\"https:\\\/\\\/www.tirza-kirchner.de\\\/tierheilpraxis\\\/tierkommunikation\\\/vermisste-tiere\\\/\",\"name\":\"Vermisste Tiere - Tier\",\"isPartOf\":{\"@id\":\"https:\\\/\\\/www.tirza-kirchner.de\\\/tierheilpraxis\\\/#website\"},\"primaryImageOfPage\":{\"@id\":\"https:\\\/\\\/www.tirza-kirchner.de\\\/tierheilpraxis\\\/tierkommunikation\\\/vermisste-tiere\\\/#primaryimage\"},\"image\":{\"@id\":\"https:\\\/\\\/www.tirza-kirchner.de\\\/tierheilpraxis\\\/tierkommunikation\\\/vermisste-tiere\\\/#primaryimage\"},\"thumbnailUrl\":\"https:\\\/\\\/www.tirza-kirchner.de\\\/tierheilpraxis\\\/wp-content\\\/uploads\\\/sites\\\/2\\\/2017\\\/02\\\/vermisste-tiere-300x224.jpg\",\"datePublished\":\"2017-02-06T16:04:29+00:00\",\"dateModified\":\"2023-07-27T16:47:51+00:00\",\"description\":\"Vermisste Tiere zu finden ist oft nicht einfach. Daher bietet Tirza Kirchner die Tierkommunikation und schamanische Rituale an, die die Suche unterst\u00fctzen.\",\"breadcrumb\":{\"@id\":\"https:\\\/\\\/www.tirza-kirchner.de\\\/tierheilpraxis\\\/tierkommunikation\\\/vermisste-tiere\\\/#breadcrumb\"},\"inLanguage\":\"de\",\"potentialAction\":[{\"@type\":\"ReadAction\",\"target\":[\"https:\\\/\\\/www.tirza-kirchner.de\\\/tierheilpraxis\\\/tierkommunikation\\\/vermisste-tiere\\\/\"]}]},{\"@type\":\"ImageObject\",\"inLanguage\":\"de\",\"@id\":\"https:\\\/\\\/www.tirza-kirchner.de\\\/tierheilpraxis\\\/tierkommunikation\\\/vermisste-tiere\\\/#primaryimage\",\"url\":\"https:\\\/\\\/www.tirza-kirchner.de\\\/tierheilpraxis\\\/wp-content\\\/uploads\\\/sites\\\/2\\\/2017\\\/02\\\/vermisste-tiere.jpg\",\"contentUrl\":\"https:\\\/\\\/www.tirza-kirchner.de\\\/tierheilpraxis\\\/wp-content\\\/uploads\\\/sites\\\/2\\\/2017\\\/02\\\/vermisste-tiere.jpg\",\"width\":2610,\"height\":1949,\"caption\":\"Vermisste Tiere: Tirza Kirchner kommuniziert mit Tieren, die von ihren Besitzern vermisst werden.\"},{\"@type\":\"BreadcrumbList\",\"@id\":\"https:\\\/\\\/www.tirza-kirchner.de\\\/tierheilpraxis\\\/tierkommunikation\\\/vermisste-tiere\\\/#breadcrumb\",\"itemListElement\":[{\"@type\":\"ListItem\",\"position\":1,\"name\":\"Startseite\",\"item\":\"https:\\\/\\\/www.tirza-kirchner.de\\\/tierheilpraxis\\\/\"},{\"@type\":\"ListItem\",\"position\":2,\"name\":\"Tierkommunikation\",\"item\":\"https:\\\/\\\/www.tirza-kirchner.de\\\/tierheilpraxis\\\/tierkommunikation\\\/\"},{\"@type\":\"ListItem\",\"position\":3,\"name\":\"Vermisste Tiere\"}]},{\"@type\":\"WebSite\",\"@id\":\"https:\\\/\\\/www.tirza-kirchner.de\\\/tierheilpraxis\\\/#website\",\"url\":\"https:\\\/\\\/www.tirza-kirchner.de\\\/tierheilpraxis\\\/\",\"name\":\"Tier\",\"description\":\"Eine weitere Tirza Kirchner Website\",\"potentialAction\":[{\"@type\":\"SearchAction\",\"target\":{\"@type\":\"EntryPoint\",\"urlTemplate\":\"https:\\\/\\\/www.tirza-kirchner.de\\\/tierheilpraxis\\\/?s={search_term_string}\"},\"query-input\":{\"@type\":\"PropertyValueSpecification\",\"valueRequired\":true,\"valueName\":\"search_term_string\"}}],\"inLanguage\":\"de\"}]}<\/script>\n<!-- \/ Yoast SEO plugin. -->","yoast_head_json":{"title":"Vermisste Tiere - Tier","description":"Vermisste Tiere zu finden ist oft nicht einfach. Daher bietet Tirza Kirchner die Tierkommunikation und schamanische Rituale an, die die Suche unterst\u00fctzen.","robots":{"index":"index","follow":"follow","max-snippet":"max-snippet:-1","max-image-preview":"max-image-preview:large","max-video-preview":"max-video-preview:-1"},"canonical":"https:\/\/www.tirza-kirchner.de\/tierheilpraxis\/tierkommunikation\/vermisste-tiere\/","og_locale":"de_DE","og_type":"article","og_title":"Vermisste Tiere - Tier","og_description":"Vermisste Tiere zu finden ist oft nicht einfach. Daher bietet Tirza Kirchner die Tierkommunikation und schamanische Rituale an, die die Suche unterst\u00fctzen.","og_url":"https:\/\/www.tirza-kirchner.de\/tierheilpraxis\/tierkommunikation\/vermisste-tiere\/","og_site_name":"Tier","article_modified_time":"2023-07-27T16:47:51+00:00","og_image":[{"url":"https:\/\/www.tirza-kirchner.de\/tierheilpraxis\/wp-content\/uploads\/sites\/2\/2017\/02\/vermisste-tiere-300x224.jpg","type":"","width":"","height":""}],"twitter_card":"summary_large_image","twitter_misc":{"Gesch\u00e4tzte Lesezeit":"2\u00a0Minuten"},"schema":{"@context":"https:\/\/schema.org","@graph":[{"@type":"WebPage","@id":"https:\/\/www.tirza-kirchner.de\/tierheilpraxis\/tierkommunikation\/vermisste-tiere\/","url":"https:\/\/www.tirza-kirchner.de\/tierheilpraxis\/tierkommunikation\/vermisste-tiere\/","name":"Vermisste Tiere - Tier","isPartOf":{"@id":"https:\/\/www.tirza-kirchner.de\/tierheilpraxis\/#website"},"primaryImageOfPage":{"@id":"https:\/\/www.tirza-kirchner.de\/tierheilpraxis\/tierkommunikation\/vermisste-tiere\/#primaryimage"},"image":{"@id":"https:\/\/www.tirza-kirchner.de\/tierheilpraxis\/tierkommunikation\/vermisste-tiere\/#primaryimage"},"thumbnailUrl":"https:\/\/www.tirza-kirchner.de\/tierheilpraxis\/wp-content\/uploads\/sites\/2\/2017\/02\/vermisste-tiere-300x224.jpg","datePublished":"2017-02-06T16:04:29+00:00","dateModified":"2023-07-27T16:47:51+00:00","description":"Vermisste Tiere zu finden ist oft nicht einfach. Daher bietet Tirza Kirchner die Tierkommunikation und schamanische Rituale an, die die Suche unterst\u00fctzen.","breadcrumb":{"@id":"https:\/\/www.tirza-kirchner.de\/tierheilpraxis\/tierkommunikation\/vermisste-tiere\/#breadcrumb"},"inLanguage":"de","potentialAction":[{"@type":"ReadAction","target":["https:\/\/www.tirza-kirchner.de\/tierheilpraxis\/tierkommunikation\/vermisste-tiere\/"]}]},{"@type":"ImageObject","inLanguage":"de","@id":"https:\/\/www.tirza-kirchner.de\/tierheilpraxis\/tierkommunikation\/vermisste-tiere\/#primaryimage","url":"https:\/\/www.tirza-kirchner.de\/tierheilpraxis\/wp-content\/uploads\/sites\/2\/2017\/02\/vermisste-tiere.jpg","contentUrl":"https:\/\/www.tirza-kirchner.de\/tierheilpraxis\/wp-content\/uploads\/sites\/2\/2017\/02\/vermisste-tiere.jpg","width":2610,"height":1949,"caption":"Vermisste Tiere: Tirza Kirchner kommuniziert mit Tieren, die von ihren Besitzern vermisst werden."},{"@type":"BreadcrumbList","@id":"https:\/\/www.tirza-kirchner.de\/tierheilpraxis\/tierkommunikation\/vermisste-tiere\/#breadcrumb","itemListElement":[{"@type":"ListItem","position":1,"name":"Startseite","item":"https:\/\/www.tirza-kirchner.de\/tierheilpraxis\/"},{"@type":"ListItem","position":2,"name":"Tierkommunikation","item":"https:\/\/www.tirza-kirchner.de\/tierheilpraxis\/tierkommunikation\/"},{"@type":"ListItem","position":3,"name":"Vermisste Tiere"}]},{"@type":"WebSite","@id":"https:\/\/www.tirza-kirchner.de\/tierheilpraxis\/#website","url":"https:\/\/www.tirza-kirchner.de\/tierheilpraxis\/","name":"Tier","description":"Eine weitere Tirza Kirchner Website","potentialAction":[{"@type":"SearchAction","target":{"@type":"EntryPoint","urlTemplate":"https:\/\/www.tirza-kirchner.de\/tierheilpraxis\/?s={search_term_string}"},"query-input":{"@type":"PropertyValueSpecification","valueRequired":true,"valueName":"search_term_string"}}],"inLanguage":"de"}]}},"_links":{"self":[{"href":"https:\/\/www.tirza-kirchner.de\/tierheilpraxis\/wp-json\/wp\/v2\/pages\/25","targetHints":{"allow":["GET"]}}],"collection":[{"href":"https:\/\/www.tirza-kirchner.de\/tierheilpraxis\/wp-json\/wp\/v2\/pages"}],"about":[{"href":"https:\/\/www.tirza-kirchner.de\/tierheilpraxis\/wp-json\/wp\/v2\/types\/page"}],"author":[{"embeddable":true,"href":"https:\/\/www.tirza-kirchner.de\/tierheilpraxis\/wp-json\/wp\/v2\/users\/1"}],"replies":[{"embeddable":true,"href":"https:\/\/www.tirza-kirchner.de\/tierheilpraxis\/wp-json\/wp\/v2\/comments?post=25"}],"version-history":[{"count":35,"href":"https:\/\/www.tirza-kirchner.de\/tierheilpraxis\/wp-json\/wp\/v2\/pages\/25\/revisions"}],"predecessor-version":[{"id":627,"href":"https:\/\/www.tirza-kirchner.de\/tierheilpraxis\/wp-json\/wp\/v2\/pages\/25\/revisions\/627"}],"up":[{"embeddable":true,"href":"https:\/\/www.tirza-kirchner.de\/tierheilpraxis\/wp-json\/wp\/v2\/pages\/16"}],"wp:attachment":[{"href":"https:\/\/www.tirza-kirchner.de\/tierheilpraxis\/wp-json\/wp\/v2\/media?parent=25"}],"curies":[{"name":"wp","href":"https:\/\/api.w.org\/{rel}","templated":true}]}}