{"id":23,"date":"2017-02-06T17:04:14","date_gmt":"2017-02-06T16:04:14","guid":{"rendered":"https:\/\/www.tirza-kirchner.de\/tier\/?page_id=23"},"modified":"2018-05-20T11:23:11","modified_gmt":"2018-05-20T09:23:11","slug":"gesundheit-des-tieres","status":"publish","type":"page","link":"https:\/\/www.tirza-kirchner.de\/tierheilpraxis\/tierkommunikation\/gesundheit-des-tieres\/","title":{"rendered":"Die Gesundheit des Tieres"},"content":{"rendered":"<h2>Die Gesundheit eines jeden Tieres ist ein wertvolles Gut<\/h2>\n<figure id=\"attachment_511\" aria-describedby=\"caption-attachment-511\" style=\"width: 290px\" class=\"wp-caption alignright\"><img loading=\"lazy\" decoding=\"async\" class=\"size-medium wp-image-511\" src=\"https:\/\/www.tirza-kirchner.de\/tierheilpraxis\/wp-content\/uploads\/sites\/2\/2017\/02\/Tiergesundheit-1-300x225.jpg\" alt=\"Tiergesundheit\" width=\"300\" height=\"225\" srcset=\"https:\/\/www.tirza-kirchner.de\/tierheilpraxis\/wp-content\/uploads\/sites\/2\/2017\/02\/Tiergesundheit-1-300x225.jpg 300w, https:\/\/www.tirza-kirchner.de\/tierheilpraxis\/wp-content\/uploads\/sites\/2\/2017\/02\/Tiergesundheit-1-768x576.jpg 768w, https:\/\/www.tirza-kirchner.de\/tierheilpraxis\/wp-content\/uploads\/sites\/2\/2017\/02\/Tiergesundheit-1-1024x768.jpg 1024w\" sizes=\"auto, (max-width: 300px) 100vw, 300px\" \/><figcaption id=\"caption-attachment-511\" class=\"wp-caption-text\">Tierkommunikation als M\u00f6glichkeit Details zum Gesundheitszustand Ihres Tieres heraus zu finden.<\/figcaption><\/figure>\n<p>Die Gesundheit des Tieres gilt\u00a0es zu sch\u00fctzen. Daher wollen gesundheitliche Fragen gekl\u00e4rt werden. Das ist bei uns Menschen so\u00a0\u2013 und bei den Tieren ist das nicht anders. Wenn wir unsere Tiere leiden sehen, dann geht es uns dabei nicht gut. Denn die Gesundheit der Tiere liegt uns am Herzen. Tirza Kirchner kann hier als Heilpraktikerin aktiv werden. Sie spricht mit Tieren, ihren Patienten, \u00fcber deren Gesundheit. In einem vertrauensvollen Gespr\u00e4ch kann Ihr Tier wertvolle Informationen zu seinem Gesundheitszustand preisgeben. Es kann zeigen, ob und wo es Schmerzen hat und wie es ihm geht. Diese\u00a0telepathische Kommunikation zwischen Tier und Heilpraktikerin ist aufschlussreich, wenn Sie sich nicht sicher sind, woran ihr Tier leidet.<\/p>\n<blockquote>\n<p style=\"text-align: left;\">Tirza Kirchner: &#8222;Tiere wissen normalerweise sehr genau \u00fcber ihren k\u00f6rperlichen Zustand Bescheid, k\u00f6nnen ihre Krankheit beschreiben und kennen Ursachen, Heilm\u00f6glichkeiten und manchmal sogar Heilmittel.&#8220;<\/p>\n<\/blockquote>\n<h2>Tierkommunikation, Selbstheilungskr\u00e4fte und die Gesundheit des Tieres<\/h2>\n<p>Im Normalfall wei\u00df das Tier selbst was ihm gut tut. Die Gesundheit des Tieres ist also kein Zufall. \u00a0Das Vertrauen zu einem Menschen ist von der Natur gegeben und auch gewollt. Ihr Tier ist imstande, einem Menschen zu sagen, ob es mit der medizinischen Behandlung zufrieden ist, ob es etwas \u00e4ndern m\u00f6chte oder welche Behandlung es sich w\u00fcnscht. Tiere haben wie wir Menschen eigene Selbstheilungskr\u00e4fte. Diese Kr\u00e4fte mobilisieren sie, um gesund zu werden. Die aktive Kommunikation mit ihrem Tier ist aufschlussreich und hilfreich.<\/p>\n<blockquote><p>Tirza Kirchner: &#8222;Gerade auch vor einer Kastration oder anderen Operationen kann das Tier entsprechend eingebunden, gefragt und vorbereitet werden.&#8220;<\/p><\/blockquote>\n<p>Das Gespr\u00e4ch mit Ihrem Tier kann Ihnen helfen die richtigen Entscheidungen zu treffen und seine W\u00fcnsche zu ber\u00fccksichtigen.\u00a0Wenn es von Ihnen gew\u00fcnscht ist, kann Tirza Kirchner jederzeit die Tierkommunikation\u00a0um eine passende naturheilkundliche Therapie erg\u00e4nzen. Weitere Infos dazu finden Sie unter dem Punkt <a href=\"https:\/\/www.tirza-kirchner.de\/tierheilpraxis\/naturheilkunde\/\">Naturheilkunde<\/a>.<\/p>\n","protected":false},"excerpt":{"rendered":"<p>Die Gesundheit eines jeden Tieres ist ein wertvolles Gut Die Gesundheit des Tieres gilt\u00a0es zu sch\u00fctzen. Daher wollen gesundheitliche Fragen gekl\u00e4rt werden. Das ist bei uns Menschen so\u00a0\u2013 und bei den Tieren ist das nicht anders. Wenn wir unsere Tiere leiden sehen, dann geht es uns dabei nicht gut. Denn die Gesundheit der Tiere liegt &#8230; <a title=\"Die Gesundheit des Tieres\" class=\"read-more\" href=\"https:\/\/www.tirza-kirchner.de\/tierheilpraxis\/tierkommunikation\/gesundheit-des-tieres\/\" aria-label=\"Mehr Informationen \u00fcber Die Gesundheit des Tieres\">Weiterlesen<\/a><\/p>\n","protected":false},"author":1,"featured_media":0,"parent":16,"menu_order":0,"comment_status":"closed","ping_status":"closed","template":"","meta":{"generate_page_header":"","_mc_calendar":[],"footnotes":""},"class_list":["post-23","page","type-page","status-publish"],"yoast_head":"<!-- This site is optimized with the Yoast SEO plugin v27.4 - https:\/\/yoast.com\/product\/yoast-seo-wordpress\/ -->\n<title>Die Gesundheit des Tieres - Tier<\/title>\n<meta name=\"description\" content=\"Die Gesundheit des Tieres ist ein Gut, das es zu sch\u00fctzen gilt. Oft wissen Tiere um ihre Gesundheit und erstaunlich viel \u00fcber Heilm\u00f6glichkeiten.\" \/>\n<meta name=\"robots\" content=\"index, follow, max-snippet:-1, max-image-preview:large, max-video-preview:-1\" \/>\n<link rel=\"canonical\" href=\"https:\/\/www.tirza-kirchner.de\/tierheilpraxis\/tierkommunikation\/gesundheit-des-tieres\/\" \/>\n<meta property=\"og:locale\" content=\"de_DE\" \/>\n<meta property=\"og:type\" content=\"article\" \/>\n<meta property=\"og:title\" content=\"Die Gesundheit des Tieres - Tier\" \/>\n<meta property=\"og:description\" content=\"Die Gesundheit des Tieres ist ein Gut, das es zu sch\u00fctzen gilt. Oft wissen Tiere um ihre Gesundheit und erstaunlich viel \u00fcber Heilm\u00f6glichkeiten.\" \/>\n<meta property=\"og:url\" content=\"https:\/\/www.tirza-kirchner.de\/tierheilpraxis\/tierkommunikation\/gesundheit-des-tieres\/\" \/>\n<meta property=\"og:site_name\" content=\"Tier\" \/>\n<meta property=\"article:modified_time\" content=\"2018-05-20T09:23:11+00:00\" \/>\n<meta property=\"og:image\" content=\"https:\/\/www.tirza-kirchner.de\/tierheilpraxis\/wp-content\/uploads\/sites\/2\/2017\/02\/Tiergesundheit-1-300x225.jpg\" \/>\n<meta name=\"twitter:card\" content=\"summary_large_image\" \/>\n<meta name=\"twitter:label1\" content=\"Gesch\u00e4tzte Lesezeit\" \/>\n\t<meta name=\"twitter:data1\" content=\"2\u00a0Minuten\" \/>\n<script type=\"application\/ld+json\" class=\"yoast-schema-graph\">{\"@context\":\"https:\\\/\\\/schema.org\",\"@graph\":[{\"@type\":\"WebPage\",\"@id\":\"https:\\\/\\\/www.tirza-kirchner.de\\\/tierheilpraxis\\\/tierkommunikation\\\/gesundheit-des-tieres\\\/\",\"url\":\"https:\\\/\\\/www.tirza-kirchner.de\\\/tierheilpraxis\\\/tierkommunikation\\\/gesundheit-des-tieres\\\/\",\"name\":\"Die Gesundheit des Tieres - Tier\",\"isPartOf\":{\"@id\":\"https:\\\/\\\/www.tirza-kirchner.de\\\/tierheilpraxis\\\/#website\"},\"primaryImageOfPage\":{\"@id\":\"https:\\\/\\\/www.tirza-kirchner.de\\\/tierheilpraxis\\\/tierkommunikation\\\/gesundheit-des-tieres\\\/#primaryimage\"},\"image\":{\"@id\":\"https:\\\/\\\/www.tirza-kirchner.de\\\/tierheilpraxis\\\/tierkommunikation\\\/gesundheit-des-tieres\\\/#primaryimage\"},\"thumbnailUrl\":\"https:\\\/\\\/www.tirza-kirchner.de\\\/tierheilpraxis\\\/wp-content\\\/uploads\\\/sites\\\/2\\\/2017\\\/02\\\/Tiergesundheit-1-300x225.jpg\",\"datePublished\":\"2017-02-06T16:04:14+00:00\",\"dateModified\":\"2018-05-20T09:23:11+00:00\",\"description\":\"Die Gesundheit des Tieres ist ein Gut, das es zu sch\u00fctzen gilt. Oft wissen Tiere um ihre Gesundheit und erstaunlich viel \u00fcber Heilm\u00f6glichkeiten.\",\"breadcrumb\":{\"@id\":\"https:\\\/\\\/www.tirza-kirchner.de\\\/tierheilpraxis\\\/tierkommunikation\\\/gesundheit-des-tieres\\\/#breadcrumb\"},\"inLanguage\":\"de\",\"potentialAction\":[{\"@type\":\"ReadAction\",\"target\":[\"https:\\\/\\\/www.tirza-kirchner.de\\\/tierheilpraxis\\\/tierkommunikation\\\/gesundheit-des-tieres\\\/\"]}]},{\"@type\":\"ImageObject\",\"inLanguage\":\"de\",\"@id\":\"https:\\\/\\\/www.tirza-kirchner.de\\\/tierheilpraxis\\\/tierkommunikation\\\/gesundheit-des-tieres\\\/#primaryimage\",\"url\":\"https:\\\/\\\/www.tirza-kirchner.de\\\/tierheilpraxis\\\/wp-content\\\/uploads\\\/sites\\\/2\\\/2017\\\/02\\\/Tiergesundheit-1.jpg\",\"contentUrl\":\"https:\\\/\\\/www.tirza-kirchner.de\\\/tierheilpraxis\\\/wp-content\\\/uploads\\\/sites\\\/2\\\/2017\\\/02\\\/Tiergesundheit-1.jpg\",\"width\":4320,\"height\":3240,\"caption\":\"Tierkommunikation als M\u00f6glichkeit Details zum Gesundheitszustand Ihres Tieres heraus zu finden.\"},{\"@type\":\"BreadcrumbList\",\"@id\":\"https:\\\/\\\/www.tirza-kirchner.de\\\/tierheilpraxis\\\/tierkommunikation\\\/gesundheit-des-tieres\\\/#breadcrumb\",\"itemListElement\":[{\"@type\":\"ListItem\",\"position\":1,\"name\":\"Startseite\",\"item\":\"https:\\\/\\\/www.tirza-kirchner.de\\\/tierheilpraxis\\\/\"},{\"@type\":\"ListItem\",\"position\":2,\"name\":\"Tierkommunikation\",\"item\":\"https:\\\/\\\/www.tirza-kirchner.de\\\/tierheilpraxis\\\/tierkommunikation\\\/\"},{\"@type\":\"ListItem\",\"position\":3,\"name\":\"Die Gesundheit des Tieres\"}]},{\"@type\":\"WebSite\",\"@id\":\"https:\\\/\\\/www.tirza-kirchner.de\\\/tierheilpraxis\\\/#website\",\"url\":\"https:\\\/\\\/www.tirza-kirchner.de\\\/tierheilpraxis\\\/\",\"name\":\"Tier\",\"description\":\"Eine weitere Tirza Kirchner Website\",\"potentialAction\":[{\"@type\":\"SearchAction\",\"target\":{\"@type\":\"EntryPoint\",\"urlTemplate\":\"https:\\\/\\\/www.tirza-kirchner.de\\\/tierheilpraxis\\\/?s={search_term_string}\"},\"query-input\":{\"@type\":\"PropertyValueSpecification\",\"valueRequired\":true,\"valueName\":\"search_term_string\"}}],\"inLanguage\":\"de\"}]}<\/script>\n<!-- \/ Yoast SEO plugin. -->","yoast_head_json":{"title":"Die Gesundheit des Tieres - Tier","description":"Die Gesundheit des Tieres ist ein Gut, das es zu sch\u00fctzen gilt. Oft wissen Tiere um ihre Gesundheit und erstaunlich viel \u00fcber Heilm\u00f6glichkeiten.","robots":{"index":"index","follow":"follow","max-snippet":"max-snippet:-1","max-image-preview":"max-image-preview:large","max-video-preview":"max-video-preview:-1"},"canonical":"https:\/\/www.tirza-kirchner.de\/tierheilpraxis\/tierkommunikation\/gesundheit-des-tieres\/","og_locale":"de_DE","og_type":"article","og_title":"Die Gesundheit des Tieres - Tier","og_description":"Die Gesundheit des Tieres ist ein Gut, das es zu sch\u00fctzen gilt. Oft wissen Tiere um ihre Gesundheit und erstaunlich viel \u00fcber Heilm\u00f6glichkeiten.","og_url":"https:\/\/www.tirza-kirchner.de\/tierheilpraxis\/tierkommunikation\/gesundheit-des-tieres\/","og_site_name":"Tier","article_modified_time":"2018-05-20T09:23:11+00:00","og_image":[{"url":"https:\/\/www.tirza-kirchner.de\/tierheilpraxis\/wp-content\/uploads\/sites\/2\/2017\/02\/Tiergesundheit-1-300x225.jpg","type":"","width":"","height":""}],"twitter_card":"summary_large_image","twitter_misc":{"Gesch\u00e4tzte Lesezeit":"2\u00a0Minuten"},"schema":{"@context":"https:\/\/schema.org","@graph":[{"@type":"WebPage","@id":"https:\/\/www.tirza-kirchner.de\/tierheilpraxis\/tierkommunikation\/gesundheit-des-tieres\/","url":"https:\/\/www.tirza-kirchner.de\/tierheilpraxis\/tierkommunikation\/gesundheit-des-tieres\/","name":"Die Gesundheit des Tieres - Tier","isPartOf":{"@id":"https:\/\/www.tirza-kirchner.de\/tierheilpraxis\/#website"},"primaryImageOfPage":{"@id":"https:\/\/www.tirza-kirchner.de\/tierheilpraxis\/tierkommunikation\/gesundheit-des-tieres\/#primaryimage"},"image":{"@id":"https:\/\/www.tirza-kirchner.de\/tierheilpraxis\/tierkommunikation\/gesundheit-des-tieres\/#primaryimage"},"thumbnailUrl":"https:\/\/www.tirza-kirchner.de\/tierheilpraxis\/wp-content\/uploads\/sites\/2\/2017\/02\/Tiergesundheit-1-300x225.jpg","datePublished":"2017-02-06T16:04:14+00:00","dateModified":"2018-05-20T09:23:11+00:00","description":"Die Gesundheit des Tieres ist ein Gut, das es zu sch\u00fctzen gilt. Oft wissen Tiere um ihre Gesundheit und erstaunlich viel \u00fcber Heilm\u00f6glichkeiten.","breadcrumb":{"@id":"https:\/\/www.tirza-kirchner.de\/tierheilpraxis\/tierkommunikation\/gesundheit-des-tieres\/#breadcrumb"},"inLanguage":"de","potentialAction":[{"@type":"ReadAction","target":["https:\/\/www.tirza-kirchner.de\/tierheilpraxis\/tierkommunikation\/gesundheit-des-tieres\/"]}]},{"@type":"ImageObject","inLanguage":"de","@id":"https:\/\/www.tirza-kirchner.de\/tierheilpraxis\/tierkommunikation\/gesundheit-des-tieres\/#primaryimage","url":"https:\/\/www.tirza-kirchner.de\/tierheilpraxis\/wp-content\/uploads\/sites\/2\/2017\/02\/Tiergesundheit-1.jpg","contentUrl":"https:\/\/www.tirza-kirchner.de\/tierheilpraxis\/wp-content\/uploads\/sites\/2\/2017\/02\/Tiergesundheit-1.jpg","width":4320,"height":3240,"caption":"Tierkommunikation als M\u00f6glichkeit Details zum Gesundheitszustand Ihres Tieres heraus zu finden."},{"@type":"BreadcrumbList","@id":"https:\/\/www.tirza-kirchner.de\/tierheilpraxis\/tierkommunikation\/gesundheit-des-tieres\/#breadcrumb","itemListElement":[{"@type":"ListItem","position":1,"name":"Startseite","item":"https:\/\/www.tirza-kirchner.de\/tierheilpraxis\/"},{"@type":"ListItem","position":2,"name":"Tierkommunikation","item":"https:\/\/www.tirza-kirchner.de\/tierheilpraxis\/tierkommunikation\/"},{"@type":"ListItem","position":3,"name":"Die Gesundheit des Tieres"}]},{"@type":"WebSite","@id":"https:\/\/www.tirza-kirchner.de\/tierheilpraxis\/#website","url":"https:\/\/www.tirza-kirchner.de\/tierheilpraxis\/","name":"Tier","description":"Eine weitere Tirza Kirchner Website","potentialAction":[{"@type":"SearchAction","target":{"@type":"EntryPoint","urlTemplate":"https:\/\/www.tirza-kirchner.de\/tierheilpraxis\/?s={search_term_string}"},"query-input":{"@type":"PropertyValueSpecification","valueRequired":true,"valueName":"search_term_string"}}],"inLanguage":"de"}]}},"_links":{"self":[{"href":"https:\/\/www.tirza-kirchner.de\/tierheilpraxis\/wp-json\/wp\/v2\/pages\/23","targetHints":{"allow":["GET"]}}],"collection":[{"href":"https:\/\/www.tirza-kirchner.de\/tierheilpraxis\/wp-json\/wp\/v2\/pages"}],"about":[{"href":"https:\/\/www.tirza-kirchner.de\/tierheilpraxis\/wp-json\/wp\/v2\/types\/page"}],"author":[{"embeddable":true,"href":"https:\/\/www.tirza-kirchner.de\/tierheilpraxis\/wp-json\/wp\/v2\/users\/1"}],"replies":[{"embeddable":true,"href":"https:\/\/www.tirza-kirchner.de\/tierheilpraxis\/wp-json\/wp\/v2\/comments?post=23"}],"version-history":[{"count":17,"href":"https:\/\/www.tirza-kirchner.de\/tierheilpraxis\/wp-json\/wp\/v2\/pages\/23\/revisions"}],"predecessor-version":[{"id":512,"href":"https:\/\/www.tirza-kirchner.de\/tierheilpraxis\/wp-json\/wp\/v2\/pages\/23\/revisions\/512"}],"up":[{"embeddable":true,"href":"https:\/\/www.tirza-kirchner.de\/tierheilpraxis\/wp-json\/wp\/v2\/pages\/16"}],"wp:attachment":[{"href":"https:\/\/www.tirza-kirchner.de\/tierheilpraxis\/wp-json\/wp\/v2\/media?parent=23"}],"curies":[{"name":"wp","href":"https:\/\/api.w.org\/{rel}","templated":true}]}}