{"id":21,"date":"2017-02-06T17:04:01","date_gmt":"2017-02-06T16:04:01","guid":{"rendered":"https:\/\/www.tirza-kirchner.de\/tier\/?page_id=21"},"modified":"2024-01-10T12:32:46","modified_gmt":"2024-01-10T11:32:46","slug":"tier-vergangenheit","status":"publish","type":"page","link":"https:\/\/www.tirza-kirchner.de\/tierheilpraxis\/tierkommunikation\/tier-vergangenheit\/","title":{"rendered":"Ereignisse aus der Tier-Vergangenheit"},"content":{"rendered":"<h2>Erinnerungen\u00a0Ihres Tieres<\/h2>\n<figure id=\"attachment_384\" aria-describedby=\"caption-attachment-384\" style=\"width: 290px\" class=\"wp-caption alignleft\"><img loading=\"lazy\" decoding=\"async\" class=\"size-medium wp-image-384\" src=\"https:\/\/www.tirza-kirchner.de\/tierheilpraxis\/wp-content\/uploads\/sites\/2\/2017\/02\/tier-vergangenheit-300x282.jpg\" alt=\"Tier-Vergangenheit: Tirza Kirchner hinterfragt, was ihr Tier in der Vergangenheit erlebt hat.\" width=\"300\" height=\"282\" srcset=\"https:\/\/www.tirza-kirchner.de\/tierheilpraxis\/wp-content\/uploads\/sites\/2\/2017\/02\/tier-vergangenheit-300x282.jpg 300w, https:\/\/www.tirza-kirchner.de\/tierheilpraxis\/wp-content\/uploads\/sites\/2\/2017\/02\/tier-vergangenheit-768x721.jpg 768w, https:\/\/www.tirza-kirchner.de\/tierheilpraxis\/wp-content\/uploads\/sites\/2\/2017\/02\/tier-vergangenheit-1024x961.jpg 1024w\" sizes=\"auto, (max-width: 300px) 100vw, 300px\" \/><figcaption id=\"caption-attachment-384\" class=\"wp-caption-text\">Mein Tier und seine Vergangenheit: Tirza Kirchner m\u00f6chte erfahren, was Tiere in ihrer Vergangenheit erlebten.<\/figcaption><\/figure>\n<p>Von jedem Tier die Vergangenheit zu kennen, ist nicht m\u00f6glich. Denn es gibt Tiere, die wir nicht seit ihrer Geburt kennen. Wenn wir Fotos aus unserer Kindheit betrachten, dann sind auf diesen Bildern oft auch die Tiere, mit denen wir zusammenlebten, abgelichtet. Die Tiere wachsen in unserer Familie als Familienmitglieder auf. Sie werden gro\u00df und sp\u00e4ter k\u00f6nnen wir nachvollziehen, wie aus einem verspielten Welpen ein stattlicher Hund wurde. Tiere haben oft kein eigenes <em>Fotoalbum. <\/em>Sie geh\u00f6ren auch nicht immer zu einer Familie, sei es eine\u00a0Menschen-Familie oder eine Tier-Familie.<\/p>\n<h2>Woher kommt Ihr Tier?<\/h2>\n<p>Tiere kommen in vielen F\u00e4llen zu ihren Besitzern, wenn sie bereits ausgewachsen sind. Manche sind von einem Z\u00fcchter. Manche aus einem Tierheim. Und es\u00a0gibt auch Tiere, die zuvor wild oder auf der Stra\u00dfe lebten. M\u00f6chten Sie die Tier-Vergangenheit Ihres Lieblings n\u00e4her kennenlernen?<\/p>\n<blockquote><p>Tirza Kirchner: &#8222;Ihr Liebling\u00a0kann Ihnen zeigen, was in der Tier-Vergangenheit passiert ist. Ihr Tier\u00a0zeigt Ihnen, wie es ein bestimmtes Erlebnis sieht, warum eine Situation bei ihm ein Trauma hinterlie\u00df oder zum\u00a0Ausl\u00f6ser f\u00fcr ein aktuelles\u00a0Verhaltensmuster wurde.&#8220;<\/p><\/blockquote>\n<p>Tiere kommunizieren offen dar\u00fcber, wie es ihnen geht. Sie zeigen ihre Gef\u00fchle. Sie k\u00f6nnen aber auch zu verstehen geben, was sie in der Vergangenheit erlebt haben. Tiere k\u00f6nnen berichten, bei welchem Besitzer sie zuvor waren und was sie dort erlebt haben.<\/p>\n<blockquote><p>Tirza Kirchner: &#8222;Das Gespr\u00e4ch mit Ihrem Tier kann Ihnen Informationen geben, die Ihnen bisher noch nicht zur Verf\u00fcgung standen.&#8220;<\/p><\/blockquote>\n<h2 style=\"text-align: left;\">Aufschlussreiche Kommunikation\u00a0\u00fcber die Tier-Vergangenheit<\/h2>\n<p style=\"text-align: left;\">Die Kommunikation mit ihrem Tier ist aufschlussreich f\u00fcr Sie. Denn Sie werden das Verhalten Ihres Tieres besser verstehen. In besonderen F\u00e4llen \u2013 wenn etwa eine schwerwiegende psychische \u00a0Verletzung vorliegt \u2013\u00a0brauchen Sie als Besitzer sogar mehr Hintergrundinformation, um dem Tier zu helfen. Denn Wunden und Verletzungen, die nicht auskuriert sind, k\u00f6nnen auch Jahre sp\u00e4ter behandelt werden. Mit Erfolg!<\/p>\n<blockquote><p>Tirza Kirchner: &#8222;Manchmal ist es entscheidend die Vergangenheit des Tieres zu kennen, um in eine gl\u00fcckliche Zukunft zu gehen.&#8220;<\/p><\/blockquote>\n<p style=\"text-align: left;\">Lassen Sie sich auf ihr Tier ein. Es wird Ihnen dankbar sein. Tirza Kirchner steht Ihnen gern f\u00fcr ein informatives Beratungsgespr\u00e4ch zur Verf\u00fcgung. Nehmen Sie jetzt <a href=\"https:\/\/www.tirza-kirchner.de\/kontakt\/\">Kontakt<\/a> auf, vereinbaren Sie einen pers\u00f6nlichen Termin oder melden Sie sich zu einem der aktuellen <a href=\"https:\/\/www.tirza-kirchner.de\/aktuelle-termine\/\">Kurse<\/a> an.<\/p>\n","protected":false},"excerpt":{"rendered":"<p>Erinnerungen\u00a0Ihres Tieres Von jedem Tier die Vergangenheit zu kennen, ist nicht m\u00f6glich. Denn es gibt Tiere, die wir nicht seit ihrer Geburt kennen. Wenn wir Fotos aus unserer Kindheit betrachten, dann sind auf diesen Bildern oft auch die Tiere, mit denen wir zusammenlebten, abgelichtet. Die Tiere wachsen in unserer Familie als Familienmitglieder auf. Sie werden &#8230; <a title=\"Ereignisse aus der Tier-Vergangenheit\" class=\"read-more\" href=\"https:\/\/www.tirza-kirchner.de\/tierheilpraxis\/tierkommunikation\/tier-vergangenheit\/\" aria-label=\"Mehr Informationen \u00fcber Ereignisse aus der Tier-Vergangenheit\">Weiterlesen<\/a><\/p>\n","protected":false},"author":1,"featured_media":0,"parent":16,"menu_order":0,"comment_status":"closed","ping_status":"closed","template":"","meta":{"generate_page_header":"","_mc_calendar":[],"footnotes":""},"class_list":["post-21","page","type-page","status-publish"],"yoast_head":"<!-- This site is optimized with the Yoast SEO plugin v27.4 - https:\/\/yoast.com\/product\/yoast-seo-wordpress\/ -->\n<title>Die Tier-Vergangenheit in der Tierkommunikation erkunden<\/title>\n<meta name=\"description\" content=\"Tiere und ihre Vergangenheit sind uns oft nicht bekannt, da sie nicht seit der ihrer Geburt bei uns waren. Hier kann die Tierkommunikation helfen.\" \/>\n<meta name=\"robots\" content=\"index, follow, max-snippet:-1, max-image-preview:large, max-video-preview:-1\" \/>\n<link rel=\"canonical\" href=\"https:\/\/www.tirza-kirchner.de\/tierheilpraxis\/tierkommunikation\/tier-vergangenheit\/\" \/>\n<meta property=\"og:locale\" content=\"de_DE\" \/>\n<meta property=\"og:type\" content=\"article\" \/>\n<meta property=\"og:title\" content=\"Die Tier-Vergangenheit in der Tierkommunikation erkunden\" \/>\n<meta property=\"og:description\" content=\"Tiere und ihre Vergangenheit sind uns oft nicht bekannt, da sie nicht seit der ihrer Geburt bei uns waren. Hier kann die Tierkommunikation helfen.\" \/>\n<meta property=\"og:url\" content=\"https:\/\/www.tirza-kirchner.de\/tierheilpraxis\/tierkommunikation\/tier-vergangenheit\/\" \/>\n<meta property=\"og:site_name\" content=\"Tier\" \/>\n<meta property=\"article:modified_time\" content=\"2024-01-10T11:32:46+00:00\" \/>\n<meta property=\"og:image\" content=\"https:\/\/www.tirza-kirchner.de\/tierheilpraxis\/wp-content\/uploads\/sites\/2\/2017\/02\/tier-vergangenheit-300x282.jpg\" \/>\n<meta name=\"twitter:card\" content=\"summary_large_image\" \/>\n<meta name=\"twitter:label1\" content=\"Gesch\u00e4tzte Lesezeit\" \/>\n\t<meta name=\"twitter:data1\" content=\"2\u00a0Minuten\" \/>\n<script type=\"application\/ld+json\" class=\"yoast-schema-graph\">{\"@context\":\"https:\\\/\\\/schema.org\",\"@graph\":[{\"@type\":\"WebPage\",\"@id\":\"https:\\\/\\\/www.tirza-kirchner.de\\\/tierheilpraxis\\\/tierkommunikation\\\/tier-vergangenheit\\\/\",\"url\":\"https:\\\/\\\/www.tirza-kirchner.de\\\/tierheilpraxis\\\/tierkommunikation\\\/tier-vergangenheit\\\/\",\"name\":\"Die Tier-Vergangenheit in der Tierkommunikation erkunden\",\"isPartOf\":{\"@id\":\"https:\\\/\\\/www.tirza-kirchner.de\\\/tierheilpraxis\\\/#website\"},\"primaryImageOfPage\":{\"@id\":\"https:\\\/\\\/www.tirza-kirchner.de\\\/tierheilpraxis\\\/tierkommunikation\\\/tier-vergangenheit\\\/#primaryimage\"},\"image\":{\"@id\":\"https:\\\/\\\/www.tirza-kirchner.de\\\/tierheilpraxis\\\/tierkommunikation\\\/tier-vergangenheit\\\/#primaryimage\"},\"thumbnailUrl\":\"https:\\\/\\\/www.tirza-kirchner.de\\\/tierheilpraxis\\\/wp-content\\\/uploads\\\/sites\\\/2\\\/2017\\\/02\\\/tier-vergangenheit-300x282.jpg\",\"datePublished\":\"2017-02-06T16:04:01+00:00\",\"dateModified\":\"2024-01-10T11:32:46+00:00\",\"description\":\"Tiere und ihre Vergangenheit sind uns oft nicht bekannt, da sie nicht seit der ihrer Geburt bei uns waren. Hier kann die Tierkommunikation helfen.\",\"breadcrumb\":{\"@id\":\"https:\\\/\\\/www.tirza-kirchner.de\\\/tierheilpraxis\\\/tierkommunikation\\\/tier-vergangenheit\\\/#breadcrumb\"},\"inLanguage\":\"de\",\"potentialAction\":[{\"@type\":\"ReadAction\",\"target\":[\"https:\\\/\\\/www.tirza-kirchner.de\\\/tierheilpraxis\\\/tierkommunikation\\\/tier-vergangenheit\\\/\"]}]},{\"@type\":\"ImageObject\",\"inLanguage\":\"de\",\"@id\":\"https:\\\/\\\/www.tirza-kirchner.de\\\/tierheilpraxis\\\/tierkommunikation\\\/tier-vergangenheit\\\/#primaryimage\",\"url\":\"https:\\\/\\\/www.tirza-kirchner.de\\\/tierheilpraxis\\\/wp-content\\\/uploads\\\/sites\\\/2\\\/2017\\\/02\\\/tier-vergangenheit.jpg\",\"contentUrl\":\"https:\\\/\\\/www.tirza-kirchner.de\\\/tierheilpraxis\\\/wp-content\\\/uploads\\\/sites\\\/2\\\/2017\\\/02\\\/tier-vergangenheit.jpg\",\"width\":2482,\"height\":2329,\"caption\":\"Mein Tier und seine Vergangenheit: Tirza Kirchner m\u00f6chte erfahren, was Tiere in ihrer Vergangenheit erlebten.\"},{\"@type\":\"BreadcrumbList\",\"@id\":\"https:\\\/\\\/www.tirza-kirchner.de\\\/tierheilpraxis\\\/tierkommunikation\\\/tier-vergangenheit\\\/#breadcrumb\",\"itemListElement\":[{\"@type\":\"ListItem\",\"position\":1,\"name\":\"Startseite\",\"item\":\"https:\\\/\\\/www.tirza-kirchner.de\\\/tierheilpraxis\\\/\"},{\"@type\":\"ListItem\",\"position\":2,\"name\":\"Tierkommunikation\",\"item\":\"https:\\\/\\\/www.tirza-kirchner.de\\\/tierheilpraxis\\\/tierkommunikation\\\/\"},{\"@type\":\"ListItem\",\"position\":3,\"name\":\"Ereignisse aus der Tier-Vergangenheit\"}]},{\"@type\":\"WebSite\",\"@id\":\"https:\\\/\\\/www.tirza-kirchner.de\\\/tierheilpraxis\\\/#website\",\"url\":\"https:\\\/\\\/www.tirza-kirchner.de\\\/tierheilpraxis\\\/\",\"name\":\"Tier\",\"description\":\"Eine weitere Tirza Kirchner Website\",\"potentialAction\":[{\"@type\":\"SearchAction\",\"target\":{\"@type\":\"EntryPoint\",\"urlTemplate\":\"https:\\\/\\\/www.tirza-kirchner.de\\\/tierheilpraxis\\\/?s={search_term_string}\"},\"query-input\":{\"@type\":\"PropertyValueSpecification\",\"valueRequired\":true,\"valueName\":\"search_term_string\"}}],\"inLanguage\":\"de\"}]}<\/script>\n<!-- \/ Yoast SEO plugin. -->","yoast_head_json":{"title":"Die Tier-Vergangenheit in der Tierkommunikation erkunden","description":"Tiere und ihre Vergangenheit sind uns oft nicht bekannt, da sie nicht seit der ihrer Geburt bei uns waren. Hier kann die Tierkommunikation helfen.","robots":{"index":"index","follow":"follow","max-snippet":"max-snippet:-1","max-image-preview":"max-image-preview:large","max-video-preview":"max-video-preview:-1"},"canonical":"https:\/\/www.tirza-kirchner.de\/tierheilpraxis\/tierkommunikation\/tier-vergangenheit\/","og_locale":"de_DE","og_type":"article","og_title":"Die Tier-Vergangenheit in der Tierkommunikation erkunden","og_description":"Tiere und ihre Vergangenheit sind uns oft nicht bekannt, da sie nicht seit der ihrer Geburt bei uns waren. Hier kann die Tierkommunikation helfen.","og_url":"https:\/\/www.tirza-kirchner.de\/tierheilpraxis\/tierkommunikation\/tier-vergangenheit\/","og_site_name":"Tier","article_modified_time":"2024-01-10T11:32:46+00:00","og_image":[{"url":"https:\/\/www.tirza-kirchner.de\/tierheilpraxis\/wp-content\/uploads\/sites\/2\/2017\/02\/tier-vergangenheit-300x282.jpg","type":"","width":"","height":""}],"twitter_card":"summary_large_image","twitter_misc":{"Gesch\u00e4tzte Lesezeit":"2\u00a0Minuten"},"schema":{"@context":"https:\/\/schema.org","@graph":[{"@type":"WebPage","@id":"https:\/\/www.tirza-kirchner.de\/tierheilpraxis\/tierkommunikation\/tier-vergangenheit\/","url":"https:\/\/www.tirza-kirchner.de\/tierheilpraxis\/tierkommunikation\/tier-vergangenheit\/","name":"Die Tier-Vergangenheit in der Tierkommunikation erkunden","isPartOf":{"@id":"https:\/\/www.tirza-kirchner.de\/tierheilpraxis\/#website"},"primaryImageOfPage":{"@id":"https:\/\/www.tirza-kirchner.de\/tierheilpraxis\/tierkommunikation\/tier-vergangenheit\/#primaryimage"},"image":{"@id":"https:\/\/www.tirza-kirchner.de\/tierheilpraxis\/tierkommunikation\/tier-vergangenheit\/#primaryimage"},"thumbnailUrl":"https:\/\/www.tirza-kirchner.de\/tierheilpraxis\/wp-content\/uploads\/sites\/2\/2017\/02\/tier-vergangenheit-300x282.jpg","datePublished":"2017-02-06T16:04:01+00:00","dateModified":"2024-01-10T11:32:46+00:00","description":"Tiere und ihre Vergangenheit sind uns oft nicht bekannt, da sie nicht seit der ihrer Geburt bei uns waren. Hier kann die Tierkommunikation helfen.","breadcrumb":{"@id":"https:\/\/www.tirza-kirchner.de\/tierheilpraxis\/tierkommunikation\/tier-vergangenheit\/#breadcrumb"},"inLanguage":"de","potentialAction":[{"@type":"ReadAction","target":["https:\/\/www.tirza-kirchner.de\/tierheilpraxis\/tierkommunikation\/tier-vergangenheit\/"]}]},{"@type":"ImageObject","inLanguage":"de","@id":"https:\/\/www.tirza-kirchner.de\/tierheilpraxis\/tierkommunikation\/tier-vergangenheit\/#primaryimage","url":"https:\/\/www.tirza-kirchner.de\/tierheilpraxis\/wp-content\/uploads\/sites\/2\/2017\/02\/tier-vergangenheit.jpg","contentUrl":"https:\/\/www.tirza-kirchner.de\/tierheilpraxis\/wp-content\/uploads\/sites\/2\/2017\/02\/tier-vergangenheit.jpg","width":2482,"height":2329,"caption":"Mein Tier und seine Vergangenheit: Tirza Kirchner m\u00f6chte erfahren, was Tiere in ihrer Vergangenheit erlebten."},{"@type":"BreadcrumbList","@id":"https:\/\/www.tirza-kirchner.de\/tierheilpraxis\/tierkommunikation\/tier-vergangenheit\/#breadcrumb","itemListElement":[{"@type":"ListItem","position":1,"name":"Startseite","item":"https:\/\/www.tirza-kirchner.de\/tierheilpraxis\/"},{"@type":"ListItem","position":2,"name":"Tierkommunikation","item":"https:\/\/www.tirza-kirchner.de\/tierheilpraxis\/tierkommunikation\/"},{"@type":"ListItem","position":3,"name":"Ereignisse aus der Tier-Vergangenheit"}]},{"@type":"WebSite","@id":"https:\/\/www.tirza-kirchner.de\/tierheilpraxis\/#website","url":"https:\/\/www.tirza-kirchner.de\/tierheilpraxis\/","name":"Tier","description":"Eine weitere Tirza Kirchner Website","potentialAction":[{"@type":"SearchAction","target":{"@type":"EntryPoint","urlTemplate":"https:\/\/www.tirza-kirchner.de\/tierheilpraxis\/?s={search_term_string}"},"query-input":{"@type":"PropertyValueSpecification","valueRequired":true,"valueName":"search_term_string"}}],"inLanguage":"de"}]}},"_links":{"self":[{"href":"https:\/\/www.tirza-kirchner.de\/tierheilpraxis\/wp-json\/wp\/v2\/pages\/21","targetHints":{"allow":["GET"]}}],"collection":[{"href":"https:\/\/www.tirza-kirchner.de\/tierheilpraxis\/wp-json\/wp\/v2\/pages"}],"about":[{"href":"https:\/\/www.tirza-kirchner.de\/tierheilpraxis\/wp-json\/wp\/v2\/types\/page"}],"author":[{"embeddable":true,"href":"https:\/\/www.tirza-kirchner.de\/tierheilpraxis\/wp-json\/wp\/v2\/users\/1"}],"replies":[{"embeddable":true,"href":"https:\/\/www.tirza-kirchner.de\/tierheilpraxis\/wp-json\/wp\/v2\/comments?post=21"}],"version-history":[{"count":33,"href":"https:\/\/www.tirza-kirchner.de\/tierheilpraxis\/wp-json\/wp\/v2\/pages\/21\/revisions"}],"predecessor-version":[{"id":641,"href":"https:\/\/www.tirza-kirchner.de\/tierheilpraxis\/wp-json\/wp\/v2\/pages\/21\/revisions\/641"}],"up":[{"embeddable":true,"href":"https:\/\/www.tirza-kirchner.de\/tierheilpraxis\/wp-json\/wp\/v2\/pages\/16"}],"wp:attachment":[{"href":"https:\/\/www.tirza-kirchner.de\/tierheilpraxis\/wp-json\/wp\/v2\/media?parent=21"}],"curies":[{"name":"wp","href":"https:\/\/api.w.org\/{rel}","templated":true}]}}