{"id":19,"date":"2017-02-06T17:03:45","date_gmt":"2017-02-06T16:03:45","guid":{"rendered":"https:\/\/www.tirza-kirchner.de\/tier\/?page_id=19"},"modified":"2018-05-18T16:54:22","modified_gmt":"2018-05-18T14:54:22","slug":"tierverhalten","status":"publish","type":"page","link":"https:\/\/www.tirza-kirchner.de\/tierheilpraxis\/tierkommunikation\/tierverhalten\/","title":{"rendered":"Tierverhalten scheint manchmal unerkl\u00e4rlich"},"content":{"rendered":"<div class=\"csc-header csc-header-n1\">\n<h2 class=\"csc-firstHeader\">So\u00a0wird\u00a0Tierverhalten verst\u00e4ndlich<\/h2>\n<figure id=\"attachment_378\" aria-describedby=\"caption-attachment-378\" style=\"width: 290px\" class=\"wp-caption alignleft\"><img loading=\"lazy\" decoding=\"async\" class=\"size-medium wp-image-378\" src=\"https:\/\/www.tirza-kirchner.de\/tierheilpraxis\/wp-content\/uploads\/sites\/2\/2017\/02\/tierverhalten-300x167.jpg\" alt=\"Tierverhalten: Tirza Kirchner geht dem unerkl\u00e4rlichem Verhalten Ihres Tieres auf den Grund.\" width=\"300\" height=\"167\" srcset=\"https:\/\/www.tirza-kirchner.de\/tierheilpraxis\/wp-content\/uploads\/sites\/2\/2017\/02\/tierverhalten-300x167.jpg 300w, https:\/\/www.tirza-kirchner.de\/tierheilpraxis\/wp-content\/uploads\/sites\/2\/2017\/02\/tierverhalten-768x428.jpg 768w, https:\/\/www.tirza-kirchner.de\/tierheilpraxis\/wp-content\/uploads\/sites\/2\/2017\/02\/tierverhalten-1024x571.jpg 1024w\" sizes=\"auto, (max-width: 300px) 100vw, 300px\" \/><figcaption id=\"caption-attachment-378\" class=\"wp-caption-text\">Tierverhalten: Tirza Kirchner ergr\u00fcndet mit Ihnen unerkl\u00e4rliche Verhaltensweisen Ihres Tieres.<\/figcaption><\/figure>\n<p class=\"csc-firstHeader\">Haben auch Sie schon unverst\u00e4ndliches Tierverhalten erlebt? Zeigt Ihr Liebling f\u00fcr Sie unerkl\u00e4rliche Verhaltensweisen? Manchmal verstecken sich dahinter ganz einfache Ursachen, die man oft ohne Schwierigkeiten bearbeiten kann. Zum Beispiel der Kater, der nicht ins Katzenklo gehen mag und ins Zimmer pinkelt, weil er den Geruch des neuen Katzenstreus einfach ekelhaft findet. Kaum kommt ein anderes Katzenstreu zum Einsatz, sind Kater und nat\u00fcrlich auch Besitzer zufrieden.<\/p>\n<h2 class=\"csc-firstHeader\">Zufriedenheit f\u00fcr Menschen und Tier<\/h2>\n<\/div>\n<p>Es k\u00f6nnen auch traumatische Erlebnisse Ihres Tieres zu unerkl\u00e4rlichen Verhaltensweise f\u00fchren. Diese Erlebnisse sind\u00a0Ihnen oft\u00a0gar nicht bekannt oder bewusst. Zum Beispiel der Hund, der nicht autofahren mag, weil er als Welpe mit sehr vielen weiteren\u00a0Welpen in einem Gitterk\u00e4fig von einem Hundeh\u00e4ndler quer durch Europa gekarrt wurde.<\/p>\n<blockquote><p>Tirza Kirchner: &#8222;Jede Autofahrt erinnert den Welpen noch heute an die\u00a0schreckliche Fahrt. Das m\u00fcssen wir ergr\u00fcnden, um dann ad\u00e4quat zu reagieren.&#8220;<\/p><\/blockquote>\n<p>Das Wissen um solche\u00a0Hintergr\u00fcnde schafft zum einen mehr Verst\u00e4ndnis f\u00fcr ungew\u00f6hnliches oder unerwartetes Tierverhalten und Auff\u00e4lligkeiten. Zum anderen kann schon das\u00a0Sprechen \u00fcber Hintergr\u00fcnde zu einer Verbesserung der Situation f\u00fchren.<\/p>\n<h2>Tierverhalten: Ursachen aufdecken<\/h2>\n<p>Das Gespr\u00e4ch mit Ihrem Tier kann Ursachen aufdecken, L\u00f6sungsm\u00f6glichkeiten aufzeigen, Missverst\u00e4ndnisse kl\u00e4ren. Auf jeden Fall kann es Anst\u00f6\u00dfe geben oder sogar direkt f\u00fcr eine L\u00f6sung sorgen. Es ist daher eine M\u00f6glichkeit der besseren Verst\u00e4ndigung und unterst\u00fctzt das gegenseitige Verst\u00e4ndnis. Nehmen\u00a0Sie deshalb gern <a href=\"https:\/\/www.tirza-kirchner.de\/kontakt\/\">Kontakt<\/a> zu Tirza Kirchner auf, um unverst\u00e4ndliche Verhaltensweisen Ihres Tieres zu kl\u00e4ren.<\/p>\n","protected":false},"excerpt":{"rendered":"<p>So\u00a0wird\u00a0Tierverhalten verst\u00e4ndlich Haben auch Sie schon unverst\u00e4ndliches Tierverhalten erlebt? Zeigt Ihr Liebling f\u00fcr Sie unerkl\u00e4rliche Verhaltensweisen? Manchmal verstecken sich dahinter ganz einfache Ursachen, die man oft ohne Schwierigkeiten bearbeiten kann. Zum Beispiel der Kater, der nicht ins Katzenklo gehen mag und ins Zimmer pinkelt, weil er den Geruch des neuen Katzenstreus einfach ekelhaft findet. Kaum &#8230; <a title=\"Tierverhalten scheint manchmal unerkl\u00e4rlich\" class=\"read-more\" href=\"https:\/\/www.tirza-kirchner.de\/tierheilpraxis\/tierkommunikation\/tierverhalten\/\" aria-label=\"Mehr Informationen \u00fcber Tierverhalten scheint manchmal unerkl\u00e4rlich\">Weiterlesen<\/a><\/p>\n","protected":false},"author":1,"featured_media":0,"parent":16,"menu_order":0,"comment_status":"closed","ping_status":"closed","template":"","meta":{"generate_page_header":"","_mc_calendar":[],"footnotes":""},"class_list":["post-19","page","type-page","status-publish"],"yoast_head":"<!-- This site is optimized with the Yoast SEO plugin v27.4 - https:\/\/yoast.com\/product\/yoast-seo-wordpress\/ -->\n<title>Tierverhalten ist manchmal unerkl\u00e4rlich. Tirza Kirchner unterst\u00fctzt Sie und Ihr Tier.<\/title>\n<meta name=\"description\" content=\"Tierverhalten zu erkl\u00e4ren und vergangene Erfahrungen eines Tieres zu besprechen, ist oft die beste Basis zur Korrektur unangenehmer Verhaltensweisen.\" \/>\n<meta name=\"robots\" content=\"index, follow, max-snippet:-1, max-image-preview:large, max-video-preview:-1\" \/>\n<link rel=\"canonical\" href=\"https:\/\/www.tirza-kirchner.de\/tierheilpraxis\/tierkommunikation\/tierverhalten\/\" \/>\n<meta property=\"og:locale\" content=\"de_DE\" \/>\n<meta property=\"og:type\" content=\"article\" \/>\n<meta property=\"og:title\" content=\"Tierverhalten ist manchmal unerkl\u00e4rlich. Tirza Kirchner unterst\u00fctzt Sie und Ihr Tier.\" \/>\n<meta property=\"og:description\" content=\"Tierverhalten zu erkl\u00e4ren und vergangene Erfahrungen eines Tieres zu besprechen, ist oft die beste Basis zur Korrektur unangenehmer Verhaltensweisen.\" \/>\n<meta property=\"og:url\" content=\"https:\/\/www.tirza-kirchner.de\/tierheilpraxis\/tierkommunikation\/tierverhalten\/\" \/>\n<meta property=\"og:site_name\" content=\"Tier\" \/>\n<meta property=\"article:modified_time\" content=\"2018-05-18T14:54:22+00:00\" \/>\n<meta property=\"og:image\" content=\"https:\/\/www.tirza-kirchner.de\/tierheilpraxis\/wp-content\/uploads\/sites\/2\/2017\/02\/tierverhalten-300x167.jpg\" \/>\n<meta name=\"twitter:card\" content=\"summary_large_image\" \/>\n<meta name=\"twitter:label1\" content=\"Gesch\u00e4tzte Lesezeit\" \/>\n\t<meta name=\"twitter:data1\" content=\"1\u00a0Minute\" \/>\n<script type=\"application\/ld+json\" class=\"yoast-schema-graph\">{\"@context\":\"https:\\\/\\\/schema.org\",\"@graph\":[{\"@type\":\"WebPage\",\"@id\":\"https:\\\/\\\/www.tirza-kirchner.de\\\/tierheilpraxis\\\/tierkommunikation\\\/tierverhalten\\\/\",\"url\":\"https:\\\/\\\/www.tirza-kirchner.de\\\/tierheilpraxis\\\/tierkommunikation\\\/tierverhalten\\\/\",\"name\":\"Tierverhalten ist manchmal unerkl\u00e4rlich. Tirza Kirchner unterst\u00fctzt Sie und Ihr Tier.\",\"isPartOf\":{\"@id\":\"https:\\\/\\\/www.tirza-kirchner.de\\\/tierheilpraxis\\\/#website\"},\"primaryImageOfPage\":{\"@id\":\"https:\\\/\\\/www.tirza-kirchner.de\\\/tierheilpraxis\\\/tierkommunikation\\\/tierverhalten\\\/#primaryimage\"},\"image\":{\"@id\":\"https:\\\/\\\/www.tirza-kirchner.de\\\/tierheilpraxis\\\/tierkommunikation\\\/tierverhalten\\\/#primaryimage\"},\"thumbnailUrl\":\"https:\\\/\\\/www.tirza-kirchner.de\\\/tierheilpraxis\\\/wp-content\\\/uploads\\\/sites\\\/2\\\/2017\\\/02\\\/tierverhalten-300x167.jpg\",\"datePublished\":\"2017-02-06T16:03:45+00:00\",\"dateModified\":\"2018-05-18T14:54:22+00:00\",\"description\":\"Tierverhalten zu erkl\u00e4ren und vergangene Erfahrungen eines Tieres zu besprechen, ist oft die beste Basis zur Korrektur unangenehmer Verhaltensweisen.\",\"breadcrumb\":{\"@id\":\"https:\\\/\\\/www.tirza-kirchner.de\\\/tierheilpraxis\\\/tierkommunikation\\\/tierverhalten\\\/#breadcrumb\"},\"inLanguage\":\"de\",\"potentialAction\":[{\"@type\":\"ReadAction\",\"target\":[\"https:\\\/\\\/www.tirza-kirchner.de\\\/tierheilpraxis\\\/tierkommunikation\\\/tierverhalten\\\/\"]}]},{\"@type\":\"ImageObject\",\"inLanguage\":\"de\",\"@id\":\"https:\\\/\\\/www.tirza-kirchner.de\\\/tierheilpraxis\\\/tierkommunikation\\\/tierverhalten\\\/#primaryimage\",\"url\":\"https:\\\/\\\/www.tirza-kirchner.de\\\/tierheilpraxis\\\/wp-content\\\/uploads\\\/sites\\\/2\\\/2017\\\/02\\\/tierverhalten.jpg\",\"contentUrl\":\"https:\\\/\\\/www.tirza-kirchner.de\\\/tierheilpraxis\\\/wp-content\\\/uploads\\\/sites\\\/2\\\/2017\\\/02\\\/tierverhalten.jpg\",\"width\":3049,\"height\":1701,\"caption\":\"Tierverhalten: Tirza Kirchner ergr\u00fcndet mit Ihnen unerkl\u00e4rliche Verhaltensweisen Ihres Tieres.\"},{\"@type\":\"BreadcrumbList\",\"@id\":\"https:\\\/\\\/www.tirza-kirchner.de\\\/tierheilpraxis\\\/tierkommunikation\\\/tierverhalten\\\/#breadcrumb\",\"itemListElement\":[{\"@type\":\"ListItem\",\"position\":1,\"name\":\"Startseite\",\"item\":\"https:\\\/\\\/www.tirza-kirchner.de\\\/tierheilpraxis\\\/\"},{\"@type\":\"ListItem\",\"position\":2,\"name\":\"Tierkommunikation\",\"item\":\"https:\\\/\\\/www.tirza-kirchner.de\\\/tierheilpraxis\\\/tierkommunikation\\\/\"},{\"@type\":\"ListItem\",\"position\":3,\"name\":\"Tierverhalten scheint manchmal unerkl\u00e4rlich\"}]},{\"@type\":\"WebSite\",\"@id\":\"https:\\\/\\\/www.tirza-kirchner.de\\\/tierheilpraxis\\\/#website\",\"url\":\"https:\\\/\\\/www.tirza-kirchner.de\\\/tierheilpraxis\\\/\",\"name\":\"Tier\",\"description\":\"Eine weitere Tirza Kirchner Website\",\"potentialAction\":[{\"@type\":\"SearchAction\",\"target\":{\"@type\":\"EntryPoint\",\"urlTemplate\":\"https:\\\/\\\/www.tirza-kirchner.de\\\/tierheilpraxis\\\/?s={search_term_string}\"},\"query-input\":{\"@type\":\"PropertyValueSpecification\",\"valueRequired\":true,\"valueName\":\"search_term_string\"}}],\"inLanguage\":\"de\"}]}<\/script>\n<!-- \/ Yoast SEO plugin. -->","yoast_head_json":{"title":"Tierverhalten ist manchmal unerkl\u00e4rlich. Tirza Kirchner unterst\u00fctzt Sie und Ihr Tier.","description":"Tierverhalten zu erkl\u00e4ren und vergangene Erfahrungen eines Tieres zu besprechen, ist oft die beste Basis zur Korrektur unangenehmer Verhaltensweisen.","robots":{"index":"index","follow":"follow","max-snippet":"max-snippet:-1","max-image-preview":"max-image-preview:large","max-video-preview":"max-video-preview:-1"},"canonical":"https:\/\/www.tirza-kirchner.de\/tierheilpraxis\/tierkommunikation\/tierverhalten\/","og_locale":"de_DE","og_type":"article","og_title":"Tierverhalten ist manchmal unerkl\u00e4rlich. Tirza Kirchner unterst\u00fctzt Sie und Ihr Tier.","og_description":"Tierverhalten zu erkl\u00e4ren und vergangene Erfahrungen eines Tieres zu besprechen, ist oft die beste Basis zur Korrektur unangenehmer Verhaltensweisen.","og_url":"https:\/\/www.tirza-kirchner.de\/tierheilpraxis\/tierkommunikation\/tierverhalten\/","og_site_name":"Tier","article_modified_time":"2018-05-18T14:54:22+00:00","og_image":[{"url":"https:\/\/www.tirza-kirchner.de\/tierheilpraxis\/wp-content\/uploads\/sites\/2\/2017\/02\/tierverhalten-300x167.jpg","type":"","width":"","height":""}],"twitter_card":"summary_large_image","twitter_misc":{"Gesch\u00e4tzte Lesezeit":"1\u00a0Minute"},"schema":{"@context":"https:\/\/schema.org","@graph":[{"@type":"WebPage","@id":"https:\/\/www.tirza-kirchner.de\/tierheilpraxis\/tierkommunikation\/tierverhalten\/","url":"https:\/\/www.tirza-kirchner.de\/tierheilpraxis\/tierkommunikation\/tierverhalten\/","name":"Tierverhalten ist manchmal unerkl\u00e4rlich. Tirza Kirchner unterst\u00fctzt Sie und Ihr Tier.","isPartOf":{"@id":"https:\/\/www.tirza-kirchner.de\/tierheilpraxis\/#website"},"primaryImageOfPage":{"@id":"https:\/\/www.tirza-kirchner.de\/tierheilpraxis\/tierkommunikation\/tierverhalten\/#primaryimage"},"image":{"@id":"https:\/\/www.tirza-kirchner.de\/tierheilpraxis\/tierkommunikation\/tierverhalten\/#primaryimage"},"thumbnailUrl":"https:\/\/www.tirza-kirchner.de\/tierheilpraxis\/wp-content\/uploads\/sites\/2\/2017\/02\/tierverhalten-300x167.jpg","datePublished":"2017-02-06T16:03:45+00:00","dateModified":"2018-05-18T14:54:22+00:00","description":"Tierverhalten zu erkl\u00e4ren und vergangene Erfahrungen eines Tieres zu besprechen, ist oft die beste Basis zur Korrektur unangenehmer Verhaltensweisen.","breadcrumb":{"@id":"https:\/\/www.tirza-kirchner.de\/tierheilpraxis\/tierkommunikation\/tierverhalten\/#breadcrumb"},"inLanguage":"de","potentialAction":[{"@type":"ReadAction","target":["https:\/\/www.tirza-kirchner.de\/tierheilpraxis\/tierkommunikation\/tierverhalten\/"]}]},{"@type":"ImageObject","inLanguage":"de","@id":"https:\/\/www.tirza-kirchner.de\/tierheilpraxis\/tierkommunikation\/tierverhalten\/#primaryimage","url":"https:\/\/www.tirza-kirchner.de\/tierheilpraxis\/wp-content\/uploads\/sites\/2\/2017\/02\/tierverhalten.jpg","contentUrl":"https:\/\/www.tirza-kirchner.de\/tierheilpraxis\/wp-content\/uploads\/sites\/2\/2017\/02\/tierverhalten.jpg","width":3049,"height":1701,"caption":"Tierverhalten: Tirza Kirchner ergr\u00fcndet mit Ihnen unerkl\u00e4rliche Verhaltensweisen Ihres Tieres."},{"@type":"BreadcrumbList","@id":"https:\/\/www.tirza-kirchner.de\/tierheilpraxis\/tierkommunikation\/tierverhalten\/#breadcrumb","itemListElement":[{"@type":"ListItem","position":1,"name":"Startseite","item":"https:\/\/www.tirza-kirchner.de\/tierheilpraxis\/"},{"@type":"ListItem","position":2,"name":"Tierkommunikation","item":"https:\/\/www.tirza-kirchner.de\/tierheilpraxis\/tierkommunikation\/"},{"@type":"ListItem","position":3,"name":"Tierverhalten scheint manchmal unerkl\u00e4rlich"}]},{"@type":"WebSite","@id":"https:\/\/www.tirza-kirchner.de\/tierheilpraxis\/#website","url":"https:\/\/www.tirza-kirchner.de\/tierheilpraxis\/","name":"Tier","description":"Eine weitere Tirza Kirchner Website","potentialAction":[{"@type":"SearchAction","target":{"@type":"EntryPoint","urlTemplate":"https:\/\/www.tirza-kirchner.de\/tierheilpraxis\/?s={search_term_string}"},"query-input":{"@type":"PropertyValueSpecification","valueRequired":true,"valueName":"search_term_string"}}],"inLanguage":"de"}]}},"_links":{"self":[{"href":"https:\/\/www.tirza-kirchner.de\/tierheilpraxis\/wp-json\/wp\/v2\/pages\/19","targetHints":{"allow":["GET"]}}],"collection":[{"href":"https:\/\/www.tirza-kirchner.de\/tierheilpraxis\/wp-json\/wp\/v2\/pages"}],"about":[{"href":"https:\/\/www.tirza-kirchner.de\/tierheilpraxis\/wp-json\/wp\/v2\/types\/page"}],"author":[{"embeddable":true,"href":"https:\/\/www.tirza-kirchner.de\/tierheilpraxis\/wp-json\/wp\/v2\/users\/1"}],"replies":[{"embeddable":true,"href":"https:\/\/www.tirza-kirchner.de\/tierheilpraxis\/wp-json\/wp\/v2\/comments?post=19"}],"version-history":[{"count":30,"href":"https:\/\/www.tirza-kirchner.de\/tierheilpraxis\/wp-json\/wp\/v2\/pages\/19\/revisions"}],"predecessor-version":[{"id":479,"href":"https:\/\/www.tirza-kirchner.de\/tierheilpraxis\/wp-json\/wp\/v2\/pages\/19\/revisions\/479"}],"up":[{"embeddable":true,"href":"https:\/\/www.tirza-kirchner.de\/tierheilpraxis\/wp-json\/wp\/v2\/pages\/16"}],"wp:attachment":[{"href":"https:\/\/www.tirza-kirchner.de\/tierheilpraxis\/wp-json\/wp\/v2\/media?parent=19"}],"curies":[{"name":"wp","href":"https:\/\/api.w.org\/{rel}","templated":true}]}}