{"id":16,"date":"2017-02-06T17:03:32","date_gmt":"2017-02-06T16:03:32","guid":{"rendered":"https:\/\/www.tirza-kirchner.de\/tier\/?page_id=16"},"modified":"2018-05-27T10:05:43","modified_gmt":"2018-05-27T08:05:43","slug":"tierkommunikation","status":"publish","type":"page","link":"https:\/\/www.tirza-kirchner.de\/tierheilpraxis\/tierkommunikation\/","title":{"rendered":"Tierkommunikation"},"content":{"rendered":"<h2>Telepathische Kommunikation mit Tieren<\/h2>\n<figure id=\"attachment_508\" aria-describedby=\"caption-attachment-508\" style=\"width: 217px\" class=\"wp-caption alignleft\"><img loading=\"lazy\" decoding=\"async\" class=\"wp-image-508 size-medium\" src=\"https:\/\/www.tirza-kirchner.de\/tierheilpraxis\/wp-content\/uploads\/sites\/2\/2017\/02\/Tierkommunikation-1-227x300.jpg\" alt=\"Tierkommunikation: Tirza Kirchner wirbt mit ihrer Arbeit f\u00fcr mehr Verst\u00e4ndigung zwischen Mensch und Tier.\" width=\"227\" height=\"300\" srcset=\"https:\/\/www.tirza-kirchner.de\/tierheilpraxis\/wp-content\/uploads\/sites\/2\/2017\/02\/Tierkommunikation-1-227x300.jpg 227w, https:\/\/www.tirza-kirchner.de\/tierheilpraxis\/wp-content\/uploads\/sites\/2\/2017\/02\/Tierkommunikation-1-768x1015.jpg 768w, https:\/\/www.tirza-kirchner.de\/tierheilpraxis\/wp-content\/uploads\/sites\/2\/2017\/02\/Tierkommunikation-1-775x1024.jpg 775w, https:\/\/www.tirza-kirchner.de\/tierheilpraxis\/wp-content\/uploads\/sites\/2\/2017\/02\/Tierkommunikation-1.jpg 1792w\" sizes=\"auto, (max-width: 227px) 100vw, 227px\" \/><figcaption id=\"caption-attachment-508\" class=\"wp-caption-text\">Tierkommunikation &#8211; Tirza Kirchner wirbt f\u00fcr mehr Verst\u00e4ndnis zwischen Mensch und Tier. Foto: BilderRausch<\/figcaption><\/figure>\n<p>Kl\u00e4ren Sie mithilfe der Tierkommunikation Ihre Fragen mit Ihrem Tier direkt. Und schenken Sie Ihren Lieblingen Ihre ganze Aufmerksamkeit, indem Sie Ihnen zuh\u00f6ren. Die M\u00f6glichkeiten sind sehr weit gef\u00e4chert:<\/p>\n<ul>\n<li>Brauchen Sie Informationen von Ihrem Tier?<\/li>\n<li>Ist ein Problem zu l\u00f6sen?<\/li>\n<li>Funktioniert die Verst\u00e4ndigung zwischen Ihnen und Ihrem Tier nicht so richtig?<\/li>\n<li>M\u00f6chten Sie Ihrem Tier etwas mitteilen?<\/li>\n<\/ul>\n<p>Ihr Tier hat Ihnen viel zu erz\u00e4hlen und kann daher \u00fcber die Tierkommunikation Ihre Fragen direkt beantworten.<\/p>\n<h2>Sicher kennen auch Sie dieses Ph\u00e4nomen<\/h2>\n<p>Ihnen ist bestimmt schon aufgefallen, dass Ihr Tier Sie ohne Worte versteht. Oder dass es ganz genau wei\u00df, was Sie meinen oder wie Sie sich f\u00fchlen. Obwohl Sie eigentlich nicht die gleiche Sprache sprechen. Dementsprechend\u00a0gibt es verschiedene Wege, um zu kommunizieren: mit Worten, T\u00f6nen, Gestik und Mimik \u2013 aber auch \u00fcber Gedanken. Unsere Tiere sind Profis im Austausch von Gedanken.<\/p>\n<blockquote><p>Tirza Kirchner: &#8222;Die Tierkommunikation nutzt diesen Weg und erm\u00f6glicht es, direkt mit Tieren zu <em>sprechen<\/em>, Antworten und Erkl\u00e4rungen, aber auch Botschaften direkt abzuholen oder Informationen zu senden.&#8220;<\/p><\/blockquote>\n<p>Tierkommunikation ist das telepathische Kommunizieren mit Tieren. Dabei k\u00f6nnen zum Beispiel Fragen beantwortet, unterschiedliche Standpunkte zwischen Ihnen und Ihrem Tier ausdiskutiert und auch auf einen Nenner gebracht werden. Es k\u00f6nnen gemeinsam mit dem Tier L\u00f6sungen gesucht und Informationen ermittelt werden.<\/p>\n<h2>Weitere Gespr\u00e4chsthemen sind:<\/h2>\n<p><a href=\"https:\/\/www.tirza-kirchner.de\/tierheilpraxis\/tierkommunikation\/tierverhalten\/\">Unerkl\u00e4rliche Verhaltensweisen<br \/>\n<\/a><a href=\"https:\/\/www.tirza-kirchner.de\/tierheilpraxis\/tierkommunikation\/tier-vergangenheit\/\">Ereignisse aus der Vergangenheit<br \/>\n<\/a><a href=\"https:\/\/www.tirza-kirchner.de\/tierheilpraxis\/tierkommunikation\/vermisste-tiere\/\">Finden von vermissten Tieren<\/a><br \/>\n<a href=\"https:\/\/www.tirza-kirchner.de\/tierheilpraxis\/tierkommunikation\/gesundheit-des-tieres\/\">Gesundheitliche Fragen<\/a><br \/>\n<a href=\"https:\/\/www.tirza-kirchner.de\/tierheilpraxis\/tierkommunikation\/abschied-nehmen\/\">Abschied nehmen<\/a><br \/>\n<a href=\"https:\/\/www.tirza-kirchner.de\/tierheilpraxis\/tierkommunikation\/tod-eines-tieres\/\">Nach dem Tod<\/a><\/p>\n<p>&nbsp;<\/p>\n<p>Tirza Kirchner nimmt gerne mit Ihrem Tier Kontakt auf und kl\u00e4rt Ihre Fragen mit Ihrem Tier. Hier finden Sie <a href=\"https:\/\/www.tirza-kirchner.de\/tierheilpraxis\/angebote-tirza-kirchner\/\">Details<\/a> zum Ablauf eines Gespr\u00e4chs mit Ihrem Tier.<\/p>\n","protected":false},"excerpt":{"rendered":"<p>Telepathische Kommunikation mit Tieren Kl\u00e4ren Sie mithilfe der Tierkommunikation Ihre Fragen mit Ihrem Tier direkt. Und schenken Sie Ihren Lieblingen Ihre ganze Aufmerksamkeit, indem Sie Ihnen zuh\u00f6ren. Die M\u00f6glichkeiten sind sehr weit gef\u00e4chert: Brauchen Sie Informationen von Ihrem Tier? Ist ein Problem zu l\u00f6sen? Funktioniert die Verst\u00e4ndigung zwischen Ihnen und Ihrem Tier nicht so richtig? &#8230; <a title=\"Tierkommunikation\" class=\"read-more\" href=\"https:\/\/www.tirza-kirchner.de\/tierheilpraxis\/tierkommunikation\/\" aria-label=\"Mehr Informationen \u00fcber Tierkommunikation\">Weiterlesen<\/a><\/p>\n","protected":false},"author":1,"featured_media":0,"parent":0,"menu_order":0,"comment_status":"closed","ping_status":"closed","template":"","meta":{"generate_page_header":"","_mc_calendar":[],"footnotes":""},"class_list":["post-16","page","type-page","status-publish"],"yoast_head":"<!-- This site is optimized with the Yoast SEO plugin v27.4 - https:\/\/yoast.com\/product\/yoast-seo-wordpress\/ -->\n<title>Tierkommunikation: Tierkommunikatorin Tirza Kirchner aus F\u00fcrth bietet Kurse<\/title>\n<meta name=\"description\" content=\"Tierkommunikation: Tierkommunikatorin Tirza Kirchner aus F\u00fcrth bietet Kurse zur telepathischen Kommunikation in Ihrer Tierheilpraxis an.\" \/>\n<meta name=\"robots\" content=\"index, follow, max-snippet:-1, max-image-preview:large, max-video-preview:-1\" \/>\n<link rel=\"canonical\" href=\"https:\/\/www.tirza-kirchner.de\/tierheilpraxis\/tierkommunikation\/\" \/>\n<meta property=\"og:locale\" content=\"de_DE\" \/>\n<meta property=\"og:type\" content=\"article\" \/>\n<meta property=\"og:title\" content=\"Tierkommunikation: Tierkommunikatorin Tirza Kirchner aus F\u00fcrth bietet Kurse\" \/>\n<meta property=\"og:description\" content=\"Tierkommunikation: Tierkommunikatorin Tirza Kirchner aus F\u00fcrth bietet Kurse zur telepathischen Kommunikation in Ihrer Tierheilpraxis an.\" \/>\n<meta property=\"og:url\" content=\"https:\/\/www.tirza-kirchner.de\/tierheilpraxis\/tierkommunikation\/\" \/>\n<meta property=\"og:site_name\" content=\"Tier\" \/>\n<meta property=\"article:modified_time\" content=\"2018-05-27T08:05:43+00:00\" \/>\n<meta property=\"og:image\" content=\"https:\/\/www.tirza-kirchner.de\/tierheilpraxis\/wp-content\/uploads\/sites\/2\/2017\/02\/Tierkommunikation-1-227x300.jpg\" \/>\n<meta name=\"twitter:card\" content=\"summary_large_image\" \/>\n<meta name=\"twitter:label1\" content=\"Gesch\u00e4tzte Lesezeit\" \/>\n\t<meta name=\"twitter:data1\" content=\"2\u00a0Minuten\" \/>\n<script type=\"application\/ld+json\" class=\"yoast-schema-graph\">{\"@context\":\"https:\\\/\\\/schema.org\",\"@graph\":[{\"@type\":\"WebPage\",\"@id\":\"https:\\\/\\\/www.tirza-kirchner.de\\\/tierheilpraxis\\\/tierkommunikation\\\/\",\"url\":\"https:\\\/\\\/www.tirza-kirchner.de\\\/tierheilpraxis\\\/tierkommunikation\\\/\",\"name\":\"Tierkommunikation: Tierkommunikatorin Tirza Kirchner aus F\u00fcrth bietet Kurse\",\"isPartOf\":{\"@id\":\"https:\\\/\\\/www.tirza-kirchner.de\\\/tierheilpraxis\\\/#website\"},\"primaryImageOfPage\":{\"@id\":\"https:\\\/\\\/www.tirza-kirchner.de\\\/tierheilpraxis\\\/tierkommunikation\\\/#primaryimage\"},\"image\":{\"@id\":\"https:\\\/\\\/www.tirza-kirchner.de\\\/tierheilpraxis\\\/tierkommunikation\\\/#primaryimage\"},\"thumbnailUrl\":\"https:\\\/\\\/www.tirza-kirchner.de\\\/tierheilpraxis\\\/wp-content\\\/uploads\\\/sites\\\/2\\\/2017\\\/02\\\/Tierkommunikation-1-227x300.jpg\",\"datePublished\":\"2017-02-06T16:03:32+00:00\",\"dateModified\":\"2018-05-27T08:05:43+00:00\",\"description\":\"Tierkommunikation: Tierkommunikatorin Tirza Kirchner aus F\u00fcrth bietet Kurse zur telepathischen Kommunikation in Ihrer Tierheilpraxis an.\",\"breadcrumb\":{\"@id\":\"https:\\\/\\\/www.tirza-kirchner.de\\\/tierheilpraxis\\\/tierkommunikation\\\/#breadcrumb\"},\"inLanguage\":\"de\",\"potentialAction\":[{\"@type\":\"ReadAction\",\"target\":[\"https:\\\/\\\/www.tirza-kirchner.de\\\/tierheilpraxis\\\/tierkommunikation\\\/\"]}]},{\"@type\":\"ImageObject\",\"inLanguage\":\"de\",\"@id\":\"https:\\\/\\\/www.tirza-kirchner.de\\\/tierheilpraxis\\\/tierkommunikation\\\/#primaryimage\",\"url\":\"https:\\\/\\\/www.tirza-kirchner.de\\\/tierheilpraxis\\\/wp-content\\\/uploads\\\/sites\\\/2\\\/2017\\\/02\\\/Tierkommunikation-1.jpg\",\"contentUrl\":\"https:\\\/\\\/www.tirza-kirchner.de\\\/tierheilpraxis\\\/wp-content\\\/uploads\\\/sites\\\/2\\\/2017\\\/02\\\/Tierkommunikation-1.jpg\",\"width\":1792,\"height\":2368,\"caption\":\"Tierkommunikation - Tirza Kirchner wirbt f\u00fcr mehr Verst\u00e4ndnis zwischen Mensch und Tier.\"},{\"@type\":\"BreadcrumbList\",\"@id\":\"https:\\\/\\\/www.tirza-kirchner.de\\\/tierheilpraxis\\\/tierkommunikation\\\/#breadcrumb\",\"itemListElement\":[{\"@type\":\"ListItem\",\"position\":1,\"name\":\"Startseite\",\"item\":\"https:\\\/\\\/www.tirza-kirchner.de\\\/tierheilpraxis\\\/\"},{\"@type\":\"ListItem\",\"position\":2,\"name\":\"Tierkommunikation\"}]},{\"@type\":\"WebSite\",\"@id\":\"https:\\\/\\\/www.tirza-kirchner.de\\\/tierheilpraxis\\\/#website\",\"url\":\"https:\\\/\\\/www.tirza-kirchner.de\\\/tierheilpraxis\\\/\",\"name\":\"Tier\",\"description\":\"Eine weitere Tirza Kirchner Website\",\"potentialAction\":[{\"@type\":\"SearchAction\",\"target\":{\"@type\":\"EntryPoint\",\"urlTemplate\":\"https:\\\/\\\/www.tirza-kirchner.de\\\/tierheilpraxis\\\/?s={search_term_string}\"},\"query-input\":{\"@type\":\"PropertyValueSpecification\",\"valueRequired\":true,\"valueName\":\"search_term_string\"}}],\"inLanguage\":\"de\"}]}<\/script>\n<!-- \/ Yoast SEO plugin. -->","yoast_head_json":{"title":"Tierkommunikation: Tierkommunikatorin Tirza Kirchner aus F\u00fcrth bietet Kurse","description":"Tierkommunikation: Tierkommunikatorin Tirza Kirchner aus F\u00fcrth bietet Kurse zur telepathischen Kommunikation in Ihrer Tierheilpraxis an.","robots":{"index":"index","follow":"follow","max-snippet":"max-snippet:-1","max-image-preview":"max-image-preview:large","max-video-preview":"max-video-preview:-1"},"canonical":"https:\/\/www.tirza-kirchner.de\/tierheilpraxis\/tierkommunikation\/","og_locale":"de_DE","og_type":"article","og_title":"Tierkommunikation: Tierkommunikatorin Tirza Kirchner aus F\u00fcrth bietet Kurse","og_description":"Tierkommunikation: Tierkommunikatorin Tirza Kirchner aus F\u00fcrth bietet Kurse zur telepathischen Kommunikation in Ihrer Tierheilpraxis an.","og_url":"https:\/\/www.tirza-kirchner.de\/tierheilpraxis\/tierkommunikation\/","og_site_name":"Tier","article_modified_time":"2018-05-27T08:05:43+00:00","og_image":[{"url":"https:\/\/www.tirza-kirchner.de\/tierheilpraxis\/wp-content\/uploads\/sites\/2\/2017\/02\/Tierkommunikation-1-227x300.jpg","type":"","width":"","height":""}],"twitter_card":"summary_large_image","twitter_misc":{"Gesch\u00e4tzte Lesezeit":"2\u00a0Minuten"},"schema":{"@context":"https:\/\/schema.org","@graph":[{"@type":"WebPage","@id":"https:\/\/www.tirza-kirchner.de\/tierheilpraxis\/tierkommunikation\/","url":"https:\/\/www.tirza-kirchner.de\/tierheilpraxis\/tierkommunikation\/","name":"Tierkommunikation: Tierkommunikatorin Tirza Kirchner aus F\u00fcrth bietet Kurse","isPartOf":{"@id":"https:\/\/www.tirza-kirchner.de\/tierheilpraxis\/#website"},"primaryImageOfPage":{"@id":"https:\/\/www.tirza-kirchner.de\/tierheilpraxis\/tierkommunikation\/#primaryimage"},"image":{"@id":"https:\/\/www.tirza-kirchner.de\/tierheilpraxis\/tierkommunikation\/#primaryimage"},"thumbnailUrl":"https:\/\/www.tirza-kirchner.de\/tierheilpraxis\/wp-content\/uploads\/sites\/2\/2017\/02\/Tierkommunikation-1-227x300.jpg","datePublished":"2017-02-06T16:03:32+00:00","dateModified":"2018-05-27T08:05:43+00:00","description":"Tierkommunikation: Tierkommunikatorin Tirza Kirchner aus F\u00fcrth bietet Kurse zur telepathischen Kommunikation in Ihrer Tierheilpraxis an.","breadcrumb":{"@id":"https:\/\/www.tirza-kirchner.de\/tierheilpraxis\/tierkommunikation\/#breadcrumb"},"inLanguage":"de","potentialAction":[{"@type":"ReadAction","target":["https:\/\/www.tirza-kirchner.de\/tierheilpraxis\/tierkommunikation\/"]}]},{"@type":"ImageObject","inLanguage":"de","@id":"https:\/\/www.tirza-kirchner.de\/tierheilpraxis\/tierkommunikation\/#primaryimage","url":"https:\/\/www.tirza-kirchner.de\/tierheilpraxis\/wp-content\/uploads\/sites\/2\/2017\/02\/Tierkommunikation-1.jpg","contentUrl":"https:\/\/www.tirza-kirchner.de\/tierheilpraxis\/wp-content\/uploads\/sites\/2\/2017\/02\/Tierkommunikation-1.jpg","width":1792,"height":2368,"caption":"Tierkommunikation - Tirza Kirchner wirbt f\u00fcr mehr Verst\u00e4ndnis zwischen Mensch und Tier."},{"@type":"BreadcrumbList","@id":"https:\/\/www.tirza-kirchner.de\/tierheilpraxis\/tierkommunikation\/#breadcrumb","itemListElement":[{"@type":"ListItem","position":1,"name":"Startseite","item":"https:\/\/www.tirza-kirchner.de\/tierheilpraxis\/"},{"@type":"ListItem","position":2,"name":"Tierkommunikation"}]},{"@type":"WebSite","@id":"https:\/\/www.tirza-kirchner.de\/tierheilpraxis\/#website","url":"https:\/\/www.tirza-kirchner.de\/tierheilpraxis\/","name":"Tier","description":"Eine weitere Tirza Kirchner Website","potentialAction":[{"@type":"SearchAction","target":{"@type":"EntryPoint","urlTemplate":"https:\/\/www.tirza-kirchner.de\/tierheilpraxis\/?s={search_term_string}"},"query-input":{"@type":"PropertyValueSpecification","valueRequired":true,"valueName":"search_term_string"}}],"inLanguage":"de"}]}},"_links":{"self":[{"href":"https:\/\/www.tirza-kirchner.de\/tierheilpraxis\/wp-json\/wp\/v2\/pages\/16","targetHints":{"allow":["GET"]}}],"collection":[{"href":"https:\/\/www.tirza-kirchner.de\/tierheilpraxis\/wp-json\/wp\/v2\/pages"}],"about":[{"href":"https:\/\/www.tirza-kirchner.de\/tierheilpraxis\/wp-json\/wp\/v2\/types\/page"}],"author":[{"embeddable":true,"href":"https:\/\/www.tirza-kirchner.de\/tierheilpraxis\/wp-json\/wp\/v2\/users\/1"}],"replies":[{"embeddable":true,"href":"https:\/\/www.tirza-kirchner.de\/tierheilpraxis\/wp-json\/wp\/v2\/comments?post=16"}],"version-history":[{"count":35,"href":"https:\/\/www.tirza-kirchner.de\/tierheilpraxis\/wp-json\/wp\/v2\/pages\/16\/revisions"}],"predecessor-version":[{"id":551,"href":"https:\/\/www.tirza-kirchner.de\/tierheilpraxis\/wp-json\/wp\/v2\/pages\/16\/revisions\/551"}],"wp:attachment":[{"href":"https:\/\/www.tirza-kirchner.de\/tierheilpraxis\/wp-json\/wp\/v2\/media?parent=16"}],"curies":[{"name":"wp","href":"https:\/\/api.w.org\/{rel}","templated":true}]}}