{"id":13,"date":"2017-02-06T17:02:46","date_gmt":"2017-02-06T16:02:46","guid":{"rendered":"https:\/\/www.tirza-kirchner.de\/tier\/?page_id=13"},"modified":"2024-01-10T12:32:08","modified_gmt":"2024-01-10T11:32:08","slug":"tierheilpraxis","status":"publish","type":"page","link":"https:\/\/www.tirza-kirchner.de\/tierheilpraxis\/","title":{"rendered":"Tierheilpraxis"},"content":{"rendered":"<h2>Gl\u00fcck und Gesundheit unserer Tiere<\/h2>\n<figure id=\"attachment_389\" aria-describedby=\"caption-attachment-389\" style=\"width: 258px\" class=\"wp-caption alignleft\"><img loading=\"lazy\" decoding=\"async\" class=\"size-medium wp-image-389\" src=\"https:\/\/www.tirza-kirchner.de\/tierheilpraxis\/wp-content\/uploads\/sites\/2\/2017\/02\/tierheilpraxis-268x300.jpg\" alt=\"Die Tierheilpraxis: Die Heilpraktikerin Tirza Kirchner engagiert sich f\u00fcr das Wohl Ihres Tieres.\" width=\"268\" height=\"300\" srcset=\"https:\/\/www.tirza-kirchner.de\/tierheilpraxis\/wp-content\/uploads\/sites\/2\/2017\/02\/tierheilpraxis-268x300.jpg 268w, https:\/\/www.tirza-kirchner.de\/tierheilpraxis\/wp-content\/uploads\/sites\/2\/2017\/02\/tierheilpraxis-768x859.jpg 768w, https:\/\/www.tirza-kirchner.de\/tierheilpraxis\/wp-content\/uploads\/sites\/2\/2017\/02\/tierheilpraxis-915x1024.jpg 915w, https:\/\/www.tirza-kirchner.de\/tierheilpraxis\/wp-content\/uploads\/sites\/2\/2017\/02\/tierheilpraxis.jpg 2038w\" sizes=\"auto, (max-width: 268px) 100vw, 268px\" \/><figcaption id=\"caption-attachment-389\" class=\"wp-caption-text\">Die Tierheilpraxis: Das Wohl Ihres Tieres steht f\u00fcr Heilpraktikerin Tirza Kirchner im Mittelpunkt.<\/figcaption><\/figure>\n<p>Das Zusammenleben mit unseren Tieren \u2013 so zeigt es sich in der Tierheilpraxis immer wieder \u2013 spielt sich auf unterschiedlichen Ebenen ab. Diese Ebenen sind alle eng miteinander verwoben. Tirza Kirchner befasst sich daher mit Tieren in der f\u00fcr sie typischen ganzheitlichen Betrachtungsweise. Im Sinne Christian Morgensterns bringt sie Tieren aus tiefster \u00dcberzeugung Liebe und Respekt entgegen:<\/p>\n<blockquote><p>Christian Morgenstern: &#8222;Ganze Weltalter voll Liebe werden notwendig sein, um den Tieren ihre Dienste und Verdienste an uns zu vergelten.&#8220;<\/p><\/blockquote>\n<p>Als Heilpraktikerin nutzt sie die Mittel und die Weisheit aus der\u00a0<a href=\"https:\/\/www.tirza-kirchner.de\/tierheilpraxis\/naturheilkunde\/\">Naturheilkunde<\/a>\u00a0und der Anthroposophischer Medizin, damit die Tiere k\u00f6rperlich, geistig und seelisch gesunden k\u00f6nnen \u2013 oder aber gesund bleiben. Wohlbefinden und Gesundheit des Tieres zu f\u00f6rdern und auf nat\u00fcrlichem Weg zu heilen, ist ihr Ziel. Genau wahrnehmen, welche Probleme das Tier hat, und herausfinden, wie ihm wirkungsvoll geholfen werden kann, ist die Profession der Heilpraktikerin.<\/p>\n<p>Wenn Sie mehr Fragen zur Naturheilkunde f\u00fcr Tiere haben und Interesse an der Tierheilpraxis haben, dann k\u00f6nnen Sie bei Tirza Kirchner auch das Seminar\u00a0<a href=\"https:\/\/www.tirza-kirchner.de\/tierheilpraxis\/naturheilkunde-seminare\/\">Pflanzenheilkunde f\u00fcr Tiere<\/a>\u00a0besuchen.<\/p>\n<p>Tirza Kirchners Sensibilit\u00e4t f\u00fcr die Botschaften der Tiere erm\u00f6glicht es ihr dar\u00fcber hinaus, &#8230;<\/p>\n<h2>&#8230; Tiere als Gespr\u00e4chspartner &#8230;<\/h2>\n<p>direkt in die Kommunikation einzubinden. Denn sie wei\u00df nur zu genau: Tiere haben Instinkte.\u00a0Tiere haben Sinne. Tiere haben Empfindungen. Tiere teilen sich ihren Artgenossen mit. Sie verst\u00e4ndigen sich \u00fcber Artengrenzen hinweg. Sie l\u00f6sen gemeinsam Probleme und bieten sich gegenseitig L\u00f6sungen an. Sie fragen, antworten und erz\u00e4hlen. So kann die Kommunikation zwischen Mensch und Tier mithilfe der Telepathie gelingen: Die telepathische <a href=\"https:\/\/www.tirza-kirchner.de\/tierheilpraxis\/tierkommunikation\/\">Tierkommunikation<\/a> erm\u00f6glicht das Gespr\u00e4ch mit dem Tier.<\/p>\n<h2>Tirza Kirchner spricht mit Ihrem Tier.<\/h2>\n<p>Tirza Kirchner bietet Ihnen und Ihrem Tier die Tierkommunikation in ihrer Tierheilpraxis, aber auch \u00fcber gro\u00dfe Distanzen hinweg an. In jedem Fall nimmt die Tierheilpraktikerin in einem Gespr\u00e4ch Kontakt mit dem Tier auf.<\/p>\n<blockquote><p>Tirza Kirchner: &#8222;Gerne nehme ich mit Ihrem Tier Kontakt auf und f\u00fchre mit ihm ein Gespr\u00e4ch. Sie erhalten im Anschluss ein ausf\u00fchrliches Gespr\u00e4chsprotokoll.&#8220;<\/p><\/blockquote>\n<h2>Erlernen Sie die Tierkommunikation in der Tierheilpraxis<\/h2>\n<p>Es gibt aber auch die M\u00f6glichkeit, dass Sie selbst die Tierkommunikation erlernen und praktizieren. Tirza Kirchner bietet dies in einem <a href=\"https:\/\/www.tirza-kirchner.de\/tierheilpraxis\/angebote-tirza-kirchner\/\" target=\"_blank\" rel=\"noopener noreferrer\">Einzelcoaching<\/a> und in Gruppenseminaren in ihrer Tierheilpraxis an. Lernen Sie, sich ganz gezielt auf die Sprache Ihres Tieres oder anderer Tiere einzulassen. Mit etwas \u00dcbung\u00a0werden Sie bald erleben, wie wundervoll die Kommunikation mit Tieren ist.\u00a0Sie finden unter <a href=\"https:\/\/www.tirza-kirchner.de\/tierheilpraxis\/veranstaltungen\/\">Veranstaltungen<\/a> verschiedene M\u00f6glichkeiten \u00fcber die Sie in die Tierkommunikation einsteigen k\u00f6nnen.<\/p>\n<blockquote><p>Tirza Kirchner: &#8222;Ich freue mich auf einen regen Austausch zwischen uns Menschen und den wundervollen Tieren \u2013 und auf Ihre Anfrage.&#8220;<\/p><\/blockquote>\n","protected":false},"excerpt":{"rendered":"<p>Gl\u00fcck und Gesundheit unserer Tiere Das Zusammenleben mit unseren Tieren \u2013 so zeigt es sich in der Tierheilpraxis immer wieder \u2013 spielt sich auf unterschiedlichen Ebenen ab. Diese Ebenen sind alle eng miteinander verwoben. Tirza Kirchner befasst sich daher mit Tieren in der f\u00fcr sie typischen ganzheitlichen Betrachtungsweise. Im Sinne Christian Morgensterns bringt sie Tieren &#8230; <a title=\"Tierheilpraxis\" class=\"read-more\" href=\"https:\/\/www.tirza-kirchner.de\/tierheilpraxis\/\" aria-label=\"Mehr Informationen \u00fcber Tierheilpraxis\">Weiterlesen<\/a><\/p>\n","protected":false},"author":1,"featured_media":0,"parent":0,"menu_order":0,"comment_status":"closed","ping_status":"closed","template":"","meta":{"generate_page_header":"","_mc_calendar":[],"footnotes":""},"class_list":["post-13","page","type-page","status-publish"],"yoast_head":"<!-- This site is optimized with the Yoast SEO plugin v27.4 - https:\/\/yoast.com\/product\/yoast-seo-wordpress\/ -->\n<title>Tierheilpraxis Tirza Kirchner in F\u00fcrth bietet Ihnen Tierkommunikation und Naturheilkunde<\/title>\n<meta name=\"description\" content=\"In Ihrer Tierheilpraxis in F\u00fcrth engagiert sich Tierkommunikatorin und Tierheilpraktikerin Tirza Kirchner f\u00fcr das Wohlbefinden Ihres Tieres.\" \/>\n<meta name=\"robots\" content=\"index, follow, max-snippet:-1, max-image-preview:large, max-video-preview:-1\" \/>\n<link rel=\"canonical\" href=\"https:\/\/www.tirza-kirchner.de\/tierheilpraxis\/\" \/>\n<meta property=\"og:locale\" content=\"de_DE\" \/>\n<meta property=\"og:type\" content=\"article\" \/>\n<meta property=\"og:title\" content=\"Tierheilpraxis Tirza Kirchner in F\u00fcrth bietet Ihnen Tierkommunikation und Naturheilkunde\" \/>\n<meta property=\"og:description\" content=\"In Ihrer Tierheilpraxis in F\u00fcrth engagiert sich Tierkommunikatorin und Tierheilpraktikerin Tirza Kirchner f\u00fcr das Wohlbefinden Ihres Tieres.\" \/>\n<meta property=\"og:url\" content=\"https:\/\/www.tirza-kirchner.de\/tierheilpraxis\/\" \/>\n<meta property=\"og:site_name\" content=\"Tier\" \/>\n<meta property=\"article:modified_time\" content=\"2024-01-10T11:32:08+00:00\" \/>\n<meta property=\"og:image\" content=\"https:\/\/www.tirza-kirchner.de\/tierheilpraxis\/wp-content\/uploads\/sites\/2\/2017\/02\/tierheilpraxis-268x300.jpg\" \/>\n<meta name=\"twitter:card\" content=\"summary_large_image\" \/>\n<meta name=\"twitter:label1\" content=\"Gesch\u00e4tzte Lesezeit\" \/>\n\t<meta name=\"twitter:data1\" content=\"2\u00a0Minuten\" \/>\n<script type=\"application\/ld+json\" class=\"yoast-schema-graph\">{\"@context\":\"https:\\\/\\\/schema.org\",\"@graph\":[{\"@type\":\"WebPage\",\"@id\":\"https:\\\/\\\/www.tirza-kirchner.de\\\/tierheilpraxis\\\/\",\"url\":\"https:\\\/\\\/www.tirza-kirchner.de\\\/tierheilpraxis\\\/\",\"name\":\"Tierheilpraxis Tirza Kirchner in F\u00fcrth bietet Ihnen Tierkommunikation und Naturheilkunde\",\"isPartOf\":{\"@id\":\"https:\\\/\\\/www.tirza-kirchner.de\\\/tierheilpraxis\\\/#website\"},\"primaryImageOfPage\":{\"@id\":\"https:\\\/\\\/www.tirza-kirchner.de\\\/tierheilpraxis\\\/#primaryimage\"},\"image\":{\"@id\":\"https:\\\/\\\/www.tirza-kirchner.de\\\/tierheilpraxis\\\/#primaryimage\"},\"thumbnailUrl\":\"https:\\\/\\\/www.tirza-kirchner.de\\\/tierheilpraxis\\\/wp-content\\\/uploads\\\/sites\\\/2\\\/2017\\\/02\\\/tierheilpraxis-268x300.jpg\",\"datePublished\":\"2017-02-06T16:02:46+00:00\",\"dateModified\":\"2024-01-10T11:32:08+00:00\",\"description\":\"In Ihrer Tierheilpraxis in F\u00fcrth engagiert sich Tierkommunikatorin und Tierheilpraktikerin Tirza Kirchner f\u00fcr das Wohlbefinden Ihres Tieres.\",\"breadcrumb\":{\"@id\":\"https:\\\/\\\/www.tirza-kirchner.de\\\/tierheilpraxis\\\/#breadcrumb\"},\"inLanguage\":\"de\",\"potentialAction\":[{\"@type\":\"ReadAction\",\"target\":[\"https:\\\/\\\/www.tirza-kirchner.de\\\/tierheilpraxis\\\/\"]}]},{\"@type\":\"ImageObject\",\"inLanguage\":\"de\",\"@id\":\"https:\\\/\\\/www.tirza-kirchner.de\\\/tierheilpraxis\\\/#primaryimage\",\"url\":\"https:\\\/\\\/www.tirza-kirchner.de\\\/tierheilpraxis\\\/wp-content\\\/uploads\\\/sites\\\/2\\\/2017\\\/02\\\/tierheilpraxis.jpg\",\"contentUrl\":\"https:\\\/\\\/www.tirza-kirchner.de\\\/tierheilpraxis\\\/wp-content\\\/uploads\\\/sites\\\/2\\\/2017\\\/02\\\/tierheilpraxis.jpg\",\"width\":2038,\"height\":2280,\"caption\":\"Die Tierheilpraxis: Das Wohl Ihres Tieres steht f\u00fcr Heilpraktikerin Tirza Kirchner im Mittelpunkt.\"},{\"@type\":\"BreadcrumbList\",\"@id\":\"https:\\\/\\\/www.tirza-kirchner.de\\\/tierheilpraxis\\\/#breadcrumb\",\"itemListElement\":[{\"@type\":\"ListItem\",\"position\":1,\"name\":\"Startseite\",\"item\":\"https:\\\/\\\/www.tirza-kirchner.de\\\/tierheilpraxis\\\/\"},{\"@type\":\"ListItem\",\"position\":2,\"name\":\"Tierheilpraxis\"}]},{\"@type\":\"WebSite\",\"@id\":\"https:\\\/\\\/www.tirza-kirchner.de\\\/tierheilpraxis\\\/#website\",\"url\":\"https:\\\/\\\/www.tirza-kirchner.de\\\/tierheilpraxis\\\/\",\"name\":\"Tier\",\"description\":\"Eine weitere Tirza Kirchner Website\",\"potentialAction\":[{\"@type\":\"SearchAction\",\"target\":{\"@type\":\"EntryPoint\",\"urlTemplate\":\"https:\\\/\\\/www.tirza-kirchner.de\\\/tierheilpraxis\\\/?s={search_term_string}\"},\"query-input\":{\"@type\":\"PropertyValueSpecification\",\"valueRequired\":true,\"valueName\":\"search_term_string\"}}],\"inLanguage\":\"de\"}]}<\/script>\n<!-- \/ Yoast SEO plugin. -->","yoast_head_json":{"title":"Tierheilpraxis Tirza Kirchner in F\u00fcrth bietet Ihnen Tierkommunikation und Naturheilkunde","description":"In Ihrer Tierheilpraxis in F\u00fcrth engagiert sich Tierkommunikatorin und Tierheilpraktikerin Tirza Kirchner f\u00fcr das Wohlbefinden Ihres Tieres.","robots":{"index":"index","follow":"follow","max-snippet":"max-snippet:-1","max-image-preview":"max-image-preview:large","max-video-preview":"max-video-preview:-1"},"canonical":"https:\/\/www.tirza-kirchner.de\/tierheilpraxis\/","og_locale":"de_DE","og_type":"article","og_title":"Tierheilpraxis Tirza Kirchner in F\u00fcrth bietet Ihnen Tierkommunikation und Naturheilkunde","og_description":"In Ihrer Tierheilpraxis in F\u00fcrth engagiert sich Tierkommunikatorin und Tierheilpraktikerin Tirza Kirchner f\u00fcr das Wohlbefinden Ihres Tieres.","og_url":"https:\/\/www.tirza-kirchner.de\/tierheilpraxis\/","og_site_name":"Tier","article_modified_time":"2024-01-10T11:32:08+00:00","og_image":[{"url":"https:\/\/www.tirza-kirchner.de\/tierheilpraxis\/wp-content\/uploads\/sites\/2\/2017\/02\/tierheilpraxis-268x300.jpg","type":"","width":"","height":""}],"twitter_card":"summary_large_image","twitter_misc":{"Gesch\u00e4tzte Lesezeit":"2\u00a0Minuten"},"schema":{"@context":"https:\/\/schema.org","@graph":[{"@type":"WebPage","@id":"https:\/\/www.tirza-kirchner.de\/tierheilpraxis\/","url":"https:\/\/www.tirza-kirchner.de\/tierheilpraxis\/","name":"Tierheilpraxis Tirza Kirchner in F\u00fcrth bietet Ihnen Tierkommunikation und Naturheilkunde","isPartOf":{"@id":"https:\/\/www.tirza-kirchner.de\/tierheilpraxis\/#website"},"primaryImageOfPage":{"@id":"https:\/\/www.tirza-kirchner.de\/tierheilpraxis\/#primaryimage"},"image":{"@id":"https:\/\/www.tirza-kirchner.de\/tierheilpraxis\/#primaryimage"},"thumbnailUrl":"https:\/\/www.tirza-kirchner.de\/tierheilpraxis\/wp-content\/uploads\/sites\/2\/2017\/02\/tierheilpraxis-268x300.jpg","datePublished":"2017-02-06T16:02:46+00:00","dateModified":"2024-01-10T11:32:08+00:00","description":"In Ihrer Tierheilpraxis in F\u00fcrth engagiert sich Tierkommunikatorin und Tierheilpraktikerin Tirza Kirchner f\u00fcr das Wohlbefinden Ihres Tieres.","breadcrumb":{"@id":"https:\/\/www.tirza-kirchner.de\/tierheilpraxis\/#breadcrumb"},"inLanguage":"de","potentialAction":[{"@type":"ReadAction","target":["https:\/\/www.tirza-kirchner.de\/tierheilpraxis\/"]}]},{"@type":"ImageObject","inLanguage":"de","@id":"https:\/\/www.tirza-kirchner.de\/tierheilpraxis\/#primaryimage","url":"https:\/\/www.tirza-kirchner.de\/tierheilpraxis\/wp-content\/uploads\/sites\/2\/2017\/02\/tierheilpraxis.jpg","contentUrl":"https:\/\/www.tirza-kirchner.de\/tierheilpraxis\/wp-content\/uploads\/sites\/2\/2017\/02\/tierheilpraxis.jpg","width":2038,"height":2280,"caption":"Die Tierheilpraxis: Das Wohl Ihres Tieres steht f\u00fcr Heilpraktikerin Tirza Kirchner im Mittelpunkt."},{"@type":"BreadcrumbList","@id":"https:\/\/www.tirza-kirchner.de\/tierheilpraxis\/#breadcrumb","itemListElement":[{"@type":"ListItem","position":1,"name":"Startseite","item":"https:\/\/www.tirza-kirchner.de\/tierheilpraxis\/"},{"@type":"ListItem","position":2,"name":"Tierheilpraxis"}]},{"@type":"WebSite","@id":"https:\/\/www.tirza-kirchner.de\/tierheilpraxis\/#website","url":"https:\/\/www.tirza-kirchner.de\/tierheilpraxis\/","name":"Tier","description":"Eine weitere Tirza Kirchner Website","potentialAction":[{"@type":"SearchAction","target":{"@type":"EntryPoint","urlTemplate":"https:\/\/www.tirza-kirchner.de\/tierheilpraxis\/?s={search_term_string}"},"query-input":{"@type":"PropertyValueSpecification","valueRequired":true,"valueName":"search_term_string"}}],"inLanguage":"de"}]}},"_links":{"self":[{"href":"https:\/\/www.tirza-kirchner.de\/tierheilpraxis\/wp-json\/wp\/v2\/pages\/13","targetHints":{"allow":["GET"]}}],"collection":[{"href":"https:\/\/www.tirza-kirchner.de\/tierheilpraxis\/wp-json\/wp\/v2\/pages"}],"about":[{"href":"https:\/\/www.tirza-kirchner.de\/tierheilpraxis\/wp-json\/wp\/v2\/types\/page"}],"author":[{"embeddable":true,"href":"https:\/\/www.tirza-kirchner.de\/tierheilpraxis\/wp-json\/wp\/v2\/users\/1"}],"replies":[{"embeddable":true,"href":"https:\/\/www.tirza-kirchner.de\/tierheilpraxis\/wp-json\/wp\/v2\/comments?post=13"}],"version-history":[{"count":41,"href":"https:\/\/www.tirza-kirchner.de\/tierheilpraxis\/wp-json\/wp\/v2\/pages\/13\/revisions"}],"predecessor-version":[{"id":640,"href":"https:\/\/www.tirza-kirchner.de\/tierheilpraxis\/wp-json\/wp\/v2\/pages\/13\/revisions\/640"}],"wp:attachment":[{"href":"https:\/\/www.tirza-kirchner.de\/tierheilpraxis\/wp-json\/wp\/v2\/media?parent=13"}],"curies":[{"name":"wp","href":"https:\/\/api.w.org\/{rel}","templated":true}]}}