{"id":349,"date":"2018-01-22T14:55:11","date_gmt":"2018-01-22T13:55:11","guid":{"rendered":"https:\/\/www.tirza-kirchner.de\/naturheilpraxis\/?page_id=349"},"modified":"2026-03-31T15:26:44","modified_gmt":"2026-03-31T13:26:44","slug":"anmeldung","status":"publish","type":"page","link":"https:\/\/www.tirza-kirchner.de\/naturheilpraxis\/leistungen-preise-bedingungen\/anmeldung\/","title":{"rendered":"Anmeldung zu Veranstaltungen"},"content":{"rendered":"<p>F\u00fcr die Teilnahme an allen Seminaren und Veranstaltungen ist eine Anmeldung schriftlich oder m\u00fcndlich erforderlich.<\/p>\n<h2>Teilnahmebedingungen<\/h2>\n<p>Sie erhalten eine Rechnung. Die Seminargeb\u00fchr ist bis 10 Tage vor dem Veranstaltungstermin f\u00e4llig. Nach Zusage\/Anmeldung ist eine kostenfreie Absage bis 10 Tage vor dem Veranstaltungstermin bzw. bei Seminarreihen vor dem ersten Veranstaltungstermin mit Kostenr\u00fcckerstattung m\u00f6glich. Bei einer sp\u00e4teren Absage ist die Seminargeb\u00fchr zu zahlen bzw. wird nicht erstattet.<\/p>\n<p>Einige Seminare bauen aufeinander auf, sind aber trotzdem einzeln buchbar. Diese k\u00f6nnen als Komplettbetrag bezahlt werden oder in Teilbetr\u00e4gen monatlich.<\/p>\n<p><a href=\"https:\/\/www.tirza-kirchner.de\/aktuelle-termine\/\">Ein Klick f\u00fchrt Sie zu den aktuellen Terminen!<\/a><\/p>\n","protected":false},"excerpt":{"rendered":"<p>F\u00fcr die Teilnahme an allen Seminaren und Veranstaltungen ist eine Anmeldung schriftlich oder m\u00fcndlich erforderlich. Teilnahmebedingungen Sie erhalten eine Rechnung. Die Seminargeb\u00fchr ist bis 10 Tage vor dem Veranstaltungstermin f\u00e4llig. Nach Zusage\/Anmeldung ist eine kostenfreie Absage bis 10 Tage vor dem Veranstaltungstermin bzw. bei Seminarreihen vor dem ersten Veranstaltungstermin mit Kostenr\u00fcckerstattung m\u00f6glich. Bei einer sp\u00e4teren &#8230; <a title=\"Anmeldung zu Veranstaltungen\" class=\"read-more\" href=\"https:\/\/www.tirza-kirchner.de\/naturheilpraxis\/leistungen-preise-bedingungen\/anmeldung\/\" aria-label=\"Mehr Informationen \u00fcber Anmeldung zu Veranstaltungen\">Weiterlesen<\/a><\/p>\n","protected":false},"author":1,"featured_media":0,"parent":355,"menu_order":3,"comment_status":"closed","ping_status":"closed","template":"","meta":{"generate_page_header":"","_mc_calendar":[],"footnotes":""},"class_list":["post-349","page","type-page","status-publish"],"yoast_head":"<!-- This site is optimized with the Yoast SEO plugin v27.4 - https:\/\/yoast.com\/product\/yoast-seo-wordpress\/ -->\n<title>Anmeldung zu Veranstaltungen - Mensch<\/title>\n<meta name=\"robots\" content=\"index, follow, max-snippet:-1, max-image-preview:large, max-video-preview:-1\" \/>\n<link rel=\"canonical\" href=\"https:\/\/www.tirza-kirchner.de\/naturheilpraxis\/leistungen-preise-bedingungen\/anmeldung\/\" \/>\n<meta property=\"og:locale\" content=\"de_DE\" \/>\n<meta property=\"og:type\" content=\"article\" \/>\n<meta property=\"og:title\" content=\"Anmeldung zu Veranstaltungen - Mensch\" \/>\n<meta property=\"og:description\" content=\"F\u00fcr die Teilnahme an allen Seminaren und Veranstaltungen ist eine Anmeldung schriftlich oder m\u00fcndlich erforderlich. Teilnahmebedingungen Sie erhalten eine Rechnung. Die Seminargeb\u00fchr ist bis 10 Tage vor dem Veranstaltungstermin f\u00e4llig. Nach Zusage\/Anmeldung ist eine kostenfreie Absage bis 10 Tage vor dem Veranstaltungstermin bzw. bei Seminarreihen vor dem ersten Veranstaltungstermin mit Kostenr\u00fcckerstattung m\u00f6glich. Bei einer sp\u00e4teren ... Weiterlesen\" \/>\n<meta property=\"og:url\" content=\"https:\/\/www.tirza-kirchner.de\/naturheilpraxis\/leistungen-preise-bedingungen\/anmeldung\/\" \/>\n<meta property=\"og:site_name\" content=\"Mensch\" \/>\n<meta property=\"article:modified_time\" content=\"2026-03-31T13:26:44+00:00\" \/>\n<meta name=\"twitter:card\" content=\"summary_large_image\" \/>\n<meta name=\"twitter:label1\" content=\"Gesch\u00e4tzte Lesezeit\" \/>\n\t<meta name=\"twitter:data1\" content=\"1\u00a0Minute\" \/>\n<script type=\"application\/ld+json\" class=\"yoast-schema-graph\">{\"@context\":\"https:\\\/\\\/schema.org\",\"@graph\":[{\"@type\":\"WebPage\",\"@id\":\"https:\\\/\\\/www.tirza-kirchner.de\\\/naturheilpraxis\\\/leistungen-preise-bedingungen\\\/anmeldung\\\/\",\"url\":\"https:\\\/\\\/www.tirza-kirchner.de\\\/naturheilpraxis\\\/leistungen-preise-bedingungen\\\/anmeldung\\\/\",\"name\":\"Anmeldung zu Veranstaltungen - Mensch\",\"isPartOf\":{\"@id\":\"https:\\\/\\\/www.tirza-kirchner.de\\\/naturheilpraxis\\\/#website\"},\"datePublished\":\"2018-01-22T13:55:11+00:00\",\"dateModified\":\"2026-03-31T13:26:44+00:00\",\"breadcrumb\":{\"@id\":\"https:\\\/\\\/www.tirza-kirchner.de\\\/naturheilpraxis\\\/leistungen-preise-bedingungen\\\/anmeldung\\\/#breadcrumb\"},\"inLanguage\":\"de\",\"potentialAction\":[{\"@type\":\"ReadAction\",\"target\":[\"https:\\\/\\\/www.tirza-kirchner.de\\\/naturheilpraxis\\\/leistungen-preise-bedingungen\\\/anmeldung\\\/\"]}]},{\"@type\":\"BreadcrumbList\",\"@id\":\"https:\\\/\\\/www.tirza-kirchner.de\\\/naturheilpraxis\\\/leistungen-preise-bedingungen\\\/anmeldung\\\/#breadcrumb\",\"itemListElement\":[{\"@type\":\"ListItem\",\"position\":1,\"name\":\"Startseite\",\"item\":\"https:\\\/\\\/www.tirza-kirchner.de\\\/naturheilpraxis\\\/\"},{\"@type\":\"ListItem\",\"position\":2,\"name\":\"Preise und Bedingungen\",\"item\":\"https:\\\/\\\/www.tirza-kirchner.de\\\/naturheilpraxis\\\/leistungen-preise-bedingungen\\\/\"},{\"@type\":\"ListItem\",\"position\":3,\"name\":\"Anmeldung zu Veranstaltungen\"}]},{\"@type\":\"WebSite\",\"@id\":\"https:\\\/\\\/www.tirza-kirchner.de\\\/naturheilpraxis\\\/#website\",\"url\":\"https:\\\/\\\/www.tirza-kirchner.de\\\/naturheilpraxis\\\/\",\"name\":\"Mensch\",\"description\":\"Eine weitere Tirza Kirchner Website\",\"potentialAction\":[{\"@type\":\"SearchAction\",\"target\":{\"@type\":\"EntryPoint\",\"urlTemplate\":\"https:\\\/\\\/www.tirza-kirchner.de\\\/naturheilpraxis\\\/?s={search_term_string}\"},\"query-input\":{\"@type\":\"PropertyValueSpecification\",\"valueRequired\":true,\"valueName\":\"search_term_string\"}}],\"inLanguage\":\"de\"}]}<\/script>\n<!-- \/ Yoast SEO plugin. -->","yoast_head_json":{"title":"Anmeldung zu Veranstaltungen - Mensch","robots":{"index":"index","follow":"follow","max-snippet":"max-snippet:-1","max-image-preview":"max-image-preview:large","max-video-preview":"max-video-preview:-1"},"canonical":"https:\/\/www.tirza-kirchner.de\/naturheilpraxis\/leistungen-preise-bedingungen\/anmeldung\/","og_locale":"de_DE","og_type":"article","og_title":"Anmeldung zu Veranstaltungen - Mensch","og_description":"F\u00fcr die Teilnahme an allen Seminaren und Veranstaltungen ist eine Anmeldung schriftlich oder m\u00fcndlich erforderlich. Teilnahmebedingungen Sie erhalten eine Rechnung. Die Seminargeb\u00fchr ist bis 10 Tage vor dem Veranstaltungstermin f\u00e4llig. Nach Zusage\/Anmeldung ist eine kostenfreie Absage bis 10 Tage vor dem Veranstaltungstermin bzw. bei Seminarreihen vor dem ersten Veranstaltungstermin mit Kostenr\u00fcckerstattung m\u00f6glich. Bei einer sp\u00e4teren ... Weiterlesen","og_url":"https:\/\/www.tirza-kirchner.de\/naturheilpraxis\/leistungen-preise-bedingungen\/anmeldung\/","og_site_name":"Mensch","article_modified_time":"2026-03-31T13:26:44+00:00","twitter_card":"summary_large_image","twitter_misc":{"Gesch\u00e4tzte Lesezeit":"1\u00a0Minute"},"schema":{"@context":"https:\/\/schema.org","@graph":[{"@type":"WebPage","@id":"https:\/\/www.tirza-kirchner.de\/naturheilpraxis\/leistungen-preise-bedingungen\/anmeldung\/","url":"https:\/\/www.tirza-kirchner.de\/naturheilpraxis\/leistungen-preise-bedingungen\/anmeldung\/","name":"Anmeldung zu Veranstaltungen - Mensch","isPartOf":{"@id":"https:\/\/www.tirza-kirchner.de\/naturheilpraxis\/#website"},"datePublished":"2018-01-22T13:55:11+00:00","dateModified":"2026-03-31T13:26:44+00:00","breadcrumb":{"@id":"https:\/\/www.tirza-kirchner.de\/naturheilpraxis\/leistungen-preise-bedingungen\/anmeldung\/#breadcrumb"},"inLanguage":"de","potentialAction":[{"@type":"ReadAction","target":["https:\/\/www.tirza-kirchner.de\/naturheilpraxis\/leistungen-preise-bedingungen\/anmeldung\/"]}]},{"@type":"BreadcrumbList","@id":"https:\/\/www.tirza-kirchner.de\/naturheilpraxis\/leistungen-preise-bedingungen\/anmeldung\/#breadcrumb","itemListElement":[{"@type":"ListItem","position":1,"name":"Startseite","item":"https:\/\/www.tirza-kirchner.de\/naturheilpraxis\/"},{"@type":"ListItem","position":2,"name":"Preise und Bedingungen","item":"https:\/\/www.tirza-kirchner.de\/naturheilpraxis\/leistungen-preise-bedingungen\/"},{"@type":"ListItem","position":3,"name":"Anmeldung zu Veranstaltungen"}]},{"@type":"WebSite","@id":"https:\/\/www.tirza-kirchner.de\/naturheilpraxis\/#website","url":"https:\/\/www.tirza-kirchner.de\/naturheilpraxis\/","name":"Mensch","description":"Eine weitere Tirza Kirchner Website","potentialAction":[{"@type":"SearchAction","target":{"@type":"EntryPoint","urlTemplate":"https:\/\/www.tirza-kirchner.de\/naturheilpraxis\/?s={search_term_string}"},"query-input":{"@type":"PropertyValueSpecification","valueRequired":true,"valueName":"search_term_string"}}],"inLanguage":"de"}]}},"_links":{"self":[{"href":"https:\/\/www.tirza-kirchner.de\/naturheilpraxis\/wp-json\/wp\/v2\/pages\/349","targetHints":{"allow":["GET"]}}],"collection":[{"href":"https:\/\/www.tirza-kirchner.de\/naturheilpraxis\/wp-json\/wp\/v2\/pages"}],"about":[{"href":"https:\/\/www.tirza-kirchner.de\/naturheilpraxis\/wp-json\/wp\/v2\/types\/page"}],"author":[{"embeddable":true,"href":"https:\/\/www.tirza-kirchner.de\/naturheilpraxis\/wp-json\/wp\/v2\/users\/1"}],"replies":[{"embeddable":true,"href":"https:\/\/www.tirza-kirchner.de\/naturheilpraxis\/wp-json\/wp\/v2\/comments?post=349"}],"version-history":[{"count":13,"href":"https:\/\/www.tirza-kirchner.de\/naturheilpraxis\/wp-json\/wp\/v2\/pages\/349\/revisions"}],"predecessor-version":[{"id":568,"href":"https:\/\/www.tirza-kirchner.de\/naturheilpraxis\/wp-json\/wp\/v2\/pages\/349\/revisions\/568"}],"up":[{"embeddable":true,"href":"https:\/\/www.tirza-kirchner.de\/naturheilpraxis\/wp-json\/wp\/v2\/pages\/355"}],"wp:attachment":[{"href":"https:\/\/www.tirza-kirchner.de\/naturheilpraxis\/wp-json\/wp\/v2\/media?parent=349"}],"curies":[{"name":"wp","href":"https:\/\/api.w.org\/{rel}","templated":true}]}}