{"id":311,"date":"2018-01-19T14:39:26","date_gmt":"2018-01-19T13:39:26","guid":{"rendered":"https:\/\/www.tirza-kirchner.de\/naturheilpraxis\/?page_id=311"},"modified":"2024-01-10T12:27:44","modified_gmt":"2024-01-10T11:27:44","slug":"seminare-zur-winterzeit","status":"publish","type":"page","link":"https:\/\/www.tirza-kirchner.de\/naturheilpraxis\/seminare-zur-winterzeit\/","title":{"rendered":"Seminare zur Winterzeit"},"content":{"rendered":"<figure id=\"attachment_451\" aria-describedby=\"caption-attachment-451\" style=\"width: 215px\" class=\"wp-caption alignleft\"><img loading=\"lazy\" decoding=\"async\" class=\"size-medium wp-image-451\" src=\"https:\/\/www.tirza-kirchner.de\/naturheilpraxis\/wp-content\/uploads\/sites\/3\/2018\/01\/mistel-und-fliegenpilz-20-225x300.jpg\" alt=\"Fliegenpilz als magisches Wesen\" width=\"225\" height=\"300\" srcset=\"https:\/\/www.tirza-kirchner.de\/naturheilpraxis\/wp-content\/uploads\/sites\/3\/2018\/01\/mistel-und-fliegenpilz-20-225x300.jpg 225w, https:\/\/www.tirza-kirchner.de\/naturheilpraxis\/wp-content\/uploads\/sites\/3\/2018\/01\/mistel-und-fliegenpilz-20-768x1024.jpg 768w\" sizes=\"auto, (max-width: 225px) 100vw, 225px\" \/><figcaption id=\"caption-attachment-451\" class=\"wp-caption-text\">Ein Fliegenpilz sticht sofort ins Auge.<\/figcaption><\/figure>\n<p>Wir betrachten Details zu den jeweiligen Themen, probieren aus und erforschen Hintergr\u00fcnde.<\/p>\n<h2>Rauch und Weihrauch<\/h2>\n<p>Durch das Vergl\u00fchen von R\u00e4ucherwerk werden Duftstoffe und Wirkstoffe in die Umgebung freigesetzt. Wir betrachten Hintergr\u00fcnde und probieren verschiedene R\u00e4ucherm\u00f6glichkeiten: St\u00e4bchen, Kegel, B\u00fcschel und das R\u00e4uchern auf Kohle. Welche Hilfsmittel werden ben\u00f6tigt. Wie geht man vor. Welche Kr\u00e4uter und Harze eignen sich zum Vergl\u00fchen. Dabei stellen wir die Verwendung heimischer Pflanzen und deren Wirkung im Raum und auf uns in den Mittelpunkt. Wir schnuppern im wahrsten Sinne des Wortes in das Thema hinein.<\/p>\n<figure id=\"attachment_452\" aria-describedby=\"caption-attachment-452\" style=\"width: 215px\" class=\"wp-caption alignright\"><img loading=\"lazy\" decoding=\"async\" class=\"size-medium wp-image-452\" src=\"https:\/\/www.tirza-kirchner.de\/naturheilpraxis\/wp-content\/uploads\/sites\/3\/2018\/01\/mistel-und-fliegenpilz-13-225x300.jpg\" alt=\"Weihnachten und Winterzeit\" width=\"225\" height=\"300\" srcset=\"https:\/\/www.tirza-kirchner.de\/naturheilpraxis\/wp-content\/uploads\/sites\/3\/2018\/01\/mistel-und-fliegenpilz-13-225x300.jpg 225w, https:\/\/www.tirza-kirchner.de\/naturheilpraxis\/wp-content\/uploads\/sites\/3\/2018\/01\/mistel-und-fliegenpilz-13-768x1024.jpg 768w\" sizes=\"auto, (max-width: 225px) 100vw, 225px\" \/><figcaption id=\"caption-attachment-452\" class=\"wp-caption-text\">Die Weihnachtszeit hat ihre besondern Br\u00e4uche und Symbole, die auf altes Wissen zur\u00fcck gehen.<\/figcaption><\/figure>\n<h2>Mistel und Fliegenpilz<\/h2>\n<p>Die Mistel und der Fliegenpilz begegnen uns rund um die Weihnachtszeit verst\u00e4rkt. Was ist der Grund daf\u00fcr? Wir besch\u00e4ftigen uns mit der Mistel als Wesen zwischen den Welten und dem Fliegenpilz als Pilz der Schamanen. Gerade bei der Mistel sehen wir uns auch ihre Kraft als Heilmittel an.<\/p>\n<h2>Winter, Weihnachten und die Rauhn\u00e4chte<\/h2>\n<p>Wir betrachten Hintergr\u00fcnde zu Weihnachten, Br\u00e4uche und ihren Bezug zu alten Festen, wie der Geburt der Sonne zur Wintersonnwende. Was ist aus alten Zeiten \u00fcbrig geblieben und heute zu finden. Wie k\u00f6nnen wir dies gezielt nutzen, um unsere Verbindung zu unseren Ahnen und zur Natur zu st\u00e4rken. Wir steigen in die Rauhn\u00e4chte ein &#8211; die 12 N\u00e4chte in denen das neue Jahr im energetischen Bereich gewebt wird. Wir betrachten wie wir diese Zeit verbringen k\u00f6nnen und was uns z.B. unsere n\u00e4chtlichen Tr\u00e4ume verraten.<\/p>\n<p>Ein Klick f\u00fchrt Sie zum \u00dcberblick \u00fcber die aktuellen <a href=\"https:\/\/www.tirza-kirchner.de\/aktuelle-termine\/\">Seminar-Angebote<\/a>.<br \/>\nBei individuellen Fragen k\u00f6nnen Sie sich gern direkt an Tirza Kirchner wenden. Entweder mobil unter 0911 9238912 oder \u00fcber das\u00a0<a href=\"https:\/\/www.tirza-kirchner.de\/kontakt\/\">Kontaktformular<\/a>.<\/p>\n","protected":false},"excerpt":{"rendered":"<p>Wir betrachten Details zu den jeweiligen Themen, probieren aus und erforschen Hintergr\u00fcnde. Rauch und Weihrauch Durch das Vergl\u00fchen von R\u00e4ucherwerk werden Duftstoffe und Wirkstoffe in die Umgebung freigesetzt. Wir betrachten Hintergr\u00fcnde und probieren verschiedene R\u00e4ucherm\u00f6glichkeiten: St\u00e4bchen, Kegel, B\u00fcschel und das R\u00e4uchern auf Kohle. Welche Hilfsmittel werden ben\u00f6tigt. Wie geht man vor. Welche Kr\u00e4uter und Harze &#8230; <a title=\"Seminare zur Winterzeit\" class=\"read-more\" href=\"https:\/\/www.tirza-kirchner.de\/naturheilpraxis\/seminare-zur-winterzeit\/\" aria-label=\"Mehr Informationen \u00fcber Seminare zur Winterzeit\">Weiterlesen<\/a><\/p>\n","protected":false},"author":1,"featured_media":0,"parent":0,"menu_order":0,"comment_status":"closed","ping_status":"closed","template":"","meta":{"generate_page_header":"","_mc_calendar":[],"footnotes":""},"class_list":["post-311","page","type-page","status-publish"],"yoast_head":"<!-- This site is optimized with the Yoast SEO plugin v27.4 - https:\/\/yoast.com\/product\/yoast-seo-wordpress\/ -->\n<title>Seminare zur Winterzeit - Mensch<\/title>\n<meta name=\"robots\" content=\"index, follow, max-snippet:-1, max-image-preview:large, max-video-preview:-1\" \/>\n<link rel=\"canonical\" href=\"https:\/\/www.tirza-kirchner.de\/naturheilpraxis\/seminare-zur-winterzeit\/\" \/>\n<meta property=\"og:locale\" content=\"de_DE\" \/>\n<meta property=\"og:type\" content=\"article\" \/>\n<meta property=\"og:title\" content=\"Seminare zur Winterzeit - Mensch\" \/>\n<meta property=\"og:description\" content=\"Wir betrachten Details zu den jeweiligen Themen, probieren aus und erforschen Hintergr\u00fcnde. Rauch und Weihrauch Durch das Vergl\u00fchen von R\u00e4ucherwerk werden Duftstoffe und Wirkstoffe in die Umgebung freigesetzt. Wir betrachten Hintergr\u00fcnde und probieren verschiedene R\u00e4ucherm\u00f6glichkeiten: St\u00e4bchen, Kegel, B\u00fcschel und das R\u00e4uchern auf Kohle. Welche Hilfsmittel werden ben\u00f6tigt. Wie geht man vor. Welche Kr\u00e4uter und Harze ... Weiterlesen\" \/>\n<meta property=\"og:url\" content=\"https:\/\/www.tirza-kirchner.de\/naturheilpraxis\/seminare-zur-winterzeit\/\" \/>\n<meta property=\"og:site_name\" content=\"Mensch\" \/>\n<meta property=\"article:modified_time\" content=\"2024-01-10T11:27:44+00:00\" \/>\n<meta property=\"og:image\" content=\"https:\/\/www.tirza-kirchner.de\/naturheilpraxis\/wp-content\/uploads\/sites\/3\/2018\/01\/mistel-und-fliegenpilz-20-225x300.jpg\" \/>\n<meta name=\"twitter:card\" content=\"summary_large_image\" \/>\n<meta name=\"twitter:label1\" content=\"Gesch\u00e4tzte Lesezeit\" \/>\n\t<meta name=\"twitter:data1\" content=\"2\u00a0Minuten\" \/>\n<script type=\"application\/ld+json\" class=\"yoast-schema-graph\">{\"@context\":\"https:\\\/\\\/schema.org\",\"@graph\":[{\"@type\":\"WebPage\",\"@id\":\"https:\\\/\\\/www.tirza-kirchner.de\\\/naturheilpraxis\\\/seminare-zur-winterzeit\\\/\",\"url\":\"https:\\\/\\\/www.tirza-kirchner.de\\\/naturheilpraxis\\\/seminare-zur-winterzeit\\\/\",\"name\":\"Seminare zur Winterzeit - Mensch\",\"isPartOf\":{\"@id\":\"https:\\\/\\\/www.tirza-kirchner.de\\\/naturheilpraxis\\\/#website\"},\"primaryImageOfPage\":{\"@id\":\"https:\\\/\\\/www.tirza-kirchner.de\\\/naturheilpraxis\\\/seminare-zur-winterzeit\\\/#primaryimage\"},\"image\":{\"@id\":\"https:\\\/\\\/www.tirza-kirchner.de\\\/naturheilpraxis\\\/seminare-zur-winterzeit\\\/#primaryimage\"},\"thumbnailUrl\":\"https:\\\/\\\/www.tirza-kirchner.de\\\/naturheilpraxis\\\/wp-content\\\/uploads\\\/sites\\\/3\\\/2018\\\/01\\\/mistel-und-fliegenpilz-20-225x300.jpg\",\"datePublished\":\"2018-01-19T13:39:26+00:00\",\"dateModified\":\"2024-01-10T11:27:44+00:00\",\"breadcrumb\":{\"@id\":\"https:\\\/\\\/www.tirza-kirchner.de\\\/naturheilpraxis\\\/seminare-zur-winterzeit\\\/#breadcrumb\"},\"inLanguage\":\"de\",\"potentialAction\":[{\"@type\":\"ReadAction\",\"target\":[\"https:\\\/\\\/www.tirza-kirchner.de\\\/naturheilpraxis\\\/seminare-zur-winterzeit\\\/\"]}]},{\"@type\":\"ImageObject\",\"inLanguage\":\"de\",\"@id\":\"https:\\\/\\\/www.tirza-kirchner.de\\\/naturheilpraxis\\\/seminare-zur-winterzeit\\\/#primaryimage\",\"url\":\"https:\\\/\\\/www.tirza-kirchner.de\\\/naturheilpraxis\\\/wp-content\\\/uploads\\\/sites\\\/3\\\/2018\\\/01\\\/mistel-und-fliegenpilz-20.jpg\",\"contentUrl\":\"https:\\\/\\\/www.tirza-kirchner.de\\\/naturheilpraxis\\\/wp-content\\\/uploads\\\/sites\\\/3\\\/2018\\\/01\\\/mistel-und-fliegenpilz-20.jpg\",\"width\":3240,\"height\":4320,\"caption\":\"Ein Fliegenpilz sticht sofort ins Auge.\"},{\"@type\":\"BreadcrumbList\",\"@id\":\"https:\\\/\\\/www.tirza-kirchner.de\\\/naturheilpraxis\\\/seminare-zur-winterzeit\\\/#breadcrumb\",\"itemListElement\":[{\"@type\":\"ListItem\",\"position\":1,\"name\":\"Startseite\",\"item\":\"https:\\\/\\\/www.tirza-kirchner.de\\\/naturheilpraxis\\\/\"},{\"@type\":\"ListItem\",\"position\":2,\"name\":\"Seminare zur Winterzeit\"}]},{\"@type\":\"WebSite\",\"@id\":\"https:\\\/\\\/www.tirza-kirchner.de\\\/naturheilpraxis\\\/#website\",\"url\":\"https:\\\/\\\/www.tirza-kirchner.de\\\/naturheilpraxis\\\/\",\"name\":\"Mensch\",\"description\":\"Eine weitere Tirza Kirchner Website\",\"potentialAction\":[{\"@type\":\"SearchAction\",\"target\":{\"@type\":\"EntryPoint\",\"urlTemplate\":\"https:\\\/\\\/www.tirza-kirchner.de\\\/naturheilpraxis\\\/?s={search_term_string}\"},\"query-input\":{\"@type\":\"PropertyValueSpecification\",\"valueRequired\":true,\"valueName\":\"search_term_string\"}}],\"inLanguage\":\"de\"}]}<\/script>\n<!-- \/ Yoast SEO plugin. -->","yoast_head_json":{"title":"Seminare zur Winterzeit - Mensch","robots":{"index":"index","follow":"follow","max-snippet":"max-snippet:-1","max-image-preview":"max-image-preview:large","max-video-preview":"max-video-preview:-1"},"canonical":"https:\/\/www.tirza-kirchner.de\/naturheilpraxis\/seminare-zur-winterzeit\/","og_locale":"de_DE","og_type":"article","og_title":"Seminare zur Winterzeit - Mensch","og_description":"Wir betrachten Details zu den jeweiligen Themen, probieren aus und erforschen Hintergr\u00fcnde. Rauch und Weihrauch Durch das Vergl\u00fchen von R\u00e4ucherwerk werden Duftstoffe und Wirkstoffe in die Umgebung freigesetzt. Wir betrachten Hintergr\u00fcnde und probieren verschiedene R\u00e4ucherm\u00f6glichkeiten: St\u00e4bchen, Kegel, B\u00fcschel und das R\u00e4uchern auf Kohle. Welche Hilfsmittel werden ben\u00f6tigt. Wie geht man vor. Welche Kr\u00e4uter und Harze ... Weiterlesen","og_url":"https:\/\/www.tirza-kirchner.de\/naturheilpraxis\/seminare-zur-winterzeit\/","og_site_name":"Mensch","article_modified_time":"2024-01-10T11:27:44+00:00","og_image":[{"url":"https:\/\/www.tirza-kirchner.de\/naturheilpraxis\/wp-content\/uploads\/sites\/3\/2018\/01\/mistel-und-fliegenpilz-20-225x300.jpg","type":"","width":"","height":""}],"twitter_card":"summary_large_image","twitter_misc":{"Gesch\u00e4tzte Lesezeit":"2\u00a0Minuten"},"schema":{"@context":"https:\/\/schema.org","@graph":[{"@type":"WebPage","@id":"https:\/\/www.tirza-kirchner.de\/naturheilpraxis\/seminare-zur-winterzeit\/","url":"https:\/\/www.tirza-kirchner.de\/naturheilpraxis\/seminare-zur-winterzeit\/","name":"Seminare zur Winterzeit - Mensch","isPartOf":{"@id":"https:\/\/www.tirza-kirchner.de\/naturheilpraxis\/#website"},"primaryImageOfPage":{"@id":"https:\/\/www.tirza-kirchner.de\/naturheilpraxis\/seminare-zur-winterzeit\/#primaryimage"},"image":{"@id":"https:\/\/www.tirza-kirchner.de\/naturheilpraxis\/seminare-zur-winterzeit\/#primaryimage"},"thumbnailUrl":"https:\/\/www.tirza-kirchner.de\/naturheilpraxis\/wp-content\/uploads\/sites\/3\/2018\/01\/mistel-und-fliegenpilz-20-225x300.jpg","datePublished":"2018-01-19T13:39:26+00:00","dateModified":"2024-01-10T11:27:44+00:00","breadcrumb":{"@id":"https:\/\/www.tirza-kirchner.de\/naturheilpraxis\/seminare-zur-winterzeit\/#breadcrumb"},"inLanguage":"de","potentialAction":[{"@type":"ReadAction","target":["https:\/\/www.tirza-kirchner.de\/naturheilpraxis\/seminare-zur-winterzeit\/"]}]},{"@type":"ImageObject","inLanguage":"de","@id":"https:\/\/www.tirza-kirchner.de\/naturheilpraxis\/seminare-zur-winterzeit\/#primaryimage","url":"https:\/\/www.tirza-kirchner.de\/naturheilpraxis\/wp-content\/uploads\/sites\/3\/2018\/01\/mistel-und-fliegenpilz-20.jpg","contentUrl":"https:\/\/www.tirza-kirchner.de\/naturheilpraxis\/wp-content\/uploads\/sites\/3\/2018\/01\/mistel-und-fliegenpilz-20.jpg","width":3240,"height":4320,"caption":"Ein Fliegenpilz sticht sofort ins Auge."},{"@type":"BreadcrumbList","@id":"https:\/\/www.tirza-kirchner.de\/naturheilpraxis\/seminare-zur-winterzeit\/#breadcrumb","itemListElement":[{"@type":"ListItem","position":1,"name":"Startseite","item":"https:\/\/www.tirza-kirchner.de\/naturheilpraxis\/"},{"@type":"ListItem","position":2,"name":"Seminare zur Winterzeit"}]},{"@type":"WebSite","@id":"https:\/\/www.tirza-kirchner.de\/naturheilpraxis\/#website","url":"https:\/\/www.tirza-kirchner.de\/naturheilpraxis\/","name":"Mensch","description":"Eine weitere Tirza Kirchner Website","potentialAction":[{"@type":"SearchAction","target":{"@type":"EntryPoint","urlTemplate":"https:\/\/www.tirza-kirchner.de\/naturheilpraxis\/?s={search_term_string}"},"query-input":{"@type":"PropertyValueSpecification","valueRequired":true,"valueName":"search_term_string"}}],"inLanguage":"de"}]}},"_links":{"self":[{"href":"https:\/\/www.tirza-kirchner.de\/naturheilpraxis\/wp-json\/wp\/v2\/pages\/311","targetHints":{"allow":["GET"]}}],"collection":[{"href":"https:\/\/www.tirza-kirchner.de\/naturheilpraxis\/wp-json\/wp\/v2\/pages"}],"about":[{"href":"https:\/\/www.tirza-kirchner.de\/naturheilpraxis\/wp-json\/wp\/v2\/types\/page"}],"author":[{"embeddable":true,"href":"https:\/\/www.tirza-kirchner.de\/naturheilpraxis\/wp-json\/wp\/v2\/users\/1"}],"replies":[{"embeddable":true,"href":"https:\/\/www.tirza-kirchner.de\/naturheilpraxis\/wp-json\/wp\/v2\/comments?post=311"}],"version-history":[{"count":7,"href":"https:\/\/www.tirza-kirchner.de\/naturheilpraxis\/wp-json\/wp\/v2\/pages\/311\/revisions"}],"predecessor-version":[{"id":553,"href":"https:\/\/www.tirza-kirchner.de\/naturheilpraxis\/wp-json\/wp\/v2\/pages\/311\/revisions\/553"}],"wp:attachment":[{"href":"https:\/\/www.tirza-kirchner.de\/naturheilpraxis\/wp-json\/wp\/v2\/media?parent=311"}],"curies":[{"name":"wp","href":"https:\/\/api.w.org\/{rel}","templated":true}]}}