{"id":29,"date":"2017-02-07T13:53:28","date_gmt":"2017-02-07T12:53:28","guid":{"rendered":"https:\/\/www.tirza-kirchner.de\/mensch\/?page_id=29"},"modified":"2024-01-10T12:28:23","modified_gmt":"2024-01-10T11:28:23","slug":"tirza-kirchner-seminare","status":"publish","type":"page","link":"https:\/\/www.tirza-kirchner.de\/naturheilpraxis\/tirza-kirchner-seminare\/","title":{"rendered":"Tirza Kirchners Seminare"},"content":{"rendered":"<h2>Komm, wir gehen Sterne pfl\u00fccken!<\/h2>\n<figure id=\"attachment_371\" aria-describedby=\"caption-attachment-371\" style=\"width: 290px\" class=\"wp-caption alignleft\"><img loading=\"lazy\" decoding=\"async\" class=\"size-medium wp-image-371\" src=\"https:\/\/www.tirza-kirchner.de\/naturheilpraxis\/wp-content\/uploads\/sites\/3\/2017\/02\/tirza-kirchner-seminare-300x225.jpg\" alt=\"Tirza Kirchner - Seminare rund um altes Wissen und faszinierende Orte\" width=\"300\" height=\"225\" srcset=\"https:\/\/www.tirza-kirchner.de\/naturheilpraxis\/wp-content\/uploads\/sites\/3\/2017\/02\/tirza-kirchner-seminare-300x225.jpg 300w, https:\/\/www.tirza-kirchner.de\/naturheilpraxis\/wp-content\/uploads\/sites\/3\/2017\/02\/tirza-kirchner-seminare-768x576.jpg 768w, https:\/\/www.tirza-kirchner.de\/naturheilpraxis\/wp-content\/uploads\/sites\/3\/2017\/02\/tirza-kirchner-seminare-1024x768.jpg 1024w\" sizes=\"auto, (max-width: 300px) 100vw, 300px\" \/><figcaption id=\"caption-attachment-371\" class=\"wp-caption-text\">In Tirza Kirchners Seminaren stehen altes Wissen und faszinierende Orte im Mittelpunkt.<\/figcaption><\/figure>\n<p>Tirza Kirchner bietet im Rahmen ihrer Naturheilpraxis viele\u00a0Veranstaltungen an. Sie finden unter den vielseitigen Angeboten\u00a0Abend- und Tagesseminare und Exkursionen hinaus in die Natur. Eine Astrologieausbildung mit einzelnen Astrologieseminaren. Die M\u00f6glichkeit zur\u00a0Pflanzenausbildung. \u2026 das sind Unternehmungen, die die Heilpraktikerin Ihnen anbietet.<\/p>\n<h2>Tirza Kirchner bietet Seminare<\/h2>\n<ul>\n<li><a href=\"https:\/\/www.tirza-kirchner.de\/naturheilpraxis\/pflanzenausbildung\/\">Pflanzenausbildung<\/a><\/li>\n<li><a href=\"https:\/\/www.tirza-kirchner.de\/naturheilpraxis\/pflanzenseminare-in-der-natur\/\">Pflanzenseminare in der Natur<\/a><\/li>\n<li><a href=\"https:\/\/www.tirza-kirchner.de\/naturheilpraxis\/seminare-zur-pflanzenheilkunde\/\">Seminare zur Pflanzenheilkunde<\/a><\/li>\n<li><a href=\"https:\/\/www.tirza-kirchner.de\/naturheilpraxis\/faszinierende-orte\/\">Faszinierende Orte<\/a><\/li>\n<li><a href=\"https:\/\/www.tirza-kirchner.de\/naturheilpraxis\/seminare-zur-winterzeit\/\">Seminare zur Winterzeit<\/a><\/li>\n<li><a href=\"https:\/\/www.tirza-kirchner.de\/naturheilpraxis\/astrologieausbildung-und-seminare\/\">Astrologie: Ausbildung und Seminare<\/a><\/li>\n<\/ul>\n<p>Ein Klick f\u00fchrt Sie zum \u00dcberblick \u00fcber die aktuellen <a href=\"https:\/\/www.tirza-kirchner.de\/aktuelle-termine\/\">Seminar-Angebote<\/a>.<\/p>\n","protected":false},"excerpt":{"rendered":"<p>Komm, wir gehen Sterne pfl\u00fccken! Tirza Kirchner bietet im Rahmen ihrer Naturheilpraxis viele\u00a0Veranstaltungen an. Sie finden unter den vielseitigen Angeboten\u00a0Abend- und Tagesseminare und Exkursionen hinaus in die Natur. Eine Astrologieausbildung mit einzelnen Astrologieseminaren. Die M\u00f6glichkeit zur\u00a0Pflanzenausbildung. \u2026 das sind Unternehmungen, die die Heilpraktikerin Ihnen anbietet. Tirza Kirchner bietet Seminare Pflanzenausbildung Pflanzenseminare in der Natur Seminare &#8230; <a title=\"Tirza Kirchners Seminare\" class=\"read-more\" href=\"https:\/\/www.tirza-kirchner.de\/naturheilpraxis\/tirza-kirchner-seminare\/\" aria-label=\"Mehr Informationen \u00fcber Tirza Kirchners Seminare\">Weiterlesen<\/a><\/p>\n","protected":false},"author":1,"featured_media":0,"parent":0,"menu_order":0,"comment_status":"closed","ping_status":"closed","template":"","meta":{"generate_page_header":"","_mc_calendar":[],"footnotes":""},"class_list":["post-29","page","type-page","status-publish"],"yoast_head":"<!-- This site is optimized with the Yoast SEO plugin v27.4 - https:\/\/yoast.com\/product\/yoast-seo-wordpress\/ -->\n<title>Tirza Kirchners Seminare: Komm, wir gehen Sterne pfl\u00fccken<\/title>\n<meta name=\"description\" content=\"Seminare zeigen eine vielseitige Bandbreite auf. Das Astrologieseminar und die Pflanzenausbildung sind ein Teil des Angebots.\" \/>\n<meta name=\"robots\" content=\"index, follow, max-snippet:-1, max-image-preview:large, max-video-preview:-1\" \/>\n<link rel=\"canonical\" href=\"https:\/\/www.tirza-kirchner.de\/naturheilpraxis\/tirza-kirchner-seminare\/\" \/>\n<meta property=\"og:locale\" content=\"de_DE\" \/>\n<meta property=\"og:type\" content=\"article\" \/>\n<meta property=\"og:title\" content=\"Tirza Kirchners Seminare: Komm, wir gehen Sterne pfl\u00fccken\" \/>\n<meta property=\"og:description\" content=\"Seminare zeigen eine vielseitige Bandbreite auf. Das Astrologieseminar und die Pflanzenausbildung sind ein Teil des Angebots.\" \/>\n<meta property=\"og:url\" content=\"https:\/\/www.tirza-kirchner.de\/naturheilpraxis\/tirza-kirchner-seminare\/\" \/>\n<meta property=\"og:site_name\" content=\"Mensch\" \/>\n<meta property=\"article:modified_time\" content=\"2024-01-10T11:28:23+00:00\" \/>\n<meta property=\"og:image\" content=\"https:\/\/www.tirza-kirchner.de\/naturheilpraxis\/wp-content\/uploads\/sites\/3\/2017\/02\/tirza-kirchner-seminare-300x225.jpg\" \/>\n<meta name=\"twitter:card\" content=\"summary_large_image\" \/>\n<meta name=\"twitter:label1\" content=\"Gesch\u00e4tzte Lesezeit\" \/>\n\t<meta name=\"twitter:data1\" content=\"1\u00a0Minute\" \/>\n<script type=\"application\/ld+json\" class=\"yoast-schema-graph\">{\"@context\":\"https:\\\/\\\/schema.org\",\"@graph\":[{\"@type\":\"WebPage\",\"@id\":\"https:\\\/\\\/www.tirza-kirchner.de\\\/naturheilpraxis\\\/tirza-kirchner-seminare\\\/\",\"url\":\"https:\\\/\\\/www.tirza-kirchner.de\\\/naturheilpraxis\\\/tirza-kirchner-seminare\\\/\",\"name\":\"Tirza Kirchners Seminare: Komm, wir gehen Sterne pfl\u00fccken\",\"isPartOf\":{\"@id\":\"https:\\\/\\\/www.tirza-kirchner.de\\\/naturheilpraxis\\\/#website\"},\"primaryImageOfPage\":{\"@id\":\"https:\\\/\\\/www.tirza-kirchner.de\\\/naturheilpraxis\\\/tirza-kirchner-seminare\\\/#primaryimage\"},\"image\":{\"@id\":\"https:\\\/\\\/www.tirza-kirchner.de\\\/naturheilpraxis\\\/tirza-kirchner-seminare\\\/#primaryimage\"},\"thumbnailUrl\":\"https:\\\/\\\/www.tirza-kirchner.de\\\/naturheilpraxis\\\/wp-content\\\/uploads\\\/sites\\\/3\\\/2017\\\/02\\\/tirza-kirchner-seminare-300x225.jpg\",\"datePublished\":\"2017-02-07T12:53:28+00:00\",\"dateModified\":\"2024-01-10T11:28:23+00:00\",\"description\":\"Seminare zeigen eine vielseitige Bandbreite auf. Das Astrologieseminar und die Pflanzenausbildung sind ein Teil des Angebots.\",\"breadcrumb\":{\"@id\":\"https:\\\/\\\/www.tirza-kirchner.de\\\/naturheilpraxis\\\/tirza-kirchner-seminare\\\/#breadcrumb\"},\"inLanguage\":\"de\",\"potentialAction\":[{\"@type\":\"ReadAction\",\"target\":[\"https:\\\/\\\/www.tirza-kirchner.de\\\/naturheilpraxis\\\/tirza-kirchner-seminare\\\/\"]}]},{\"@type\":\"ImageObject\",\"inLanguage\":\"de\",\"@id\":\"https:\\\/\\\/www.tirza-kirchner.de\\\/naturheilpraxis\\\/tirza-kirchner-seminare\\\/#primaryimage\",\"url\":\"https:\\\/\\\/www.tirza-kirchner.de\\\/naturheilpraxis\\\/wp-content\\\/uploads\\\/sites\\\/3\\\/2017\\\/02\\\/tirza-kirchner-seminare.jpg\",\"contentUrl\":\"https:\\\/\\\/www.tirza-kirchner.de\\\/naturheilpraxis\\\/wp-content\\\/uploads\\\/sites\\\/3\\\/2017\\\/02\\\/tirza-kirchner-seminare.jpg\",\"width\":3264,\"height\":2448,\"caption\":\"In Tirza Kirchners Seminaren stehen altes Wissen und faszinierende Orte im Mittelpunkt.\"},{\"@type\":\"BreadcrumbList\",\"@id\":\"https:\\\/\\\/www.tirza-kirchner.de\\\/naturheilpraxis\\\/tirza-kirchner-seminare\\\/#breadcrumb\",\"itemListElement\":[{\"@type\":\"ListItem\",\"position\":1,\"name\":\"Startseite\",\"item\":\"https:\\\/\\\/www.tirza-kirchner.de\\\/naturheilpraxis\\\/\"},{\"@type\":\"ListItem\",\"position\":2,\"name\":\"Tirza Kirchners Seminare\"}]},{\"@type\":\"WebSite\",\"@id\":\"https:\\\/\\\/www.tirza-kirchner.de\\\/naturheilpraxis\\\/#website\",\"url\":\"https:\\\/\\\/www.tirza-kirchner.de\\\/naturheilpraxis\\\/\",\"name\":\"Mensch\",\"description\":\"Eine weitere Tirza Kirchner Website\",\"potentialAction\":[{\"@type\":\"SearchAction\",\"target\":{\"@type\":\"EntryPoint\",\"urlTemplate\":\"https:\\\/\\\/www.tirza-kirchner.de\\\/naturheilpraxis\\\/?s={search_term_string}\"},\"query-input\":{\"@type\":\"PropertyValueSpecification\",\"valueRequired\":true,\"valueName\":\"search_term_string\"}}],\"inLanguage\":\"de\"}]}<\/script>\n<!-- \/ Yoast SEO plugin. -->","yoast_head_json":{"title":"Tirza Kirchners Seminare: Komm, wir gehen Sterne pfl\u00fccken","description":"Seminare zeigen eine vielseitige Bandbreite auf. Das Astrologieseminar und die Pflanzenausbildung sind ein Teil des Angebots.","robots":{"index":"index","follow":"follow","max-snippet":"max-snippet:-1","max-image-preview":"max-image-preview:large","max-video-preview":"max-video-preview:-1"},"canonical":"https:\/\/www.tirza-kirchner.de\/naturheilpraxis\/tirza-kirchner-seminare\/","og_locale":"de_DE","og_type":"article","og_title":"Tirza Kirchners Seminare: Komm, wir gehen Sterne pfl\u00fccken","og_description":"Seminare zeigen eine vielseitige Bandbreite auf. Das Astrologieseminar und die Pflanzenausbildung sind ein Teil des Angebots.","og_url":"https:\/\/www.tirza-kirchner.de\/naturheilpraxis\/tirza-kirchner-seminare\/","og_site_name":"Mensch","article_modified_time":"2024-01-10T11:28:23+00:00","og_image":[{"url":"https:\/\/www.tirza-kirchner.de\/naturheilpraxis\/wp-content\/uploads\/sites\/3\/2017\/02\/tirza-kirchner-seminare-300x225.jpg","type":"","width":"","height":""}],"twitter_card":"summary_large_image","twitter_misc":{"Gesch\u00e4tzte Lesezeit":"1\u00a0Minute"},"schema":{"@context":"https:\/\/schema.org","@graph":[{"@type":"WebPage","@id":"https:\/\/www.tirza-kirchner.de\/naturheilpraxis\/tirza-kirchner-seminare\/","url":"https:\/\/www.tirza-kirchner.de\/naturheilpraxis\/tirza-kirchner-seminare\/","name":"Tirza Kirchners Seminare: Komm, wir gehen Sterne pfl\u00fccken","isPartOf":{"@id":"https:\/\/www.tirza-kirchner.de\/naturheilpraxis\/#website"},"primaryImageOfPage":{"@id":"https:\/\/www.tirza-kirchner.de\/naturheilpraxis\/tirza-kirchner-seminare\/#primaryimage"},"image":{"@id":"https:\/\/www.tirza-kirchner.de\/naturheilpraxis\/tirza-kirchner-seminare\/#primaryimage"},"thumbnailUrl":"https:\/\/www.tirza-kirchner.de\/naturheilpraxis\/wp-content\/uploads\/sites\/3\/2017\/02\/tirza-kirchner-seminare-300x225.jpg","datePublished":"2017-02-07T12:53:28+00:00","dateModified":"2024-01-10T11:28:23+00:00","description":"Seminare zeigen eine vielseitige Bandbreite auf. Das Astrologieseminar und die Pflanzenausbildung sind ein Teil des Angebots.","breadcrumb":{"@id":"https:\/\/www.tirza-kirchner.de\/naturheilpraxis\/tirza-kirchner-seminare\/#breadcrumb"},"inLanguage":"de","potentialAction":[{"@type":"ReadAction","target":["https:\/\/www.tirza-kirchner.de\/naturheilpraxis\/tirza-kirchner-seminare\/"]}]},{"@type":"ImageObject","inLanguage":"de","@id":"https:\/\/www.tirza-kirchner.de\/naturheilpraxis\/tirza-kirchner-seminare\/#primaryimage","url":"https:\/\/www.tirza-kirchner.de\/naturheilpraxis\/wp-content\/uploads\/sites\/3\/2017\/02\/tirza-kirchner-seminare.jpg","contentUrl":"https:\/\/www.tirza-kirchner.de\/naturheilpraxis\/wp-content\/uploads\/sites\/3\/2017\/02\/tirza-kirchner-seminare.jpg","width":3264,"height":2448,"caption":"In Tirza Kirchners Seminaren stehen altes Wissen und faszinierende Orte im Mittelpunkt."},{"@type":"BreadcrumbList","@id":"https:\/\/www.tirza-kirchner.de\/naturheilpraxis\/tirza-kirchner-seminare\/#breadcrumb","itemListElement":[{"@type":"ListItem","position":1,"name":"Startseite","item":"https:\/\/www.tirza-kirchner.de\/naturheilpraxis\/"},{"@type":"ListItem","position":2,"name":"Tirza Kirchners Seminare"}]},{"@type":"WebSite","@id":"https:\/\/www.tirza-kirchner.de\/naturheilpraxis\/#website","url":"https:\/\/www.tirza-kirchner.de\/naturheilpraxis\/","name":"Mensch","description":"Eine weitere Tirza Kirchner Website","potentialAction":[{"@type":"SearchAction","target":{"@type":"EntryPoint","urlTemplate":"https:\/\/www.tirza-kirchner.de\/naturheilpraxis\/?s={search_term_string}"},"query-input":{"@type":"PropertyValueSpecification","valueRequired":true,"valueName":"search_term_string"}}],"inLanguage":"de"}]}},"_links":{"self":[{"href":"https:\/\/www.tirza-kirchner.de\/naturheilpraxis\/wp-json\/wp\/v2\/pages\/29","targetHints":{"allow":["GET"]}}],"collection":[{"href":"https:\/\/www.tirza-kirchner.de\/naturheilpraxis\/wp-json\/wp\/v2\/pages"}],"about":[{"href":"https:\/\/www.tirza-kirchner.de\/naturheilpraxis\/wp-json\/wp\/v2\/types\/page"}],"author":[{"embeddable":true,"href":"https:\/\/www.tirza-kirchner.de\/naturheilpraxis\/wp-json\/wp\/v2\/users\/1"}],"replies":[{"embeddable":true,"href":"https:\/\/www.tirza-kirchner.de\/naturheilpraxis\/wp-json\/wp\/v2\/comments?post=29"}],"version-history":[{"count":33,"href":"https:\/\/www.tirza-kirchner.de\/naturheilpraxis\/wp-json\/wp\/v2\/pages\/29\/revisions"}],"predecessor-version":[{"id":554,"href":"https:\/\/www.tirza-kirchner.de\/naturheilpraxis\/wp-json\/wp\/v2\/pages\/29\/revisions\/554"}],"wp:attachment":[{"href":"https:\/\/www.tirza-kirchner.de\/naturheilpraxis\/wp-json\/wp\/v2\/media?parent=29"}],"curies":[{"name":"wp","href":"https:\/\/api.w.org\/{rel}","templated":true}]}}