{"id":23,"date":"2017-02-06T17:40:25","date_gmt":"2017-02-06T16:40:25","guid":{"rendered":"https:\/\/www.tirza-kirchner.de\/mensch\/?page_id=23"},"modified":"2018-05-27T09:37:24","modified_gmt":"2018-05-27T07:37:24","slug":"astromedizin","status":"publish","type":"page","link":"https:\/\/www.tirza-kirchner.de\/naturheilpraxis\/astromedizin\/","title":{"rendered":"Astromedizin"},"content":{"rendered":"<div class=\"csc-header csc-header-n1\">\n<h2 class=\"csc-firstHeader\">Medizin und Astrologie<\/h2>\n<figure id=\"attachment_369\" aria-describedby=\"caption-attachment-369\" style=\"width: 260px\" class=\"wp-caption alignleft\"><img loading=\"lazy\" decoding=\"async\" class=\"size-medium wp-image-369\" src=\"https:\/\/www.tirza-kirchner.de\/naturheilpraxis\/wp-content\/uploads\/sites\/3\/2017\/02\/astromedizin-270x300.jpg\" alt=\"Astromedizin: Tirza Kirchner verbindet Medizin und Astrologie miteinander.\" width=\"270\" height=\"300\" srcset=\"https:\/\/www.tirza-kirchner.de\/naturheilpraxis\/wp-content\/uploads\/sites\/3\/2017\/02\/astromedizin-270x300.jpg 270w, https:\/\/www.tirza-kirchner.de\/naturheilpraxis\/wp-content\/uploads\/sites\/3\/2017\/02\/astromedizin-768x853.jpg 768w, https:\/\/www.tirza-kirchner.de\/naturheilpraxis\/wp-content\/uploads\/sites\/3\/2017\/02\/astromedizin-922x1024.jpg 922w, https:\/\/www.tirza-kirchner.de\/naturheilpraxis\/wp-content\/uploads\/sites\/3\/2017\/02\/astromedizin.jpg 1712w\" sizes=\"auto, (max-width: 270px) 100vw, 270px\" \/><figcaption id=\"caption-attachment-369\" class=\"wp-caption-text\">Astromedizin: Tirza Kirchner verbindet Astrologie und Medizin.<\/figcaption><\/figure>\n<p class=\"csc-firstHeader\">Schon in uralten Kulturen gab es die Astromedizin, die Astrologie mit der Medizin verkn\u00fcpfte.<\/p>\n<h2 class=\"csc-firstHeader\">Leben Sie Ihre Energien!<\/h2>\n<p class=\"csc-firstHeader\">\u00dcber das genaue <a href=\"https:\/\/www.tirza-kirchner.de\/naturheilpraxis\/astrologie\/\">Geburtshoroskop <\/a>ist erkennbar, welche pers\u00f6nlichen Eigenschaften, Talente und Themen ein Mensch mit ins Leben bringt. Das alles sind Chancen und M\u00f6glichkeiten. Wie ein Mensch diese lebt, das entscheiden sein Umfeld und er selbst.<\/p>\n<p class=\"csc-firstHeader\">Das Leben der eigenen Energie ist gesund und richtig. Unterdr\u00fccken Sie Ihre innewohnende Kraft nicht! Krankheiten entstehen durch das Verdr\u00e4ngen von Energien. Eine verdr\u00e4ngte Kraft kann sich in Form einer Krankheit einen Weg suchen, um wahrgenommen, erkannt und gelebt zu werden.<\/p>\n<h2 class=\"csc-firstHeader\">Astromedizin: K\u00f6rper und Heilmittel<\/h2>\n<p class=\"csc-firstHeader\">Nach der Lehre der Astrologie und Astromedizin sind alle K\u00f6rperregionen, K\u00f6rpersysteme, Organe und deren Erkrankungen astrologisch den Planeten und Tierkreiszeichen zugeordnet, ebenso die Heilmittel aus dem Pflanzen-, Tier- und Mineralreich. Erkrankungen und die dazu geh\u00f6renden Symptome werden mit bestimmten Konstellationen Ihres Horoskops in Verbindung gebracht. Diese stehen dann wiederum f\u00fcr Themen, die in Ihrem Leben ihren Raum suchen und unsichtbare Krankheitsursachen sein k\u00f6nnen. Das Geburtshoroskop zeigt heilende Wege auf. F\u00fcr den Patienten passende Heilmittel und Therapieformen werden\u00a0so ebenfalls gefunden.<\/p>\n<h2 class=\"csc-firstHeader\">Die \u2013 f\u00fcr Sie passende \u2013 Therapie<\/h2>\n<p class=\"csc-firstHeader\">\u00dcber die Astromedizin ber\u00e4t\u00a0Sie Tirza Kirchner bei gesundheitlichen Themen und hilft Ihnen, verborgende Talente zu erkennen und zu nutzen. Sie erhalten Anst\u00f6\u00dfe, um bestimmte Themen\u00a0in Ihr Leben zu integrieren, was wiederum Auswirkung auf Ihre Gesundheit haben kann. Au\u00dferdem stellt Tirza Kirchner die astrologisch f\u00fcr Sie passende Therapie zusammen.<\/p>\n<p>Lesen Sie weitere Details zu den einzelnen <a href=\"https:\/\/www.tirza-kirchner.de\/naturheilpraxis\/leistungen-preise-bedingungen\/astroberatung\/\">astrologischen Beratungsm\u00f6glichkeiten<\/a>.<\/p>\n<\/div>\n","protected":false},"excerpt":{"rendered":"<p>Medizin und Astrologie Schon in uralten Kulturen gab es die Astromedizin, die Astrologie mit der Medizin verkn\u00fcpfte. Leben Sie Ihre Energien! \u00dcber das genaue Geburtshoroskop ist erkennbar, welche pers\u00f6nlichen Eigenschaften, Talente und Themen ein Mensch mit ins Leben bringt. Das alles sind Chancen und M\u00f6glichkeiten. Wie ein Mensch diese lebt, das entscheiden sein Umfeld und &#8230; <a title=\"Astromedizin\" class=\"read-more\" href=\"https:\/\/www.tirza-kirchner.de\/naturheilpraxis\/astromedizin\/\" aria-label=\"Mehr Informationen \u00fcber Astromedizin\">Weiterlesen<\/a><\/p>\n","protected":false},"author":1,"featured_media":0,"parent":0,"menu_order":0,"comment_status":"closed","ping_status":"closed","template":"","meta":{"generate_page_header":"","_mc_calendar":[],"footnotes":""},"class_list":["post-23","page","type-page","status-publish"],"yoast_head":"<!-- This site is optimized with the Yoast SEO plugin v27.4 - https:\/\/yoast.com\/product\/yoast-seo-wordpress\/ -->\n<title>Astromedizin: Heilpraktikerin Tirza Kirchner verbindet Astrologie und Medizin<\/title>\n<meta name=\"description\" content=\"Astromedizin: Astrologie und Medizin sind stark miteinander verbunden. Das Geburtshoroskop gibt Aufschluss dar\u00fcber, was ein Mensch an Potenzial mitbringt.\" \/>\n<meta name=\"robots\" content=\"index, follow, max-snippet:-1, max-image-preview:large, max-video-preview:-1\" \/>\n<link rel=\"canonical\" href=\"https:\/\/www.tirza-kirchner.de\/naturheilpraxis\/astromedizin\/\" \/>\n<meta property=\"og:locale\" content=\"de_DE\" \/>\n<meta property=\"og:type\" content=\"article\" \/>\n<meta property=\"og:title\" content=\"Astromedizin: Heilpraktikerin Tirza Kirchner verbindet Astrologie und Medizin\" \/>\n<meta property=\"og:description\" content=\"Astromedizin: Astrologie und Medizin sind stark miteinander verbunden. Das Geburtshoroskop gibt Aufschluss dar\u00fcber, was ein Mensch an Potenzial mitbringt.\" \/>\n<meta property=\"og:url\" content=\"https:\/\/www.tirza-kirchner.de\/naturheilpraxis\/astromedizin\/\" \/>\n<meta property=\"og:site_name\" content=\"Mensch\" \/>\n<meta property=\"article:modified_time\" content=\"2018-05-27T07:37:24+00:00\" \/>\n<meta property=\"og:image\" content=\"https:\/\/www.tirza-kirchner.de\/naturheilpraxis\/wp-content\/uploads\/sites\/3\/2017\/02\/astromedizin-270x300.jpg\" \/>\n<meta name=\"twitter:card\" content=\"summary_large_image\" \/>\n<meta name=\"twitter:label1\" content=\"Gesch\u00e4tzte Lesezeit\" \/>\n\t<meta name=\"twitter:data1\" content=\"1\u00a0Minute\" \/>\n<script type=\"application\/ld+json\" class=\"yoast-schema-graph\">{\"@context\":\"https:\\\/\\\/schema.org\",\"@graph\":[{\"@type\":\"WebPage\",\"@id\":\"https:\\\/\\\/www.tirza-kirchner.de\\\/naturheilpraxis\\\/astromedizin\\\/\",\"url\":\"https:\\\/\\\/www.tirza-kirchner.de\\\/naturheilpraxis\\\/astromedizin\\\/\",\"name\":\"Astromedizin: Heilpraktikerin Tirza Kirchner verbindet Astrologie und Medizin\",\"isPartOf\":{\"@id\":\"https:\\\/\\\/www.tirza-kirchner.de\\\/naturheilpraxis\\\/#website\"},\"primaryImageOfPage\":{\"@id\":\"https:\\\/\\\/www.tirza-kirchner.de\\\/naturheilpraxis\\\/astromedizin\\\/#primaryimage\"},\"image\":{\"@id\":\"https:\\\/\\\/www.tirza-kirchner.de\\\/naturheilpraxis\\\/astromedizin\\\/#primaryimage\"},\"thumbnailUrl\":\"https:\\\/\\\/www.tirza-kirchner.de\\\/naturheilpraxis\\\/wp-content\\\/uploads\\\/sites\\\/3\\\/2017\\\/02\\\/astromedizin-270x300.jpg\",\"datePublished\":\"2017-02-06T16:40:25+00:00\",\"dateModified\":\"2018-05-27T07:37:24+00:00\",\"description\":\"Astromedizin: Astrologie und Medizin sind stark miteinander verbunden. Das Geburtshoroskop gibt Aufschluss dar\u00fcber, was ein Mensch an Potenzial mitbringt.\",\"breadcrumb\":{\"@id\":\"https:\\\/\\\/www.tirza-kirchner.de\\\/naturheilpraxis\\\/astromedizin\\\/#breadcrumb\"},\"inLanguage\":\"de\",\"potentialAction\":[{\"@type\":\"ReadAction\",\"target\":[\"https:\\\/\\\/www.tirza-kirchner.de\\\/naturheilpraxis\\\/astromedizin\\\/\"]}]},{\"@type\":\"ImageObject\",\"inLanguage\":\"de\",\"@id\":\"https:\\\/\\\/www.tirza-kirchner.de\\\/naturheilpraxis\\\/astromedizin\\\/#primaryimage\",\"url\":\"https:\\\/\\\/www.tirza-kirchner.de\\\/naturheilpraxis\\\/wp-content\\\/uploads\\\/sites\\\/3\\\/2017\\\/02\\\/astromedizin.jpg\",\"contentUrl\":\"https:\\\/\\\/www.tirza-kirchner.de\\\/naturheilpraxis\\\/wp-content\\\/uploads\\\/sites\\\/3\\\/2017\\\/02\\\/astromedizin.jpg\",\"width\":1712,\"height\":1902,\"caption\":\"Astromedizin: Tirza Kirchner verbindet Astrologie und Medizin.\"},{\"@type\":\"BreadcrumbList\",\"@id\":\"https:\\\/\\\/www.tirza-kirchner.de\\\/naturheilpraxis\\\/astromedizin\\\/#breadcrumb\",\"itemListElement\":[{\"@type\":\"ListItem\",\"position\":1,\"name\":\"Startseite\",\"item\":\"https:\\\/\\\/www.tirza-kirchner.de\\\/naturheilpraxis\\\/\"},{\"@type\":\"ListItem\",\"position\":2,\"name\":\"Astromedizin\"}]},{\"@type\":\"WebSite\",\"@id\":\"https:\\\/\\\/www.tirza-kirchner.de\\\/naturheilpraxis\\\/#website\",\"url\":\"https:\\\/\\\/www.tirza-kirchner.de\\\/naturheilpraxis\\\/\",\"name\":\"Mensch\",\"description\":\"Eine weitere Tirza Kirchner Website\",\"potentialAction\":[{\"@type\":\"SearchAction\",\"target\":{\"@type\":\"EntryPoint\",\"urlTemplate\":\"https:\\\/\\\/www.tirza-kirchner.de\\\/naturheilpraxis\\\/?s={search_term_string}\"},\"query-input\":{\"@type\":\"PropertyValueSpecification\",\"valueRequired\":true,\"valueName\":\"search_term_string\"}}],\"inLanguage\":\"de\"}]}<\/script>\n<!-- \/ Yoast SEO plugin. -->","yoast_head_json":{"title":"Astromedizin: Heilpraktikerin Tirza Kirchner verbindet Astrologie und Medizin","description":"Astromedizin: Astrologie und Medizin sind stark miteinander verbunden. Das Geburtshoroskop gibt Aufschluss dar\u00fcber, was ein Mensch an Potenzial mitbringt.","robots":{"index":"index","follow":"follow","max-snippet":"max-snippet:-1","max-image-preview":"max-image-preview:large","max-video-preview":"max-video-preview:-1"},"canonical":"https:\/\/www.tirza-kirchner.de\/naturheilpraxis\/astromedizin\/","og_locale":"de_DE","og_type":"article","og_title":"Astromedizin: Heilpraktikerin Tirza Kirchner verbindet Astrologie und Medizin","og_description":"Astromedizin: Astrologie und Medizin sind stark miteinander verbunden. Das Geburtshoroskop gibt Aufschluss dar\u00fcber, was ein Mensch an Potenzial mitbringt.","og_url":"https:\/\/www.tirza-kirchner.de\/naturheilpraxis\/astromedizin\/","og_site_name":"Mensch","article_modified_time":"2018-05-27T07:37:24+00:00","og_image":[{"url":"https:\/\/www.tirza-kirchner.de\/naturheilpraxis\/wp-content\/uploads\/sites\/3\/2017\/02\/astromedizin-270x300.jpg","type":"","width":"","height":""}],"twitter_card":"summary_large_image","twitter_misc":{"Gesch\u00e4tzte Lesezeit":"1\u00a0Minute"},"schema":{"@context":"https:\/\/schema.org","@graph":[{"@type":"WebPage","@id":"https:\/\/www.tirza-kirchner.de\/naturheilpraxis\/astromedizin\/","url":"https:\/\/www.tirza-kirchner.de\/naturheilpraxis\/astromedizin\/","name":"Astromedizin: Heilpraktikerin Tirza Kirchner verbindet Astrologie und Medizin","isPartOf":{"@id":"https:\/\/www.tirza-kirchner.de\/naturheilpraxis\/#website"},"primaryImageOfPage":{"@id":"https:\/\/www.tirza-kirchner.de\/naturheilpraxis\/astromedizin\/#primaryimage"},"image":{"@id":"https:\/\/www.tirza-kirchner.de\/naturheilpraxis\/astromedizin\/#primaryimage"},"thumbnailUrl":"https:\/\/www.tirza-kirchner.de\/naturheilpraxis\/wp-content\/uploads\/sites\/3\/2017\/02\/astromedizin-270x300.jpg","datePublished":"2017-02-06T16:40:25+00:00","dateModified":"2018-05-27T07:37:24+00:00","description":"Astromedizin: Astrologie und Medizin sind stark miteinander verbunden. Das Geburtshoroskop gibt Aufschluss dar\u00fcber, was ein Mensch an Potenzial mitbringt.","breadcrumb":{"@id":"https:\/\/www.tirza-kirchner.de\/naturheilpraxis\/astromedizin\/#breadcrumb"},"inLanguage":"de","potentialAction":[{"@type":"ReadAction","target":["https:\/\/www.tirza-kirchner.de\/naturheilpraxis\/astromedizin\/"]}]},{"@type":"ImageObject","inLanguage":"de","@id":"https:\/\/www.tirza-kirchner.de\/naturheilpraxis\/astromedizin\/#primaryimage","url":"https:\/\/www.tirza-kirchner.de\/naturheilpraxis\/wp-content\/uploads\/sites\/3\/2017\/02\/astromedizin.jpg","contentUrl":"https:\/\/www.tirza-kirchner.de\/naturheilpraxis\/wp-content\/uploads\/sites\/3\/2017\/02\/astromedizin.jpg","width":1712,"height":1902,"caption":"Astromedizin: Tirza Kirchner verbindet Astrologie und Medizin."},{"@type":"BreadcrumbList","@id":"https:\/\/www.tirza-kirchner.de\/naturheilpraxis\/astromedizin\/#breadcrumb","itemListElement":[{"@type":"ListItem","position":1,"name":"Startseite","item":"https:\/\/www.tirza-kirchner.de\/naturheilpraxis\/"},{"@type":"ListItem","position":2,"name":"Astromedizin"}]},{"@type":"WebSite","@id":"https:\/\/www.tirza-kirchner.de\/naturheilpraxis\/#website","url":"https:\/\/www.tirza-kirchner.de\/naturheilpraxis\/","name":"Mensch","description":"Eine weitere Tirza Kirchner Website","potentialAction":[{"@type":"SearchAction","target":{"@type":"EntryPoint","urlTemplate":"https:\/\/www.tirza-kirchner.de\/naturheilpraxis\/?s={search_term_string}"},"query-input":{"@type":"PropertyValueSpecification","valueRequired":true,"valueName":"search_term_string"}}],"inLanguage":"de"}]}},"_links":{"self":[{"href":"https:\/\/www.tirza-kirchner.de\/naturheilpraxis\/wp-json\/wp\/v2\/pages\/23","targetHints":{"allow":["GET"]}}],"collection":[{"href":"https:\/\/www.tirza-kirchner.de\/naturheilpraxis\/wp-json\/wp\/v2\/pages"}],"about":[{"href":"https:\/\/www.tirza-kirchner.de\/naturheilpraxis\/wp-json\/wp\/v2\/types\/page"}],"author":[{"embeddable":true,"href":"https:\/\/www.tirza-kirchner.de\/naturheilpraxis\/wp-json\/wp\/v2\/users\/1"}],"replies":[{"embeddable":true,"href":"https:\/\/www.tirza-kirchner.de\/naturheilpraxis\/wp-json\/wp\/v2\/comments?post=23"}],"version-history":[{"count":32,"href":"https:\/\/www.tirza-kirchner.de\/naturheilpraxis\/wp-json\/wp\/v2\/pages\/23\/revisions"}],"predecessor-version":[{"id":478,"href":"https:\/\/www.tirza-kirchner.de\/naturheilpraxis\/wp-json\/wp\/v2\/pages\/23\/revisions\/478"}],"wp:attachment":[{"href":"https:\/\/www.tirza-kirchner.de\/naturheilpraxis\/wp-json\/wp\/v2\/media?parent=23"}],"curies":[{"name":"wp","href":"https:\/\/api.w.org\/{rel}","templated":true}]}}