{"id":19,"date":"2017-02-06T17:40:16","date_gmt":"2017-02-06T16:40:16","guid":{"rendered":"https:\/\/www.tirza-kirchner.de\/mensch\/?page_id=19"},"modified":"2024-01-10T12:19:50","modified_gmt":"2024-01-10T11:19:50","slug":"astrologie","status":"publish","type":"page","link":"https:\/\/www.tirza-kirchner.de\/naturheilpraxis\/astrologie\/","title":{"rendered":"Astrologie"},"content":{"rendered":"<div class=\"csc-header csc-header-n1\">\n<h2 class=\"csc-firstHeader\">Nutzen Sie die Kraft der Sterne!<\/h2>\n<figure id=\"attachment_294\" aria-describedby=\"caption-attachment-294\" style=\"width: 290px\" class=\"wp-caption alignleft\"><img loading=\"lazy\" decoding=\"async\" class=\"size-medium wp-image-294\" src=\"https:\/\/www.tirza-kirchner.de\/naturheilpraxis\/wp-content\/uploads\/sites\/3\/2017\/02\/astrologie-300x168.jpg\" alt=\"Astrologie: Tirza Kirchner liest den Stand der Himmelsk\u00f6rper.\" width=\"300\" height=\"168\" srcset=\"https:\/\/www.tirza-kirchner.de\/naturheilpraxis\/wp-content\/uploads\/sites\/3\/2017\/02\/astrologie-300x168.jpg 300w, https:\/\/www.tirza-kirchner.de\/naturheilpraxis\/wp-content\/uploads\/sites\/3\/2017\/02\/astrologie-768x430.jpg 768w, https:\/\/www.tirza-kirchner.de\/naturheilpraxis\/wp-content\/uploads\/sites\/3\/2017\/02\/astrologie-1024x574.jpg 1024w\" sizes=\"auto, (max-width: 300px) 100vw, 300px\" \/><figcaption id=\"caption-attachment-294\" class=\"wp-caption-text\">Astrologie: Tirza Kirchner liest f\u00fcr Sie den Stand der Sterne.<\/figcaption><\/figure>\n<p class=\"csc-firstHeader\">Im Laufe eines Jahreskreises zeigen sich in der Natur unterschiedliche Kr\u00e4fte, die in den Pflanzen und im menschlichen K\u00f6rper wirken.\u00a0Die uralte Lehre der Astrologie besch\u00e4ftigt sich mit\u00a0eben diesen Energien.<\/p>\n<p class=\"csc-firstHeader\">In einem ewigen Kreislauf des Werdens und Vergehens bleiben die Energien im Universum erhalten. Doch in diesem Kreislauf herrscht auch st\u00e4ndige Bewegung und Ver\u00e4nderung. Und das l\u00e4sst sich ersp\u00fcren und in der Natur wahrnehmen. Wir kennen, sp\u00fcren und beobachten die Kr\u00e4fte der Winter- und Sommersonnenwende, der Tag-und-Nacht-Gleichen, die Gezeiten der Meere, das Aufgehen des Samens zu seiner Zeit und den R\u00fcckzug der Pflanzen zum Winterbeginn. In all dem spiegeln sich die Himmelskr\u00e4fte, die Kr\u00e4fte der Sterne und Planeten.<\/p>\n<h2 class=\"csc-firstHeader\">Die Kraft der Sterne zum Zeitpunkt Ihrer Geburt<\/h2>\n<p class=\"csc-firstHeader\">Ihr Geburtshoroskop (Radix) und seine astrologische Deutung zeigen nach der Deutung der Astrologie pers\u00f6nliche Merkmale und Ihre ganz pers\u00f6nlichen Themen und M\u00f6glichkeiten. Betrachtet wird der Stand der Gestirne zum exakten Moment Ihrer Geburt. Je nachdem wie in diesem Moment die Planeten am Himmel standen, wecken sie nach der astrologischen Lehre unterschiedliche Kr\u00e4fte in Ihnen und verweisen auf Themen.<\/p>\n<p class=\"csc-firstHeader\">Anhand der exakten Geburtsdaten \u2013 Datum, Uhrzeit und Ort \u2013 beleuchtet Tirza Kirchner verschiedene\u00a0Bereiche ganz pers\u00f6nlich:<\/p>\n<\/div>\n<ul>\n<li>Deutung Ihrer Anlagen, F\u00e4higkeiten und Potenziale<\/li>\n<li>Deuten von Themen und Entwicklungsm\u00f6glichkeiten in einer bestimmten Lebensphase<\/li>\n<li>Pers\u00f6nlichkeitsanalyse<\/li>\n<li>Berufsberatung<\/li>\n<li>Beziehungs- und Partnerschaftsthemen<\/li>\n<li>Beantwortung Ihrer konkreten Fragen<\/li>\n<\/ul>\n<h2 class=\"bodytext\">Astrologie: Pers\u00f6nliche Potenziale, Talente und Energien<\/h2>\n<p class=\"bodytext\">Durch die psychologische und spirituelle Astrologie sollen Ihre ganz eigenen Potentiale, Talente und Energien sichtbar gemacht werden, damit Sie diese gut\u00a0nutzen k\u00f6nnen. Sehen Sie wer Sie wirklich sind. Warum Sie so reagieren und handeln wie Sie es tun. Warum Ihnen bestimmte Situationen immer wieder begegnen. Was Sie brauchen um sich wohl zu f\u00fchlen und strahlen zu k\u00f6nnen. Das ist\u00a0f\u00fcr jeden von uns eine gro\u00dfe Wohltat. Damit die Energie ungehindert\u00a0flie\u00dft, zeigt die Astrologie Ihnen Ihre pers\u00f6nlichen Ressourcen auf.<\/p>\n<p class=\"bodytext\">Entdecken Sie mithilfe der Kraft der Sterne Ihre ganz eigene Energie &#8211; Ihre M\u00f6glichkeiten und Potentiale! Das meint vor allem positive Energie.<\/p>\n<p class=\"bodytext\">Wenn Sie das Gef\u00fchl haben, dass hinter k\u00f6rperlichen Beschwerden bestimmte Lebensthemen und Aufgaben stehen, dann lesen Sie weiter \u00fcber <a href=\"https:\/\/www.tirza-kirchner.de\/naturheilpraxis\/astromedizin\/\">Astromedizin<\/a>!<\/p>\n<h2>Die Kraft der aktuellen Himmelseinfl\u00fcsse<\/h2>\n<p>Im Geburtshoroskop spiegeln sich die Potenziale unserer Pers\u00f6nlichkeit. Doch zu jedem Zeitpunkt unseres Lebens treten andere Lebensthemen in den Vordergrund. Dar\u00fcber entscheidet aus astrologischer Sicht der aktuelle \u00a0Stand der Sterne. Er lenkt den Blick auf Themen des Lebens, die durch diese Konstellation beleuchtet werden und zeitweise besonders in den Vordergrund treten. Bildlich gesprochen gibt uns der Himmel mit seinen Planetenkr\u00e4ften Geschenke, die uns helfen, uns mit unseren pers\u00f6nlichen Themen zu befassen &#8211; und diese auch wirklich besser zu leben. Damit bietet die Astrologie Prognosen und Hilfestellungen gleichzeitig.<\/p>\n<blockquote>\n<p class=\"bodytext\">Tirza Kichner: &#8222;Die Astrologie verschafft Ihnen wirkliche Aha-Effekte. Sie erkennen warum sie genauso reagieren wie sie es tun. Sie sehen wer Sie sind und wie Sie auch wirklich sein d\u00fcrfen. Sie zeigt Ihnen Ihre Chancen und M\u00f6glichkeiten und verweist auf Extreme, die es zu vermeiden gilt.&#8220;<\/p>\n<\/blockquote>\n<p>Setzen Sie sich gern jederzeit mit Tirza Kirchner in Verbindung, wenn Sie sich f\u00fcr Ihre ganz pers\u00f6nlichen Potenziale und M\u00f6glichkeiten interessieren. Nutzen Sie daf\u00fcr das <a href=\"https:\/\/www.tirza-kirchner.de\/kontakt\/\">Kontaktformular<\/a> oder rufen Sie an unter 0911 9238912. Oder lesen Sie weitere Details zu den einzelnen <a href=\"https:\/\/www.tirza-kirchner.de\/naturheilpraxis\/leistungen-preise-bedingungen\/astroberatung\/\">astrologischen Beratungsm\u00f6glichkeiten<\/a>.<\/p>\n","protected":false},"excerpt":{"rendered":"<p>Nutzen Sie die Kraft der Sterne! Im Laufe eines Jahreskreises zeigen sich in der Natur unterschiedliche Kr\u00e4fte, die in den Pflanzen und im menschlichen K\u00f6rper wirken.\u00a0Die uralte Lehre der Astrologie besch\u00e4ftigt sich mit\u00a0eben diesen Energien. In einem ewigen Kreislauf des Werdens und Vergehens bleiben die Energien im Universum erhalten. Doch in diesem Kreislauf herrscht auch &#8230; <a title=\"Astrologie\" class=\"read-more\" href=\"https:\/\/www.tirza-kirchner.de\/naturheilpraxis\/astrologie\/\" aria-label=\"Mehr Informationen \u00fcber Astrologie\">Weiterlesen<\/a><\/p>\n","protected":false},"author":1,"featured_media":0,"parent":0,"menu_order":0,"comment_status":"closed","ping_status":"closed","template":"","meta":{"generate_page_header":"","_mc_calendar":[],"footnotes":""},"class_list":["post-19","page","type-page","status-publish"],"yoast_head":"<!-- This site is optimized with the Yoast SEO plugin v27.4 - https:\/\/yoast.com\/product\/yoast-seo-wordpress\/ -->\n<title>Tirza Kirchner ber\u00e4t Sie mithilfe der Astrologie rund um Ihre pers\u00f6nliche Entwicklung<\/title>\n<meta name=\"description\" content=\"Die Astrologie hilft bei der Pers\u00f6nlichkeitsenwicklung. Es k\u00f6nnen Veranlagungen, verborgene F\u00e4higkeiten oder Entwicklungsm\u00f6glichkeiten aufgezeigt werden.\" \/>\n<meta name=\"robots\" content=\"index, follow, max-snippet:-1, max-image-preview:large, max-video-preview:-1\" \/>\n<link rel=\"canonical\" href=\"https:\/\/www.tirza-kirchner.de\/naturheilpraxis\/astrologie\/\" \/>\n<meta property=\"og:locale\" content=\"de_DE\" \/>\n<meta property=\"og:type\" content=\"article\" \/>\n<meta property=\"og:title\" content=\"Tirza Kirchner ber\u00e4t Sie mithilfe der Astrologie rund um Ihre pers\u00f6nliche Entwicklung\" \/>\n<meta property=\"og:description\" content=\"Die Astrologie hilft bei der Pers\u00f6nlichkeitsenwicklung. Es k\u00f6nnen Veranlagungen, verborgene F\u00e4higkeiten oder Entwicklungsm\u00f6glichkeiten aufgezeigt werden.\" \/>\n<meta property=\"og:url\" content=\"https:\/\/www.tirza-kirchner.de\/naturheilpraxis\/astrologie\/\" \/>\n<meta property=\"og:site_name\" content=\"Mensch\" \/>\n<meta property=\"article:modified_time\" content=\"2024-01-10T11:19:50+00:00\" \/>\n<meta property=\"og:image\" content=\"https:\/\/www.tirza-kirchner.de\/naturheilpraxis\/wp-content\/uploads\/sites\/3\/2017\/02\/astrologie-300x168.jpg\" \/>\n<meta name=\"twitter:card\" content=\"summary_large_image\" \/>\n<meta name=\"twitter:label1\" content=\"Gesch\u00e4tzte Lesezeit\" \/>\n\t<meta name=\"twitter:data1\" content=\"3\u00a0Minuten\" \/>\n<script type=\"application\/ld+json\" class=\"yoast-schema-graph\">{\"@context\":\"https:\\\/\\\/schema.org\",\"@graph\":[{\"@type\":\"WebPage\",\"@id\":\"https:\\\/\\\/www.tirza-kirchner.de\\\/naturheilpraxis\\\/astrologie\\\/\",\"url\":\"https:\\\/\\\/www.tirza-kirchner.de\\\/naturheilpraxis\\\/astrologie\\\/\",\"name\":\"Tirza Kirchner ber\u00e4t Sie mithilfe der Astrologie rund um Ihre pers\u00f6nliche Entwicklung\",\"isPartOf\":{\"@id\":\"https:\\\/\\\/www.tirza-kirchner.de\\\/naturheilpraxis\\\/#website\"},\"primaryImageOfPage\":{\"@id\":\"https:\\\/\\\/www.tirza-kirchner.de\\\/naturheilpraxis\\\/astrologie\\\/#primaryimage\"},\"image\":{\"@id\":\"https:\\\/\\\/www.tirza-kirchner.de\\\/naturheilpraxis\\\/astrologie\\\/#primaryimage\"},\"thumbnailUrl\":\"https:\\\/\\\/www.tirza-kirchner.de\\\/naturheilpraxis\\\/wp-content\\\/uploads\\\/sites\\\/3\\\/2017\\\/02\\\/astrologie-300x168.jpg\",\"datePublished\":\"2017-02-06T16:40:16+00:00\",\"dateModified\":\"2024-01-10T11:19:50+00:00\",\"description\":\"Die Astrologie hilft bei der Pers\u00f6nlichkeitsenwicklung. Es k\u00f6nnen Veranlagungen, verborgene F\u00e4higkeiten oder Entwicklungsm\u00f6glichkeiten aufgezeigt werden.\",\"breadcrumb\":{\"@id\":\"https:\\\/\\\/www.tirza-kirchner.de\\\/naturheilpraxis\\\/astrologie\\\/#breadcrumb\"},\"inLanguage\":\"de\",\"potentialAction\":[{\"@type\":\"ReadAction\",\"target\":[\"https:\\\/\\\/www.tirza-kirchner.de\\\/naturheilpraxis\\\/astrologie\\\/\"]}]},{\"@type\":\"ImageObject\",\"inLanguage\":\"de\",\"@id\":\"https:\\\/\\\/www.tirza-kirchner.de\\\/naturheilpraxis\\\/astrologie\\\/#primaryimage\",\"url\":\"https:\\\/\\\/www.tirza-kirchner.de\\\/naturheilpraxis\\\/wp-content\\\/uploads\\\/sites\\\/3\\\/2017\\\/02\\\/astrologie.jpg\",\"contentUrl\":\"https:\\\/\\\/www.tirza-kirchner.de\\\/naturheilpraxis\\\/wp-content\\\/uploads\\\/sites\\\/3\\\/2017\\\/02\\\/astrologie.jpg\",\"width\":3568,\"height\":2000,\"caption\":\"Astrologie: Tirza Kirchner liest f\u00fcr Sie den Stand der Sterne.\"},{\"@type\":\"BreadcrumbList\",\"@id\":\"https:\\\/\\\/www.tirza-kirchner.de\\\/naturheilpraxis\\\/astrologie\\\/#breadcrumb\",\"itemListElement\":[{\"@type\":\"ListItem\",\"position\":1,\"name\":\"Startseite\",\"item\":\"https:\\\/\\\/www.tirza-kirchner.de\\\/naturheilpraxis\\\/\"},{\"@type\":\"ListItem\",\"position\":2,\"name\":\"Astrologie\"}]},{\"@type\":\"WebSite\",\"@id\":\"https:\\\/\\\/www.tirza-kirchner.de\\\/naturheilpraxis\\\/#website\",\"url\":\"https:\\\/\\\/www.tirza-kirchner.de\\\/naturheilpraxis\\\/\",\"name\":\"Mensch\",\"description\":\"Eine weitere Tirza Kirchner Website\",\"potentialAction\":[{\"@type\":\"SearchAction\",\"target\":{\"@type\":\"EntryPoint\",\"urlTemplate\":\"https:\\\/\\\/www.tirza-kirchner.de\\\/naturheilpraxis\\\/?s={search_term_string}\"},\"query-input\":{\"@type\":\"PropertyValueSpecification\",\"valueRequired\":true,\"valueName\":\"search_term_string\"}}],\"inLanguage\":\"de\"}]}<\/script>\n<!-- \/ Yoast SEO plugin. -->","yoast_head_json":{"title":"Tirza Kirchner ber\u00e4t Sie mithilfe der Astrologie rund um Ihre pers\u00f6nliche Entwicklung","description":"Die Astrologie hilft bei der Pers\u00f6nlichkeitsenwicklung. Es k\u00f6nnen Veranlagungen, verborgene F\u00e4higkeiten oder Entwicklungsm\u00f6glichkeiten aufgezeigt werden.","robots":{"index":"index","follow":"follow","max-snippet":"max-snippet:-1","max-image-preview":"max-image-preview:large","max-video-preview":"max-video-preview:-1"},"canonical":"https:\/\/www.tirza-kirchner.de\/naturheilpraxis\/astrologie\/","og_locale":"de_DE","og_type":"article","og_title":"Tirza Kirchner ber\u00e4t Sie mithilfe der Astrologie rund um Ihre pers\u00f6nliche Entwicklung","og_description":"Die Astrologie hilft bei der Pers\u00f6nlichkeitsenwicklung. Es k\u00f6nnen Veranlagungen, verborgene F\u00e4higkeiten oder Entwicklungsm\u00f6glichkeiten aufgezeigt werden.","og_url":"https:\/\/www.tirza-kirchner.de\/naturheilpraxis\/astrologie\/","og_site_name":"Mensch","article_modified_time":"2024-01-10T11:19:50+00:00","og_image":[{"url":"https:\/\/www.tirza-kirchner.de\/naturheilpraxis\/wp-content\/uploads\/sites\/3\/2017\/02\/astrologie-300x168.jpg","type":"","width":"","height":""}],"twitter_card":"summary_large_image","twitter_misc":{"Gesch\u00e4tzte Lesezeit":"3\u00a0Minuten"},"schema":{"@context":"https:\/\/schema.org","@graph":[{"@type":"WebPage","@id":"https:\/\/www.tirza-kirchner.de\/naturheilpraxis\/astrologie\/","url":"https:\/\/www.tirza-kirchner.de\/naturheilpraxis\/astrologie\/","name":"Tirza Kirchner ber\u00e4t Sie mithilfe der Astrologie rund um Ihre pers\u00f6nliche Entwicklung","isPartOf":{"@id":"https:\/\/www.tirza-kirchner.de\/naturheilpraxis\/#website"},"primaryImageOfPage":{"@id":"https:\/\/www.tirza-kirchner.de\/naturheilpraxis\/astrologie\/#primaryimage"},"image":{"@id":"https:\/\/www.tirza-kirchner.de\/naturheilpraxis\/astrologie\/#primaryimage"},"thumbnailUrl":"https:\/\/www.tirza-kirchner.de\/naturheilpraxis\/wp-content\/uploads\/sites\/3\/2017\/02\/astrologie-300x168.jpg","datePublished":"2017-02-06T16:40:16+00:00","dateModified":"2024-01-10T11:19:50+00:00","description":"Die Astrologie hilft bei der Pers\u00f6nlichkeitsenwicklung. Es k\u00f6nnen Veranlagungen, verborgene F\u00e4higkeiten oder Entwicklungsm\u00f6glichkeiten aufgezeigt werden.","breadcrumb":{"@id":"https:\/\/www.tirza-kirchner.de\/naturheilpraxis\/astrologie\/#breadcrumb"},"inLanguage":"de","potentialAction":[{"@type":"ReadAction","target":["https:\/\/www.tirza-kirchner.de\/naturheilpraxis\/astrologie\/"]}]},{"@type":"ImageObject","inLanguage":"de","@id":"https:\/\/www.tirza-kirchner.de\/naturheilpraxis\/astrologie\/#primaryimage","url":"https:\/\/www.tirza-kirchner.de\/naturheilpraxis\/wp-content\/uploads\/sites\/3\/2017\/02\/astrologie.jpg","contentUrl":"https:\/\/www.tirza-kirchner.de\/naturheilpraxis\/wp-content\/uploads\/sites\/3\/2017\/02\/astrologie.jpg","width":3568,"height":2000,"caption":"Astrologie: Tirza Kirchner liest f\u00fcr Sie den Stand der Sterne."},{"@type":"BreadcrumbList","@id":"https:\/\/www.tirza-kirchner.de\/naturheilpraxis\/astrologie\/#breadcrumb","itemListElement":[{"@type":"ListItem","position":1,"name":"Startseite","item":"https:\/\/www.tirza-kirchner.de\/naturheilpraxis\/"},{"@type":"ListItem","position":2,"name":"Astrologie"}]},{"@type":"WebSite","@id":"https:\/\/www.tirza-kirchner.de\/naturheilpraxis\/#website","url":"https:\/\/www.tirza-kirchner.de\/naturheilpraxis\/","name":"Mensch","description":"Eine weitere Tirza Kirchner Website","potentialAction":[{"@type":"SearchAction","target":{"@type":"EntryPoint","urlTemplate":"https:\/\/www.tirza-kirchner.de\/naturheilpraxis\/?s={search_term_string}"},"query-input":{"@type":"PropertyValueSpecification","valueRequired":true,"valueName":"search_term_string"}}],"inLanguage":"de"}]}},"_links":{"self":[{"href":"https:\/\/www.tirza-kirchner.de\/naturheilpraxis\/wp-json\/wp\/v2\/pages\/19","targetHints":{"allow":["GET"]}}],"collection":[{"href":"https:\/\/www.tirza-kirchner.de\/naturheilpraxis\/wp-json\/wp\/v2\/pages"}],"about":[{"href":"https:\/\/www.tirza-kirchner.de\/naturheilpraxis\/wp-json\/wp\/v2\/types\/page"}],"author":[{"embeddable":true,"href":"https:\/\/www.tirza-kirchner.de\/naturheilpraxis\/wp-json\/wp\/v2\/users\/1"}],"replies":[{"embeddable":true,"href":"https:\/\/www.tirza-kirchner.de\/naturheilpraxis\/wp-json\/wp\/v2\/comments?post=19"}],"version-history":[{"count":37,"href":"https:\/\/www.tirza-kirchner.de\/naturheilpraxis\/wp-json\/wp\/v2\/pages\/19\/revisions"}],"predecessor-version":[{"id":546,"href":"https:\/\/www.tirza-kirchner.de\/naturheilpraxis\/wp-json\/wp\/v2\/pages\/19\/revisions\/546"}],"wp:attachment":[{"href":"https:\/\/www.tirza-kirchner.de\/naturheilpraxis\/wp-json\/wp\/v2\/media?parent=19"}],"curies":[{"name":"wp","href":"https:\/\/api.w.org\/{rel}","templated":true}]}}