{"id":16,"date":"2017-02-06T17:39:56","date_gmt":"2017-02-06T16:39:56","guid":{"rendered":"https:\/\/www.tirza-kirchner.de\/mensch\/?page_id=16"},"modified":"2024-01-10T12:17:41","modified_gmt":"2024-01-10T11:17:41","slug":"homoeopathie","status":"publish","type":"page","link":"https:\/\/www.tirza-kirchner.de\/naturheilpraxis\/homoeopathie\/","title":{"rendered":"Pflanzenheilkunde, Hom\u00f6opathie, Vitalpilze"},"content":{"rendered":"<h2>Naturheilkunde<\/h2>\n<figure id=\"attachment_292\" aria-describedby=\"caption-attachment-292\" style=\"width: 290px\" class=\"wp-caption alignleft\"><img loading=\"lazy\" decoding=\"async\" class=\"size-medium wp-image-292\" src=\"https:\/\/www.tirza-kirchner.de\/naturheilpraxis\/wp-content\/uploads\/sites\/3\/2017\/02\/homoeopathie-300x168.jpg\" alt=\"Hom\u00f6opathie: Tirza Kirchner vertraut auf die Kraft der Hom\u00f6opathie.\" width=\"300\" height=\"168\" srcset=\"https:\/\/www.tirza-kirchner.de\/naturheilpraxis\/wp-content\/uploads\/sites\/3\/2017\/02\/homoeopathie-300x168.jpg 300w, https:\/\/www.tirza-kirchner.de\/naturheilpraxis\/wp-content\/uploads\/sites\/3\/2017\/02\/homoeopathie-768x430.jpg 768w, https:\/\/www.tirza-kirchner.de\/naturheilpraxis\/wp-content\/uploads\/sites\/3\/2017\/02\/homoeopathie-1024x574.jpg 1024w\" sizes=\"auto, (max-width: 300px) 100vw, 300px\" \/><figcaption id=\"caption-attachment-292\" class=\"wp-caption-text\">Pflanzenheilkunde: Tirza Kirchner vertraut auf die Kraft der Natur.<\/figcaption><\/figure>\n<p>Therapiem\u00f6glichkeiten der Naturheilkunde gibt es viele und diese stellt Tirza Kirchner ganz passend f\u00fcr Sie zusammen.<\/p>\n<p>Dazu geh\u00f6ren wohltuende Zubereitungen aus Pflanzen wie zum Beispiel Pflanzenausz\u00fcge, die in Tropfenform eingenommen werden, Bachbl\u00fcten, Teemischungen oder auch Salben und Umschl\u00e4ge. Die Zubereitung der Pflanzen\u00a0erg\u00e4nzt\u00a0Tirza Kirchner je nach Bedarf um Mineralien oder Sch\u00fc\u00dfler-Salze, Vitalpilze und Hom\u00f6opathie.<\/p>\n<h2>Die Pflanzenheilkunde<\/h2>\n<p>Als Jahrtausende alte Heilmethode der Naturheilkunde ist die Pflanzenheilkunde oder Phytotherapie vielfach auch bereits durch unsere Vorfahren erprobt. Ganz egal ob organische Probleme, Krankheiten des Nervensystems, des Bewegungsapparats oder bei psychischen Problemen: die richtige Pflanze\u00a0vermag das Gleichgewicht wiederherzustellen.<\/p>\n<blockquote><p>Tirza Kirchner: &#8222;Um die St\u00e4rke unserer eigenen Wurzeln in die Therapie einflie\u00dfen zu lassen, nutze ich f\u00fcr Ihre Behandlung haupts\u00e4chlich heimische Pflanzen. Diese wachsen heute meist unbeachtet vor unserer Haust\u00fcre, werden oft als Unkr\u00e4uter verschrien und haben doch heilende Kraft.&#8220;<\/p><\/blockquote>\n<h2>Die Hom\u00f6opathie<\/h2>\n<p>Bei der Hom\u00f6opathie werden mineralische, pflanzliche oder tierische Stoffe besonders aufbereitet als Heilmittel eingesetzt.\u00a0Tirza Kichner arbeitet mit hom\u00f6opathischen Mitteln vom Ursprung \u2013 also der Pflanze, dem Mineral oder der tierischen Substanz \u2013 ausgehend. Die Pflanze, das Mineral oder die tierische Substanz hat ein ganz bestimmtes Wesen und ihr wird damit eine ganz bestimmte Wirkung zugesprochen. Diese entfaltet sich durch die hom\u00f6opathische Verarbeitung zus\u00e4tzlich h\u00f6chst wirksam auf energetischer Ebene.<\/p>\n<p>Abgestimmt auf Ihre individuellen Bed\u00fcrfnisse sollen die Mittel der Hom\u00f6opathie\u00a0die Selbstheilungskr\u00e4fte Ihres K\u00f6rpers aktivieren und so zur Stabilisierung Ihrer Gesundheit beitragen.<\/p>\n<h2>Die Pilzheilkunde<\/h2>\n<p>Die Pilzheilkunde hat eine jahrhundertelange Tradition in der asiatischen Medizin. Vitalpilze gelten auch bei uns als nat\u00fcrliche Nahrungserg\u00e4nzungsmittel, weil sie dem K\u00f6rper Mineralien, Vitamine, Spurenelemente und vieles mehr zuf\u00fchren. Sie werden auch Medizinalpilze genannt was darauf verweist, dass die verschiedenen Pilze auf unterschiedliche Organe und Systeme des K\u00f6rpers einwirken. Je nach Bedarf bindet Tirza Kirchner die Vitalpilze mit in Ihre Therapie ein, um inidividuell zu wirken und Ihren\u00a0Gesamtorganismus zu st\u00e4rken und zu stabilisieren.<\/p>\n<p>Besprechen Sie mit Tirza Kirchner Ihre pers\u00f6nlichen Fragen rund um\u00a0Pflanzenheilkunde, Hom\u00f6opathie und Vitalpilze. Sie erreichen sie telefonisch unter 0911 9238912 oder \u00fcber das <a href=\"https:\/\/www.tirza-kirchner.de\/kontakt\/\">Kontaktformular<\/a>.<\/p>\n","protected":false},"excerpt":{"rendered":"<p>Naturheilkunde Therapiem\u00f6glichkeiten der Naturheilkunde gibt es viele und diese stellt Tirza Kirchner ganz passend f\u00fcr Sie zusammen. Dazu geh\u00f6ren wohltuende Zubereitungen aus Pflanzen wie zum Beispiel Pflanzenausz\u00fcge, die in Tropfenform eingenommen werden, Bachbl\u00fcten, Teemischungen oder auch Salben und Umschl\u00e4ge. Die Zubereitung der Pflanzen\u00a0erg\u00e4nzt\u00a0Tirza Kirchner je nach Bedarf um Mineralien oder Sch\u00fc\u00dfler-Salze, Vitalpilze und Hom\u00f6opathie. Die &#8230; <a title=\"Pflanzenheilkunde, Hom\u00f6opathie, Vitalpilze\" class=\"read-more\" href=\"https:\/\/www.tirza-kirchner.de\/naturheilpraxis\/homoeopathie\/\" aria-label=\"Mehr Informationen \u00fcber Pflanzenheilkunde, Hom\u00f6opathie, Vitalpilze\">Weiterlesen<\/a><\/p>\n","protected":false},"author":1,"featured_media":0,"parent":0,"menu_order":0,"comment_status":"closed","ping_status":"closed","template":"","meta":{"generate_page_header":"","_mc_calendar":[],"footnotes":""},"class_list":["post-16","page","type-page","status-publish"],"yoast_head":"<!-- This site is optimized with the Yoast SEO plugin v27.4 - https:\/\/yoast.com\/product\/yoast-seo-wordpress\/ -->\n<title>Naturheilkunde und Hom\u00f6opathie haben in der Naturheilpraxis von Tirza Kirchner zentrale Bedeutung<\/title>\n<meta name=\"description\" content=\"Naturheilkunde: Die Naturheilpraxis von Tirza Kirchner bietet Pflanzenheilkunde, Hom\u00f6opathie, Astromedizin und psychologisch-spirituelle Astromedizin an.\" \/>\n<meta name=\"robots\" content=\"index, follow, max-snippet:-1, max-image-preview:large, max-video-preview:-1\" \/>\n<link rel=\"canonical\" href=\"https:\/\/www.tirza-kirchner.de\/naturheilpraxis\/homoeopathie\/\" \/>\n<meta property=\"og:locale\" content=\"de_DE\" \/>\n<meta property=\"og:type\" content=\"article\" \/>\n<meta property=\"og:title\" content=\"Naturheilkunde und Hom\u00f6opathie haben in der Naturheilpraxis von Tirza Kirchner zentrale Bedeutung\" \/>\n<meta property=\"og:description\" content=\"Naturheilkunde: Die Naturheilpraxis von Tirza Kirchner bietet Pflanzenheilkunde, Hom\u00f6opathie, Astromedizin und psychologisch-spirituelle Astromedizin an.\" \/>\n<meta property=\"og:url\" content=\"https:\/\/www.tirza-kirchner.de\/naturheilpraxis\/homoeopathie\/\" \/>\n<meta property=\"og:site_name\" content=\"Mensch\" \/>\n<meta property=\"article:modified_time\" content=\"2024-01-10T11:17:41+00:00\" \/>\n<meta property=\"og:image\" content=\"https:\/\/www.tirza-kirchner.de\/naturheilpraxis\/wp-content\/uploads\/sites\/3\/2017\/02\/homoeopathie-300x168.jpg\" \/>\n<meta name=\"twitter:card\" content=\"summary_large_image\" \/>\n<meta name=\"twitter:label1\" content=\"Gesch\u00e4tzte Lesezeit\" \/>\n\t<meta name=\"twitter:data1\" content=\"2\u00a0Minuten\" \/>\n<script type=\"application\/ld+json\" class=\"yoast-schema-graph\">{\"@context\":\"https:\\\/\\\/schema.org\",\"@graph\":[{\"@type\":\"WebPage\",\"@id\":\"https:\\\/\\\/www.tirza-kirchner.de\\\/naturheilpraxis\\\/homoeopathie\\\/\",\"url\":\"https:\\\/\\\/www.tirza-kirchner.de\\\/naturheilpraxis\\\/homoeopathie\\\/\",\"name\":\"Naturheilkunde und Hom\u00f6opathie haben in der Naturheilpraxis von Tirza Kirchner zentrale Bedeutung\",\"isPartOf\":{\"@id\":\"https:\\\/\\\/www.tirza-kirchner.de\\\/naturheilpraxis\\\/#website\"},\"primaryImageOfPage\":{\"@id\":\"https:\\\/\\\/www.tirza-kirchner.de\\\/naturheilpraxis\\\/homoeopathie\\\/#primaryimage\"},\"image\":{\"@id\":\"https:\\\/\\\/www.tirza-kirchner.de\\\/naturheilpraxis\\\/homoeopathie\\\/#primaryimage\"},\"thumbnailUrl\":\"https:\\\/\\\/www.tirza-kirchner.de\\\/naturheilpraxis\\\/wp-content\\\/uploads\\\/sites\\\/3\\\/2017\\\/02\\\/homoeopathie-300x168.jpg\",\"datePublished\":\"2017-02-06T16:39:56+00:00\",\"dateModified\":\"2024-01-10T11:17:41+00:00\",\"description\":\"Naturheilkunde: Die Naturheilpraxis von Tirza Kirchner bietet Pflanzenheilkunde, Hom\u00f6opathie, Astromedizin und psychologisch-spirituelle Astromedizin an.\",\"breadcrumb\":{\"@id\":\"https:\\\/\\\/www.tirza-kirchner.de\\\/naturheilpraxis\\\/homoeopathie\\\/#breadcrumb\"},\"inLanguage\":\"de\",\"potentialAction\":[{\"@type\":\"ReadAction\",\"target\":[\"https:\\\/\\\/www.tirza-kirchner.de\\\/naturheilpraxis\\\/homoeopathie\\\/\"]}]},{\"@type\":\"ImageObject\",\"inLanguage\":\"de\",\"@id\":\"https:\\\/\\\/www.tirza-kirchner.de\\\/naturheilpraxis\\\/homoeopathie\\\/#primaryimage\",\"url\":\"https:\\\/\\\/www.tirza-kirchner.de\\\/naturheilpraxis\\\/wp-content\\\/uploads\\\/sites\\\/3\\\/2017\\\/02\\\/homoeopathie.jpg\",\"contentUrl\":\"https:\\\/\\\/www.tirza-kirchner.de\\\/naturheilpraxis\\\/wp-content\\\/uploads\\\/sites\\\/3\\\/2017\\\/02\\\/homoeopathie.jpg\",\"width\":3568,\"height\":2000,\"caption\":\"Hom\u00f6opathie: Tirza Kirchner vertraut auf hom\u00f6opathische Mittel.\"},{\"@type\":\"BreadcrumbList\",\"@id\":\"https:\\\/\\\/www.tirza-kirchner.de\\\/naturheilpraxis\\\/homoeopathie\\\/#breadcrumb\",\"itemListElement\":[{\"@type\":\"ListItem\",\"position\":1,\"name\":\"Startseite\",\"item\":\"https:\\\/\\\/www.tirza-kirchner.de\\\/naturheilpraxis\\\/\"},{\"@type\":\"ListItem\",\"position\":2,\"name\":\"Pflanzenheilkunde, Hom\u00f6opathie, Vitalpilze\"}]},{\"@type\":\"WebSite\",\"@id\":\"https:\\\/\\\/www.tirza-kirchner.de\\\/naturheilpraxis\\\/#website\",\"url\":\"https:\\\/\\\/www.tirza-kirchner.de\\\/naturheilpraxis\\\/\",\"name\":\"Mensch\",\"description\":\"Eine weitere Tirza Kirchner Website\",\"potentialAction\":[{\"@type\":\"SearchAction\",\"target\":{\"@type\":\"EntryPoint\",\"urlTemplate\":\"https:\\\/\\\/www.tirza-kirchner.de\\\/naturheilpraxis\\\/?s={search_term_string}\"},\"query-input\":{\"@type\":\"PropertyValueSpecification\",\"valueRequired\":true,\"valueName\":\"search_term_string\"}}],\"inLanguage\":\"de\"}]}<\/script>\n<!-- \/ Yoast SEO plugin. -->","yoast_head_json":{"title":"Naturheilkunde und Hom\u00f6opathie haben in der Naturheilpraxis von Tirza Kirchner zentrale Bedeutung","description":"Naturheilkunde: Die Naturheilpraxis von Tirza Kirchner bietet Pflanzenheilkunde, Hom\u00f6opathie, Astromedizin und psychologisch-spirituelle Astromedizin an.","robots":{"index":"index","follow":"follow","max-snippet":"max-snippet:-1","max-image-preview":"max-image-preview:large","max-video-preview":"max-video-preview:-1"},"canonical":"https:\/\/www.tirza-kirchner.de\/naturheilpraxis\/homoeopathie\/","og_locale":"de_DE","og_type":"article","og_title":"Naturheilkunde und Hom\u00f6opathie haben in der Naturheilpraxis von Tirza Kirchner zentrale Bedeutung","og_description":"Naturheilkunde: Die Naturheilpraxis von Tirza Kirchner bietet Pflanzenheilkunde, Hom\u00f6opathie, Astromedizin und psychologisch-spirituelle Astromedizin an.","og_url":"https:\/\/www.tirza-kirchner.de\/naturheilpraxis\/homoeopathie\/","og_site_name":"Mensch","article_modified_time":"2024-01-10T11:17:41+00:00","og_image":[{"url":"https:\/\/www.tirza-kirchner.de\/naturheilpraxis\/wp-content\/uploads\/sites\/3\/2017\/02\/homoeopathie-300x168.jpg","type":"","width":"","height":""}],"twitter_card":"summary_large_image","twitter_misc":{"Gesch\u00e4tzte Lesezeit":"2\u00a0Minuten"},"schema":{"@context":"https:\/\/schema.org","@graph":[{"@type":"WebPage","@id":"https:\/\/www.tirza-kirchner.de\/naturheilpraxis\/homoeopathie\/","url":"https:\/\/www.tirza-kirchner.de\/naturheilpraxis\/homoeopathie\/","name":"Naturheilkunde und Hom\u00f6opathie haben in der Naturheilpraxis von Tirza Kirchner zentrale Bedeutung","isPartOf":{"@id":"https:\/\/www.tirza-kirchner.de\/naturheilpraxis\/#website"},"primaryImageOfPage":{"@id":"https:\/\/www.tirza-kirchner.de\/naturheilpraxis\/homoeopathie\/#primaryimage"},"image":{"@id":"https:\/\/www.tirza-kirchner.de\/naturheilpraxis\/homoeopathie\/#primaryimage"},"thumbnailUrl":"https:\/\/www.tirza-kirchner.de\/naturheilpraxis\/wp-content\/uploads\/sites\/3\/2017\/02\/homoeopathie-300x168.jpg","datePublished":"2017-02-06T16:39:56+00:00","dateModified":"2024-01-10T11:17:41+00:00","description":"Naturheilkunde: Die Naturheilpraxis von Tirza Kirchner bietet Pflanzenheilkunde, Hom\u00f6opathie, Astromedizin und psychologisch-spirituelle Astromedizin an.","breadcrumb":{"@id":"https:\/\/www.tirza-kirchner.de\/naturheilpraxis\/homoeopathie\/#breadcrumb"},"inLanguage":"de","potentialAction":[{"@type":"ReadAction","target":["https:\/\/www.tirza-kirchner.de\/naturheilpraxis\/homoeopathie\/"]}]},{"@type":"ImageObject","inLanguage":"de","@id":"https:\/\/www.tirza-kirchner.de\/naturheilpraxis\/homoeopathie\/#primaryimage","url":"https:\/\/www.tirza-kirchner.de\/naturheilpraxis\/wp-content\/uploads\/sites\/3\/2017\/02\/homoeopathie.jpg","contentUrl":"https:\/\/www.tirza-kirchner.de\/naturheilpraxis\/wp-content\/uploads\/sites\/3\/2017\/02\/homoeopathie.jpg","width":3568,"height":2000,"caption":"Hom\u00f6opathie: Tirza Kirchner vertraut auf hom\u00f6opathische Mittel."},{"@type":"BreadcrumbList","@id":"https:\/\/www.tirza-kirchner.de\/naturheilpraxis\/homoeopathie\/#breadcrumb","itemListElement":[{"@type":"ListItem","position":1,"name":"Startseite","item":"https:\/\/www.tirza-kirchner.de\/naturheilpraxis\/"},{"@type":"ListItem","position":2,"name":"Pflanzenheilkunde, Hom\u00f6opathie, Vitalpilze"}]},{"@type":"WebSite","@id":"https:\/\/www.tirza-kirchner.de\/naturheilpraxis\/#website","url":"https:\/\/www.tirza-kirchner.de\/naturheilpraxis\/","name":"Mensch","description":"Eine weitere Tirza Kirchner Website","potentialAction":[{"@type":"SearchAction","target":{"@type":"EntryPoint","urlTemplate":"https:\/\/www.tirza-kirchner.de\/naturheilpraxis\/?s={search_term_string}"},"query-input":{"@type":"PropertyValueSpecification","valueRequired":true,"valueName":"search_term_string"}}],"inLanguage":"de"}]}},"_links":{"self":[{"href":"https:\/\/www.tirza-kirchner.de\/naturheilpraxis\/wp-json\/wp\/v2\/pages\/16","targetHints":{"allow":["GET"]}}],"collection":[{"href":"https:\/\/www.tirza-kirchner.de\/naturheilpraxis\/wp-json\/wp\/v2\/pages"}],"about":[{"href":"https:\/\/www.tirza-kirchner.de\/naturheilpraxis\/wp-json\/wp\/v2\/types\/page"}],"author":[{"embeddable":true,"href":"https:\/\/www.tirza-kirchner.de\/naturheilpraxis\/wp-json\/wp\/v2\/users\/1"}],"replies":[{"embeddable":true,"href":"https:\/\/www.tirza-kirchner.de\/naturheilpraxis\/wp-json\/wp\/v2\/comments?post=16"}],"version-history":[{"count":34,"href":"https:\/\/www.tirza-kirchner.de\/naturheilpraxis\/wp-json\/wp\/v2\/pages\/16\/revisions"}],"predecessor-version":[{"id":543,"href":"https:\/\/www.tirza-kirchner.de\/naturheilpraxis\/wp-json\/wp\/v2\/pages\/16\/revisions\/543"}],"wp:attachment":[{"href":"https:\/\/www.tirza-kirchner.de\/naturheilpraxis\/wp-json\/wp\/v2\/media?parent=16"}],"curies":[{"name":"wp","href":"https:\/\/api.w.org\/{rel}","templated":true}]}}