{"id":13,"date":"2017-02-06T17:39:39","date_gmt":"2017-02-06T16:39:39","guid":{"rendered":"https:\/\/www.tirza-kirchner.de\/mensch\/?page_id=13"},"modified":"2024-01-10T12:17:04","modified_gmt":"2024-01-10T11:17:04","slug":"naturheilpraxis","status":"publish","type":"page","link":"https:\/\/www.tirza-kirchner.de\/naturheilpraxis\/","title":{"rendered":"Die Naturheilpraxis"},"content":{"rendered":"<h2>Heilpraktikerin Tirza Kirchner<\/h2>\n<figure id=\"attachment_290\" aria-describedby=\"caption-attachment-290\" style=\"width: 282px\" class=\"wp-caption alignleft\"><img loading=\"lazy\" decoding=\"async\" class=\"size-medium wp-image-290\" src=\"https:\/\/www.tirza-kirchner.de\/naturheilpraxis\/wp-content\/uploads\/sites\/3\/2017\/02\/naturheilpraxis-292x300.jpg\" alt=\"Naturheilpraxis: Tirza Kirchner kennt sich mit den Mitteln aus der Natur gut aus.\" width=\"292\" height=\"300\" srcset=\"https:\/\/www.tirza-kirchner.de\/naturheilpraxis\/wp-content\/uploads\/sites\/3\/2017\/02\/naturheilpraxis-292x300.jpg 292w, https:\/\/www.tirza-kirchner.de\/naturheilpraxis\/wp-content\/uploads\/sites\/3\/2017\/02\/naturheilpraxis-768x788.jpg 768w, https:\/\/www.tirza-kirchner.de\/naturheilpraxis\/wp-content\/uploads\/sites\/3\/2017\/02\/naturheilpraxis-998x1024.jpg 998w, https:\/\/www.tirza-kirchner.de\/naturheilpraxis\/wp-content\/uploads\/sites\/3\/2017\/02\/naturheilpraxis.jpg 1852w\" sizes=\"auto, (max-width: 292px) 100vw, 292px\" \/><figcaption id=\"caption-attachment-290\" class=\"wp-caption-text\">Naturheilpraxis: Tirza Kirchner kennt sich aus mit dem was die Natur uns schenkt.<\/figcaption><\/figure>\n<p>In Tirza Kirchners Naturheilpraxis steht der Mensch im Mittelpunkt. Die Gesundheit und das Wohlbefinden des Menschen mit Mitteln aus der Natur zu f\u00f6rdern, ist ihr Anliegen, weil die Natur wohltuend und st\u00e4rkend zugleich ist. Das merken wir schon, wenn wir einen Spaziergang ins Gr\u00fcne machen. Die Natur entfaltet ihre Kraft, unser Wohlbefinden steigt.<\/p>\n<h2>Wohltuende N\u00e4he zur Natur<\/h2>\n<p>Die Naturheilpraxis Tirza Kirchner bietet Ihnen an, die Natur, die Heilkr\u00e4uter\u00a0und deren Kr\u00e4fte n\u00e4her kennenzulernen. Etwa im Rahmen einer angeleiteten Exkursion in die Natur. Tirza Kirchner hat sich eingehend mit Pflanzen, B\u00e4umen und mit deren heilsamer Wirkung auf den Menschen und auf die Tiere besch\u00e4ftigt. Tirza Kirchner bietet\u00a0Kr\u00e4uterwanderungen\u00a0an, zu denen sie Sie gern mitnimmt, um Sie an ihrem Wissen \u00fcber die Natur teilhaben zu lassen. N\u00e4heres erfahren Sie bei einem\u00a0<a href=\"https:\/\/www.tirza-kirchner.de\/aktuelle-termine\/\">Seminar zur Pflanzenheilkunde<\/a>!<\/p>\n<blockquote><p>Tirza Kirchner: &#8222;Die Natur bietet uns alles, was wir zum Leben brauchen.&#8220;<\/p><\/blockquote>\n<p>In allen Bereichen in denen die Heilpraktikerin Tirza Kirchner praktiziert, ber\u00fccksichtigt sie die Kraft der Natur.<\/p>\n<p>Hier ein \u00dcberblick \u00fcber die naturheilkundlichen Schwerpunkten von Tirza Kirchner:<\/p>\n<ul>\n<li>Pflanzenheilkunde (Phytotherapie)<\/li>\n<li>Hom\u00f6opathie<\/li>\n<li>Anthroposophische Medizin<\/li>\n<li>Psychologisch-spirituelle Astrologie<\/li>\n<li>Astromedizin<\/li>\n<\/ul>\n<h2>Phytotherapie, Anthroposophische Medizin und Hom\u00f6opathie<\/h2>\n<p style=\"text-align: left;\">Je nach Konstitution erhalten Sie eine individuelle, ganzheitliche und auf ihre Bed\u00fcrfnisse abgestimmte Behandlung und Therapiezusammenstellung in der Naturheilpraxis. Tirza Kirchner bietet Ihnen verschiedene Behandlungsm\u00f6glichkeiten der <a href=\"https:\/\/www.tirza-kirchner.de\/naturheilpraxis\/homoeopathie\/\">Naturheilkunde<\/a>\u00a0an und stellt die f\u00fcr Sie passende Kombination aus Phytotherapie, Hom\u00f6opathie und <a href=\"https:\/\/www.tirza-kirchner.de\/naturheilpraxis\/anthroposophische-medizin\/\">Anthroposophischer Medizin<\/a> zusammen. Dabei werden sowohl Heilkr\u00e4uter und deren heilende Kr\u00e4fte eingesetzt wie auch Mineralien, Metalle, Sch\u00fcsslersalze und Vitalpilze.<\/p>\n<blockquote><p>Tirza Kirchner: &#8222;Die Kraft der Natur kann auf ganz individuellen Wegen ihre heilende und wohltuende Wirkung entfalten. Ganz individuell f\u00fcr jeden.&#8220;<\/p><\/blockquote>\n<h2>Astromedizin und Astrologieberatung<\/h2>\n<p>Bei\u00a0einer pers\u00f6nlichen Beratung mit Hilfe der psychologischen und spirituellen <a href=\"https:\/\/www.tirza-kirchner.de\/naturheilpraxis\/astrologie\/\">Astrologie<\/a> geht Tirza Kirchner auf Basis Ihres Geburtshoroskops auf Sie und Ihre Fragestellung, Ihre Potentiale und M\u00f6glichkeiten ein.<\/p>\n<p>Ganzheitlich und spirituell beleuchtet die Astrologie alle Lebensbereiche eines Menschen wie Familie, Beruf und Ihre pers\u00f6nlichen Talente, Potentiale und Themen.<\/p>\n<p>Mithilfe einer pers\u00f6nlichen Horoskopdeutung k\u00f6nnen auch Aussagen \u00fcber die Zusammenh\u00e4nge zwischen gesundheitlicher Verfassung eines Menschen und Lebensthemen und Aufgaben gefunden und sichtbar gemacht werden.\u00a0Die <a href=\"https:\/\/www.tirza-kirchner.de\/naturheilpraxis\/astromedizin\/\">Astromedizin<\/a> stellt die Verkn\u00fcpfung zwischen gesundheitlichen Problemen, ihren Lebensthemen und Potentialen und Therapiem\u00f6glichkeiten her. Ganz individuell auf Ihr Gebursthoroskop bezogen.<\/p>\n<p>Nutzen Sie die Kraft der Natur f\u00fcr Ihre Gesundheit:\u00a0Nat\u00fcrlich. Heilend. Praktisch.\u00a0In der Naturheilpraxis Tirza Kirchner!<\/p>\n","protected":false},"excerpt":{"rendered":"<p>Heilpraktikerin Tirza Kirchner In Tirza Kirchners Naturheilpraxis steht der Mensch im Mittelpunkt. Die Gesundheit und das Wohlbefinden des Menschen mit Mitteln aus der Natur zu f\u00f6rdern, ist ihr Anliegen, weil die Natur wohltuend und st\u00e4rkend zugleich ist. Das merken wir schon, wenn wir einen Spaziergang ins Gr\u00fcne machen. Die Natur entfaltet ihre Kraft, unser Wohlbefinden &#8230; <a title=\"Die Naturheilpraxis\" class=\"read-more\" href=\"https:\/\/www.tirza-kirchner.de\/naturheilpraxis\/\" aria-label=\"Mehr Informationen \u00fcber Die Naturheilpraxis\">Weiterlesen<\/a><\/p>\n","protected":false},"author":1,"featured_media":0,"parent":0,"menu_order":0,"comment_status":"closed","ping_status":"closed","template":"","meta":{"generate_page_header":"","_mc_calendar":[],"footnotes":""},"class_list":["post-13","page","type-page","status-publish"],"yoast_head":"<!-- This site is optimized with the Yoast SEO plugin v27.4 - https:\/\/yoast.com\/product\/yoast-seo-wordpress\/ -->\n<title>Tirza Kirchner vertraut in der Naturheilpraxis f\u00fcr Mensch und Tier auf die Natur<\/title>\n<meta name=\"description\" content=\"Tirza Kirchner vertraut in ihrer Naturheilpraxis auf die wohltuende Wirkung der Natur. Sie ber\u00e4t individuell und ganzheitlich.\" \/>\n<meta name=\"robots\" content=\"index, follow, max-snippet:-1, max-image-preview:large, max-video-preview:-1\" \/>\n<link rel=\"canonical\" href=\"https:\/\/www.tirza-kirchner.de\/naturheilpraxis\/\" \/>\n<meta property=\"og:locale\" content=\"de_DE\" \/>\n<meta property=\"og:type\" content=\"article\" \/>\n<meta property=\"og:title\" content=\"Tirza Kirchner vertraut in der Naturheilpraxis f\u00fcr Mensch und Tier auf die Natur\" \/>\n<meta property=\"og:description\" content=\"Tirza Kirchner vertraut in ihrer Naturheilpraxis auf die wohltuende Wirkung der Natur. Sie ber\u00e4t individuell und ganzheitlich.\" \/>\n<meta property=\"og:url\" content=\"https:\/\/www.tirza-kirchner.de\/naturheilpraxis\/\" \/>\n<meta property=\"og:site_name\" content=\"Mensch\" \/>\n<meta property=\"article:modified_time\" content=\"2024-01-10T11:17:04+00:00\" \/>\n<meta property=\"og:image\" content=\"https:\/\/www.tirza-kirchner.de\/naturheilpraxis\/wp-content\/uploads\/sites\/3\/2017\/02\/naturheilpraxis-292x300.jpg\" \/>\n<meta name=\"twitter:card\" content=\"summary_large_image\" \/>\n<meta name=\"twitter:label1\" content=\"Gesch\u00e4tzte Lesezeit\" \/>\n\t<meta name=\"twitter:data1\" content=\"3\u00a0Minuten\" \/>\n<script type=\"application\/ld+json\" class=\"yoast-schema-graph\">{\"@context\":\"https:\\\/\\\/schema.org\",\"@graph\":[{\"@type\":\"WebPage\",\"@id\":\"https:\\\/\\\/www.tirza-kirchner.de\\\/naturheilpraxis\\\/\",\"url\":\"https:\\\/\\\/www.tirza-kirchner.de\\\/naturheilpraxis\\\/\",\"name\":\"Tirza Kirchner vertraut in der Naturheilpraxis f\u00fcr Mensch und Tier auf die Natur\",\"isPartOf\":{\"@id\":\"https:\\\/\\\/www.tirza-kirchner.de\\\/naturheilpraxis\\\/#website\"},\"primaryImageOfPage\":{\"@id\":\"https:\\\/\\\/www.tirza-kirchner.de\\\/naturheilpraxis\\\/#primaryimage\"},\"image\":{\"@id\":\"https:\\\/\\\/www.tirza-kirchner.de\\\/naturheilpraxis\\\/#primaryimage\"},\"thumbnailUrl\":\"https:\\\/\\\/www.tirza-kirchner.de\\\/naturheilpraxis\\\/wp-content\\\/uploads\\\/sites\\\/3\\\/2017\\\/02\\\/naturheilpraxis-292x300.jpg\",\"datePublished\":\"2017-02-06T16:39:39+00:00\",\"dateModified\":\"2024-01-10T11:17:04+00:00\",\"description\":\"Tirza Kirchner vertraut in ihrer Naturheilpraxis auf die wohltuende Wirkung der Natur. Sie ber\u00e4t individuell und ganzheitlich.\",\"breadcrumb\":{\"@id\":\"https:\\\/\\\/www.tirza-kirchner.de\\\/naturheilpraxis\\\/#breadcrumb\"},\"inLanguage\":\"de\",\"potentialAction\":[{\"@type\":\"ReadAction\",\"target\":[\"https:\\\/\\\/www.tirza-kirchner.de\\\/naturheilpraxis\\\/\"]}]},{\"@type\":\"ImageObject\",\"inLanguage\":\"de\",\"@id\":\"https:\\\/\\\/www.tirza-kirchner.de\\\/naturheilpraxis\\\/#primaryimage\",\"url\":\"https:\\\/\\\/www.tirza-kirchner.de\\\/naturheilpraxis\\\/wp-content\\\/uploads\\\/sites\\\/3\\\/2017\\\/02\\\/naturheilpraxis.jpg\",\"contentUrl\":\"https:\\\/\\\/www.tirza-kirchner.de\\\/naturheilpraxis\\\/wp-content\\\/uploads\\\/sites\\\/3\\\/2017\\\/02\\\/naturheilpraxis.jpg\",\"width\":1852,\"height\":1901,\"caption\":\"Naturheilpraxis: Tirza Kirchner kennt sich aus mit den Mitteln, die die Natur uns schenkt.\"},{\"@type\":\"BreadcrumbList\",\"@id\":\"https:\\\/\\\/www.tirza-kirchner.de\\\/naturheilpraxis\\\/#breadcrumb\",\"itemListElement\":[{\"@type\":\"ListItem\",\"position\":1,\"name\":\"Startseite\",\"item\":\"https:\\\/\\\/www.tirza-kirchner.de\\\/naturheilpraxis\\\/\"},{\"@type\":\"ListItem\",\"position\":2,\"name\":\"Die Naturheilpraxis\"}]},{\"@type\":\"WebSite\",\"@id\":\"https:\\\/\\\/www.tirza-kirchner.de\\\/naturheilpraxis\\\/#website\",\"url\":\"https:\\\/\\\/www.tirza-kirchner.de\\\/naturheilpraxis\\\/\",\"name\":\"Mensch\",\"description\":\"Eine weitere Tirza Kirchner Website\",\"potentialAction\":[{\"@type\":\"SearchAction\",\"target\":{\"@type\":\"EntryPoint\",\"urlTemplate\":\"https:\\\/\\\/www.tirza-kirchner.de\\\/naturheilpraxis\\\/?s={search_term_string}\"},\"query-input\":{\"@type\":\"PropertyValueSpecification\",\"valueRequired\":true,\"valueName\":\"search_term_string\"}}],\"inLanguage\":\"de\"}]}<\/script>\n<!-- \/ Yoast SEO plugin. -->","yoast_head_json":{"title":"Tirza Kirchner vertraut in der Naturheilpraxis f\u00fcr Mensch und Tier auf die Natur","description":"Tirza Kirchner vertraut in ihrer Naturheilpraxis auf die wohltuende Wirkung der Natur. Sie ber\u00e4t individuell und ganzheitlich.","robots":{"index":"index","follow":"follow","max-snippet":"max-snippet:-1","max-image-preview":"max-image-preview:large","max-video-preview":"max-video-preview:-1"},"canonical":"https:\/\/www.tirza-kirchner.de\/naturheilpraxis\/","og_locale":"de_DE","og_type":"article","og_title":"Tirza Kirchner vertraut in der Naturheilpraxis f\u00fcr Mensch und Tier auf die Natur","og_description":"Tirza Kirchner vertraut in ihrer Naturheilpraxis auf die wohltuende Wirkung der Natur. Sie ber\u00e4t individuell und ganzheitlich.","og_url":"https:\/\/www.tirza-kirchner.de\/naturheilpraxis\/","og_site_name":"Mensch","article_modified_time":"2024-01-10T11:17:04+00:00","og_image":[{"url":"https:\/\/www.tirza-kirchner.de\/naturheilpraxis\/wp-content\/uploads\/sites\/3\/2017\/02\/naturheilpraxis-292x300.jpg","type":"","width":"","height":""}],"twitter_card":"summary_large_image","twitter_misc":{"Gesch\u00e4tzte Lesezeit":"3\u00a0Minuten"},"schema":{"@context":"https:\/\/schema.org","@graph":[{"@type":"WebPage","@id":"https:\/\/www.tirza-kirchner.de\/naturheilpraxis\/","url":"https:\/\/www.tirza-kirchner.de\/naturheilpraxis\/","name":"Tirza Kirchner vertraut in der Naturheilpraxis f\u00fcr Mensch und Tier auf die Natur","isPartOf":{"@id":"https:\/\/www.tirza-kirchner.de\/naturheilpraxis\/#website"},"primaryImageOfPage":{"@id":"https:\/\/www.tirza-kirchner.de\/naturheilpraxis\/#primaryimage"},"image":{"@id":"https:\/\/www.tirza-kirchner.de\/naturheilpraxis\/#primaryimage"},"thumbnailUrl":"https:\/\/www.tirza-kirchner.de\/naturheilpraxis\/wp-content\/uploads\/sites\/3\/2017\/02\/naturheilpraxis-292x300.jpg","datePublished":"2017-02-06T16:39:39+00:00","dateModified":"2024-01-10T11:17:04+00:00","description":"Tirza Kirchner vertraut in ihrer Naturheilpraxis auf die wohltuende Wirkung der Natur. Sie ber\u00e4t individuell und ganzheitlich.","breadcrumb":{"@id":"https:\/\/www.tirza-kirchner.de\/naturheilpraxis\/#breadcrumb"},"inLanguage":"de","potentialAction":[{"@type":"ReadAction","target":["https:\/\/www.tirza-kirchner.de\/naturheilpraxis\/"]}]},{"@type":"ImageObject","inLanguage":"de","@id":"https:\/\/www.tirza-kirchner.de\/naturheilpraxis\/#primaryimage","url":"https:\/\/www.tirza-kirchner.de\/naturheilpraxis\/wp-content\/uploads\/sites\/3\/2017\/02\/naturheilpraxis.jpg","contentUrl":"https:\/\/www.tirza-kirchner.de\/naturheilpraxis\/wp-content\/uploads\/sites\/3\/2017\/02\/naturheilpraxis.jpg","width":1852,"height":1901,"caption":"Naturheilpraxis: Tirza Kirchner kennt sich aus mit den Mitteln, die die Natur uns schenkt."},{"@type":"BreadcrumbList","@id":"https:\/\/www.tirza-kirchner.de\/naturheilpraxis\/#breadcrumb","itemListElement":[{"@type":"ListItem","position":1,"name":"Startseite","item":"https:\/\/www.tirza-kirchner.de\/naturheilpraxis\/"},{"@type":"ListItem","position":2,"name":"Die Naturheilpraxis"}]},{"@type":"WebSite","@id":"https:\/\/www.tirza-kirchner.de\/naturheilpraxis\/#website","url":"https:\/\/www.tirza-kirchner.de\/naturheilpraxis\/","name":"Mensch","description":"Eine weitere Tirza Kirchner Website","potentialAction":[{"@type":"SearchAction","target":{"@type":"EntryPoint","urlTemplate":"https:\/\/www.tirza-kirchner.de\/naturheilpraxis\/?s={search_term_string}"},"query-input":{"@type":"PropertyValueSpecification","valueRequired":true,"valueName":"search_term_string"}}],"inLanguage":"de"}]}},"_links":{"self":[{"href":"https:\/\/www.tirza-kirchner.de\/naturheilpraxis\/wp-json\/wp\/v2\/pages\/13","targetHints":{"allow":["GET"]}}],"collection":[{"href":"https:\/\/www.tirza-kirchner.de\/naturheilpraxis\/wp-json\/wp\/v2\/pages"}],"about":[{"href":"https:\/\/www.tirza-kirchner.de\/naturheilpraxis\/wp-json\/wp\/v2\/types\/page"}],"author":[{"embeddable":true,"href":"https:\/\/www.tirza-kirchner.de\/naturheilpraxis\/wp-json\/wp\/v2\/users\/1"}],"replies":[{"embeddable":true,"href":"https:\/\/www.tirza-kirchner.de\/naturheilpraxis\/wp-json\/wp\/v2\/comments?post=13"}],"version-history":[{"count":65,"href":"https:\/\/www.tirza-kirchner.de\/naturheilpraxis\/wp-json\/wp\/v2\/pages\/13\/revisions"}],"predecessor-version":[{"id":542,"href":"https:\/\/www.tirza-kirchner.de\/naturheilpraxis\/wp-json\/wp\/v2\/pages\/13\/revisions\/542"}],"wp:attachment":[{"href":"https:\/\/www.tirza-kirchner.de\/naturheilpraxis\/wp-json\/wp\/v2\/media?parent=13"}],"curies":[{"name":"wp","href":"https:\/\/api.w.org\/{rel}","templated":true}]}}